{"id":13205,"date":"2023-02-21T09:03:08","date_gmt":"2023-02-21T09:03:08","guid":{"rendered":"https:\/\/durres.gov.al\/?page_id=13205"},"modified":"2026-03-13T11:26:42","modified_gmt":"2026-03-13T10:26:42","slug":"aftesia-e-kufizuar","status":"publish","type":"page","link":"https:\/\/durres.gov.al\/en\/aftesia-e-kufizuar\/","title":{"rendered":"Limited Ability"},"content":{"rendered":"<div data-elementor-type=\"wp-page\" data-elementor-id=\"13205\" class=\"elementor elementor-13205\" data-elementor-post-type=\"page\">\n\t\t\t\t<div class=\"elementor-element elementor-element-9cff234 e-con-full e-flex e-con e-parent\" data-id=\"9cff234\" data-element_type=\"container\" data-e-type=\"container\">\n\t\t\t\t<div class=\"elementor-element elementor-element-950ea6a elementor-widget elementor-widget-template\" data-id=\"950ea6a\" data-element_type=\"widget\" data-e-type=\"widget\" data-widget_type=\"template.default\">\n\t\t\t\t<div class=\"elementor-widget-container\">\n\t\t\t\t\t\t\t<div class=\"elementor-template\">\n\t\t\t\t\t<div data-elementor-type=\"container\" data-elementor-id=\"25501\" class=\"elementor elementor-25501\" data-elementor-post-type=\"elementor_library\">\n\t\t\t\t<div class=\"elementor-element elementor-element-1648416 e-flex e-con-boxed e-con e-parent\" data-id=\"1648416\" data-element_type=\"container\" data-e-type=\"container\" data-settings=\"{&quot;background_background&quot;:&quot;classic&quot;}\">\n\t\t\t\t\t<div class=\"e-con-inner\">\n\t\t\t\t\t<\/div>\n\t\t\t\t<\/div>\n\t\t\t\t<\/div>\n\t\t\t\t<\/div>\n\t\t\t\t\t\t<\/div>\n\t\t\t\t<\/div>\n\t\t\t\t<\/div>\n\t\t<div class=\"elementor-element elementor-element-76fb956 e-flex e-con-boxed e-con e-parent\" data-id=\"76fb956\" data-element_type=\"container\" data-e-type=\"container\">\n\t\t\t\t\t<div class=\"e-con-inner\">\n\t\t\t\t<div class=\"elementor-element elementor-element-b6d0a8a elementor-widget elementor-widget-text-editor\" data-id=\"b6d0a8a\" data-element_type=\"widget\" data-e-type=\"widget\" data-widget_type=\"text-editor.default\">\n\t\t\t\t<div class=\"elementor-widget-container\">\n\t\t\t\t\t\t\t\t\t<p>In the city of Durr\u00ebs, there is only one public sector residential center for the provision of services for people with disabilities. This covers the education system and some services for this category. Meanwhile, the promotion of employment and vocational training, the expansion and improvement of services, the construction of adapted public and non-public environments, became the goal of the local strategy for disability.<\/p><p>Within the framework of the Local Strategy for people with disabilities, a series of awareness-raising activities have been organized with local businesses and service providers. The Municipality of Durr\u00ebs, in cooperation with the Vocational Training Center, has set up several groups of courses for people with disabilities. Meetings have been continuously organized in job centers and with business representatives to promote the employment of this category.<\/p><p>Meetings with donors have also been organized to promote the establishment of a multifunctional information, guidance and counseling center for people with disabilities and their families.<\/p>\t\t\t\t\t\t\t\t<\/div>\n\t\t\t\t<\/div>\n\t\t\t\t\t<\/div>\n\t\t\t\t<\/div>\n\t\t\t\t<\/div>","protected":false},"excerpt":{"rendered":"<p>N\u00eb qytetin e Durr\u00ebsit vepron vet\u00ebm nj\u00eb qend\u00ebr rezidenciale e sektorit publik p\u00ebr ofrimin e sh\u00ebrbimeve p\u00ebr personat me aft\u00ebsi t\u00eb kufizuar. Kjo mbulon sistemin arsimor dhe nj\u00eb pjes\u00eb sh\u00ebrbimesh p\u00ebr k\u00ebt\u00eb kategori. Nd\u00ebrkoh\u00eb q\u00eb nxitja e pun\u00ebsimit dhe formimit profesional, zgjerimi dhe p\u00ebrmir\u00ebsimi i sh\u00ebrbimeve, nd\u00ebrtimi i ambjenteve t\u00eb p\u00ebrshtatura publike e jopublike, u [&hellip;]<\/p>\n","protected":false},"author":4,"featured_media":0,"parent":0,"menu_order":0,"comment_status":"closed","ping_status":"closed","template":"","meta":{"_acf_changed":false,"footnotes":""},"class_list":["post-13205","page","type-page","status-publish","hentry"],"acf":[],"yoast_head":"<!-- This site is optimized with the Yoast SEO plugin v27.4 - https:\/\/yoast.com\/product\/yoast-seo-wordpress\/ -->\n<title>Aftesia e kufizuar - Bashkia Durr\u00ebs<\/title>\n<meta name=\"robots\" content=\"index, follow, max-snippet:-1, max-image-preview:large, max-video-preview:-1\" \/>\n<link rel=\"canonical\" href=\"https:\/\/durres.gov.al\/en\/aftesia-e-kufizuar\/\" \/>\n<meta property=\"og:locale\" content=\"en_US\" \/>\n<meta property=\"og:type\" content=\"article\" \/>\n<meta property=\"og:title\" content=\"Aftesia e kufizuar - Bashkia Durr\u00ebs\" \/>\n<meta property=\"og:description\" content=\"N\u00eb qytetin e Durr\u00ebsit vepron vet\u00ebm nj\u00eb qend\u00ebr rezidenciale e sektorit publik p\u00ebr ofrimin e sh\u00ebrbimeve p\u00ebr personat me aft\u00ebsi t\u00eb kufizuar. Kjo mbulon sistemin arsimor dhe nj\u00eb pjes\u00eb sh\u00ebrbimesh p\u00ebr k\u00ebt\u00eb kategori. Nd\u00ebrkoh\u00eb q\u00eb nxitja e pun\u00ebsimit dhe formimit profesional, zgjerimi dhe p\u00ebrmir\u00ebsimi i sh\u00ebrbimeve, nd\u00ebrtimi i ambjenteve t\u00eb p\u00ebrshtatura publike e jopublike, u [&hellip;]\" \/>\n<meta property=\"og:url\" content=\"https:\/\/durres.gov.al\/en\/aftesia-e-kufizuar\/\" \/>\n<meta property=\"og:site_name\" content=\"Bashkia Durr\u00ebs\" \/>\n<meta property=\"article:modified_time\" content=\"2026-03-13T10:26:42+00:00\" \/>\n<meta name=\"twitter:card\" content=\"summary_large_image\" \/>\n<meta name=\"twitter:label1\" content=\"Est. reading time\" \/>\n\t<meta name=\"twitter:data1\" content=\"5 minutes\" \/>\n<script type=\"application\/ld+json\" class=\"yoast-schema-graph\">{\"@context\":\"https:\\\/\\\/schema.org\",\"@graph\":[{\"@type\":\"WebPage\",\"@id\":\"https:\\\/\\\/durres.gov.al\\\/aftesia-e-kufizuar\\\/\",\"url\":\"https:\\\/\\\/durres.gov.al\\\/aftesia-e-kufizuar\\\/\",\"name\":\"Aftesia e kufizuar - Bashkia Durr\u00ebs\",\"isPartOf\":{\"@id\":\"https:\\\/\\\/durres.gov.al\\\/en\\\/#website\"},\"datePublished\":\"2023-02-21T09:03:08+00:00\",\"dateModified\":\"2026-03-13T10:26:42+00:00\",\"breadcrumb\":{\"@id\":\"https:\\\/\\\/durres.gov.al\\\/aftesia-e-kufizuar\\\/#breadcrumb\"},\"inLanguage\":\"en-US\",\"potentialAction\":[{\"@type\":\"ReadAction\",\"target\":[\"https:\\\/\\\/durres.gov.al\\\/aftesia-e-kufizuar\\\/\"]}]},{\"@type\":\"BreadcrumbList\",\"@id\":\"https:\\\/\\\/durres.gov.al\\\/aftesia-e-kufizuar\\\/#breadcrumb\",\"itemListElement\":[{\"@type\":\"ListItem\",\"position\":1,\"name\":\"Home\",\"item\":\"https:\\\/\\\/durres.gov.al\\\/\"},{\"@type\":\"ListItem\",\"position\":2,\"name\":\"Aftesia e kufizuar\"}]},{\"@type\":\"WebSite\",\"@id\":\"https:\\\/\\\/durres.gov.al\\\/en\\\/#website\",\"url\":\"https:\\\/\\\/durres.gov.al\\\/en\\\/\",\"name\":\"Bashkia Durr\u00ebs\",\"description\":\"Faqja Zyrtare n\u00eb Internet\",\"publisher\":{\"@id\":\"https:\\\/\\\/durres.gov.al\\\/en\\\/#organization\"},\"potentialAction\":[{\"@type\":\"SearchAction\",\"target\":{\"@type\":\"EntryPoint\",\"urlTemplate\":\"https:\\\/\\\/durres.gov.al\\\/en\\\/?s={search_term_string}\"},\"query-input\":{\"@type\":\"PropertyValueSpecification\",\"valueRequired\":true,\"valueName\":\"search_term_string\"}}],\"inLanguage\":\"en-US\"},{\"@type\":\"Organization\",\"@id\":\"https:\\\/\\\/durres.gov.al\\\/en\\\/#organization\",\"name\":\"Bashkia Durr\u00ebs\",\"url\":\"https:\\\/\\\/durres.gov.al\\\/en\\\/\",\"logo\":{\"@type\":\"ImageObject\",\"inLanguage\":\"en-US\",\"@id\":\"https:\\\/\\\/durres.gov.al\\\/en\\\/#\\\/schema\\\/logo\\\/image\\\/\",\"url\":\"https:\\\/\\\/durres.gov.al\\\/wp-content\\\/uploads\\\/2023\\\/01\\\/cropped-logo.png\",\"contentUrl\":\"https:\\\/\\\/durres.gov.al\\\/wp-content\\\/uploads\\\/2023\\\/01\\\/cropped-logo.png\",\"width\":512,\"height\":512,\"caption\":\"Bashkia Durr\u00ebs\"},\"image\":{\"@id\":\"https:\\\/\\\/durres.gov.al\\\/en\\\/#\\\/schema\\\/logo\\\/image\\\/\"}}]}<\/script>\n<!-- \/ Yoast SEO plugin. -->","yoast_head_json":{"title":"Aftesia e kufizuar - Bashkia Durr\u00ebs","robots":{"index":"index","follow":"follow","max-snippet":"max-snippet:-1","max-image-preview":"max-image-preview:large","max-video-preview":"max-video-preview:-1"},"canonical":"https:\/\/durres.gov.al\/en\/aftesia-e-kufizuar\/","og_locale":"en_US","og_type":"article","og_title":"Aftesia e kufizuar - Bashkia Durr\u00ebs","og_description":"N\u00eb qytetin e Durr\u00ebsit vepron vet\u00ebm nj\u00eb qend\u00ebr rezidenciale e sektorit publik p\u00ebr ofrimin e sh\u00ebrbimeve p\u00ebr personat me aft\u00ebsi t\u00eb kufizuar. Kjo mbulon sistemin arsimor dhe nj\u00eb pjes\u00eb sh\u00ebrbimesh p\u00ebr k\u00ebt\u00eb kategori. Nd\u00ebrkoh\u00eb q\u00eb nxitja e pun\u00ebsimit dhe formimit profesional, zgjerimi dhe p\u00ebrmir\u00ebsimi i sh\u00ebrbimeve, nd\u00ebrtimi i ambjenteve t\u00eb p\u00ebrshtatura publike e jopublike, u [&hellip;]","og_url":"https:\/\/durres.gov.al\/en\/aftesia-e-kufizuar\/","og_site_name":"Bashkia Durr\u00ebs","article_modified_time":"2026-03-13T10:26:42+00:00","twitter_card":"summary_large_image","twitter_misc":{"Est. reading time":"5 minutes"},"schema":{"@context":"https:\/\/schema.org","@graph":[{"@type":"WebPage","@id":"https:\/\/durres.gov.al\/aftesia-e-kufizuar\/","url":"https:\/\/durres.gov.al\/aftesia-e-kufizuar\/","name":"Aftesia e kufizuar - Bashkia Durr\u00ebs","isPartOf":{"@id":"https:\/\/durres.gov.al\/en\/#website"},"datePublished":"2023-02-21T09:03:08+00:00","dateModified":"2026-03-13T10:26:42+00:00","breadcrumb":{"@id":"https:\/\/durres.gov.al\/aftesia-e-kufizuar\/#breadcrumb"},"inLanguage":"en-US","potentialAction":[{"@type":"ReadAction","target":["https:\/\/durres.gov.al\/aftesia-e-kufizuar\/"]}]},{"@type":"BreadcrumbList","@id":"https:\/\/durres.gov.al\/aftesia-e-kufizuar\/#breadcrumb","itemListElement":[{"@type":"ListItem","position":1,"name":"Home","item":"https:\/\/durres.gov.al\/"},{"@type":"ListItem","position":2,"name":"Aftesia e kufizuar"}]},{"@type":"WebSite","@id":"https:\/\/durres.gov.al\/en\/#website","url":"https:\/\/durres.gov.al\/en\/","name":"Municipality of Durr\u00ebs","description":"Faqja Zyrtare n\u00eb Internet","publisher":{"@id":"https:\/\/durres.gov.al\/en\/#organization"},"potentialAction":[{"@type":"SearchAction","target":{"@type":"EntryPoint","urlTemplate":"https:\/\/durres.gov.al\/en\/?s={search_term_string}"},"query-input":{"@type":"PropertyValueSpecification","valueRequired":true,"valueName":"search_term_string"}}],"inLanguage":"en-US"},{"@type":"Organization","@id":"https:\/\/durres.gov.al\/en\/#organization","name":"Municipality of Durr\u00ebs","url":"https:\/\/durres.gov.al\/en\/","logo":{"@type":"ImageObject","inLanguage":"en-US","@id":"https:\/\/durres.gov.al\/en\/#\/schema\/logo\/image\/","url":"https:\/\/durres.gov.al\/wp-content\/uploads\/2023\/01\/cropped-logo.png","contentUrl":"https:\/\/durres.gov.al\/wp-content\/uploads\/2023\/01\/cropped-logo.png","width":512,"height":512,"caption":"Bashkia Durr\u00ebs"},"image":{"@id":"https:\/\/durres.gov.al\/en\/#\/schema\/logo\/image\/"}}]}},"_links":{"self":[{"href":"https:\/\/durres.gov.al\/en\/wp-json\/wp\/v2\/pages\/13205","targetHints":{"allow":["GET"]}}],"collection":[{"href":"https:\/\/durres.gov.al\/en\/wp-json\/wp\/v2\/pages"}],"about":[{"href":"https:\/\/durres.gov.al\/en\/wp-json\/wp\/v2\/types\/page"}],"author":[{"embeddable":true,"href":"https:\/\/durres.gov.al\/en\/wp-json\/wp\/v2\/users\/4"}],"replies":[{"embeddable":true,"href":"https:\/\/durres.gov.al\/en\/wp-json\/wp\/v2\/comments?post=13205"}],"version-history":[{"count":15,"href":"https:\/\/durres.gov.al\/en\/wp-json\/wp\/v2\/pages\/13205\/revisions"}],"predecessor-version":[{"id":28099,"href":"https:\/\/durres.gov.al\/en\/wp-json\/wp\/v2\/pages\/13205\/revisions\/28099"}],"wp:attachment":[{"href":"https:\/\/durres.gov.al\/en\/wp-json\/wp\/v2\/media?parent=13205"}],"curies":[{"name":"wp","href":"https:\/\/api.w.org\/{rel}","templated":true}]}}