{"id":13246,"date":"2023-02-21T09:52:54","date_gmt":"2023-02-21T09:52:54","guid":{"rendered":"https:\/\/durres.gov.al\/?page_id=13246"},"modified":"2026-03-13T11:26:26","modified_gmt":"2026-03-13T10:26:26","slug":"qendra-e-sherbimeve-komunitare-per-femijet-me-aftesi-te-kufizuara","status":"publish","type":"page","link":"https:\/\/durres.gov.al\/en\/qendra-e-sherbimeve-komunitare-per-femijet-me-aftesi-te-kufizuara\/","title":{"rendered":"COMMUNITY SERVICES CENTER FOR CHILDREN WITH DISABILITIES"},"content":{"rendered":"<div data-elementor-type=\"wp-page\" data-elementor-id=\"13246\" class=\"elementor elementor-13246\" data-elementor-post-type=\"page\">\n\t\t\t\t<div class=\"elementor-element elementor-element-945fd52 e-con-full e-flex e-con e-parent\" data-id=\"945fd52\" data-element_type=\"container\" data-e-type=\"container\">\n\t\t\t\t<div class=\"elementor-element elementor-element-598278c elementor-widget elementor-widget-template\" data-id=\"598278c\" data-element_type=\"widget\" data-e-type=\"widget\" data-widget_type=\"template.default\">\n\t\t\t\t<div class=\"elementor-widget-container\">\n\t\t\t\t\t\t\t<div class=\"elementor-template\">\n\t\t\t\t\t<div data-elementor-type=\"container\" data-elementor-id=\"25501\" class=\"elementor elementor-25501\" data-elementor-post-type=\"elementor_library\">\n\t\t\t\t<div class=\"elementor-element elementor-element-1648416 e-flex e-con-boxed e-con e-parent\" data-id=\"1648416\" data-element_type=\"container\" data-e-type=\"container\" data-settings=\"{&quot;background_background&quot;:&quot;classic&quot;}\">\n\t\t\t\t\t<div class=\"e-con-inner\">\n\t\t\t\t\t<\/div>\n\t\t\t\t<\/div>\n\t\t\t\t<\/div>\n\t\t\t\t<\/div>\n\t\t\t\t\t\t<\/div>\n\t\t\t\t<\/div>\n\t\t\t\t<\/div>\n\t\t<div class=\"elementor-element elementor-element-542d6ae e-flex e-con-boxed e-con e-parent\" data-id=\"542d6ae\" data-element_type=\"container\" data-e-type=\"container\">\n\t\t\t\t\t<div class=\"e-con-inner\">\n\t\t\t\t<div class=\"elementor-element elementor-element-6808701 elementor-widget elementor-widget-text-editor\" data-id=\"6808701\" data-element_type=\"widget\" data-e-type=\"widget\" data-widget_type=\"text-editor.default\">\n\t\t\t\t<div class=\"elementor-widget-container\">\n\t\t\t\t\t\t\t\t\t<p>The Center was established in 2016, through a collaboration between the Municipality of Durr\u00ebs and the organizations Save the Children and \"Help Life\", which continue to support the Center's activities.<\/p><p>The center provides community-based services for children with disabilities aged 2-21, with the aim of achieving their full inclusion in kindergartens, schools and the community, working not only with the children but supporting the entire family.<\/p><h6><strong>The services that the center offers are:<\/strong><\/h6><ol><li><strong>Direct services for children with disabilities.<\/strong> <br \/>Children are worked with in the areas of behavior, communication, autonomy, education, academic and motor skills. Individual intervention plans are developed and reviewed by a multidisciplinary team consisting of a psychologist, speech therapist, physiotherapist, social worker, developmental therapist and occupational therapist.<\/li><li><strong><strong>Empowering families of children with disabilities to work with their children and advocate for their children's inclusion in education and the community.<br \/><\/strong><\/strong><p>The center is the only one in Durr\u00ebs that offers this public service model, where the entire family is a beneficiary of services. Parents are informed about children's problems, how to help them develop at home, legislation, rights, etc. They are also provided with work programs with the child that they can implement at home.<\/p><p>Self-help groups have also been created with sisters and brothers of children with disabilities, who meet every month with the center's psychologist and share emotions, feelings and common experiences.<\/p><\/li><li><strong><strong>Community awareness to support the inclusion of children with disabilities.\u00a0<br \/><\/strong><\/strong><p>The center organizes a series of awareness-raising activities to share the message of inclusion and independent living in the community.<\/p><p>The services provided at this Center directly impact the improvement of the quality of life of the beneficiaries and the community in which they live. Children with disabilities who benefit from therapy sessions significantly increase their communication skills, improve in the area of \u200b\u200bpersonal autonomy, towards independent living, improve problematic behavior and become more social in the community.<\/p><p>Also, parents of children with disabilities and their siblings receive ongoing information on how to manage children's problematic behaviors at home and how to contribute to the development of children with disabilities, thus improving the quality of family life.<\/p><\/li><\/ol>\t\t\t\t\t\t\t\t<\/div>\n\t\t\t\t<\/div>\n\t\t\t\t\t<\/div>\n\t\t\t\t<\/div>\n\t\t\t\t<\/div>","protected":false},"excerpt":{"rendered":"<p>Qendra \u00ebsht\u00eb krijuar n\u00eb vitin 2016, nga nj\u00eb bashk\u00ebpunim i Bashkis\u00eb Durr\u00ebs me organizatat Save the Children dhe \u201cNdihmoni Jet\u00ebn\u201d, t\u00eb cilat vazhdojn\u00eb t\u00eb mb\u00ebshtesin aktivitetin e Qendr\u00ebs. Qendra ofron sh\u00ebrbime me baz\u00eb komunitare p\u00ebr f\u00ebmij\u00eb me aft\u00ebsi t\u00eb kufizuar t\u00eb grupmosh\u00ebs 2-21 vjec, me synim arritjen e gjith\u00ebp\u00ebrfshirjes s\u00eb tyre n\u00eb kopshte, shkolla dhe [&hellip;]<\/p>\n","protected":false},"author":4,"featured_media":0,"parent":0,"menu_order":0,"comment_status":"closed","ping_status":"closed","template":"","meta":{"_acf_changed":false,"footnotes":""},"class_list":["post-13246","page","type-page","status-publish","hentry"],"acf":[],"yoast_head":"<!-- This site is optimized with the Yoast SEO plugin v27.4 - https:\/\/yoast.com\/product\/yoast-seo-wordpress\/ -->\n<title>QENDRA E SHERBIMEVE KOMUNITARE PER FEMIJET ME AFTESI TE KUFIZUARA - Bashkia Durr\u00ebs<\/title>\n<meta name=\"robots\" content=\"index, follow, max-snippet:-1, max-image-preview:large, max-video-preview:-1\" \/>\n<link rel=\"canonical\" href=\"https:\/\/durres.gov.al\/en\/qendra-e-sherbimeve-komunitare-per-femijet-me-aftesi-te-kufizuara\/\" \/>\n<meta property=\"og:locale\" content=\"en_US\" \/>\n<meta property=\"og:type\" content=\"article\" \/>\n<meta property=\"og:title\" content=\"QENDRA E SHERBIMEVE KOMUNITARE PER FEMIJET ME AFTESI TE KUFIZUARA - Bashkia Durr\u00ebs\" \/>\n<meta property=\"og:description\" content=\"Qendra \u00ebsht\u00eb krijuar n\u00eb vitin 2016, nga nj\u00eb bashk\u00ebpunim i Bashkis\u00eb Durr\u00ebs me organizatat Save the Children dhe \u201cNdihmoni Jet\u00ebn\u201d, t\u00eb cilat vazhdojn\u00eb t\u00eb mb\u00ebshtesin aktivitetin e Qendr\u00ebs. Qendra ofron sh\u00ebrbime me baz\u00eb komunitare p\u00ebr f\u00ebmij\u00eb me aft\u00ebsi t\u00eb kufizuar t\u00eb grupmosh\u00ebs 2-21 vjec, me synim arritjen e gjith\u00ebp\u00ebrfshirjes s\u00eb tyre n\u00eb kopshte, shkolla dhe [&hellip;]\" \/>\n<meta property=\"og:url\" content=\"https:\/\/durres.gov.al\/en\/qendra-e-sherbimeve-komunitare-per-femijet-me-aftesi-te-kufizuara\/\" \/>\n<meta property=\"og:site_name\" content=\"Bashkia Durr\u00ebs\" \/>\n<meta property=\"article:modified_time\" content=\"2026-03-13T10:26:26+00:00\" \/>\n<meta name=\"twitter:card\" content=\"summary_large_image\" \/>\n<meta name=\"twitter:label1\" content=\"Est. reading time\" \/>\n\t<meta name=\"twitter:data1\" content=\"5 minutes\" \/>\n<script type=\"application\/ld+json\" class=\"yoast-schema-graph\">{\"@context\":\"https:\\\/\\\/schema.org\",\"@graph\":[{\"@type\":\"WebPage\",\"@id\":\"https:\\\/\\\/durres.gov.al\\\/qendra-e-sherbimeve-komunitare-per-femijet-me-aftesi-te-kufizuara\\\/\",\"url\":\"https:\\\/\\\/durres.gov.al\\\/qendra-e-sherbimeve-komunitare-per-femijet-me-aftesi-te-kufizuara\\\/\",\"name\":\"QENDRA E SHERBIMEVE KOMUNITARE PER FEMIJET ME AFTESI TE KUFIZUARA - Bashkia Durr\u00ebs\",\"isPartOf\":{\"@id\":\"https:\\\/\\\/durres.gov.al\\\/en\\\/#website\"},\"datePublished\":\"2023-02-21T09:52:54+00:00\",\"dateModified\":\"2026-03-13T10:26:26+00:00\",\"breadcrumb\":{\"@id\":\"https:\\\/\\\/durres.gov.al\\\/qendra-e-sherbimeve-komunitare-per-femijet-me-aftesi-te-kufizuara\\\/#breadcrumb\"},\"inLanguage\":\"en-US\",\"potentialAction\":[{\"@type\":\"ReadAction\",\"target\":[\"https:\\\/\\\/durres.gov.al\\\/qendra-e-sherbimeve-komunitare-per-femijet-me-aftesi-te-kufizuara\\\/\"]}]},{\"@type\":\"BreadcrumbList\",\"@id\":\"https:\\\/\\\/durres.gov.al\\\/qendra-e-sherbimeve-komunitare-per-femijet-me-aftesi-te-kufizuara\\\/#breadcrumb\",\"itemListElement\":[{\"@type\":\"ListItem\",\"position\":1,\"name\":\"Home\",\"item\":\"https:\\\/\\\/durres.gov.al\\\/\"},{\"@type\":\"ListItem\",\"position\":2,\"name\":\"QENDRA E SHERBIMEVE KOMUNITARE PER FEMIJET ME AFTESI TE KUFIZUARA\"}]},{\"@type\":\"WebSite\",\"@id\":\"https:\\\/\\\/durres.gov.al\\\/en\\\/#website\",\"url\":\"https:\\\/\\\/durres.gov.al\\\/en\\\/\",\"name\":\"Bashkia Durr\u00ebs\",\"description\":\"Faqja Zyrtare n\u00eb Internet\",\"publisher\":{\"@id\":\"https:\\\/\\\/durres.gov.al\\\/en\\\/#organization\"},\"potentialAction\":[{\"@type\":\"SearchAction\",\"target\":{\"@type\":\"EntryPoint\",\"urlTemplate\":\"https:\\\/\\\/durres.gov.al\\\/en\\\/?s={search_term_string}\"},\"query-input\":{\"@type\":\"PropertyValueSpecification\",\"valueRequired\":true,\"valueName\":\"search_term_string\"}}],\"inLanguage\":\"en-US\"},{\"@type\":\"Organization\",\"@id\":\"https:\\\/\\\/durres.gov.al\\\/en\\\/#organization\",\"name\":\"Bashkia Durr\u00ebs\",\"url\":\"https:\\\/\\\/durres.gov.al\\\/en\\\/\",\"logo\":{\"@type\":\"ImageObject\",\"inLanguage\":\"en-US\",\"@id\":\"https:\\\/\\\/durres.gov.al\\\/en\\\/#\\\/schema\\\/logo\\\/image\\\/\",\"url\":\"https:\\\/\\\/durres.gov.al\\\/wp-content\\\/uploads\\\/2023\\\/01\\\/cropped-logo.png\",\"contentUrl\":\"https:\\\/\\\/durres.gov.al\\\/wp-content\\\/uploads\\\/2023\\\/01\\\/cropped-logo.png\",\"width\":512,\"height\":512,\"caption\":\"Bashkia Durr\u00ebs\"},\"image\":{\"@id\":\"https:\\\/\\\/durres.gov.al\\\/en\\\/#\\\/schema\\\/logo\\\/image\\\/\"}}]}<\/script>\n<!-- \/ Yoast SEO plugin. -->","yoast_head_json":{"title":"QENDRA E SHERBIMEVE KOMUNITARE PER FEMIJET ME AFTESI TE KUFIZUARA - Bashkia Durr\u00ebs","robots":{"index":"index","follow":"follow","max-snippet":"max-snippet:-1","max-image-preview":"max-image-preview:large","max-video-preview":"max-video-preview:-1"},"canonical":"https:\/\/durres.gov.al\/en\/qendra-e-sherbimeve-komunitare-per-femijet-me-aftesi-te-kufizuara\/","og_locale":"en_US","og_type":"article","og_title":"QENDRA E SHERBIMEVE KOMUNITARE PER FEMIJET ME AFTESI TE KUFIZUARA - Bashkia Durr\u00ebs","og_description":"Qendra \u00ebsht\u00eb krijuar n\u00eb vitin 2016, nga nj\u00eb bashk\u00ebpunim i Bashkis\u00eb Durr\u00ebs me organizatat Save the Children dhe \u201cNdihmoni Jet\u00ebn\u201d, t\u00eb cilat vazhdojn\u00eb t\u00eb mb\u00ebshtesin aktivitetin e Qendr\u00ebs. Qendra ofron sh\u00ebrbime me baz\u00eb komunitare p\u00ebr f\u00ebmij\u00eb me aft\u00ebsi t\u00eb kufizuar t\u00eb grupmosh\u00ebs 2-21 vjec, me synim arritjen e gjith\u00ebp\u00ebrfshirjes s\u00eb tyre n\u00eb kopshte, shkolla dhe [&hellip;]","og_url":"https:\/\/durres.gov.al\/en\/qendra-e-sherbimeve-komunitare-per-femijet-me-aftesi-te-kufizuara\/","og_site_name":"Bashkia Durr\u00ebs","article_modified_time":"2026-03-13T10:26:26+00:00","twitter_card":"summary_large_image","twitter_misc":{"Est. reading time":"5 minutes"},"schema":{"@context":"https:\/\/schema.org","@graph":[{"@type":"WebPage","@id":"https:\/\/durres.gov.al\/qendra-e-sherbimeve-komunitare-per-femijet-me-aftesi-te-kufizuara\/","url":"https:\/\/durres.gov.al\/qendra-e-sherbimeve-komunitare-per-femijet-me-aftesi-te-kufizuara\/","name":"QENDRA E SHERBIMEVE KOMUNITARE PER FEMIJET ME AFTESI TE KUFIZUARA - Bashkia Durr\u00ebs","isPartOf":{"@id":"https:\/\/durres.gov.al\/en\/#website"},"datePublished":"2023-02-21T09:52:54+00:00","dateModified":"2026-03-13T10:26:26+00:00","breadcrumb":{"@id":"https:\/\/durres.gov.al\/qendra-e-sherbimeve-komunitare-per-femijet-me-aftesi-te-kufizuara\/#breadcrumb"},"inLanguage":"en-US","potentialAction":[{"@type":"ReadAction","target":["https:\/\/durres.gov.al\/qendra-e-sherbimeve-komunitare-per-femijet-me-aftesi-te-kufizuara\/"]}]},{"@type":"BreadcrumbList","@id":"https:\/\/durres.gov.al\/qendra-e-sherbimeve-komunitare-per-femijet-me-aftesi-te-kufizuara\/#breadcrumb","itemListElement":[{"@type":"ListItem","position":1,"name":"Home","item":"https:\/\/durres.gov.al\/"},{"@type":"ListItem","position":2,"name":"QENDRA E SHERBIMEVE KOMUNITARE PER FEMIJET ME AFTESI TE KUFIZUARA"}]},{"@type":"WebSite","@id":"https:\/\/durres.gov.al\/en\/#website","url":"https:\/\/durres.gov.al\/en\/","name":"Municipality of Durr\u00ebs","description":"Faqja Zyrtare n\u00eb Internet","publisher":{"@id":"https:\/\/durres.gov.al\/en\/#organization"},"potentialAction":[{"@type":"SearchAction","target":{"@type":"EntryPoint","urlTemplate":"https:\/\/durres.gov.al\/en\/?s={search_term_string}"},"query-input":{"@type":"PropertyValueSpecification","valueRequired":true,"valueName":"search_term_string"}}],"inLanguage":"en-US"},{"@type":"Organization","@id":"https:\/\/durres.gov.al\/en\/#organization","name":"Municipality of Durr\u00ebs","url":"https:\/\/durres.gov.al\/en\/","logo":{"@type":"ImageObject","inLanguage":"en-US","@id":"https:\/\/durres.gov.al\/en\/#\/schema\/logo\/image\/","url":"https:\/\/durres.gov.al\/wp-content\/uploads\/2023\/01\/cropped-logo.png","contentUrl":"https:\/\/durres.gov.al\/wp-content\/uploads\/2023\/01\/cropped-logo.png","width":512,"height":512,"caption":"Bashkia Durr\u00ebs"},"image":{"@id":"https:\/\/durres.gov.al\/en\/#\/schema\/logo\/image\/"}}]}},"_links":{"self":[{"href":"https:\/\/durres.gov.al\/en\/wp-json\/wp\/v2\/pages\/13246","targetHints":{"allow":["GET"]}}],"collection":[{"href":"https:\/\/durres.gov.al\/en\/wp-json\/wp\/v2\/pages"}],"about":[{"href":"https:\/\/durres.gov.al\/en\/wp-json\/wp\/v2\/types\/page"}],"author":[{"embeddable":true,"href":"https:\/\/durres.gov.al\/en\/wp-json\/wp\/v2\/users\/4"}],"replies":[{"embeddable":true,"href":"https:\/\/durres.gov.al\/en\/wp-json\/wp\/v2\/comments?post=13246"}],"version-history":[{"count":6,"href":"https:\/\/durres.gov.al\/en\/wp-json\/wp\/v2\/pages\/13246\/revisions"}],"predecessor-version":[{"id":28090,"href":"https:\/\/durres.gov.al\/en\/wp-json\/wp\/v2\/pages\/13246\/revisions\/28090"}],"wp:attachment":[{"href":"https:\/\/durres.gov.al\/en\/wp-json\/wp\/v2\/media?parent=13246"}],"curies":[{"name":"wp","href":"https:\/\/api.w.org\/{rel}","templated":true}]}}