{"id":13282,"date":"2023-02-21T10:19:00","date_gmt":"2023-02-21T10:19:00","guid":{"rendered":"https:\/\/durres.gov.al\/?page_id=13282"},"modified":"2026-03-19T14:12:54","modified_gmt":"2026-03-19T13:12:54","slug":"dokumentacioni-qe-duhet-te-dorezohet-per-te-perfituar-nga-nje-nga-pogramet-sociale-te-strehimit","status":"publish","type":"page","link":"https:\/\/durres.gov.al\/en\/dokumentacioni-qe-duhet-te-dorezohet-per-te-perfituar-nga-nje-nga-pogramet-sociale-te-strehimit\/","title":{"rendered":"Documentation that must be submitted to benefit from one of the Social Housing Programs, Municipality of Durr\u00ebs"},"content":{"rendered":"<div data-elementor-type=\"wp-page\" data-elementor-id=\"13282\" class=\"elementor elementor-13282\" data-elementor-post-type=\"page\">\n\t\t\t\t<div class=\"elementor-element elementor-element-765d828 e-con-full e-flex e-con e-parent\" data-id=\"765d828\" data-element_type=\"container\" data-e-type=\"container\">\n\t\t\t\t<div class=\"elementor-element elementor-element-8ece440 elementor-widget elementor-widget-template\" data-id=\"8ece440\" data-element_type=\"widget\" data-e-type=\"widget\" data-widget_type=\"template.default\">\n\t\t\t\t<div class=\"elementor-widget-container\">\n\t\t\t\t\t\t\t<div class=\"elementor-template\">\n\t\t\t\t\t<div data-elementor-type=\"container\" data-elementor-id=\"25501\" class=\"elementor elementor-25501\" data-elementor-post-type=\"elementor_library\">\n\t\t\t\t<div class=\"elementor-element elementor-element-1648416 e-flex e-con-boxed e-con e-parent\" data-id=\"1648416\" data-element_type=\"container\" data-e-type=\"container\" data-settings=\"{&quot;background_background&quot;:&quot;classic&quot;}\">\n\t\t\t\t\t<div class=\"e-con-inner\">\n\t\t\t\t\t<\/div>\n\t\t\t\t<\/div>\n\t\t\t\t<\/div>\n\t\t\t\t<\/div>\n\t\t\t\t\t\t<\/div>\n\t\t\t\t<\/div>\n\t\t\t\t<\/div>\n\t\t\t\t<section class=\"elementor-section elementor-top-section elementor-element elementor-element-f4f8ad9 elementor-section-boxed elementor-section-height-default elementor-section-height-default\" data-id=\"f4f8ad9\" data-element_type=\"section\" data-e-type=\"section\">\n\t\t\t\t\t\t<div class=\"elementor-container elementor-column-gap-default\">\n\t\t\t\t\t<div class=\"elementor-column elementor-col-100 elementor-top-column elementor-element elementor-element-2540576\" data-id=\"2540576\" data-element_type=\"column\" data-e-type=\"column\">\n\t\t\t<div class=\"elementor-widget-wrap elementor-element-populated\">\n\t\t\t\t\t\t<div class=\"elementor-element elementor-element-9589724 elementor-widget elementor-widget-text-editor\" data-id=\"9589724\" data-element_type=\"widget\" data-e-type=\"widget\" data-widget_type=\"text-editor.default\">\n\t\t\t\t<div class=\"elementor-widget-container\">\n\t\t\t\t\t\t\t\t\t<p>The documentation that must be submitted to benefit from one of the Social Housing Programs, the Municipality of Durr\u00ebs, each applicant's file must contain documentation that proves the following:<\/p><p><strong>\u00a0a) For the applicant's personal data:<\/strong><\/p><p>i. birth certificate of the applicant, except in specific cases when the individual\/family is not registered in the civil registry;<\/p><p>ii. certificate of residence in the local self-government unit where social housing is required, for families who have moved from other areas of the country.<\/p><p><strong>b) For the verification of housing conditions, according to letter \u201ca\u201d of Article 16 of Law No. 22\/2018, \u201cOn Social Housing\u201d:<\/strong><\/p><p>i. certificate from the State Cadastral Agency (former Local Real Estate Registration Office of Durr\u00ebs) for the properties held in the name of each family member;<\/p><p>ii. certificate from the State Cadastral Agency (former Durr\u00ebs Local Real Estate Registration Office) for the surface area of \u200b\u200bthe property owned by the family or any of its members, when the dwelling has a surface area below the housing standards in force;<\/p><p>iii. confirmation from the State Cadastre Agency (former Local Real Estate Registration Office of Durr\u00ebs) that no property is registered, which can also be used for housing, for any family member who has changed residence for employment purposes;<\/p><p>iv. certificate from the State Cadastre Agency that the applicant or any other adult family member has not applied for housing legalization. (original)<\/p><p>v. verification act from the local unit for:<\/p><p>a. housing at risk of collapse;<\/p><p>b. cases where the family has been left homeless as a result of natural disasters;<\/p><p>c. housing that is demolished or excluded from the legalization process.<\/p><p>vi. court decision for families who lose their homes due to the implementation of the court decision;<\/p><p>vii. Verification act from the local unit for Roma\/Egyptian families living in individual dwellings or structures that are not classified as housing.<\/p><p><strong>c) For the verification of family conditions, according to letter \u201cb\u201d of Article 16 of Law No. 22\/2018, \u201cOn Social Housing\u201d:<\/strong><\/p><p>i) family certificate;<\/p><p>ii) court decision granting custody of the child or children for divorced couples.<\/p><p><strong>\u00e7) For the verification of social conditions, according to letter \u201cc\u201d of Article 16 of Law No. 22\/2018, \u201cOn Social Housing\u201d:<\/strong><\/p><p>i. certificate of the medical commission determining disability for individuals with disabilities;<\/p><p>ii. Relevant certification from the institution where the individual was housed and an orphan\u2019s certificate, issued by the state-authorized institution for individuals with orphan status;<\/p><p>iii. document certifying that he\/she has become homeless as a result of the vacating of housing, former property of expropriated entities;<\/p><p>iv. Document issued by the relevant state institutions for persons with the status of \u201cemigrant,\u201d \u201cmigrant worker,\u201d and \u201casylum seeker\u201d;<\/p><p>v. document issued by the relevant state institutions to the families of employees who have fallen in the line of duty, belonging to the State Police, the Guard of the Republic, the Service for Internal Affairs and Complaints at the Ministry of Interior, the Fire Protection and Rescue Service, the Armed Forces, the State Intelligence Service and the Prison Police;<\/p><p>vi. protection order or immediate protection order, issued by the court for victims of domestic violence;<\/p><p>vii. self-declaration whether the individual\/family belongs to the Roma or Egyptian national minority;<\/p><p>viii. document issued by the relevant institutions for minors in conflict with the law;<\/p><p>ix. self-declaration that he\/she belongs to the LGBTI group;<\/p><p>x. confirmation by family certificate that the individual belongs to the girl-mother category.<\/p><p><strong>d) For the verification of economic conditions, according to the letter \"\u00e7\", of article 16, of law no. 22\/2018,<\/strong>\u00a0\"On social housing\":<\/p><p>i. Certification of the family\u2019s net income or a written declaration by the applicant regarding the family\u2019s income and its source, which must be attached to official documents verifying it, including certification from the employer of the applicant\u2019s and other family members\u2019 positions and salaries, if they are employed;<\/p><p>ii. document from tax and social security authorities for the payment of contributions, for all self-employed family members;<\/p><p>iii. certificate from the assistance and care office at the local self-government units for family members included in the economic assistance and payment program for persons with disabilities;<\/p><p>iv. Certification from the employment office of the relevant local unit for persons included in the unemployment benefits program;<\/p><p>v. certificate from social security bodies for retired persons.<\/p>\t\t\t\t\t\t\t\t<\/div>\n\t\t\t\t<\/div>\n\t\t\t\t\t<\/div>\n\t\t<\/div>\n\t\t\t\t\t<\/div>\n\t\t<\/section>\n\t\t\t\t<\/div>","protected":false},"excerpt":{"rendered":"<p>Dokumentacioni q\u00eb duhet t\u00eb dor\u00ebzohet p\u00ebr t\u00eb p\u00ebrfituar nga nj\u00eb nga Pogramet Sociale t\u00eb Strehimit, Bashkia Durr\u00ebs, dosja e \u00e7do aplikanti duhet t\u00eb p\u00ebrmbaj\u00eb dokumentacionin q\u00eb v\u00ebrteton si m\u00eb posht\u00eb vijon: \u00a0a) P\u00ebr t\u00eb dh\u00ebnat personale t\u00eb aplikantit: i. \u00e7ertifikat\u00eb e lindjes s\u00eb aplikantit, me p\u00ebrjashtim t\u00eb rasteve specifike kur individi\/familja nuk ka regjistrim n\u00eb [&hellip;]<\/p>\n","protected":false},"author":4,"featured_media":0,"parent":0,"menu_order":0,"comment_status":"closed","ping_status":"closed","template":"","meta":{"_acf_changed":false,"footnotes":""},"class_list":["post-13282","page","type-page","status-publish","hentry"],"acf":[],"yoast_head":"<!-- This site is optimized with the Yoast SEO plugin v27.4 - https:\/\/yoast.com\/product\/yoast-seo-wordpress\/ -->\n<title>Dokumentacioni q\u00eb duhet t\u00eb dor\u00ebzohet p\u00ebr t\u00eb p\u00ebrfituar nga nj\u00eb nga Pogramet Sociale t\u00eb Strehimit, Bashkia Durr\u00ebs - Bashkia Durr\u00ebs<\/title>\n<meta name=\"robots\" content=\"index, follow, max-snippet:-1, max-image-preview:large, max-video-preview:-1\" \/>\n<link rel=\"canonical\" href=\"https:\/\/durres.gov.al\/en\/dokumentacioni-qe-duhet-te-dorezohet-per-te-perfituar-nga-nje-nga-pogramet-sociale-te-strehimit\/\" \/>\n<meta property=\"og:locale\" content=\"en_US\" \/>\n<meta property=\"og:type\" content=\"article\" \/>\n<meta property=\"og:title\" content=\"Dokumentacioni q\u00eb duhet t\u00eb dor\u00ebzohet p\u00ebr t\u00eb p\u00ebrfituar nga nj\u00eb nga Pogramet Sociale t\u00eb Strehimit, Bashkia Durr\u00ebs - Bashkia Durr\u00ebs\" \/>\n<meta property=\"og:description\" content=\"Dokumentacioni q\u00eb duhet t\u00eb dor\u00ebzohet p\u00ebr t\u00eb p\u00ebrfituar nga nj\u00eb nga Pogramet Sociale t\u00eb Strehimit, Bashkia Durr\u00ebs, dosja e \u00e7do aplikanti duhet t\u00eb p\u00ebrmbaj\u00eb dokumentacionin q\u00eb v\u00ebrteton si m\u00eb posht\u00eb vijon: \u00a0a) P\u00ebr t\u00eb dh\u00ebnat personale t\u00eb aplikantit: i. \u00e7ertifikat\u00eb e lindjes s\u00eb aplikantit, me p\u00ebrjashtim t\u00eb rasteve specifike kur individi\/familja nuk ka regjistrim n\u00eb [&hellip;]\" \/>\n<meta property=\"og:url\" content=\"https:\/\/durres.gov.al\/en\/dokumentacioni-qe-duhet-te-dorezohet-per-te-perfituar-nga-nje-nga-pogramet-sociale-te-strehimit\/\" \/>\n<meta property=\"og:site_name\" content=\"Bashkia Durr\u00ebs\" \/>\n<meta property=\"article:modified_time\" content=\"2026-03-19T13:12:54+00:00\" \/>\n<meta name=\"twitter:card\" content=\"summary_large_image\" \/>\n<meta name=\"twitter:label1\" content=\"Est. reading time\" \/>\n\t<meta name=\"twitter:data1\" content=\"5 minutes\" \/>\n<script type=\"application\/ld+json\" class=\"yoast-schema-graph\">{\"@context\":\"https:\\\/\\\/schema.org\",\"@graph\":[{\"@type\":\"WebPage\",\"@id\":\"https:\\\/\\\/durres.gov.al\\\/dokumentacioni-qe-duhet-te-dorezohet-per-te-perfituar-nga-nje-nga-pogramet-sociale-te-strehimit\\\/\",\"url\":\"https:\\\/\\\/durres.gov.al\\\/dokumentacioni-qe-duhet-te-dorezohet-per-te-perfituar-nga-nje-nga-pogramet-sociale-te-strehimit\\\/\",\"name\":\"Dokumentacioni q\u00eb duhet t\u00eb dor\u00ebzohet p\u00ebr t\u00eb p\u00ebrfituar nga nj\u00eb nga Pogramet Sociale t\u00eb Strehimit, Bashkia Durr\u00ebs - Bashkia Durr\u00ebs\",\"isPartOf\":{\"@id\":\"https:\\\/\\\/durres.gov.al\\\/en\\\/#website\"},\"datePublished\":\"2023-02-21T10:19:00+00:00\",\"dateModified\":\"2026-03-19T13:12:54+00:00\",\"breadcrumb\":{\"@id\":\"https:\\\/\\\/durres.gov.al\\\/dokumentacioni-qe-duhet-te-dorezohet-per-te-perfituar-nga-nje-nga-pogramet-sociale-te-strehimit\\\/#breadcrumb\"},\"inLanguage\":\"en-US\",\"potentialAction\":[{\"@type\":\"ReadAction\",\"target\":[\"https:\\\/\\\/durres.gov.al\\\/dokumentacioni-qe-duhet-te-dorezohet-per-te-perfituar-nga-nje-nga-pogramet-sociale-te-strehimit\\\/\"]}]},{\"@type\":\"BreadcrumbList\",\"@id\":\"https:\\\/\\\/durres.gov.al\\\/dokumentacioni-qe-duhet-te-dorezohet-per-te-perfituar-nga-nje-nga-pogramet-sociale-te-strehimit\\\/#breadcrumb\",\"itemListElement\":[{\"@type\":\"ListItem\",\"position\":1,\"name\":\"Home\",\"item\":\"https:\\\/\\\/durres.gov.al\\\/\"},{\"@type\":\"ListItem\",\"position\":2,\"name\":\"Dokumentacioni q\u00eb duhet t\u00eb dor\u00ebzohet p\u00ebr t\u00eb p\u00ebrfituar nga nj\u00eb nga Pogramet Sociale t\u00eb Strehimit, Bashkia Durr\u00ebs\"}]},{\"@type\":\"WebSite\",\"@id\":\"https:\\\/\\\/durres.gov.al\\\/en\\\/#website\",\"url\":\"https:\\\/\\\/durres.gov.al\\\/en\\\/\",\"name\":\"Bashkia Durr\u00ebs\",\"description\":\"Faqja Zyrtare n\u00eb Internet\",\"publisher\":{\"@id\":\"https:\\\/\\\/durres.gov.al\\\/en\\\/#organization\"},\"potentialAction\":[{\"@type\":\"SearchAction\",\"target\":{\"@type\":\"EntryPoint\",\"urlTemplate\":\"https:\\\/\\\/durres.gov.al\\\/en\\\/?s={search_term_string}\"},\"query-input\":{\"@type\":\"PropertyValueSpecification\",\"valueRequired\":true,\"valueName\":\"search_term_string\"}}],\"inLanguage\":\"en-US\"},{\"@type\":\"Organization\",\"@id\":\"https:\\\/\\\/durres.gov.al\\\/en\\\/#organization\",\"name\":\"Bashkia Durr\u00ebs\",\"url\":\"https:\\\/\\\/durres.gov.al\\\/en\\\/\",\"logo\":{\"@type\":\"ImageObject\",\"inLanguage\":\"en-US\",\"@id\":\"https:\\\/\\\/durres.gov.al\\\/en\\\/#\\\/schema\\\/logo\\\/image\\\/\",\"url\":\"https:\\\/\\\/durres.gov.al\\\/wp-content\\\/uploads\\\/2023\\\/01\\\/cropped-logo.png\",\"contentUrl\":\"https:\\\/\\\/durres.gov.al\\\/wp-content\\\/uploads\\\/2023\\\/01\\\/cropped-logo.png\",\"width\":512,\"height\":512,\"caption\":\"Bashkia Durr\u00ebs\"},\"image\":{\"@id\":\"https:\\\/\\\/durres.gov.al\\\/en\\\/#\\\/schema\\\/logo\\\/image\\\/\"}}]}<\/script>\n<!-- \/ Yoast SEO plugin. -->","yoast_head_json":{"title":"Dokumentacioni q\u00eb duhet t\u00eb dor\u00ebzohet p\u00ebr t\u00eb p\u00ebrfituar nga nj\u00eb nga Pogramet Sociale t\u00eb Strehimit, Bashkia Durr\u00ebs - Bashkia Durr\u00ebs","robots":{"index":"index","follow":"follow","max-snippet":"max-snippet:-1","max-image-preview":"max-image-preview:large","max-video-preview":"max-video-preview:-1"},"canonical":"https:\/\/durres.gov.al\/en\/dokumentacioni-qe-duhet-te-dorezohet-per-te-perfituar-nga-nje-nga-pogramet-sociale-te-strehimit\/","og_locale":"en_US","og_type":"article","og_title":"Dokumentacioni q\u00eb duhet t\u00eb dor\u00ebzohet p\u00ebr t\u00eb p\u00ebrfituar nga nj\u00eb nga Pogramet Sociale t\u00eb Strehimit, Bashkia Durr\u00ebs - Bashkia Durr\u00ebs","og_description":"Dokumentacioni q\u00eb duhet t\u00eb dor\u00ebzohet p\u00ebr t\u00eb p\u00ebrfituar nga nj\u00eb nga Pogramet Sociale t\u00eb Strehimit, Bashkia Durr\u00ebs, dosja e \u00e7do aplikanti duhet t\u00eb p\u00ebrmbaj\u00eb dokumentacionin q\u00eb v\u00ebrteton si m\u00eb posht\u00eb vijon: \u00a0a) P\u00ebr t\u00eb dh\u00ebnat personale t\u00eb aplikantit: i. \u00e7ertifikat\u00eb e lindjes s\u00eb aplikantit, me p\u00ebrjashtim t\u00eb rasteve specifike kur individi\/familja nuk ka regjistrim n\u00eb [&hellip;]","og_url":"https:\/\/durres.gov.al\/en\/dokumentacioni-qe-duhet-te-dorezohet-per-te-perfituar-nga-nje-nga-pogramet-sociale-te-strehimit\/","og_site_name":"Bashkia Durr\u00ebs","article_modified_time":"2026-03-19T13:12:54+00:00","twitter_card":"summary_large_image","twitter_misc":{"Est. reading time":"5 minutes"},"schema":{"@context":"https:\/\/schema.org","@graph":[{"@type":"WebPage","@id":"https:\/\/durres.gov.al\/dokumentacioni-qe-duhet-te-dorezohet-per-te-perfituar-nga-nje-nga-pogramet-sociale-te-strehimit\/","url":"https:\/\/durres.gov.al\/dokumentacioni-qe-duhet-te-dorezohet-per-te-perfituar-nga-nje-nga-pogramet-sociale-te-strehimit\/","name":"Dokumentacioni q\u00eb duhet t\u00eb dor\u00ebzohet p\u00ebr t\u00eb p\u00ebrfituar nga nj\u00eb nga Pogramet Sociale t\u00eb Strehimit, Bashkia Durr\u00ebs - Bashkia Durr\u00ebs","isPartOf":{"@id":"https:\/\/durres.gov.al\/en\/#website"},"datePublished":"2023-02-21T10:19:00+00:00","dateModified":"2026-03-19T13:12:54+00:00","breadcrumb":{"@id":"https:\/\/durres.gov.al\/dokumentacioni-qe-duhet-te-dorezohet-per-te-perfituar-nga-nje-nga-pogramet-sociale-te-strehimit\/#breadcrumb"},"inLanguage":"en-US","potentialAction":[{"@type":"ReadAction","target":["https:\/\/durres.gov.al\/dokumentacioni-qe-duhet-te-dorezohet-per-te-perfituar-nga-nje-nga-pogramet-sociale-te-strehimit\/"]}]},{"@type":"BreadcrumbList","@id":"https:\/\/durres.gov.al\/dokumentacioni-qe-duhet-te-dorezohet-per-te-perfituar-nga-nje-nga-pogramet-sociale-te-strehimit\/#breadcrumb","itemListElement":[{"@type":"ListItem","position":1,"name":"Home","item":"https:\/\/durres.gov.al\/"},{"@type":"ListItem","position":2,"name":"Dokumentacioni q\u00eb duhet t\u00eb dor\u00ebzohet p\u00ebr t\u00eb p\u00ebrfituar nga nj\u00eb nga Pogramet Sociale t\u00eb Strehimit, Bashkia Durr\u00ebs"}]},{"@type":"WebSite","@id":"https:\/\/durres.gov.al\/en\/#website","url":"https:\/\/durres.gov.al\/en\/","name":"Municipality of Durr\u00ebs","description":"Faqja Zyrtare n\u00eb Internet","publisher":{"@id":"https:\/\/durres.gov.al\/en\/#organization"},"potentialAction":[{"@type":"SearchAction","target":{"@type":"EntryPoint","urlTemplate":"https:\/\/durres.gov.al\/en\/?s={search_term_string}"},"query-input":{"@type":"PropertyValueSpecification","valueRequired":true,"valueName":"search_term_string"}}],"inLanguage":"en-US"},{"@type":"Organization","@id":"https:\/\/durres.gov.al\/en\/#organization","name":"Municipality of Durr\u00ebs","url":"https:\/\/durres.gov.al\/en\/","logo":{"@type":"ImageObject","inLanguage":"en-US","@id":"https:\/\/durres.gov.al\/en\/#\/schema\/logo\/image\/","url":"https:\/\/durres.gov.al\/wp-content\/uploads\/2023\/01\/cropped-logo.png","contentUrl":"https:\/\/durres.gov.al\/wp-content\/uploads\/2023\/01\/cropped-logo.png","width":512,"height":512,"caption":"Bashkia Durr\u00ebs"},"image":{"@id":"https:\/\/durres.gov.al\/en\/#\/schema\/logo\/image\/"}}]}},"_links":{"self":[{"href":"https:\/\/durres.gov.al\/en\/wp-json\/wp\/v2\/pages\/13282","targetHints":{"allow":["GET"]}}],"collection":[{"href":"https:\/\/durres.gov.al\/en\/wp-json\/wp\/v2\/pages"}],"about":[{"href":"https:\/\/durres.gov.al\/en\/wp-json\/wp\/v2\/types\/page"}],"author":[{"embeddable":true,"href":"https:\/\/durres.gov.al\/en\/wp-json\/wp\/v2\/users\/4"}],"replies":[{"embeddable":true,"href":"https:\/\/durres.gov.al\/en\/wp-json\/wp\/v2\/comments?post=13282"}],"version-history":[{"count":6,"href":"https:\/\/durres.gov.al\/en\/wp-json\/wp\/v2\/pages\/13282\/revisions"}],"predecessor-version":[{"id":28853,"href":"https:\/\/durres.gov.al\/en\/wp-json\/wp\/v2\/pages\/13282\/revisions\/28853"}],"wp:attachment":[{"href":"https:\/\/durres.gov.al\/en\/wp-json\/wp\/v2\/media?parent=13282"}],"curies":[{"name":"wp","href":"https:\/\/api.w.org\/{rel}","templated":true}]}}