{"id":13355,"date":"2023-02-21T11:18:48","date_gmt":"2023-02-21T11:18:48","guid":{"rendered":"https:\/\/durres.gov.al\/?page_id=13355"},"modified":"2026-03-13T11:26:37","modified_gmt":"2026-03-13T10:26:37","slug":"qendra-ditore-e-te-moshuarve","status":"publish","type":"page","link":"https:\/\/durres.gov.al\/en\/qendra-ditore-e-te-moshuarve\/","title":{"rendered":"Day Center for the Elderly"},"content":{"rendered":"<div data-elementor-type=\"wp-page\" data-elementor-id=\"13355\" class=\"elementor elementor-13355\" data-elementor-post-type=\"page\">\n\t\t\t\t<div class=\"elementor-element elementor-element-716e3eb e-con-full e-flex e-con e-parent\" data-id=\"716e3eb\" data-element_type=\"container\" data-e-type=\"container\">\n\t\t\t\t<div class=\"elementor-element elementor-element-44cfd29 elementor-widget elementor-widget-template\" data-id=\"44cfd29\" data-element_type=\"widget\" data-e-type=\"widget\" data-widget_type=\"template.default\">\n\t\t\t\t<div class=\"elementor-widget-container\">\n\t\t\t\t\t\t\t<div class=\"elementor-template\">\n\t\t\t\t\t<div data-elementor-type=\"container\" data-elementor-id=\"25501\" class=\"elementor elementor-25501\" data-elementor-post-type=\"elementor_library\">\n\t\t\t\t<div class=\"elementor-element elementor-element-1648416 e-flex e-con-boxed e-con e-parent\" data-id=\"1648416\" data-element_type=\"container\" data-e-type=\"container\" data-settings=\"{&quot;background_background&quot;:&quot;classic&quot;}\">\n\t\t\t\t\t<div class=\"e-con-inner\">\n\t\t\t\t\t<\/div>\n\t\t\t\t<\/div>\n\t\t\t\t<\/div>\n\t\t\t\t<\/div>\n\t\t\t\t\t\t<\/div>\n\t\t\t\t<\/div>\n\t\t\t\t<\/div>\n\t\t<div class=\"elementor-element elementor-element-831a2c3 e-grid e-con-boxed e-con e-parent\" data-id=\"831a2c3\" data-element_type=\"container\" data-e-type=\"container\">\n\t\t\t\t\t<div class=\"e-con-inner\">\n\t\t\t\t<div class=\"elementor-element elementor-element-fe28751 elementor-widget elementor-widget-text-editor\" data-id=\"fe28751\" data-element_type=\"widget\" data-e-type=\"widget\" data-widget_type=\"text-editor.default\">\n\t\t\t\t<div class=\"elementor-widget-container\">\n\t\t\t\t\t\t\t\t\t<p><strong>Psychosocial support<\/strong>, 4 social workers. Currently, individual plans for the elderly are drawn up together with the elderly and the responsible social worker. Each social worker has a group of 27 elderly people in care. The work of each social worker consists of:<br \/>Care for the elderly in cases of daily absences<br \/>\u2022\u00a0\u00a0\u00a0 Family verification to assess socio-economic conditions<br \/>\u2022\u00a0 Organizing meetings with groups of elderly people with the aim of recognizing the problems. The problems encountered have been followed up and the results achieved have been recorded in each individual plan.<br \/>\u2022\u00a0\u00a0\u00a0 Referral of special cases to a doctor or nurse<br \/>\u2022\u00a0\u00a0\u00a0 Monitoring during the preparation and serving of food for the elderly<br \/>\u2022\u00a0\u00a0\u00a0 Group discussions with the elderly on various issues<\/p><p><strong>Medical service<\/strong>, 1 nurse and 1 part-time doctor. During this period, all elderly people have received medical services. All cases of medical assistance are recorded in the medical service register and each elderly person is provided with a personal medical record. This service includes:<br \/>Medical visits, discussions on various health topics<br \/>TA measurement<br \/>Injections<br \/>Medication<\/p><p><strong>Food<\/strong>\u00a0(tea and lunch) 1 cook, 1 cook assistant. The elderly have benefited from 100% of their food fund. The elderly are offered coffee or tea for breakfast and lunch. Lunch is prepared based on the weekly menu which is displayed at the beginning of each week. When preparing the menu, the doctor's suggestions and the opinions of the elderly are taken into account. These meals are taken according to the schedule set by the Center: breakfast at 10:00-10:30 and lunch 12:00-13:30.<\/p><p><strong>Sanitary service<\/strong>\u00a0The Center has a good level of space, equipment, and opportunities to offer services. The Center's environment is functional with lights, running water, and even heating for the elderly. 2 nurses take care of the Center's hygiene.<\/p><p><strong>Social-cultural activity<\/strong>\u00a0inside and outside the institution. An appropriate lifestyle, inclusion in family and society, a supportive environment for an older age, all these maintain well-being. QDM policies aim to reduce social inequalities and poverty, are essential for completing the individual's support towards active aging. The design of intergenerational programs and community activities that enable close cooperation and equal participation between the younger generation and the elderly is one of the goals of our center.<br \/>During the year, many social and cultural activities were held according to a predetermined calendar. All official and religious holidays were celebrated, such as: March 8, Summer Day, Eid al-Fitr, Easter, October 1, International Day of the Elderly, November 28-29, Christmas and New Year.<br \/>For these holidays, the following events have been organized: nature walks, concerts with school students, distribution of food packages, lunch at the bar, domino and backgammon championships, and exhibitions of works by the elderly.<br \/>Even during 2013, the supplies of materials necessary for carrying out daily activities have been successfully carried out. These supplies have been carried out according to the plans drawn up at the beginning of the year.<\/p><p><strong>Elderly care\u00a0<\/strong><br \/>This seemingly marginalized category has always been the focus of the Municipality's social programs. Since 2002, initially in cooperation with the World Bank and then with the full financing of the Municipality, the Day Center for the Elderly has begun operating. It aims to provide social services to lonely elderly people and those with social problems.<br \/>The capacity of this center is 110 elderly people.<br \/>This center offers free of charge to its beneficiaries:<br \/>\u2022\u00a0\u00a0\u00a0 Psycho-social service<br \/>\u2022\u00a0\u00a0\u00a0 Health service<br \/>\u2022\u00a0\u00a0\u00a0 Meals (2 meals a day)<br \/>\u2022\u00a0\u00a0\u00a0 Information center<br \/>\u2022\u00a0\u00a0\u00a0 Cultural, psycho-social activities<br \/>Although the number of beneficiaries is the same, the investments and expenses of this center are increasing, which has enabled the achievement of optimal standards and the fulfillment of the social needs of this target group.\u00a0<\/p>\t\t\t\t\t\t\t\t<\/div>\n\t\t\t\t<\/div>\n\t\t\t\t<div class=\"elementor-element elementor-element-2547b7b elementor-widget elementor-widget-gallery\" data-id=\"2547b7b\" data-element_type=\"widget\" data-e-type=\"widget\" data-settings=\"{&quot;columns&quot;:1,&quot;lazyload&quot;:&quot;yes&quot;,&quot;gallery_layout&quot;:&quot;grid&quot;,&quot;columns_tablet&quot;:2,&quot;columns_mobile&quot;:1,&quot;gap&quot;:{&quot;unit&quot;:&quot;px&quot;,&quot;size&quot;:10,&quot;sizes&quot;:[]},&quot;gap_laptop&quot;:{&quot;unit&quot;:&quot;px&quot;,&quot;size&quot;:10,&quot;sizes&quot;:[]},&quot;gap_tablet&quot;:{&quot;unit&quot;:&quot;px&quot;,&quot;size&quot;:10,&quot;sizes&quot;:[]},&quot;gap_mobile&quot;:{&quot;unit&quot;:&quot;px&quot;,&quot;size&quot;:10,&quot;sizes&quot;:[]},&quot;link_to&quot;:&quot;file&quot;,&quot;aspect_ratio&quot;:&quot;3:2&quot;,&quot;overlay_background&quot;:&quot;yes&quot;,&quot;content_hover_animation&quot;:&quot;fade-in&quot;}\" data-widget_type=\"gallery.default\">\n\t\t\t\t<div class=\"elementor-widget-container\">\n\t\t\t\t\t\t\t<div class=\"elementor-gallery__container\">\n\t\t\t\t\t\t\t<a class=\"e-gallery-item elementor-gallery-item elementor-animated-content\" href=\"https:\/\/durres.gov.al\/wp-content\/uploads\/2023\/02\/2-Copy.jpg\" data-elementor-open-lightbox=\"yes\" data-elementor-lightbox-slideshow=\"2547b7b\" data-elementor-lightbox-title=\"2 (Copy)\" data-e-action-hash=\"#elementor-action%3Aaction%3Dlightbox%26settings%3DeyJpZCI6MTMzNTgsInVybCI6Imh0dHBzOlwvXC9kdXJyZXMuZ292LmFsXC93cC1jb250ZW50XC91cGxvYWRzXC8yMDIzXC8wMlwvMi1Db3B5LmpwZyIsInNsaWRlc2hvdyI6IjI1NDdiN2IifQ%3D%3D\">\n\t\t\t\t\t<div class=\"e-gallery-image elementor-gallery-item__image\" data-thumbnail=\"https:\/\/durres.gov.al\/wp-content\/uploads\/2023\/02\/2-Copy-300x200.jpg\" data-width=\"300\" data-height=\"200\" aria-label=\"\" role=\"img\" ><\/div>\n\t\t\t\t\t\t\t\t\t\t\t<div class=\"elementor-gallery-item__overlay\"><\/div>\n\t\t\t\t\t\t\t\t\t\t\t\t\t\t<\/a>\n\t\t\t\t\t\t\t<a class=\"e-gallery-item elementor-gallery-item elementor-animated-content\" href=\"https:\/\/durres.gov.al\/wp-content\/uploads\/2023\/02\/DSC09984-Copy.jpg\" data-elementor-open-lightbox=\"yes\" data-elementor-lightbox-slideshow=\"2547b7b\" data-elementor-lightbox-title=\"DSC09984 (Copy)\" data-e-action-hash=\"#elementor-action%3Aaction%3Dlightbox%26settings%3DeyJpZCI6MTMzNjEsInVybCI6Imh0dHBzOlwvXC9kdXJyZXMuZ292LmFsXC93cC1jb250ZW50XC91cGxvYWRzXC8yMDIzXC8wMlwvRFNDMDk5ODQtQ29weS5qcGciLCJzbGlkZXNob3ciOiIyNTQ3YjdiIn0%3D\">\n\t\t\t\t\t<div class=\"e-gallery-image elementor-gallery-item__image\" data-thumbnail=\"https:\/\/durres.gov.al\/wp-content\/uploads\/2023\/02\/DSC09984-Copy-300x225.jpg\" data-width=\"300\" data-height=\"225\" aria-label=\"\" role=\"img\" ><\/div>\n\t\t\t\t\t\t\t\t\t\t\t<div class=\"elementor-gallery-item__overlay\"><\/div>\n\t\t\t\t\t\t\t\t\t\t\t\t\t\t<\/a>\n\t\t\t\t\t\t\t<a class=\"e-gallery-item elementor-gallery-item elementor-animated-content\" href=\"https:\/\/durres.gov.al\/wp-content\/uploads\/2023\/02\/DSC00018-Copy.jpg\" data-elementor-open-lightbox=\"yes\" data-elementor-lightbox-slideshow=\"2547b7b\" data-elementor-lightbox-title=\"DSC00018 (Copy)\" data-e-action-hash=\"#elementor-action%3Aaction%3Dlightbox%26settings%3DeyJpZCI6MTMzNTksInVybCI6Imh0dHBzOlwvXC9kdXJyZXMuZ292LmFsXC93cC1jb250ZW50XC91cGxvYWRzXC8yMDIzXC8wMlwvRFNDMDAwMTgtQ29weS5qcGciLCJzbGlkZXNob3ciOiIyNTQ3YjdiIn0%3D\">\n\t\t\t\t\t<div class=\"e-gallery-image elementor-gallery-item__image\" data-thumbnail=\"https:\/\/durres.gov.al\/wp-content\/uploads\/2023\/02\/DSC00018-Copy-300x225.jpg\" data-width=\"300\" data-height=\"225\" aria-label=\"\" role=\"img\" ><\/div>\n\t\t\t\t\t\t\t\t\t\t\t<div class=\"elementor-gallery-item__overlay\"><\/div>\n\t\t\t\t\t\t\t\t\t\t\t\t\t\t<\/a>\n\t\t\t\t\t\t\t<a class=\"e-gallery-item elementor-gallery-item elementor-animated-content\" href=\"https:\/\/durres.gov.al\/wp-content\/uploads\/2023\/02\/DSC09944-Copy.jpg\" data-elementor-open-lightbox=\"yes\" data-elementor-lightbox-slideshow=\"2547b7b\" data-elementor-lightbox-title=\"DSC09944 (Copy)\" data-e-action-hash=\"#elementor-action%3Aaction%3Dlightbox%26settings%3DeyJpZCI6MTMzNjAsInVybCI6Imh0dHBzOlwvXC9kdXJyZXMuZ292LmFsXC93cC1jb250ZW50XC91cGxvYWRzXC8yMDIzXC8wMlwvRFNDMDk5NDQtQ29weS5qcGciLCJzbGlkZXNob3ciOiIyNTQ3YjdiIn0%3D\">\n\t\t\t\t\t<div class=\"e-gallery-image elementor-gallery-item__image\" data-thumbnail=\"https:\/\/durres.gov.al\/wp-content\/uploads\/2023\/02\/DSC09944-Copy-300x225.jpg\" data-width=\"300\" data-height=\"225\" aria-label=\"\" role=\"img\" ><\/div>\n\t\t\t\t\t\t\t\t\t\t\t<div class=\"elementor-gallery-item__overlay\"><\/div>\n\t\t\t\t\t\t\t\t\t\t\t\t\t\t<\/a>\n\t\t\t\t\t<\/div>\n\t\t\t\t\t<\/div>\n\t\t\t\t<\/div>\n\t\t\t\t\t<\/div>\n\t\t\t\t<\/div>\n\t\t\t\t<\/div>","protected":false},"excerpt":{"rendered":"<p>Mbeshtetje psiko-sociale, 4 punonjes social. Aktualisht planet individuale te t\u00e8 moshuarve jan\u00e8 hartuar s\u00e8bashku me t\u00e8 moshuarit dhe punonjesin social p\u00e8rgjegj\u00e8s.Cdo punonjes social ka nje grup prej 27 te moshuarish ne kujdesje.Puna e cdo punonjesi social konsiston ne:Interesimi per te moshuarit ne raste mungesash cdo dite\u2022\u00a0\u00a0\u00a0 Verifikim ne familje per te vleresuar kushtet social-ekonomike\u2022\u00a0\u00a0\u00a0 Organizimi [&hellip;]<\/p>\n","protected":false},"author":4,"featured_media":0,"parent":0,"menu_order":0,"comment_status":"closed","ping_status":"closed","template":"","meta":{"_acf_changed":false,"footnotes":""},"class_list":["post-13355","page","type-page","status-publish","hentry"],"acf":[],"yoast_head":"<!-- This site is optimized with the Yoast SEO plugin v27.4 - https:\/\/yoast.com\/product\/yoast-seo-wordpress\/ -->\n<title>Qendra Ditore e t\u00eb Moshuarve - Bashkia Durr\u00ebs<\/title>\n<meta name=\"robots\" content=\"index, follow, max-snippet:-1, max-image-preview:large, max-video-preview:-1\" \/>\n<link rel=\"canonical\" href=\"https:\/\/durres.gov.al\/en\/qendra-ditore-e-te-moshuarve\/\" \/>\n<meta property=\"og:locale\" content=\"en_US\" \/>\n<meta property=\"og:type\" content=\"article\" \/>\n<meta property=\"og:title\" content=\"Qendra Ditore e t\u00eb Moshuarve - Bashkia Durr\u00ebs\" \/>\n<meta property=\"og:description\" content=\"Mbeshtetje psiko-sociale, 4 punonjes social. Aktualisht planet individuale te t\u00e8 moshuarve jan\u00e8 hartuar s\u00e8bashku me t\u00e8 moshuarit dhe punonjesin social p\u00e8rgjegj\u00e8s.Cdo punonjes social ka nje grup prej 27 te moshuarish ne kujdesje.Puna e cdo punonjesi social konsiston ne:Interesimi per te moshuarit ne raste mungesash cdo dite\u2022\u00a0\u00a0\u00a0 Verifikim ne familje per te vleresuar kushtet social-ekonomike\u2022\u00a0\u00a0\u00a0 Organizimi [&hellip;]\" \/>\n<meta property=\"og:url\" content=\"https:\/\/durres.gov.al\/en\/qendra-ditore-e-te-moshuarve\/\" \/>\n<meta property=\"og:site_name\" content=\"Bashkia Durr\u00ebs\" \/>\n<meta property=\"article:modified_time\" content=\"2026-03-13T10:26:37+00:00\" \/>\n<meta name=\"twitter:card\" content=\"summary_large_image\" \/>\n<meta name=\"twitter:label1\" content=\"Est. reading time\" \/>\n\t<meta name=\"twitter:data1\" content=\"3 minutes\" \/>\n<script type=\"application\/ld+json\" class=\"yoast-schema-graph\">{\"@context\":\"https:\\\/\\\/schema.org\",\"@graph\":[{\"@type\":\"WebPage\",\"@id\":\"https:\\\/\\\/durres.gov.al\\\/qendra-ditore-e-te-moshuarve\\\/\",\"url\":\"https:\\\/\\\/durres.gov.al\\\/qendra-ditore-e-te-moshuarve\\\/\",\"name\":\"Qendra Ditore e t\u00eb Moshuarve - Bashkia Durr\u00ebs\",\"isPartOf\":{\"@id\":\"https:\\\/\\\/durres.gov.al\\\/en\\\/#website\"},\"datePublished\":\"2023-02-21T11:18:48+00:00\",\"dateModified\":\"2026-03-13T10:26:37+00:00\",\"breadcrumb\":{\"@id\":\"https:\\\/\\\/durres.gov.al\\\/qendra-ditore-e-te-moshuarve\\\/#breadcrumb\"},\"inLanguage\":\"en-US\",\"potentialAction\":[{\"@type\":\"ReadAction\",\"target\":[\"https:\\\/\\\/durres.gov.al\\\/qendra-ditore-e-te-moshuarve\\\/\"]}]},{\"@type\":\"BreadcrumbList\",\"@id\":\"https:\\\/\\\/durres.gov.al\\\/qendra-ditore-e-te-moshuarve\\\/#breadcrumb\",\"itemListElement\":[{\"@type\":\"ListItem\",\"position\":1,\"name\":\"Home\",\"item\":\"https:\\\/\\\/durres.gov.al\\\/\"},{\"@type\":\"ListItem\",\"position\":2,\"name\":\"Qendra Ditore e t\u00eb Moshuarve\"}]},{\"@type\":\"WebSite\",\"@id\":\"https:\\\/\\\/durres.gov.al\\\/en\\\/#website\",\"url\":\"https:\\\/\\\/durres.gov.al\\\/en\\\/\",\"name\":\"Bashkia Durr\u00ebs\",\"description\":\"Faqja Zyrtare n\u00eb Internet\",\"publisher\":{\"@id\":\"https:\\\/\\\/durres.gov.al\\\/en\\\/#organization\"},\"potentialAction\":[{\"@type\":\"SearchAction\",\"target\":{\"@type\":\"EntryPoint\",\"urlTemplate\":\"https:\\\/\\\/durres.gov.al\\\/en\\\/?s={search_term_string}\"},\"query-input\":{\"@type\":\"PropertyValueSpecification\",\"valueRequired\":true,\"valueName\":\"search_term_string\"}}],\"inLanguage\":\"en-US\"},{\"@type\":\"Organization\",\"@id\":\"https:\\\/\\\/durres.gov.al\\\/en\\\/#organization\",\"name\":\"Bashkia Durr\u00ebs\",\"url\":\"https:\\\/\\\/durres.gov.al\\\/en\\\/\",\"logo\":{\"@type\":\"ImageObject\",\"inLanguage\":\"en-US\",\"@id\":\"https:\\\/\\\/durres.gov.al\\\/en\\\/#\\\/schema\\\/logo\\\/image\\\/\",\"url\":\"https:\\\/\\\/durres.gov.al\\\/wp-content\\\/uploads\\\/2023\\\/01\\\/cropped-logo.png\",\"contentUrl\":\"https:\\\/\\\/durres.gov.al\\\/wp-content\\\/uploads\\\/2023\\\/01\\\/cropped-logo.png\",\"width\":512,\"height\":512,\"caption\":\"Bashkia Durr\u00ebs\"},\"image\":{\"@id\":\"https:\\\/\\\/durres.gov.al\\\/en\\\/#\\\/schema\\\/logo\\\/image\\\/\"}}]}<\/script>\n<!-- \/ Yoast SEO plugin. -->","yoast_head_json":{"title":"Qendra Ditore e t\u00eb Moshuarve - Bashkia Durr\u00ebs","robots":{"index":"index","follow":"follow","max-snippet":"max-snippet:-1","max-image-preview":"max-image-preview:large","max-video-preview":"max-video-preview:-1"},"canonical":"https:\/\/durres.gov.al\/en\/qendra-ditore-e-te-moshuarve\/","og_locale":"en_US","og_type":"article","og_title":"Qendra Ditore e t\u00eb Moshuarve - Bashkia Durr\u00ebs","og_description":"Mbeshtetje psiko-sociale, 4 punonjes social. Aktualisht planet individuale te t\u00e8 moshuarve jan\u00e8 hartuar s\u00e8bashku me t\u00e8 moshuarit dhe punonjesin social p\u00e8rgjegj\u00e8s.Cdo punonjes social ka nje grup prej 27 te moshuarish ne kujdesje.Puna e cdo punonjesi social konsiston ne:Interesimi per te moshuarit ne raste mungesash cdo dite\u2022\u00a0\u00a0\u00a0 Verifikim ne familje per te vleresuar kushtet social-ekonomike\u2022\u00a0\u00a0\u00a0 Organizimi [&hellip;]","og_url":"https:\/\/durres.gov.al\/en\/qendra-ditore-e-te-moshuarve\/","og_site_name":"Bashkia Durr\u00ebs","article_modified_time":"2026-03-13T10:26:37+00:00","twitter_card":"summary_large_image","twitter_misc":{"Est. reading time":"3 minutes"},"schema":{"@context":"https:\/\/schema.org","@graph":[{"@type":"WebPage","@id":"https:\/\/durres.gov.al\/qendra-ditore-e-te-moshuarve\/","url":"https:\/\/durres.gov.al\/qendra-ditore-e-te-moshuarve\/","name":"Qendra Ditore e t\u00eb Moshuarve - Bashkia Durr\u00ebs","isPartOf":{"@id":"https:\/\/durres.gov.al\/en\/#website"},"datePublished":"2023-02-21T11:18:48+00:00","dateModified":"2026-03-13T10:26:37+00:00","breadcrumb":{"@id":"https:\/\/durres.gov.al\/qendra-ditore-e-te-moshuarve\/#breadcrumb"},"inLanguage":"en-US","potentialAction":[{"@type":"ReadAction","target":["https:\/\/durres.gov.al\/qendra-ditore-e-te-moshuarve\/"]}]},{"@type":"BreadcrumbList","@id":"https:\/\/durres.gov.al\/qendra-ditore-e-te-moshuarve\/#breadcrumb","itemListElement":[{"@type":"ListItem","position":1,"name":"Home","item":"https:\/\/durres.gov.al\/"},{"@type":"ListItem","position":2,"name":"Qendra Ditore e t\u00eb Moshuarve"}]},{"@type":"WebSite","@id":"https:\/\/durres.gov.al\/en\/#website","url":"https:\/\/durres.gov.al\/en\/","name":"Municipality of Durr\u00ebs","description":"Faqja Zyrtare n\u00eb Internet","publisher":{"@id":"https:\/\/durres.gov.al\/en\/#organization"},"potentialAction":[{"@type":"SearchAction","target":{"@type":"EntryPoint","urlTemplate":"https:\/\/durres.gov.al\/en\/?s={search_term_string}"},"query-input":{"@type":"PropertyValueSpecification","valueRequired":true,"valueName":"search_term_string"}}],"inLanguage":"en-US"},{"@type":"Organization","@id":"https:\/\/durres.gov.al\/en\/#organization","name":"Municipality of Durr\u00ebs","url":"https:\/\/durres.gov.al\/en\/","logo":{"@type":"ImageObject","inLanguage":"en-US","@id":"https:\/\/durres.gov.al\/en\/#\/schema\/logo\/image\/","url":"https:\/\/durres.gov.al\/wp-content\/uploads\/2023\/01\/cropped-logo.png","contentUrl":"https:\/\/durres.gov.al\/wp-content\/uploads\/2023\/01\/cropped-logo.png","width":512,"height":512,"caption":"Bashkia Durr\u00ebs"},"image":{"@id":"https:\/\/durres.gov.al\/en\/#\/schema\/logo\/image\/"}}]}},"_links":{"self":[{"href":"https:\/\/durres.gov.al\/en\/wp-json\/wp\/v2\/pages\/13355","targetHints":{"allow":["GET"]}}],"collection":[{"href":"https:\/\/durres.gov.al\/en\/wp-json\/wp\/v2\/pages"}],"about":[{"href":"https:\/\/durres.gov.al\/en\/wp-json\/wp\/v2\/types\/page"}],"author":[{"embeddable":true,"href":"https:\/\/durres.gov.al\/en\/wp-json\/wp\/v2\/users\/4"}],"replies":[{"embeddable":true,"href":"https:\/\/durres.gov.al\/en\/wp-json\/wp\/v2\/comments?post=13355"}],"version-history":[{"count":6,"href":"https:\/\/durres.gov.al\/en\/wp-json\/wp\/v2\/pages\/13355\/revisions"}],"predecessor-version":[{"id":28096,"href":"https:\/\/durres.gov.al\/en\/wp-json\/wp\/v2\/pages\/13355\/revisions\/28096"}],"wp:attachment":[{"href":"https:\/\/durres.gov.al\/en\/wp-json\/wp\/v2\/media?parent=13355"}],"curies":[{"name":"wp","href":"https:\/\/api.w.org\/{rel}","templated":true}]}}