{"id":13388,"date":"2023-02-21T11:54:02","date_gmt":"2023-02-21T11:54:02","guid":{"rendered":"https:\/\/durres.gov.al\/?page_id=13388"},"modified":"2026-03-13T11:25:02","modified_gmt":"2026-03-13T10:25:02","slug":"qendra-komunitare-multifunksionale-nishtulla","status":"publish","type":"page","link":"https:\/\/durres.gov.al\/en\/qendra-komunitare-multifunksionale-nishtulla\/","title":{"rendered":"Multifunctional Community Center \u2013 Nishtulla"},"content":{"rendered":"<div data-elementor-type=\"wp-page\" data-elementor-id=\"13388\" class=\"elementor elementor-13388\" data-elementor-post-type=\"page\">\n\t\t\t\t<div class=\"elementor-element elementor-element-d357fe5 e-con-full e-flex e-con e-parent\" data-id=\"d357fe5\" data-element_type=\"container\" data-e-type=\"container\">\n\t\t\t\t<div class=\"elementor-element elementor-element-3e4f423 elementor-widget elementor-widget-template\" data-id=\"3e4f423\" data-element_type=\"widget\" data-e-type=\"widget\" data-widget_type=\"template.default\">\n\t\t\t\t<div class=\"elementor-widget-container\">\n\t\t\t\t\t\t\t<div class=\"elementor-template\">\n\t\t\t\t\t<div data-elementor-type=\"container\" data-elementor-id=\"25501\" class=\"elementor elementor-25501\" data-elementor-post-type=\"elementor_library\">\n\t\t\t\t<div class=\"elementor-element elementor-element-1648416 e-flex e-con-boxed e-con e-parent\" data-id=\"1648416\" data-element_type=\"container\" data-e-type=\"container\" data-settings=\"{&quot;background_background&quot;:&quot;classic&quot;}\">\n\t\t\t\t\t<div class=\"e-con-inner\">\n\t\t\t\t\t<\/div>\n\t\t\t\t<\/div>\n\t\t\t\t<\/div>\n\t\t\t\t<\/div>\n\t\t\t\t\t\t<\/div>\n\t\t\t\t<\/div>\n\t\t\t\t<\/div>\n\t\t<div class=\"elementor-element elementor-element-c489c1c e-grid e-con-boxed e-con e-parent\" data-id=\"c489c1c\" data-element_type=\"container\" data-e-type=\"container\">\n\t\t\t\t\t<div class=\"e-con-inner\">\n\t\t\t\t<div class=\"elementor-element elementor-element-719ba8b elementor-widget elementor-widget-text-editor\" data-id=\"719ba8b\" data-element_type=\"widget\" data-e-type=\"widget\" data-widget_type=\"text-editor.default\">\n\t\t\t\t<div class=\"elementor-widget-container\">\n\t\t\t\t\t\t\t\t\t<p>The Multifunctional Community Center \u2013 Nishtulla is a new center that opened its doors to groups in need in November 2013, in the Nishtulla-Durres area.<br \/>Built with the vision of being a model for providing essential services to the community, this center aims to improve the access of the Roma and Egyptian community to social services through civil registration, community policing, inclusion in professional courses, and the establishment and strengthening of networks of Roma mediators in the fields of health, education, and child protection.<\/p><p>Thanks to local government-donor cooperation, this center is an investment made with the support of the United Nations Program - Strengthening Local Communities in Need (UNFCCC), which is implemented by UNICEF, UNDP, UNFPA, UNV, in partnership with the Municipality of Durr\u00ebs.<\/p><p><strong>What is your goal?<\/strong><br \/>This center aims to improve the quality of life of groups in need, through the empowerment of the community as a whole and its integration into the life of the city, by offering various services and creating the opportunity for more interaction between residents and institutions.<\/p><p><strong>The services offered by this center:<\/strong><\/p><ul><li>Health services included (pediatric service and child consultation, injections and general pathology services);<\/li><li>psychosocial service (children, youth, women and the elderly);<\/li><li>services based on the development and integration of marginalized communities, including information, mediation and advocacy for various professional training;<\/li><li>Empowering young people and their participation in political and decision-making processes;<\/li><li>Strengthening cooperation with local\/national institutions and various NGOs between institutions and the community;<\/li><li>Providing opportunities for recreational activities;<\/li><li>Undertaking various awareness and sensitization campaigns on human rights and community mobilization;<\/li><li>Advocacy, lobbying and mediation for various community problems;<\/li><\/ul><p><strong>Beneficiaries:<\/strong><\/p><p>\u2022\u00a0\u00a0\u00a0 Young people who need to integrate and who have a desire to be active and bring positive change to their community.<br \/>\u2022\u00a0\u00a0\u00a0 Children with various social and health problems;<br \/>\u2022\u00a0\u00a0\u00a0 New mothers and women in general who need health services and psychosocial support.<br \/>\u2022\u00a0\u00a0\u00a0 The Roma and Egyptian community of the Nishtulla area as a whole.<\/p><p><strong>Contacts<\/strong>:<\/p><p>Community Center Address:<br \/>Neighborhood No.15<br \/>\"Isuf Ferra\" Street (before the Shen Vlash overpass, on the Durres-Tirana highway)<br \/>Contact No.:<br \/>Administrator 00355 69 24 88 208<br \/>Psychosocial Services Specialist 00355 68 52 66 530<\/p><p><strong>Activities During the Period January-May 2014:<\/strong><\/p><p>A series of activities have been organized at the community center in collaboration with other partners, mainly NGOs.<\/p><ul><li>\u00a0The start of the English course for young people from the Roma community, offered free of charge by CSD and Peace Corps volunteers (The course is weekly and takes place once a week)<\/li><li>Providing medical visits and distributing free medications to the Roma community, by Mexican and American doctors, made possible by collaboration with the ADRA Albania organization.<\/li><li>Awareness activities for healthy nutrition and oral health by Slovenian doctors, also made possible by Adra Albania.<\/li><li>Periodic meetings with the group of young people in the community on the problems that concern them such as: unemployment, lack of a professional course, illiteracy and inclusion in the social life of the city.<\/li><\/ul>\t\t\t\t\t\t\t\t<\/div>\n\t\t\t\t<\/div>\n\t\t\t\t<div class=\"elementor-element elementor-element-74adeca elementor-widget elementor-widget-gallery\" data-id=\"74adeca\" data-element_type=\"widget\" data-e-type=\"widget\" data-settings=\"{&quot;columns&quot;:1,&quot;lazyload&quot;:&quot;yes&quot;,&quot;gallery_layout&quot;:&quot;grid&quot;,&quot;columns_tablet&quot;:2,&quot;columns_mobile&quot;:1,&quot;gap&quot;:{&quot;unit&quot;:&quot;px&quot;,&quot;size&quot;:10,&quot;sizes&quot;:[]},&quot;gap_laptop&quot;:{&quot;unit&quot;:&quot;px&quot;,&quot;size&quot;:10,&quot;sizes&quot;:[]},&quot;gap_tablet&quot;:{&quot;unit&quot;:&quot;px&quot;,&quot;size&quot;:10,&quot;sizes&quot;:[]},&quot;gap_mobile&quot;:{&quot;unit&quot;:&quot;px&quot;,&quot;size&quot;:10,&quot;sizes&quot;:[]},&quot;link_to&quot;:&quot;file&quot;,&quot;aspect_ratio&quot;:&quot;3:2&quot;,&quot;overlay_background&quot;:&quot;yes&quot;,&quot;content_hover_animation&quot;:&quot;fade-in&quot;}\" data-widget_type=\"gallery.default\">\n\t\t\t\t<div class=\"elementor-widget-container\">\n\t\t\t\t\t\t\t<div class=\"elementor-gallery__container\">\n\t\t\t\t\t\t\t<a class=\"e-gallery-item elementor-gallery-item elementor-animated-content\" href=\"https:\/\/durres.gov.al\/wp-content\/uploads\/2023\/02\/6.jpg\" data-elementor-open-lightbox=\"yes\" data-elementor-lightbox-slideshow=\"74adeca\" data-elementor-lightbox-title=\"6\" data-e-action-hash=\"#elementor-action%3Aaction%3Dlightbox%26settings%3DeyJpZCI6MTMzOTQsInVybCI6Imh0dHBzOlwvXC9kdXJyZXMuZ292LmFsXC93cC1jb250ZW50XC91cGxvYWRzXC8yMDIzXC8wMlwvNi5qcGciLCJzbGlkZXNob3ciOiI3NGFkZWNhIn0%3D\">\n\t\t\t\t\t<div class=\"e-gallery-image elementor-gallery-item__image\" data-thumbnail=\"https:\/\/durres.gov.al\/wp-content\/uploads\/2023\/02\/6-300x200.jpg\" data-width=\"300\" data-height=\"200\" aria-label=\"\" role=\"img\" ><\/div>\n\t\t\t\t\t\t\t\t\t\t\t<div class=\"elementor-gallery-item__overlay\"><\/div>\n\t\t\t\t\t\t\t\t\t\t\t\t\t\t<\/a>\n\t\t\t\t\t\t\t<a class=\"e-gallery-item elementor-gallery-item elementor-animated-content\" href=\"https:\/\/durres.gov.al\/wp-content\/uploads\/2023\/02\/3.jpg\" data-elementor-open-lightbox=\"yes\" data-elementor-lightbox-slideshow=\"74adeca\" data-elementor-lightbox-title=\"3\" data-e-action-hash=\"#elementor-action%3Aaction%3Dlightbox%26settings%3DeyJpZCI6MTMzOTMsInVybCI6Imh0dHBzOlwvXC9kdXJyZXMuZ292LmFsXC93cC1jb250ZW50XC91cGxvYWRzXC8yMDIzXC8wMlwvMy5qcGciLCJzbGlkZXNob3ciOiI3NGFkZWNhIn0%3D\">\n\t\t\t\t\t<div class=\"e-gallery-image elementor-gallery-item__image\" data-thumbnail=\"https:\/\/durres.gov.al\/wp-content\/uploads\/2023\/02\/3-300x200.jpg\" data-width=\"300\" data-height=\"200\" aria-label=\"\" role=\"img\" ><\/div>\n\t\t\t\t\t\t\t\t\t\t\t<div class=\"elementor-gallery-item__overlay\"><\/div>\n\t\t\t\t\t\t\t\t\t\t\t\t\t\t<\/a>\n\t\t\t\t\t\t\t<a class=\"e-gallery-item elementor-gallery-item elementor-animated-content\" href=\"https:\/\/durres.gov.al\/wp-content\/uploads\/2023\/02\/1.jpg\" data-elementor-open-lightbox=\"yes\" data-elementor-lightbox-slideshow=\"74adeca\" data-elementor-lightbox-title=\"1\" data-e-action-hash=\"#elementor-action%3Aaction%3Dlightbox%26settings%3DeyJpZCI6MTMzOTEsInVybCI6Imh0dHBzOlwvXC9kdXJyZXMuZ292LmFsXC93cC1jb250ZW50XC91cGxvYWRzXC8yMDIzXC8wMlwvMS5qcGciLCJzbGlkZXNob3ciOiI3NGFkZWNhIn0%3D\">\n\t\t\t\t\t<div class=\"e-gallery-image elementor-gallery-item__image\" data-thumbnail=\"https:\/\/durres.gov.al\/wp-content\/uploads\/2023\/02\/1-300x200.jpg\" data-width=\"300\" data-height=\"200\" aria-label=\"\" role=\"img\" ><\/div>\n\t\t\t\t\t\t\t\t\t\t\t<div class=\"elementor-gallery-item__overlay\"><\/div>\n\t\t\t\t\t\t\t\t\t\t\t\t\t\t<\/a>\n\t\t\t\t\t\t\t<a class=\"e-gallery-item elementor-gallery-item elementor-animated-content\" href=\"https:\/\/durres.gov.al\/wp-content\/uploads\/2023\/02\/7.jpg\" data-elementor-open-lightbox=\"yes\" data-elementor-lightbox-slideshow=\"74adeca\" data-elementor-lightbox-title=\"7\" data-e-action-hash=\"#elementor-action%3Aaction%3Dlightbox%26settings%3DeyJpZCI6MTMzOTUsInVybCI6Imh0dHBzOlwvXC9kdXJyZXMuZ292LmFsXC93cC1jb250ZW50XC91cGxvYWRzXC8yMDIzXC8wMlwvNy5qcGciLCJzbGlkZXNob3ciOiI3NGFkZWNhIn0%3D\">\n\t\t\t\t\t<div class=\"e-gallery-image elementor-gallery-item__image\" data-thumbnail=\"https:\/\/durres.gov.al\/wp-content\/uploads\/2023\/02\/7-300x200.jpg\" data-width=\"300\" data-height=\"200\" aria-label=\"\" role=\"img\" ><\/div>\n\t\t\t\t\t\t\t\t\t\t\t<div class=\"elementor-gallery-item__overlay\"><\/div>\n\t\t\t\t\t\t\t\t\t\t\t\t\t\t<\/a>\n\t\t\t\t\t<\/div>\n\t\t\t\t\t<\/div>\n\t\t\t\t<\/div>\n\t\t\t\t\t<\/div>\n\t\t\t\t<\/div>\n\t\t\t\t<\/div>","protected":false},"excerpt":{"rendered":"<p>Q\u00ebndra Komunitare Multifunksionale \u2013 Nishtulla, \u00ebsht\u00eb nj\u00eb q\u00ebnd\u00ebr e re, e cila ka hapur dyert e saj per grupet ne nevoj\u00eb, n\u00eb N\u00ebntor te vitit 2013, ne zon\u00ebn e Nish tulles-Durres.E nd\u00ebrtuar me vizionin, p\u00ebr t\u00eb q\u00ebn\u00eb nj\u00eb model i sigurimit t\u00eb sh\u00ebrbimeve t\u00eb domosdoshme p\u00ebr komunitetin, kjo q\u00ebnd\u00ebr ka si q\u00ebllim t\u00eb p\u00ebrmir\u00ebsoj\u00eb aksesin [&hellip;]<\/p>\n","protected":false},"author":4,"featured_media":0,"parent":0,"menu_order":0,"comment_status":"closed","ping_status":"closed","template":"","meta":{"_acf_changed":false,"footnotes":""},"class_list":["post-13388","page","type-page","status-publish","hentry"],"acf":[],"yoast_head":"<!-- This site is optimized with the Yoast SEO plugin v27.4 - https:\/\/yoast.com\/product\/yoast-seo-wordpress\/ -->\n<title>Qendra Komunitare Multifunksionale - Nishtulla - Bashkia Durr\u00ebs<\/title>\n<meta name=\"robots\" content=\"index, follow, max-snippet:-1, max-image-preview:large, max-video-preview:-1\" \/>\n<link rel=\"canonical\" href=\"https:\/\/durres.gov.al\/en\/qendra-komunitare-multifunksionale-nishtulla\/\" \/>\n<meta property=\"og:locale\" content=\"en_US\" \/>\n<meta property=\"og:type\" content=\"article\" \/>\n<meta property=\"og:title\" content=\"Qendra Komunitare Multifunksionale - Nishtulla - Bashkia Durr\u00ebs\" \/>\n<meta property=\"og:description\" content=\"Q\u00ebndra Komunitare Multifunksionale \u2013 Nishtulla, \u00ebsht\u00eb nj\u00eb q\u00ebnd\u00ebr e re, e cila ka hapur dyert e saj per grupet ne nevoj\u00eb, n\u00eb N\u00ebntor te vitit 2013, ne zon\u00ebn e Nish tulles-Durres.E nd\u00ebrtuar me vizionin, p\u00ebr t\u00eb q\u00ebn\u00eb nj\u00eb model i sigurimit t\u00eb sh\u00ebrbimeve t\u00eb domosdoshme p\u00ebr komunitetin, kjo q\u00ebnd\u00ebr ka si q\u00ebllim t\u00eb p\u00ebrmir\u00ebsoj\u00eb aksesin [&hellip;]\" \/>\n<meta property=\"og:url\" content=\"https:\/\/durres.gov.al\/en\/qendra-komunitare-multifunksionale-nishtulla\/\" \/>\n<meta property=\"og:site_name\" content=\"Bashkia Durr\u00ebs\" \/>\n<meta property=\"article:modified_time\" content=\"2026-03-13T10:25:02+00:00\" \/>\n<meta name=\"twitter:card\" content=\"summary_large_image\" \/>\n<meta name=\"twitter:label1\" content=\"Est. reading time\" \/>\n\t<meta name=\"twitter:data1\" content=\"3 minutes\" \/>\n<script type=\"application\/ld+json\" class=\"yoast-schema-graph\">{\"@context\":\"https:\\\/\\\/schema.org\",\"@graph\":[{\"@type\":\"WebPage\",\"@id\":\"https:\\\/\\\/durres.gov.al\\\/en\\\/qendra-komunitare-multifunksionale-nishtulla\\\/\",\"url\":\"https:\\\/\\\/durres.gov.al\\\/en\\\/qendra-komunitare-multifunksionale-nishtulla\\\/\",\"name\":\"Qendra Komunitare Multifunksionale - Nishtulla - Bashkia Durr\u00ebs\",\"isPartOf\":{\"@id\":\"https:\\\/\\\/durres.gov.al\\\/en\\\/#website\"},\"datePublished\":\"2023-02-21T11:54:02+00:00\",\"dateModified\":\"2026-03-13T10:25:02+00:00\",\"breadcrumb\":{\"@id\":\"https:\\\/\\\/durres.gov.al\\\/en\\\/qendra-komunitare-multifunksionale-nishtulla\\\/#breadcrumb\"},\"inLanguage\":\"en-US\",\"potentialAction\":[{\"@type\":\"ReadAction\",\"target\":[\"https:\\\/\\\/durres.gov.al\\\/en\\\/qendra-komunitare-multifunksionale-nishtulla\\\/\"]}]},{\"@type\":\"BreadcrumbList\",\"@id\":\"https:\\\/\\\/durres.gov.al\\\/en\\\/qendra-komunitare-multifunksionale-nishtulla\\\/#breadcrumb\",\"itemListElement\":[{\"@type\":\"ListItem\",\"position\":1,\"name\":\"Home\",\"item\":\"https:\\\/\\\/durres.gov.al\\\/\"},{\"@type\":\"ListItem\",\"position\":2,\"name\":\"Qendra Komunitare Multifunksionale &#8211; Nishtulla\"}]},{\"@type\":\"WebSite\",\"@id\":\"https:\\\/\\\/durres.gov.al\\\/en\\\/#website\",\"url\":\"https:\\\/\\\/durres.gov.al\\\/en\\\/\",\"name\":\"Bashkia Durr\u00ebs\",\"description\":\"Faqja Zyrtare n\u00eb Internet\",\"publisher\":{\"@id\":\"https:\\\/\\\/durres.gov.al\\\/en\\\/#organization\"},\"potentialAction\":[{\"@type\":\"SearchAction\",\"target\":{\"@type\":\"EntryPoint\",\"urlTemplate\":\"https:\\\/\\\/durres.gov.al\\\/en\\\/?s={search_term_string}\"},\"query-input\":{\"@type\":\"PropertyValueSpecification\",\"valueRequired\":true,\"valueName\":\"search_term_string\"}}],\"inLanguage\":\"en-US\"},{\"@type\":\"Organization\",\"@id\":\"https:\\\/\\\/durres.gov.al\\\/en\\\/#organization\",\"name\":\"Bashkia Durr\u00ebs\",\"url\":\"https:\\\/\\\/durres.gov.al\\\/en\\\/\",\"logo\":{\"@type\":\"ImageObject\",\"inLanguage\":\"en-US\",\"@id\":\"https:\\\/\\\/durres.gov.al\\\/en\\\/#\\\/schema\\\/logo\\\/image\\\/\",\"url\":\"https:\\\/\\\/durres.gov.al\\\/wp-content\\\/uploads\\\/2023\\\/01\\\/cropped-logo.png\",\"contentUrl\":\"https:\\\/\\\/durres.gov.al\\\/wp-content\\\/uploads\\\/2023\\\/01\\\/cropped-logo.png\",\"width\":512,\"height\":512,\"caption\":\"Bashkia Durr\u00ebs\"},\"image\":{\"@id\":\"https:\\\/\\\/durres.gov.al\\\/en\\\/#\\\/schema\\\/logo\\\/image\\\/\"}}]}<\/script>\n<!-- \/ Yoast SEO plugin. -->","yoast_head_json":{"title":"Qendra Komunitare Multifunksionale - Nishtulla - Bashkia Durr\u00ebs","robots":{"index":"index","follow":"follow","max-snippet":"max-snippet:-1","max-image-preview":"max-image-preview:large","max-video-preview":"max-video-preview:-1"},"canonical":"https:\/\/durres.gov.al\/en\/qendra-komunitare-multifunksionale-nishtulla\/","og_locale":"en_US","og_type":"article","og_title":"Qendra Komunitare Multifunksionale - Nishtulla - Bashkia Durr\u00ebs","og_description":"Q\u00ebndra Komunitare Multifunksionale \u2013 Nishtulla, \u00ebsht\u00eb nj\u00eb q\u00ebnd\u00ebr e re, e cila ka hapur dyert e saj per grupet ne nevoj\u00eb, n\u00eb N\u00ebntor te vitit 2013, ne zon\u00ebn e Nish tulles-Durres.E nd\u00ebrtuar me vizionin, p\u00ebr t\u00eb q\u00ebn\u00eb nj\u00eb model i sigurimit t\u00eb sh\u00ebrbimeve t\u00eb domosdoshme p\u00ebr komunitetin, kjo q\u00ebnd\u00ebr ka si q\u00ebllim t\u00eb p\u00ebrmir\u00ebsoj\u00eb aksesin [&hellip;]","og_url":"https:\/\/durres.gov.al\/en\/qendra-komunitare-multifunksionale-nishtulla\/","og_site_name":"Bashkia Durr\u00ebs","article_modified_time":"2026-03-13T10:25:02+00:00","twitter_card":"summary_large_image","twitter_misc":{"Est. reading time":"3 minutes"},"schema":{"@context":"https:\/\/schema.org","@graph":[{"@type":"WebPage","@id":"https:\/\/durres.gov.al\/en\/qendra-komunitare-multifunksionale-nishtulla\/","url":"https:\/\/durres.gov.al\/en\/qendra-komunitare-multifunksionale-nishtulla\/","name":"Qendra Komunitare Multifunksionale - Nishtulla - Bashkia Durr\u00ebs","isPartOf":{"@id":"https:\/\/durres.gov.al\/en\/#website"},"datePublished":"2023-02-21T11:54:02+00:00","dateModified":"2026-03-13T10:25:02+00:00","breadcrumb":{"@id":"https:\/\/durres.gov.al\/en\/qendra-komunitare-multifunksionale-nishtulla\/#breadcrumb"},"inLanguage":"en-US","potentialAction":[{"@type":"ReadAction","target":["https:\/\/durres.gov.al\/en\/qendra-komunitare-multifunksionale-nishtulla\/"]}]},{"@type":"BreadcrumbList","@id":"https:\/\/durres.gov.al\/en\/qendra-komunitare-multifunksionale-nishtulla\/#breadcrumb","itemListElement":[{"@type":"ListItem","position":1,"name":"Home","item":"https:\/\/durres.gov.al\/"},{"@type":"ListItem","position":2,"name":"Qendra Komunitare Multifunksionale &#8211; Nishtulla"}]},{"@type":"WebSite","@id":"https:\/\/durres.gov.al\/en\/#website","url":"https:\/\/durres.gov.al\/en\/","name":"Municipality of Durr\u00ebs","description":"Faqja Zyrtare n\u00eb Internet","publisher":{"@id":"https:\/\/durres.gov.al\/en\/#organization"},"potentialAction":[{"@type":"SearchAction","target":{"@type":"EntryPoint","urlTemplate":"https:\/\/durres.gov.al\/en\/?s={search_term_string}"},"query-input":{"@type":"PropertyValueSpecification","valueRequired":true,"valueName":"search_term_string"}}],"inLanguage":"en-US"},{"@type":"Organization","@id":"https:\/\/durres.gov.al\/en\/#organization","name":"Municipality of Durr\u00ebs","url":"https:\/\/durres.gov.al\/en\/","logo":{"@type":"ImageObject","inLanguage":"en-US","@id":"https:\/\/durres.gov.al\/en\/#\/schema\/logo\/image\/","url":"https:\/\/durres.gov.al\/wp-content\/uploads\/2023\/01\/cropped-logo.png","contentUrl":"https:\/\/durres.gov.al\/wp-content\/uploads\/2023\/01\/cropped-logo.png","width":512,"height":512,"caption":"Bashkia Durr\u00ebs"},"image":{"@id":"https:\/\/durres.gov.al\/en\/#\/schema\/logo\/image\/"}}]}},"_links":{"self":[{"href":"https:\/\/durres.gov.al\/en\/wp-json\/wp\/v2\/pages\/13388","targetHints":{"allow":["GET"]}}],"collection":[{"href":"https:\/\/durres.gov.al\/en\/wp-json\/wp\/v2\/pages"}],"about":[{"href":"https:\/\/durres.gov.al\/en\/wp-json\/wp\/v2\/types\/page"}],"author":[{"embeddable":true,"href":"https:\/\/durres.gov.al\/en\/wp-json\/wp\/v2\/users\/4"}],"replies":[{"embeddable":true,"href":"https:\/\/durres.gov.al\/en\/wp-json\/wp\/v2\/comments?post=13388"}],"version-history":[{"count":3,"href":"https:\/\/durres.gov.al\/en\/wp-json\/wp\/v2\/pages\/13388\/revisions"}],"predecessor-version":[{"id":28087,"href":"https:\/\/durres.gov.al\/en\/wp-json\/wp\/v2\/pages\/13388\/revisions\/28087"}],"wp:attachment":[{"href":"https:\/\/durres.gov.al\/en\/wp-json\/wp\/v2\/media?parent=13388"}],"curies":[{"name":"wp","href":"https:\/\/api.w.org\/{rel}","templated":true}]}}