{"id":13437,"date":"2023-02-21T12:23:50","date_gmt":"2023-02-21T12:23:50","guid":{"rendered":"https:\/\/durres.gov.al\/?page_id=13437"},"modified":"2026-03-24T15:14:59","modified_gmt":"2026-03-24T14:14:59","slug":"mjedisi","status":"publish","type":"page","link":"https:\/\/durres.gov.al\/en\/mjedisi\/","title":{"rendered":"Environment"},"content":{"rendered":"<div data-elementor-type=\"wp-page\" data-elementor-id=\"13437\" class=\"elementor elementor-13437\" data-elementor-post-type=\"page\">\n\t\t\t\t<div class=\"elementor-element elementor-element-6524d4e e-con-full e-flex e-con e-parent\" data-id=\"6524d4e\" data-element_type=\"container\" data-e-type=\"container\">\n\t\t\t\t<div class=\"elementor-element elementor-element-7948feb elementor-widget elementor-widget-template\" data-id=\"7948feb\" data-element_type=\"widget\" data-e-type=\"widget\" data-widget_type=\"template.default\">\n\t\t\t\t<div class=\"elementor-widget-container\">\n\t\t\t\t\t\t\t<div class=\"elementor-template\">\n\t\t\t\t\t<div data-elementor-type=\"container\" data-elementor-id=\"25501\" class=\"elementor elementor-25501\" data-elementor-post-type=\"elementor_library\">\n\t\t\t\t<div class=\"elementor-element elementor-element-1648416 e-flex e-con-boxed e-con e-parent\" data-id=\"1648416\" data-element_type=\"container\" data-e-type=\"container\" data-settings=\"{&quot;background_background&quot;:&quot;classic&quot;}\">\n\t\t\t\t\t<div class=\"e-con-inner\">\n\t\t\t\t\t<\/div>\n\t\t\t\t<\/div>\n\t\t\t\t<\/div>\n\t\t\t\t<\/div>\n\t\t\t\t\t\t<\/div>\n\t\t\t\t<\/div>\n\t\t\t\t<\/div>\n\t\t<div class=\"elementor-element elementor-element-bae8f57 e-flex e-con-boxed e-con e-parent\" data-id=\"bae8f57\" data-element_type=\"container\" data-e-type=\"container\">\n\t\t\t\t\t<div class=\"e-con-inner\">\n\t\t<div class=\"elementor-element elementor-element-748a73c e-con-full e-flex e-con e-child\" data-id=\"748a73c\" data-element_type=\"container\" data-e-type=\"container\">\n\t\t\t\t<div class=\"elementor-element elementor-element-1711067 elementor-widget elementor-widget-heading\" data-id=\"1711067\" data-element_type=\"widget\" data-e-type=\"widget\" data-widget_type=\"heading.default\">\n\t\t\t\t<div class=\"elementor-widget-container\">\n\t\t\t\t\t<h2 class=\"elementor-heading-title elementor-size-default\">MUNICIPAL SERVICES ENTERPRISE, ANNUAL ANALYSIS OF WORK FOR THE YEAR 2013<\/h2>\t\t\t\t<\/div>\n\t\t\t\t<\/div>\n\t\t\t\t<div class=\"elementor-element elementor-element-dc9ec63 elementor-widget elementor-widget-text-editor\" data-id=\"dc9ec63\" data-element_type=\"widget\" data-e-type=\"widget\" data-widget_type=\"text-editor.default\">\n\t\t\t\t<div class=\"elementor-widget-container\">\n\t\t\t\t\t\t\t\t\t<p class=\"tck-article-title\">The main objective of the Durres Municipal Services Enterprise and the priorities set for 2013 have been to increase the performance of the public services in which this enterprise operates. After analyzing the work carried out in each sector, the achievements and shortcomings observed during 2013 are discussed below.<\/p>\t\t\t\t\t\t\t\t<\/div>\n\t\t\t\t<\/div>\n\t\t\t\t<div class=\"elementor-element elementor-element-dd0fc86 elementor-widget elementor-widget-image\" data-id=\"dd0fc86\" data-element_type=\"widget\" data-e-type=\"widget\" data-widget_type=\"image.default\">\n\t\t\t\t<div class=\"elementor-widget-container\">\n\t\t\t\t\t\t\t\t\t\t\t\t\t\t\t<img decoding=\"async\" src=\"https:\/\/durres.gov.al\/wp-content\/uploads\/2023\/04\/MG_0368-1200x800.jpg\" title=\"_MG_0368\" alt=\"_MG_0368\" loading=\"lazy\" \/>\t\t\t\t\t\t\t\t\t\t\t\t\t\t\t<\/div>\n\t\t\t\t<\/div>\n\t\t\t\t<div class=\"elementor-element elementor-element-86ac5ca elementor-widget elementor-widget-heading\" data-id=\"86ac5ca\" data-element_type=\"widget\" data-e-type=\"widget\" data-widget_type=\"heading.default\">\n\t\t\t\t<div class=\"elementor-widget-container\">\n\t\t\t\t\t<h2 class=\"elementor-heading-title elementor-size-default\">LOCAL WASTE MANAGEMENT PLAN FOR THE MUNICIPALITY OF DURRES<\/h2>\t\t\t\t<\/div>\n\t\t\t\t<\/div>\n\t\t\t\t<div class=\"elementor-element elementor-element-a08b65c elementor-widget elementor-widget-text-editor\" data-id=\"a08b65c\" data-element_type=\"widget\" data-e-type=\"widget\" data-widget_type=\"text-editor.default\">\n\t\t\t\t<div class=\"elementor-widget-container\">\n\t\t\t\t\t\t\t\t\t<p>Durr\u00ebs is the second largest city in the country with a population of 200,000 inhabitants, the main port and one of the most popular tourist destinations (maritime and cultural tourism). Population growth (doubling since 1992), economic growth, improving living standards, and the development of tourism have increased the rate of consumption and consequently the rate of waste generation and its volume. The city collects and transports waste through its two municipal enterprises. The city deposits its waste in the only landfill in Porto Romano (which is a landfill by standards), which was opened in the early 1990s and is expected to have a lifespan of 25 years (2015). The costs of waste management (cleaning, collection, transport and disposal) are covered by the municipal budget.<\/p><p>Addressing and resolving the issue of solid waste management in an affordable, sustainable and environmentally sound manner is a priority for Durr\u00ebs. For this reason, Durr\u00ebs has decided to take the first steps towards improving its waste management services by preparing a Local Waste Management Plan. To this end, the Municipality of Durr\u00ebs has been supported by the IFC* team (see Note at the end of this section) to prepare its LWMP. The IFC team of consultants conducted observations of waste management operations in Durr\u00ebs by visiting waste collection points and disposal sites, examining the equipment used, and interviewing citizens and relevant stakeholders.<\/p><p>During the preparation of the PLMM, the Municipality of Durr\u00ebs (relevant Directorates of the municipality and Municipal Services Enterprises) has contributed by providing data, organizing several meetings and a round table (February 16, 2010), with relevant stakeholders (public institutions, business community, civil society, municipality representatives) to achieve a common vision, goals and objectives for waste management services for a 15-year period (2010-2025).<\/p><p>The objective of this PLMM is only the Municipality of Durr\u00ebs and this PLMM analyzes the current situation of urban waste management in the city (organization, administration, regulations, finances, operation and management), identifies issues and gaps, assesses strengths and weaknesses, proposes recommendations for improvements and defines new visions, goals and objectives (short-term, medium-term and long-term) and has drafted an Action Plan defining the timelines, costs, responsible authorities as well as the respective success indicators for monitoring purposes. This PLMM does not address the strategy of Durr\u00ebs for the management of non-urban waste, including hazardous waste, construction waste and port waste. This area of \u200b\u200bwaste management should be addressed in the strategies and plans of the units responsible for these waste streams and should be attached as Annexes to the PLMM in future updates.<\/p>\t\t\t\t\t\t\t\t<\/div>\n\t\t\t\t<\/div>\n\t\t<a class=\"elementor-element elementor-element-1445a68 e-con-full e-flex e-con e-child\" data-id=\"1445a68\" data-element_type=\"container\" data-e-type=\"container\" href=\"https:\/\/durres.gov.al\/en\/pdf\/nshkd2013.pdf\/\">\n\t\t\t\t<div class=\"elementor-element elementor-element-7d37131 elementor-position-inline-start elementor-mobile-position-inline-start elementor-view-default elementor-widget elementor-widget-icon-box\" data-id=\"7d37131\" data-element_type=\"widget\" data-e-type=\"widget\" data-widget_type=\"icon-box.default\">\n\t\t\t\t<div class=\"elementor-widget-container\">\n\t\t\t\t\t\t\t<div class=\"elementor-icon-box-wrapper\">\n\n\t\t\t\t\t\t<div class=\"elementor-icon-box-icon\">\n\t\t\t\t<span  class=\"elementor-icon\">\n\t\t\t\t<i aria-hidden=\"true\" class=\"fas fa-file-pdf\"><\/i>\t\t\t\t<\/span>\n\t\t\t<\/div>\n\t\t\t\n\t\t\t\t\t\t<div class=\"elementor-icon-box-content\">\n\n\t\t\t\t\n\t\t\t\t\t\t\t\t\t<p class=\"elementor-icon-box-description\">\n\t\t\t\t\t\tDownload the full material (Communal Services Enterprise, annual performance analysis for 2013)\t\t\t\t\t<\/p>\n\t\t\t\t\n\t\t\t<\/div>\n\t\t\t\n\t\t<\/div>\n\t\t\t\t\t\t<\/div>\n\t\t\t\t<\/div>\n\t\t\t\t<\/a>\n\t\t<a class=\"elementor-element elementor-element-06bd421 e-con-full e-flex e-con e-child\" data-id=\"06bd421\" data-element_type=\"container\" data-e-type=\"container\" href=\"https:\/\/durres.gov.al\/en\/pdf\/BASHKIADURRES.pdf\/\">\n\t\t\t\t<div class=\"elementor-element elementor-element-c7d13a9 elementor-position-inline-start elementor-mobile-position-inline-start elementor-view-default elementor-widget elementor-widget-icon-box\" data-id=\"c7d13a9\" data-element_type=\"widget\" data-e-type=\"widget\" data-widget_type=\"icon-box.default\">\n\t\t\t\t<div class=\"elementor-widget-container\">\n\t\t\t\t\t\t\t<div class=\"elementor-icon-box-wrapper\">\n\n\t\t\t\t\t\t<div class=\"elementor-icon-box-icon\">\n\t\t\t\t<span  class=\"elementor-icon\">\n\t\t\t\t<i aria-hidden=\"true\" class=\"fas fa-file-pdf\"><\/i>\t\t\t\t<\/span>\n\t\t\t<\/div>\n\t\t\t\n\t\t\t\t\t\t<div class=\"elementor-icon-box-content\">\n\n\t\t\t\t\n\t\t\t\t\t\t\t\t\t<p class=\"elementor-icon-box-description\">\n\t\t\t\t\t\tDownload the full material (Local waste management plan for the municipality of Durr\u00ebs)\t\t\t\t\t<\/p>\n\t\t\t\t\n\t\t\t<\/div>\n\t\t\t\n\t\t<\/div>\n\t\t\t\t\t\t<\/div>\n\t\t\t\t<\/div>\n\t\t\t\t<\/a>\n\t\t\t\t<\/div>\n\t\t\t\t\t<\/div>\n\t\t\t\t<\/div>\n\t\t\t\t<\/div>","protected":false},"excerpt":{"rendered":"<p>ND\u00cbRMARRJA SH\u00cbRBIMEVE KOMUNALE, ANALIZA VJETORE E PUN\u00cbS P\u00cbR VITIN 2013 Objektivi kryesor i Ndermarrjes Sherbimeve Komunale Durres dhe prioritetet e vendosura per vitin 2013 ka qene rritja e performances se sherbimeve publike ne te cilat kjo ndermarrje operon. Mbasi analizuam punen e kryer ne cdo sektor me poshte trajtohen arritjet dhe mangesite e verejtura gjate [&hellip;]<\/p>\n","protected":false},"author":4,"featured_media":0,"parent":0,"menu_order":0,"comment_status":"closed","ping_status":"closed","template":"","meta":{"_acf_changed":false,"footnotes":""},"class_list":["post-13437","page","type-page","status-publish","hentry"],"acf":[],"yoast_head":"<!-- This site is optimized with the Yoast SEO plugin v27.4 - https:\/\/yoast.com\/product\/yoast-seo-wordpress\/ -->\n<title>Mjedisi - Bashkia Durr\u00ebs<\/title>\n<meta name=\"robots\" content=\"index, follow, max-snippet:-1, max-image-preview:large, max-video-preview:-1\" \/>\n<link rel=\"canonical\" href=\"https:\/\/durres.gov.al\/en\/mjedisi\/\" \/>\n<meta property=\"og:locale\" content=\"en_US\" \/>\n<meta property=\"og:type\" content=\"article\" \/>\n<meta property=\"og:title\" content=\"Mjedisi - Bashkia Durr\u00ebs\" \/>\n<meta property=\"og:description\" content=\"ND\u00cbRMARRJA SH\u00cbRBIMEVE KOMUNALE, ANALIZA VJETORE E PUN\u00cbS P\u00cbR VITIN 2013 Objektivi kryesor i Ndermarrjes Sherbimeve Komunale Durres dhe prioritetet e vendosura per vitin 2013 ka qene rritja e performances se sherbimeve publike ne te cilat kjo ndermarrje operon. Mbasi analizuam punen e kryer ne cdo sektor me poshte trajtohen arritjet dhe mangesite e verejtura gjate [&hellip;]\" \/>\n<meta property=\"og:url\" content=\"https:\/\/durres.gov.al\/en\/mjedisi\/\" \/>\n<meta property=\"og:site_name\" content=\"Bashkia Durr\u00ebs\" \/>\n<meta property=\"article:modified_time\" content=\"2026-03-24T14:14:59+00:00\" \/>\n<meta property=\"og:image\" content=\"https:\/\/durres.gov.al\/wp-content\/uploads\/2023\/04\/MG_0368-1200x800.jpg\" \/>\n<meta name=\"twitter:card\" content=\"summary_large_image\" \/>\n<meta name=\"twitter:label1\" content=\"Est. reading time\" \/>\n\t<meta name=\"twitter:data1\" content=\"3 minutes\" \/>\n<script type=\"application\/ld+json\" class=\"yoast-schema-graph\">{\"@context\":\"https:\\\/\\\/schema.org\",\"@graph\":[{\"@type\":\"WebPage\",\"@id\":\"https:\\\/\\\/durres.gov.al\\\/mjedisi\\\/\",\"url\":\"https:\\\/\\\/durres.gov.al\\\/mjedisi\\\/\",\"name\":\"Mjedisi - Bashkia Durr\u00ebs\",\"isPartOf\":{\"@id\":\"https:\\\/\\\/durres.gov.al\\\/en\\\/#website\"},\"primaryImageOfPage\":{\"@id\":\"https:\\\/\\\/durres.gov.al\\\/mjedisi\\\/#primaryimage\"},\"image\":{\"@id\":\"https:\\\/\\\/durres.gov.al\\\/mjedisi\\\/#primaryimage\"},\"thumbnailUrl\":\"https:\\\/\\\/durres.gov.al\\\/wp-content\\\/uploads\\\/2023\\\/04\\\/MG_0368-1200x800.jpg\",\"datePublished\":\"2023-02-21T12:23:50+00:00\",\"dateModified\":\"2026-03-24T14:14:59+00:00\",\"breadcrumb\":{\"@id\":\"https:\\\/\\\/durres.gov.al\\\/mjedisi\\\/#breadcrumb\"},\"inLanguage\":\"en-US\",\"potentialAction\":[{\"@type\":\"ReadAction\",\"target\":[\"https:\\\/\\\/durres.gov.al\\\/mjedisi\\\/\"]}]},{\"@type\":\"ImageObject\",\"inLanguage\":\"en-US\",\"@id\":\"https:\\\/\\\/durres.gov.al\\\/mjedisi\\\/#primaryimage\",\"url\":\"https:\\\/\\\/durres.gov.al\\\/wp-content\\\/uploads\\\/2023\\\/04\\\/MG_0368-1200x800.jpg\",\"contentUrl\":\"https:\\\/\\\/durres.gov.al\\\/wp-content\\\/uploads\\\/2023\\\/04\\\/MG_0368-1200x800.jpg\"},{\"@type\":\"BreadcrumbList\",\"@id\":\"https:\\\/\\\/durres.gov.al\\\/mjedisi\\\/#breadcrumb\",\"itemListElement\":[{\"@type\":\"ListItem\",\"position\":1,\"name\":\"Home\",\"item\":\"https:\\\/\\\/durres.gov.al\\\/\"},{\"@type\":\"ListItem\",\"position\":2,\"name\":\"Mjedisi\"}]},{\"@type\":\"WebSite\",\"@id\":\"https:\\\/\\\/durres.gov.al\\\/en\\\/#website\",\"url\":\"https:\\\/\\\/durres.gov.al\\\/en\\\/\",\"name\":\"Bashkia Durr\u00ebs\",\"description\":\"Faqja Zyrtare n\u00eb Internet\",\"publisher\":{\"@id\":\"https:\\\/\\\/durres.gov.al\\\/en\\\/#organization\"},\"potentialAction\":[{\"@type\":\"SearchAction\",\"target\":{\"@type\":\"EntryPoint\",\"urlTemplate\":\"https:\\\/\\\/durres.gov.al\\\/en\\\/?s={search_term_string}\"},\"query-input\":{\"@type\":\"PropertyValueSpecification\",\"valueRequired\":true,\"valueName\":\"search_term_string\"}}],\"inLanguage\":\"en-US\"},{\"@type\":\"Organization\",\"@id\":\"https:\\\/\\\/durres.gov.al\\\/en\\\/#organization\",\"name\":\"Bashkia Durr\u00ebs\",\"url\":\"https:\\\/\\\/durres.gov.al\\\/en\\\/\",\"logo\":{\"@type\":\"ImageObject\",\"inLanguage\":\"en-US\",\"@id\":\"https:\\\/\\\/durres.gov.al\\\/en\\\/#\\\/schema\\\/logo\\\/image\\\/\",\"url\":\"https:\\\/\\\/durres.gov.al\\\/wp-content\\\/uploads\\\/2023\\\/01\\\/cropped-logo.png\",\"contentUrl\":\"https:\\\/\\\/durres.gov.al\\\/wp-content\\\/uploads\\\/2023\\\/01\\\/cropped-logo.png\",\"width\":512,\"height\":512,\"caption\":\"Bashkia Durr\u00ebs\"},\"image\":{\"@id\":\"https:\\\/\\\/durres.gov.al\\\/en\\\/#\\\/schema\\\/logo\\\/image\\\/\"}}]}<\/script>\n<!-- \/ Yoast SEO plugin. -->","yoast_head_json":{"title":"Mjedisi - Bashkia Durr\u00ebs","robots":{"index":"index","follow":"follow","max-snippet":"max-snippet:-1","max-image-preview":"max-image-preview:large","max-video-preview":"max-video-preview:-1"},"canonical":"https:\/\/durres.gov.al\/en\/mjedisi\/","og_locale":"en_US","og_type":"article","og_title":"Mjedisi - Bashkia Durr\u00ebs","og_description":"ND\u00cbRMARRJA SH\u00cbRBIMEVE KOMUNALE, ANALIZA VJETORE E PUN\u00cbS P\u00cbR VITIN 2013 Objektivi kryesor i Ndermarrjes Sherbimeve Komunale Durres dhe prioritetet e vendosura per vitin 2013 ka qene rritja e performances se sherbimeve publike ne te cilat kjo ndermarrje operon. Mbasi analizuam punen e kryer ne cdo sektor me poshte trajtohen arritjet dhe mangesite e verejtura gjate [&hellip;]","og_url":"https:\/\/durres.gov.al\/en\/mjedisi\/","og_site_name":"Bashkia Durr\u00ebs","article_modified_time":"2026-03-24T14:14:59+00:00","og_image":[{"url":"https:\/\/durres.gov.al\/wp-content\/uploads\/2023\/04\/MG_0368-1200x800.jpg","type":"","width":"","height":""}],"twitter_card":"summary_large_image","twitter_misc":{"Est. reading time":"3 minutes"},"schema":{"@context":"https:\/\/schema.org","@graph":[{"@type":"WebPage","@id":"https:\/\/durres.gov.al\/mjedisi\/","url":"https:\/\/durres.gov.al\/mjedisi\/","name":"Mjedisi - Bashkia Durr\u00ebs","isPartOf":{"@id":"https:\/\/durres.gov.al\/en\/#website"},"primaryImageOfPage":{"@id":"https:\/\/durres.gov.al\/mjedisi\/#primaryimage"},"image":{"@id":"https:\/\/durres.gov.al\/mjedisi\/#primaryimage"},"thumbnailUrl":"https:\/\/durres.gov.al\/wp-content\/uploads\/2023\/04\/MG_0368-1200x800.jpg","datePublished":"2023-02-21T12:23:50+00:00","dateModified":"2026-03-24T14:14:59+00:00","breadcrumb":{"@id":"https:\/\/durres.gov.al\/mjedisi\/#breadcrumb"},"inLanguage":"en-US","potentialAction":[{"@type":"ReadAction","target":["https:\/\/durres.gov.al\/mjedisi\/"]}]},{"@type":"ImageObject","inLanguage":"en-US","@id":"https:\/\/durres.gov.al\/mjedisi\/#primaryimage","url":"https:\/\/durres.gov.al\/wp-content\/uploads\/2023\/04\/MG_0368-1200x800.jpg","contentUrl":"https:\/\/durres.gov.al\/wp-content\/uploads\/2023\/04\/MG_0368-1200x800.jpg"},{"@type":"BreadcrumbList","@id":"https:\/\/durres.gov.al\/mjedisi\/#breadcrumb","itemListElement":[{"@type":"ListItem","position":1,"name":"Home","item":"https:\/\/durres.gov.al\/"},{"@type":"ListItem","position":2,"name":"Mjedisi"}]},{"@type":"WebSite","@id":"https:\/\/durres.gov.al\/en\/#website","url":"https:\/\/durres.gov.al\/en\/","name":"Municipality of Durr\u00ebs","description":"Faqja Zyrtare n\u00eb Internet","publisher":{"@id":"https:\/\/durres.gov.al\/en\/#organization"},"potentialAction":[{"@type":"SearchAction","target":{"@type":"EntryPoint","urlTemplate":"https:\/\/durres.gov.al\/en\/?s={search_term_string}"},"query-input":{"@type":"PropertyValueSpecification","valueRequired":true,"valueName":"search_term_string"}}],"inLanguage":"en-US"},{"@type":"Organization","@id":"https:\/\/durres.gov.al\/en\/#organization","name":"Municipality of Durr\u00ebs","url":"https:\/\/durres.gov.al\/en\/","logo":{"@type":"ImageObject","inLanguage":"en-US","@id":"https:\/\/durres.gov.al\/en\/#\/schema\/logo\/image\/","url":"https:\/\/durres.gov.al\/wp-content\/uploads\/2023\/01\/cropped-logo.png","contentUrl":"https:\/\/durres.gov.al\/wp-content\/uploads\/2023\/01\/cropped-logo.png","width":512,"height":512,"caption":"Bashkia Durr\u00ebs"},"image":{"@id":"https:\/\/durres.gov.al\/en\/#\/schema\/logo\/image\/"}}]}},"_links":{"self":[{"href":"https:\/\/durres.gov.al\/en\/wp-json\/wp\/v2\/pages\/13437","targetHints":{"allow":["GET"]}}],"collection":[{"href":"https:\/\/durres.gov.al\/en\/wp-json\/wp\/v2\/pages"}],"about":[{"href":"https:\/\/durres.gov.al\/en\/wp-json\/wp\/v2\/types\/page"}],"author":[{"embeddable":true,"href":"https:\/\/durres.gov.al\/en\/wp-json\/wp\/v2\/users\/4"}],"replies":[{"embeddable":true,"href":"https:\/\/durres.gov.al\/en\/wp-json\/wp\/v2\/comments?post=13437"}],"version-history":[{"count":60,"href":"https:\/\/durres.gov.al\/en\/wp-json\/wp\/v2\/pages\/13437\/revisions"}],"predecessor-version":[{"id":28994,"href":"https:\/\/durres.gov.al\/en\/wp-json\/wp\/v2\/pages\/13437\/revisions\/28994"}],"wp:attachment":[{"href":"https:\/\/durres.gov.al\/en\/wp-json\/wp\/v2\/media?parent=13437"}],"curies":[{"name":"wp","href":"https:\/\/api.w.org\/{rel}","templated":true}]}}