{"id":15148,"date":"2023-02-27T15:58:35","date_gmt":"2023-02-27T15:58:35","guid":{"rendered":"https:\/\/durres.gov.al\/?page_id=15148"},"modified":"2026-04-20T09:57:38","modified_gmt":"2026-04-20T07:57:38","slug":"buxheti","status":"publish","type":"page","link":"https:\/\/durres.gov.al\/en\/buxheti\/","title":{"rendered":"Budget"},"content":{"rendered":"<div data-elementor-type=\"wp-page\" data-elementor-id=\"15148\" class=\"elementor elementor-15148\" data-elementor-post-type=\"page\">\n\t\t\t\t<div class=\"elementor-element elementor-element-cd9257f e-con-full e-flex e-con e-parent\" data-id=\"cd9257f\" data-element_type=\"container\" data-e-type=\"container\">\n\t\t\t\t<div class=\"elementor-element elementor-element-d0619e3 elementor-widget elementor-widget-template\" data-id=\"d0619e3\" data-element_type=\"widget\" data-e-type=\"widget\" data-widget_type=\"template.default\">\n\t\t\t\t<div class=\"elementor-widget-container\">\n\t\t\t\t\t\t\t<div class=\"elementor-template\">\n\t\t\t\t\t<div data-elementor-type=\"container\" data-elementor-id=\"25501\" class=\"elementor elementor-25501\" data-elementor-post-type=\"elementor_library\">\n\t\t\t\t<div class=\"elementor-element elementor-element-1648416 e-flex e-con-boxed e-con e-parent\" data-id=\"1648416\" data-element_type=\"container\" data-e-type=\"container\" data-settings=\"{&quot;background_background&quot;:&quot;classic&quot;}\">\n\t\t\t\t\t<div class=\"e-con-inner\">\n\t\t\t\t\t<\/div>\n\t\t\t\t<\/div>\n\t\t\t\t<\/div>\n\t\t\t\t<\/div>\n\t\t\t\t\t\t<\/div>\n\t\t\t\t<\/div>\n\t\t\t\t<\/div>\n\t\t<div class=\"elementor-element elementor-element-44c50ac e-flex e-con-boxed e-con e-parent\" data-id=\"44c50ac\" data-element_type=\"container\" data-e-type=\"container\">\n\t\t\t\t\t<div class=\"e-con-inner\">\n\t\t\t\t<div class=\"elementor-element elementor-element-1f51e8c e-n-tabs-mobile elementor-widget elementor-widget-n-tabs\" data-id=\"1f51e8c\" data-element_type=\"widget\" data-e-type=\"widget\" data-widget_type=\"nested-tabs.default\">\n\t\t\t\t<div class=\"elementor-widget-container\">\n\t\t\t\t\t\t\t<div class=\"e-n-tabs\" data-widget-number=\"32841356\" aria-label=\"Tabs. Open items with Enter or Space, close with Escape and navigate using the Arrow keys.\">\n\t\t\t<div class=\"e-n-tabs-heading\" role=\"tablist\">\n\t\t\t\t\t<button id=\"e-n-tab-title-328413561\" data-tab-title-id=\"e-n-tab-title-328413561\" class=\"e-n-tab-title\" aria-selected=\"true\" data-tab-index=\"1\" role=\"tab\" tabindex=\"0\" aria-controls=\"e-n-tab-content-328413561\" style=\"--n-tabs-title-order: 1;\">\n\t\t\t\t\t\t<span class=\"e-n-tab-title-text\">\n\t\t\t\tMonitorimi i zbatimit t\u00eb buxhetit t\u00eb bashkis\u00eb Durr\u00ebs\t\t\t<\/span>\n\t\t<\/button>\n\t\t\t\t<button id=\"e-n-tab-title-328413562\" data-tab-title-id=\"e-n-tab-title-328413562\" class=\"e-n-tab-title\" aria-selected=\"false\" data-tab-index=\"2\" role=\"tab\" tabindex=\"-1\" aria-controls=\"e-n-tab-content-328413562\" style=\"--n-tabs-title-order: 2;\">\n\t\t\t\t\t\t<span class=\"e-n-tab-title-text\">\n\t\t\t\tProgrami buxhetor afatmes\u00ebm vendor\t\t\t<\/span>\n\t\t<\/button>\n\t\t\t\t<button id=\"e-n-tab-title-328413563\" data-tab-title-id=\"e-n-tab-title-328413563\" class=\"e-n-tab-title\" aria-selected=\"false\" data-tab-index=\"3\" role=\"tab\" tabindex=\"-1\" aria-controls=\"e-n-tab-content-328413563\" style=\"--n-tabs-title-order: 3;\">\n\t\t\t\t\t\t<span class=\"e-n-tab-title-text\">\n\t\t\t\tReport of the public hearings on budget drafting\t\t\t<\/span>\n\t\t<\/button>\n\t\t\t\t<button id=\"e-n-tab-title-328413564\" data-tab-title-id=\"e-n-tab-title-328413564\" class=\"e-n-tab-title\" aria-selected=\"false\" data-tab-index=\"4\" role=\"tab\" tabindex=\"-1\" aria-controls=\"e-n-tab-content-328413564\" style=\"--n-tabs-title-order: 4;\">\n\t\t\t\t\t\t<span class=\"e-n-tab-title-text\">\n\t\t\t\tDurres Municipality Budget\t\t\t<\/span>\n\t\t<\/button>\n\t\t\t\t<button id=\"e-n-tab-title-328413565\" data-tab-title-id=\"e-n-tab-title-328413565\" class=\"e-n-tab-title\" aria-selected=\"false\" data-tab-index=\"5\" role=\"tab\" tabindex=\"-1\" aria-controls=\"e-n-tab-content-328413565\" style=\"--n-tabs-title-order: 5;\">\n\t\t\t\t\t\t<span class=\"e-n-tab-title-text\">\n\t\t\t\tPerformance report\t\t\t<\/span>\n\t\t<\/button>\n\t\t\t\t\t<\/div>\n\t\t\t<div class=\"e-n-tabs-content\">\n\t\t\t\t<div id=\"e-n-tab-content-328413561\" role=\"tabpanel\" aria-labelledby=\"e-n-tab-title-328413561\" data-tab-index=\"1\" style=\"--n-tabs-title-order: 1;\" class=\"e-active elementor-element elementor-element-8ecb1e4 e-flex e-con-boxed e-con e-child\" data-id=\"8ecb1e4\" data-element_type=\"container\" data-e-type=\"container\" data-settings=\"{&quot;background_background&quot;:&quot;classic&quot;}\">\n\t\t\t\t\t<div class=\"e-con-inner\">\n\t\t\t\t<div class=\"elementor-element elementor-element-9339e39 elementor-widget elementor-widget-text-editor\" data-id=\"9339e39\" data-element_type=\"widget\" data-e-type=\"widget\" data-widget_type=\"text-editor.default\">\n\t\t\t\t<div class=\"elementor-widget-container\">\n\t\t\t\t\t\t\t\t\t<p><a href=\"https:\/\/durres.gov.al\/wp-content\/uploads\/2026\/02\/Vendimi-nr.12-date-30.04.2025.pdf\">Vendimi-nr.12-dat\u00eb-30.04.2025<\/a><\/p><p><a href=\"https:\/\/durres.gov.al\/wp-content\/uploads\/2026\/02\/Vendimi-nr.12-date-30.04.2025.pdf\">Vendim-nr.37-dat\u00eb-21.05.2024<\/a><\/p>\t\t\t\t\t\t\t\t<\/div>\n\t\t\t\t<\/div>\n\t\t\t\t\t<\/div>\n\t\t\t\t<\/div>\n\t\t<div id=\"e-n-tab-content-328413562\" role=\"tabpanel\" aria-labelledby=\"e-n-tab-title-328413562\" data-tab-index=\"2\" style=\"--n-tabs-title-order: 2;\" class=\"elementor-element elementor-element-b0040bb e-flex e-con-boxed e-con e-child\" data-id=\"b0040bb\" data-element_type=\"container\" data-e-type=\"container\" data-settings=\"{&quot;background_background&quot;:&quot;classic&quot;}\">\n\t\t\t\t\t<div class=\"e-con-inner\">\n\t\t\t\t<div class=\"elementor-element elementor-element-b5216a9 elementor-widget elementor-widget-text-editor\" data-id=\"b5216a9\" data-element_type=\"widget\" data-e-type=\"widget\" data-widget_type=\"text-editor.default\">\n\t\t\t\t<div class=\"elementor-widget-container\">\n\t\t\t\t\t\t\t\t\t<p><a href=\"https:\/\/durres.gov.al\/wp-content\/uploads\/2026\/02\/Dokumenti-I-pare-I-programit-buxhetor-2026-2028.pdf\">Dokumenti i pare i programit buxhetor 2026-2028<\/a><\/p><p><a href=\"https:\/\/durres.gov.al\/wp-content\/uploads\/2026\/02\/Dokumenti-I-rishikuar-I-programit-buxhetor-2026-2028.pdf\">Dokumenti i rishikuar i programit buxhetor 2026-2028<\/a><\/p><p><a href=\"https:\/\/durres.gov.al\/wp-content\/uploads\/2026\/02\/Dokumenti-perfundimtar-I-programit-buxhetor-2026-2028.pdf\">Dokumenti p\u00ebrfundimtar i programit buxhetor 2026-2028<\/a><\/p><p>\u00a0<\/p>\t\t\t\t\t\t\t\t<\/div>\n\t\t\t\t<\/div>\n\t\t\t\t\t<\/div>\n\t\t\t\t<\/div>\n\t\t<div id=\"e-n-tab-content-328413563\" role=\"tabpanel\" aria-labelledby=\"e-n-tab-title-328413563\" data-tab-index=\"3\" style=\"--n-tabs-title-order: 3;\" class=\"elementor-element elementor-element-69c464e e-con-full e-flex e-con e-child\" data-id=\"69c464e\" data-element_type=\"container\" data-e-type=\"container\" data-settings=\"{&quot;background_background&quot;:&quot;classic&quot;}\">\n\t\t\t\t<div class=\"elementor-element elementor-element-be2a69d elementor-widget elementor-widget-text-editor\" data-id=\"be2a69d\" data-element_type=\"widget\" data-e-type=\"widget\" data-widget_type=\"text-editor.default\">\n\t\t\t\t<div class=\"elementor-widget-container\">\n\t\t\t\t\t\t\t\t\t<p><a href=\"https:\/\/durres.gov.al\/wp-content\/uploads\/2025\/12\/Raporti-Degjesave-Publike-per-Buxhetin-2026.pdf\">REPORT OF THE PUBLIC HEARINGS ON THE DRAFT OF THE 2026 BUDGET AND THE 2026\u20132028 MDB<\/a><\/p><p><a href=\"https:\/\/durres.gov.al\/wp-content\/uploads\/2024\/01\/Raporti-i-D.P-per-PBA-2024-2026-compressed.pdf\">Report of the Public Hearings on the Medium-Term Budget Programs MTEF 2024 \u2013 2026<\/a><\/p><p><a href=\"https:\/\/durres.gov.al\/wp-content\/uploads\/2025\/07\/Raporti-i-Degjesave-Publike-2025-2027-1.pdf\">Raporti i d\u00ebgjesave publike p\u00ebr buxhetin afatmes\u00ebm 2025-2027<\/a><\/p>\t\t\t\t\t\t\t\t<\/div>\n\t\t\t\t<\/div>\n\t\t\t\t<\/div>\n\t\t<div id=\"e-n-tab-content-328413564\" role=\"tabpanel\" aria-labelledby=\"e-n-tab-title-328413564\" data-tab-index=\"4\" style=\"--n-tabs-title-order: 4;\" class=\"elementor-element elementor-element-1deedfa e-con-full e-flex e-con e-child\" data-id=\"1deedfa\" data-element_type=\"container\" data-e-type=\"container\" data-settings=\"{&quot;background_background&quot;:&quot;classic&quot;}\">\n\t\t\t\t<div class=\"elementor-element elementor-element-1d3ef75 elementor-widget elementor-widget-text-editor\" data-id=\"1d3ef75\" data-element_type=\"widget\" data-e-type=\"widget\" data-widget_type=\"text-editor.default\">\n\t\t\t\t<div class=\"elementor-widget-container\">\n\t\t\t\t\t\t\t\t\t<p><a href=\"https:\/\/durres.gov.al\/wp-content\/uploads\/2026\/02\/BUXHETI-2026-1.pdf\">Budget 2026<\/a><\/p><p><a href=\"https:\/\/durres.gov.al\/wp-content\/uploads\/2026\/02\/BUXHETI-VITI-2025-Vendimi-nr.115-date-24.12.2024-1-30-1.pdf\">Budget 2025<\/a><\/p><p><a href=\"https:\/\/durres.gov.al\/wp-content\/uploads\/2026\/02\/BUXHETI-VITI-2024-Vendimi-nr.195-date-22.12.2023-1-27-1.pdf\">Budget 2024<\/a><\/p><p><a href=\"https:\/\/durres.gov.al\/wp-content\/uploads\/2026\/02\/BUXHETI-VITI-2023-Vendimi-nr.150-date-22.12.2022-1-22-1.pdf\">Budget 2023<\/a><\/p>\t\t\t\t\t\t\t\t<\/div>\n\t\t\t\t<\/div>\n\t\t\t\t<\/div>\n\t\t<div id=\"e-n-tab-content-328413565\" role=\"tabpanel\" aria-labelledby=\"e-n-tab-title-328413565\" data-tab-index=\"5\" style=\"--n-tabs-title-order: 5;\" class=\"elementor-element elementor-element-49a0894 e-con-full e-flex e-con e-child\" data-id=\"49a0894\" data-element_type=\"container\" data-e-type=\"container\" data-settings=\"{&quot;background_background&quot;:&quot;classic&quot;}\">\n\t\t\t\t<div class=\"elementor-element elementor-element-680f98d elementor-widget elementor-widget-text-editor\" data-id=\"680f98d\" data-element_type=\"widget\" data-e-type=\"widget\" data-widget_type=\"text-editor.default\">\n\t\t\t\t<div class=\"elementor-widget-container\">\n\t\t\t\t\t\t\t\t\t<p><a href=\"https:\/\/durres.gov.al\/wp-content\/uploads\/2025\/12\/80EF4A08-C32E-4C92-A961-8C109CFB1FFC.Final_BASHKIA-Durres-RAPORTI-I-PERFORMANCE-261125-.pdf\">Performance Report for 2024.<\/a><\/p><p><a href=\"https:\/\/durres.gov.al\/wp-content\/uploads\/2023\/10\/D6AA722A-1FE0-48E5-881E-5A387D7852DC.Raporti-i-Performances-Durres-2022-Final-DQA-done.docx\">Click to view the 2022 performance report<\/a><\/p>\t\t\t\t\t\t\t\t<\/div>\n\t\t\t\t<\/div>\n\t\t\t\t<\/div>\n\t\t\t\t\t<\/div>\n\t\t<\/div>\n\t\t\t\t\t\t<\/div>\n\t\t\t\t<\/div>\n\t\t\t\t\t<\/div>\n\t\t\t\t<\/div>\n\t\t\t\t<\/div>","protected":false},"excerpt":{"rendered":"<p>Monitorimi i zbatimit t\u00eb buxhetit t\u00eb bashkis\u00eb Durr\u00ebs Programi buxhetor afatmes\u00ebm vendor Raporti i d\u00ebgjesave publike p\u00ebr hartimin e buxhetit Buxheti i Bashkis\u00eb Durr\u00ebs Raporti i performanc\u00ebs Vendimi-nr.12-dat\u00eb-30.04.2025 Vendim-nr.37-dat\u00eb-21.05.2024 Dokumenti i pare i programit buxhetor 2026-2028 Dokumenti i rishikuar i programit buxhetor 2026-2028 Dokumenti p\u00ebrfundimtar i programit buxhetor 2026-2028 \u00a0 RAPORTI I D\u00cbGJESAVE PUBLIKE P\u00cbR [&hellip;]<\/p>\n","protected":false},"author":4,"featured_media":0,"parent":0,"menu_order":0,"comment_status":"closed","ping_status":"closed","template":"","meta":{"_acf_changed":false,"footnotes":""},"class_list":["post-15148","page","type-page","status-publish","hentry"],"acf":[],"yoast_head":"<!-- This site is optimized with the Yoast SEO plugin v27.4 - https:\/\/yoast.com\/product\/yoast-seo-wordpress\/ -->\n<title>Buxheti - Bashkia Durr\u00ebs<\/title>\n<meta name=\"robots\" content=\"index, follow, max-snippet:-1, max-image-preview:large, max-video-preview:-1\" \/>\n<link rel=\"canonical\" href=\"https:\/\/durres.gov.al\/en\/buxheti\/\" \/>\n<meta property=\"og:locale\" content=\"en_US\" \/>\n<meta property=\"og:type\" content=\"article\" \/>\n<meta property=\"og:title\" content=\"Buxheti - Bashkia Durr\u00ebs\" \/>\n<meta property=\"og:description\" content=\"Monitorimi i zbatimit t\u00eb buxhetit t\u00eb bashkis\u00eb Durr\u00ebs Programi buxhetor afatmes\u00ebm vendor Raporti i d\u00ebgjesave publike p\u00ebr hartimin e buxhetit Buxheti i Bashkis\u00eb Durr\u00ebs Raporti i performanc\u00ebs Vendimi-nr.12-dat\u00eb-30.04.2025 Vendim-nr.37-dat\u00eb-21.05.2024 Dokumenti i pare i programit buxhetor 2026-2028 Dokumenti i rishikuar i programit buxhetor 2026-2028 Dokumenti p\u00ebrfundimtar i programit buxhetor 2026-2028 \u00a0 RAPORTI I D\u00cbGJESAVE PUBLIKE P\u00cbR [&hellip;]\" \/>\n<meta property=\"og:url\" content=\"https:\/\/durres.gov.al\/en\/buxheti\/\" \/>\n<meta property=\"og:site_name\" content=\"Bashkia Durr\u00ebs\" \/>\n<meta property=\"article:modified_time\" content=\"2026-04-20T07:57:38+00:00\" \/>\n<meta name=\"twitter:card\" content=\"summary_large_image\" \/>\n<meta name=\"twitter:label1\" content=\"Est. reading time\" \/>\n\t<meta name=\"twitter:data1\" content=\"2 minutes\" \/>\n<script type=\"application\/ld+json\" class=\"yoast-schema-graph\">{\"@context\":\"https:\\\/\\\/schema.org\",\"@graph\":[{\"@type\":\"WebPage\",\"@id\":\"https:\\\/\\\/durres.gov.al\\\/buxheti\\\/\",\"url\":\"https:\\\/\\\/durres.gov.al\\\/buxheti\\\/\",\"name\":\"Buxheti - Bashkia Durr\u00ebs\",\"isPartOf\":{\"@id\":\"https:\\\/\\\/durres.gov.al\\\/en\\\/#website\"},\"datePublished\":\"2023-02-27T15:58:35+00:00\",\"dateModified\":\"2026-04-20T07:57:38+00:00\",\"breadcrumb\":{\"@id\":\"https:\\\/\\\/durres.gov.al\\\/buxheti\\\/#breadcrumb\"},\"inLanguage\":\"en-US\",\"potentialAction\":[{\"@type\":\"ReadAction\",\"target\":[\"https:\\\/\\\/durres.gov.al\\\/buxheti\\\/\"]}]},{\"@type\":\"BreadcrumbList\",\"@id\":\"https:\\\/\\\/durres.gov.al\\\/buxheti\\\/#breadcrumb\",\"itemListElement\":[{\"@type\":\"ListItem\",\"position\":1,\"name\":\"Home\",\"item\":\"https:\\\/\\\/durres.gov.al\\\/\"},{\"@type\":\"ListItem\",\"position\":2,\"name\":\"Buxheti\"}]},{\"@type\":\"WebSite\",\"@id\":\"https:\\\/\\\/durres.gov.al\\\/en\\\/#website\",\"url\":\"https:\\\/\\\/durres.gov.al\\\/en\\\/\",\"name\":\"Bashkia Durr\u00ebs\",\"description\":\"Faqja Zyrtare n\u00eb Internet\",\"publisher\":{\"@id\":\"https:\\\/\\\/durres.gov.al\\\/en\\\/#organization\"},\"potentialAction\":[{\"@type\":\"SearchAction\",\"target\":{\"@type\":\"EntryPoint\",\"urlTemplate\":\"https:\\\/\\\/durres.gov.al\\\/en\\\/?s={search_term_string}\"},\"query-input\":{\"@type\":\"PropertyValueSpecification\",\"valueRequired\":true,\"valueName\":\"search_term_string\"}}],\"inLanguage\":\"en-US\"},{\"@type\":\"Organization\",\"@id\":\"https:\\\/\\\/durres.gov.al\\\/en\\\/#organization\",\"name\":\"Bashkia Durr\u00ebs\",\"url\":\"https:\\\/\\\/durres.gov.al\\\/en\\\/\",\"logo\":{\"@type\":\"ImageObject\",\"inLanguage\":\"en-US\",\"@id\":\"https:\\\/\\\/durres.gov.al\\\/en\\\/#\\\/schema\\\/logo\\\/image\\\/\",\"url\":\"https:\\\/\\\/durres.gov.al\\\/wp-content\\\/uploads\\\/2023\\\/01\\\/cropped-logo.png\",\"contentUrl\":\"https:\\\/\\\/durres.gov.al\\\/wp-content\\\/uploads\\\/2023\\\/01\\\/cropped-logo.png\",\"width\":512,\"height\":512,\"caption\":\"Bashkia Durr\u00ebs\"},\"image\":{\"@id\":\"https:\\\/\\\/durres.gov.al\\\/en\\\/#\\\/schema\\\/logo\\\/image\\\/\"}}]}<\/script>\n<!-- \/ Yoast SEO plugin. -->","yoast_head_json":{"title":"Buxheti - Bashkia Durr\u00ebs","robots":{"index":"index","follow":"follow","max-snippet":"max-snippet:-1","max-image-preview":"max-image-preview:large","max-video-preview":"max-video-preview:-1"},"canonical":"https:\/\/durres.gov.al\/en\/buxheti\/","og_locale":"en_US","og_type":"article","og_title":"Buxheti - Bashkia Durr\u00ebs","og_description":"Monitorimi i zbatimit t\u00eb buxhetit t\u00eb bashkis\u00eb Durr\u00ebs Programi buxhetor afatmes\u00ebm vendor Raporti i d\u00ebgjesave publike p\u00ebr hartimin e buxhetit Buxheti i Bashkis\u00eb Durr\u00ebs Raporti i performanc\u00ebs Vendimi-nr.12-dat\u00eb-30.04.2025 Vendim-nr.37-dat\u00eb-21.05.2024 Dokumenti i pare i programit buxhetor 2026-2028 Dokumenti i rishikuar i programit buxhetor 2026-2028 Dokumenti p\u00ebrfundimtar i programit buxhetor 2026-2028 \u00a0 RAPORTI I D\u00cbGJESAVE PUBLIKE P\u00cbR [&hellip;]","og_url":"https:\/\/durres.gov.al\/en\/buxheti\/","og_site_name":"Bashkia Durr\u00ebs","article_modified_time":"2026-04-20T07:57:38+00:00","twitter_card":"summary_large_image","twitter_misc":{"Est. reading time":"2 minutes"},"schema":{"@context":"https:\/\/schema.org","@graph":[{"@type":"WebPage","@id":"https:\/\/durres.gov.al\/buxheti\/","url":"https:\/\/durres.gov.al\/buxheti\/","name":"Buxheti - Bashkia Durr\u00ebs","isPartOf":{"@id":"https:\/\/durres.gov.al\/en\/#website"},"datePublished":"2023-02-27T15:58:35+00:00","dateModified":"2026-04-20T07:57:38+00:00","breadcrumb":{"@id":"https:\/\/durres.gov.al\/buxheti\/#breadcrumb"},"inLanguage":"en-US","potentialAction":[{"@type":"ReadAction","target":["https:\/\/durres.gov.al\/buxheti\/"]}]},{"@type":"BreadcrumbList","@id":"https:\/\/durres.gov.al\/buxheti\/#breadcrumb","itemListElement":[{"@type":"ListItem","position":1,"name":"Home","item":"https:\/\/durres.gov.al\/"},{"@type":"ListItem","position":2,"name":"Buxheti"}]},{"@type":"WebSite","@id":"https:\/\/durres.gov.al\/en\/#website","url":"https:\/\/durres.gov.al\/en\/","name":"Municipality of Durr\u00ebs","description":"Faqja Zyrtare n\u00eb Internet","publisher":{"@id":"https:\/\/durres.gov.al\/en\/#organization"},"potentialAction":[{"@type":"SearchAction","target":{"@type":"EntryPoint","urlTemplate":"https:\/\/durres.gov.al\/en\/?s={search_term_string}"},"query-input":{"@type":"PropertyValueSpecification","valueRequired":true,"valueName":"search_term_string"}}],"inLanguage":"en-US"},{"@type":"Organization","@id":"https:\/\/durres.gov.al\/en\/#organization","name":"Municipality of Durr\u00ebs","url":"https:\/\/durres.gov.al\/en\/","logo":{"@type":"ImageObject","inLanguage":"en-US","@id":"https:\/\/durres.gov.al\/en\/#\/schema\/logo\/image\/","url":"https:\/\/durres.gov.al\/wp-content\/uploads\/2023\/01\/cropped-logo.png","contentUrl":"https:\/\/durres.gov.al\/wp-content\/uploads\/2023\/01\/cropped-logo.png","width":512,"height":512,"caption":"Bashkia Durr\u00ebs"},"image":{"@id":"https:\/\/durres.gov.al\/en\/#\/schema\/logo\/image\/"}}]}},"_links":{"self":[{"href":"https:\/\/durres.gov.al\/en\/wp-json\/wp\/v2\/pages\/15148","targetHints":{"allow":["GET"]}}],"collection":[{"href":"https:\/\/durres.gov.al\/en\/wp-json\/wp\/v2\/pages"}],"about":[{"href":"https:\/\/durres.gov.al\/en\/wp-json\/wp\/v2\/types\/page"}],"author":[{"embeddable":true,"href":"https:\/\/durres.gov.al\/en\/wp-json\/wp\/v2\/users\/4"}],"replies":[{"embeddable":true,"href":"https:\/\/durres.gov.al\/en\/wp-json\/wp\/v2\/comments?post=15148"}],"version-history":[{"count":111,"href":"https:\/\/durres.gov.al\/en\/wp-json\/wp\/v2\/pages\/15148\/revisions"}],"predecessor-version":[{"id":29751,"href":"https:\/\/durres.gov.al\/en\/wp-json\/wp\/v2\/pages\/15148\/revisions\/29751"}],"wp:attachment":[{"href":"https:\/\/durres.gov.al\/en\/wp-json\/wp\/v2\/media?parent=15148"}],"curies":[{"name":"wp","href":"https:\/\/api.w.org\/{rel}","templated":true}]}}