{"id":19546,"date":"2023-08-05T09:54:04","date_gmt":"2023-08-05T09:54:04","guid":{"rendered":"https:\/\/durres.gov.al\/?page_id=19546"},"modified":"2026-03-19T10:39:38","modified_gmt":"2026-03-19T09:39:38","slug":"anetaret-e-keshillit-bashkiak","status":"publish","type":"page","link":"https:\/\/durres.gov.al\/en\/anetaret-e-keshillit-bashkiak\/","title":{"rendered":"Members of the Municipal Council"},"content":{"rendered":"<div data-elementor-type=\"wp-page\" data-elementor-id=\"19546\" class=\"elementor elementor-19546\" data-elementor-post-type=\"page\">\n\t\t\t\t<div class=\"elementor-element elementor-element-4093227 e-con-full e-flex e-con e-parent\" data-id=\"4093227\" data-element_type=\"container\" data-e-type=\"container\">\n\t\t\t\t<div class=\"elementor-element elementor-element-1362a8e elementor-widget elementor-widget-template\" data-id=\"1362a8e\" data-element_type=\"widget\" data-e-type=\"widget\" data-widget_type=\"template.default\">\n\t\t\t\t<div class=\"elementor-widget-container\">\n\t\t\t\t\t\t\t<div class=\"elementor-template\">\n\t\t\t\t\t<div data-elementor-type=\"container\" data-elementor-id=\"25501\" class=\"elementor elementor-25501\" data-elementor-post-type=\"elementor_library\">\n\t\t\t\t<div class=\"elementor-element elementor-element-1648416 e-flex e-con-boxed e-con e-parent\" data-id=\"1648416\" data-element_type=\"container\" data-e-type=\"container\" data-settings=\"{&quot;background_background&quot;:&quot;classic&quot;}\">\n\t\t\t\t\t<div class=\"e-con-inner\">\n\t\t\t\t\t<\/div>\n\t\t\t\t<\/div>\n\t\t\t\t<\/div>\n\t\t\t\t<\/div>\n\t\t\t\t\t\t<\/div>\n\t\t\t\t<\/div>\n\t\t\t\t<\/div>\n\t\t\t\t<section class=\"elementor-section elementor-top-section elementor-element elementor-element-724d493 elementor-section-boxed elementor-section-height-default elementor-section-height-default\" data-id=\"724d493\" data-element_type=\"section\" data-e-type=\"section\">\n\t\t\t\t\t\t<div class=\"elementor-container elementor-column-gap-default\">\n\t\t\t\t\t<div class=\"elementor-column elementor-col-100 elementor-top-column elementor-element elementor-element-dbe1b89\" data-id=\"dbe1b89\" data-element_type=\"column\" data-e-type=\"column\">\n\t\t\t<div class=\"elementor-widget-wrap elementor-element-populated\">\n\t\t\t\t\t\t<div class=\"elementor-element elementor-element-45dc188 elementor-widget elementor-widget-html\" data-id=\"45dc188\" data-element_type=\"widget\" data-e-type=\"widget\" data-widget_type=\"html.default\">\n\t\t\t\t<div class=\"elementor-widget-container\">\n\t\t\t\t\t<table border=\"1\" cellpadding=\"8\" style=\"color: white\">\r\n<tbody style=\"background-color: #007a8b\">\r\n  <tr>\r\n    <td align=\"right\" height=\"20\">1<\/td>\r\n    <td>ARDIAN<\/td>\r\n    <td>MIHAL<\/td>\r\n    <td>MUKA<\/td>\r\n    <td>+355682036020<\/td>\r\n    <td><a style=\"color: #ffffff;\" href=\"mailto:amuka@transpedmuka.al\">amuka@transpedmuka.al<\/a><\/td>\r\n  <\/tr>\r\n  <tr>\r\n    <td align=\"right\" height=\"20\">2<\/td>\r\n    <td>EDLIRA<\/td>\r\n    <td>TAHIR<\/td>\r\n    <td>SHEMSI<\/td>\r\n    <td>+355692389655<\/td>\r\n    <td><a style=\"color: #ffffff;\" href=\"mailto:edliraharizi@hotmail.com\">edliraharizi@hotmail.com<\/a><\/td>\r\n  <\/tr>\r\n  <tr>\r\n    <td align=\"right\" height=\"20\">3<\/td>\r\n    <td>LUAN<\/td>\r\n    <td>RAMAZAN<\/td>\r\n    <td>NEZHA<\/td>\r\n    <td>+355698553777<\/td>\r\n    <td><a style=\"color: #ffffff;\" href=\"mailto:luannezha@yahoo.com\">luannezha@yahoo.com<\/a><\/td>\r\n  <\/tr>\r\n  <tr>\r\n    <td align=\"right\" height=\"20\">4<\/td>\r\n    <td>KONTJANA<\/td>\r\n    <td>VASIL<\/td>\r\n    <td>KU\u00c7I<\/td>\r\n    <td>+355697591155<\/td>\r\n    <td><a style=\"color: #ffffff;\" href=\"mailto:kontjanakuci@yahoo.com\">kontjanakuci@yahoo.com<\/a><\/td>\r\n  <\/tr>\r\n  <tr>\r\n    <td align=\"right\" height=\"20\">5<\/td>\r\n    <td>DRITAN<\/td>\r\n    <td>EQREM<\/td>\r\n    <td>BURGIJA<\/td>\r\n    <td>+355692099704<\/td>\r\n    <td><a style=\"color: #ffffff;\" href=\"mailto:dritanburgija@gmail.com\">dritanburgija@gmail.com<\/a><\/td>\r\n  <\/tr>\r\n  <tr>\r\n    <td align=\"right\" height=\"20\">6<\/td>\r\n    <td>ERMAL<\/td>\r\n    <td>BUJAR<\/td>\r\n    <td>BRAHOLLI<\/td>\r\n    <td>+355693106160<\/td>\r\n    <td><a style=\"color: #ffffff;\" href=\"mailto:ermalbraholli85@gmail.com\">ermalbraholli85@gmail.com<\/a><\/td>\r\n  <\/tr>\r\n  <tr>\r\n    <td align=\"right\" height=\"20\">7<\/td>\r\n    <td>ZHULJETA<\/td>\r\n    <td>HAXHI<\/td>\r\n    <td>NGOTA<\/td>\r\n    <td>+355695744022<\/td>\r\n    <td><a style=\"color: #ffffff;\" href=\"mailto:xhulingota@hotmail.com\">xhulingota@hotmail.com<\/a><\/td>\r\n  <\/tr>\r\n  <tr>\r\n    <td align=\"right\" height=\"20\">8<\/td>\r\n    <td>ARLIND<\/td>\r\n    <td>KRISTAQ<\/td>\r\n    <td>BOSHKU<\/td>\r\n    <td>+355672077866<\/td>\r\n    <td><a style=\"color: #ffffff;\" href=\"mailto:arlindboshku@gmail.com\">arlindboshku@gmail.com<\/a><\/td>\r\n  <\/tr>\r\n  <tr>\r\n    <td align=\"right\" height=\"20\">9<\/td>\r\n    <td>ARJETA<\/td>\r\n    <td>ERMIR<\/td>\r\n    <td>KE\u00c7I<\/td>\r\n    <td>+355692202223<\/td>\r\n    <td><a style=\"color: #ffffff;\" href=\"mailto:arjeta.keci@gmail.com\">arjeta.keci@gmail.com<\/a><\/td>\r\n  <\/tr>\r\n  <tr>\r\n    <td align=\"right\" height=\"20\">10<\/td>\r\n    <td>BLEDAR<\/td>\r\n    <td>RAMADAN<\/td>\r\n    <td>PRIZRENI<\/td>\r\n    <td>+355693844438<\/td>\r\n    <td><a style=\"color: #ffffff;\" href=\"mailto:siarprizreni1920@gmail.com\">siarprizreni1920@gmail.com<\/a><\/td>\r\n  <\/tr>\r\n  <tr>\r\n    <td align=\"right\" height=\"20\">11<\/td>\r\n    <td>ANISA<\/td>\r\n    <td>ILIR<\/td>\r\n    <td>IBRAJ<\/td>\r\n    <td>+355686975847<\/td>\r\n    <td><a style=\"color: #ffffff;\" href=\"mailto:anisaibraj5@gmail.com\">anisaibraj5@gmail.com<\/a><\/td>\r\n  <\/tr>\r\n  <tr>\r\n    <td align=\"right\" height=\"20\">12<\/td>\r\n    <td>ERZEN<\/td>\r\n    <td>AGIM<\/td>\r\n    <td>LA\u00c7I<\/td>\r\n    <td>+355694041044<\/td>\r\n    <td><a style=\"color: #ffffff;\" href=\"mailto:erzen.laci@gmail.com\">erzen.laci@gmail.com<\/a><\/td>\r\n  <\/tr>\r\n  <tr>\r\n    <td align=\"right\" height=\"20\">13<\/td>\r\n    <td>MIRELA<\/td>\r\n    <td>RASIM<\/td>\r\n    <td>SHALA<\/td>\r\n    <td>+355697812704<\/td>\r\n    <td><a style=\"color: #ffffff;\" href=\"mailto:mirelashala6@gmail.com\">mirelashala6@gmail.com<\/a><\/td>\r\n  <\/tr>\r\n  <tr>\r\n    <td align=\"right\" height=\"20\">14<\/td>\r\n    <td>ROLANT<\/td>\r\n    <td>HAMDI<\/td>\r\n    <td>XHELILAJ<\/td>\r\n    <td>+355682046166<\/td>\r\n    <td><a style=\"color: #ffffff;\" href=\"mailto:rxhelilidr@gamil.com\">rxhelilidr@gamil.com<\/a><\/td>\r\n  <\/tr>\r\n  <tr>\r\n    <td align=\"right\" height=\"20\">15<\/td>\r\n    <td>ANA<\/td>\r\n    <td>VLADIMIR<\/td>\r\n    <td>DHAMO<\/td>\r\n    <td>+355697228362<\/td>\r\n    <td><a style=\"color: #ffffff;\" href=\"mailto:ana.dhamo@yahoo.com\">ana.dhamo@yahoo.com<\/a><\/td>\r\n  <\/tr>\r\n  <tr>\r\n    <td align=\"right\" height=\"20\">16<\/td>\r\n    <td>XHILIOLA<\/td>\r\n    <td>RAIMONDO<\/td>\r\n    <td>DO\u00c7I<\/td>\r\n    <td>+355696080880<\/td>\r\n    <td><a style=\"color: #ffffff;\" href=\"mailto:xhilioladocimedicine@yahoo.com\">xhilioladocimedicine@yahoo.com<\/a><\/td>\r\n  <\/tr>\r\n  <tr>\r\n    <td align=\"right\" height=\"20\">17<\/td>\r\n    <td>MUNIR<\/td>\r\n    <td>SELIM<\/td>\r\n    <td>KONESHA<\/td>\r\n    <td>+355682088057<\/td>\r\n    <td><a style=\"color: #ffffff;\" href=\"mailto:munirkonesha@yahoo.com\">munirkonesha@yahoo.com<\/a><\/td>\r\n  <\/tr>\r\n  <tr>\r\n    <td align=\"right\" height=\"20\">18<\/td>\r\n    <td>ALFRED<\/td>\r\n    <td>FAZLLI<\/td>\r\n    <td>MULLARAJ<\/td>\r\n    <td>+355682043172<\/td>\r\n    <td><a style=\"color: #ffffff;\" href=\"mailto:alfred.mullaraj@hotmail.com\">alfred.mullaraj@hotmail.com<\/a><\/td>\r\n  <\/tr>\r\n  <tr>\r\n    <td align=\"right\" height=\"20\">19<\/td>\r\n    <td>JONADA<\/td>\r\n    <td>MANUSH<\/td>\r\n    <td>MAMO<\/td>\r\n    <td>+355694423840<\/td>\r\n    <td><a style=\"color: #ffffff;\" href=\"mailto:jonadamamo@uamd.edu.al\">jonadamamo@uamd.edu.al<\/a><\/td>\r\n  <\/tr>\r\n  <tr>\r\n    <td align=\"right\" height=\"20\">20<\/td>\r\n    <td>JURGEN<\/td>\r\n    <td>LUAN<\/td>\r\n    <td>ZAZA<\/td>\r\n    <td>+355695505770<\/td>\r\n    <td><a style=\"color: #ffffff;\" href=\"mailto:jurgenzaza@yahoo.com\">jurgenzaza@yahoo.com<\/a><\/td>\r\n  <\/tr>\r\n  <tr>\r\n    <td align=\"right\" height=\"20\">21<\/td>\r\n    <td>ELISABETA<\/td>\r\n    <td>SHERIF<\/td>\r\n    <td>MATAJ<\/td>\r\n    <td>+355697224961<\/td>\r\n    <td><a style=\"color: #ffffff;\" href=\"mailto:elisalisa54@yahoo.it\">elisalisa54@yahoo.it<\/a><\/td>\r\n  <\/tr>\r\n  <tr>\r\n    <td align=\"right\" height=\"20\">22<\/td>\r\n    <td>ERVIS<\/td>\r\n    <td>REXHEP<\/td>\r\n    <td>BEKTESHI<\/td>\r\n    <td>+355696407939<\/td>\r\n    <td><a style=\"color: #ffffff;\" href=\"mailto:drervisi@gmail.com\">drervisi@gmail.com<\/a><\/td>\r\n  <\/tr>\r\n  <tr>\r\n    <td align=\"right\" height=\"20\">23<\/td>\r\n    <td>SUADA<\/td>\r\n    <td>BUJAR<\/td>\r\n    <td>\u00c7URRI<\/td>\r\n    <td>+355695293500<\/td>\r\n    <td><a style=\"color: #ffffff;\" href=\"mailto:suadanova@yahoo.com\">suadanova@yahoo.com<\/a><\/td>\r\n  <\/tr>\r\n  <tr>\r\n    <td align=\"right\" height=\"20\">24<\/td>\r\n    <td>DENIS<\/td>\r\n    <td>ALBAN<\/td>\r\n    <td>LIKA<\/td>\r\n    <td>+355674346702<\/td>\r\n    <td><a style=\"color: #ffffff;\" href=\"mailto:denislika70@gmail.com\">denislika70@gmail.com<\/a><\/td>\r\n  <\/tr>\r\n  <tr>\r\n    <td align=\"right\" height=\"20\">25<\/td>\r\n    <td>ALKETA<\/td>\r\n    <td>ISLAM<\/td>\r\n    <td>NGJE\u00c7I<\/td>\r\n    <td>+355697301273<\/td>\r\n    <td><a style=\"color: #ffffff;\" href=\"mailto:alketashahu@hotmail.com\">alketashahu@hotmail.com<\/a><\/td>\r\n  <\/tr>\r\n  <tr>\r\n    <td align=\"right\" height=\"20\">26<\/td>\r\n    <td>ILIR<\/td>\r\n    <td>SEFER<\/td>\r\n    <td>PAJA<\/td>\r\n    <td>+355692432445<\/td>\r\n    <td><a style=\"color: #ffffff;\" href=\"mailto:ilirpaja@yahoo.com\">ilirpaja@yahoo.com<\/a><\/td>\r\n  <\/tr>\r\n  <tr>\r\n    <td align=\"right\" height=\"20\">27<\/td>\r\n    <td>KLEMENTINA<\/td>\r\n    <td>KADRI<\/td>\r\n    <td>ME\u00c7I<\/td>\r\n    <td>+355697070656<\/td>\r\n    <td><a style=\"color: #ffffff;\" href=\"mailto:klementinameci@gmail.com\">klementinameci@gmail.com<\/a><\/td>\r\n  <\/tr>\r\n  <tr>\r\n    <td align=\"right\" height=\"20\">28<\/td>\r\n    <td>LLESH<\/td>\r\n    <td>PRENG<\/td>\r\n    <td>\u00c7UNI<\/td>\r\n    <td>+355688454234<\/td>\r\n    <td><a style=\"color: #ffffff;\" href=\"mailto:lleshcuni@hotmail.com\">lleshcuni@hotmail.com<\/a><\/td>\r\n  <\/tr>\r\n  <tr>\r\n    <td align=\"right\" height=\"20\">29<\/td>\r\n    <td>ANILA<\/td>\r\n    <td>ENVER<\/td>\r\n    <td>KAPIDANI<\/td>\r\n    <td>+355694738962<\/td>\r\n    <td><a style=\"color: #ffffff;\" href=\"mailto:kapidani.anila@gmail.com\">kapidani.anila@gmail.com<\/a><\/td>\r\n  <\/tr>\r\n  <tr>\r\n    <td align=\"right\" height=\"20\">30<\/td>\r\n    <td>FRANC<\/td>\r\n    <td>MOJSI<\/td>\r\n    <td>TRAGAJ<\/td>\r\n    <td>+355699935112<\/td>\r\n    <td><a style=\"color: #ffffff;\" href=\"mailto:franc.traga@gmail.com\">franc.traga@gmail.com<\/a><\/td>\r\n  <\/tr>\r\n  <tr>\r\n    <td align=\"right\" height=\"20\">31<\/td>\r\n    <td>NURIJE<\/td>\r\n    <td>LUAN<\/td>\r\n    <td>GJONI<\/td>\r\n    <td>+355695686124<\/td>\r\n    <td><a style=\"color: #ffffff;\" href=\"mailto:nurijegjoni@gmail.com\">nurijegjoni@gmail.com<\/a><\/td>\r\n  <\/tr>\r\n  <tr>\r\n    <td align=\"right\" height=\"20\">32<\/td>\r\n    <td>HEKURAN<\/td>\r\n    <td>VLASH<\/td>\r\n    <td>MARKOLA<\/td>\r\n    <td>+355696051016<\/td>\r\n    <td><a style=\"color: #ffffff;\" href=\"mailto:jani-525@hotmail.com\">jani-525@hotmail.com<\/a><\/td>\r\n  <\/tr>\r\n  <tr>\r\n    <td align=\"right\" height=\"20\">33<\/td>\r\n    <td>SILVANA<\/td>\r\n    <td>LAZI<\/td>\r\n    <td>AGASI<\/td>\r\n    <td>+355675472240<\/td>\r\n    <td><a style=\"color: #ffffff;\" href=\"mailto:silvanaagasi06@gmail.com\">silvanaagasi06@gmail.com<\/a><\/td>\r\n  <\/tr>\r\n  <tr>\r\n    <td align=\"right\" height=\"20\">34<\/td>\r\n    <td>ALDO<\/td>\r\n    <td>KUDRET<\/td>\r\n    <td>\u00c7ELAJ<\/td>\r\n    <td>+355693142662<\/td>\r\n    <td><a style=\"color: #ffffff;\" href=\"mailto:celaj.aldo@gmail.com\">celaj.aldo@gmail.com<\/a><\/td>\r\n  <\/tr>\r\n  <tr>\r\n    <td align=\"right\" height=\"20\">35<\/td>\r\n    <td>DENISA<\/td>\r\n    <td>IBRAHIM<\/td>\r\n    <td>LUARASI<\/td>\r\n    <td>+355689031552<\/td>\r\n    <td><a style=\"color: #ffffff;\" href=\"mailto:dluarasi@gmail.com\">dluarasi@gmail.com<\/a><\/td>\r\n  <\/tr>\r\n  <tr>\r\n    <td align=\"right\" height=\"20\">36<\/td>\r\n    <td>DORIAN<\/td>\r\n    <td>BESIM<\/td>\r\n    <td>ISAJ<\/td>\r\n    <td>+355672032190<\/td>\r\n    <td><a style=\"color: #ffffff;\" href=\"mailto:dorian_isaj@yahoo.com\">dorian_isaj@yahoo.com<\/a><\/td>\r\n  <\/tr>\r\n  <tr>\r\n    <td align=\"right\" height=\"20\">37<\/td>\r\n    <td>MARSIDA<\/td>\r\n    <td>PULLUMB<\/td>\r\n    <td>FESHTI<\/td>\r\n    <td>+355695547740<\/td>\r\n    <td><a style=\"color: #ffffff;\" href=\"mailto:marsi_muca@yahoo.it\">marsi_muca@yahoo.it<\/a><\/td>\r\n  <\/tr>\r\n  <tr>\r\n    <td align=\"right\" height=\"20\">38<\/td>\r\n    <td>DRITAN<\/td>\r\n    <td>SHP\u00cbTIM<\/td>\r\n    <td>RAKIPI<\/td>\r\n    <td>+355692719771<\/td>\r\n    <td><a style=\"color: #ffffff;\" href=\"mailto:tanirakipi@hotmail.com\">tanirakipi@hotmail.com<\/a><\/td>\r\n  <\/tr>\r\n  <tr>\r\n    <td align=\"right\" height=\"20\">39<\/td>\r\n    <td>JONIADA<\/td>\r\n    <td>MUSA<\/td>\r\n    <td>MUSARAJ<\/td>\r\n    <td>+355692987007<\/td>\r\n    <td><a style=\"color: #ffffff;\" href=\"mailto:joniadamusaraj@uamd.edu.al\">joniadamusaraj@uamd.edu.al<\/a><\/td>\r\n  <\/tr>\r\n  <tr>\r\n    <td align=\"right\" height=\"20\">40<\/td>\r\n    <td>PERIANA<\/td>\r\n    <td>PIRO<\/td>\r\n    <td>KOTRI<\/td>\r\n    <td>+355694069969<\/td>\r\n    <td><a style=\"color: #ffffff;\" href=\"mailto:perianaleco@hotmail.com\">perianaleco@hotmail.com<\/a><\/td>\r\n  <\/tr>\r\n  <tr>\r\n    <td align=\"right\" height=\"20\">41<\/td>\r\n    <td>KASTRIOT<\/td>\r\n    <td>FARIK<\/td>\r\n    <td>XHONGOLI<\/td>\r\n    <td>+355682073499<\/td>\r\n    <td><a style=\"color: #ffffff;\" href=\"mailto:kastriotxhongoli@yahoo.com\">kastriotxhongoli@yahoo.com<\/a><\/td>\r\n  <\/tr>\r\n  <tr>\r\n    <td align=\"right\" height=\"20\">42<\/td>\r\n    <td>ERALD<\/td>\r\n    <td>AVNI<\/td>\r\n    <td>DALIPI<\/td>\r\n    <td>+355693024024<\/td>\r\n    <td><a style=\"color: #ffffff;\" href=\"mailto:erald.dalipi11@gmail.com\">erald.dalipi11@gmail.com<\/a><\/td>\r\n  <\/tr>\r\n  <tr>\r\n    <td align=\"right\" height=\"20\">43<\/td>\r\n    <td>XHOJANA<\/td>\r\n    <td>ABEDIN<\/td>\r\n    <td>GJINECI<\/td>\r\n    <td>+355699910912<\/td>\r\n    <td><a style=\"color: #ffffff;\" href=\"mailto:xh.gjineci7@gmail.com\">xh.gjineci7@gmail.com<\/a><\/td>\r\n  <\/tr>\r\n  <tr>\r\n    <td align=\"right\" height=\"20\">44<\/td>\r\n    <td>RENALD<\/td>\r\n    <td>LEONARD<\/td>\r\n    <td>KOKA<\/td>\r\n    <td>+355686088858<\/td>\r\n    <td><a style=\"color: #ffffff;\" href=\"mailto:ronikoka21@gmail.com\">ronikoka21@gmail.com<\/a><\/td>\r\n  <\/tr>\r\n  <tr>\r\n    <td align=\"right\" height=\"20\">45<\/td>\r\n    <td>FLUTURA<\/td>\r\n    <td>ISUF<\/td>\r\n    <td>KASA<\/td>\r\n    <td>+355688579619<\/td>\r\n    <td><a style=\"color: #ffffff;\" href=\"mailto:fluturakola07@gmail.com\">fluturakola07@gmail.com<\/a><\/td>\r\n  <\/tr>\r\n  <tr>\r\n    <td align=\"right\" height=\"20\">46<\/td>\r\n    <td>JONUZ<\/td>\r\n    <td>HASAN<\/td>\r\n    <td>MYSHKETA<\/td>\r\n    <td>+355672049722<\/td>\r\n    <td><a style=\"color: #ffffff;\" href=\"mailto:jonimyshketa@gmail.com\">jonimyshketa@gmail.com<\/a><\/td>\r\n  <\/tr>\r\n  <tr>\r\n    <td align=\"right\" height=\"20\">47<\/td>\r\n    <td>EDLIRA<\/td>\r\n    <td>NOVRUZ<\/td>\r\n    <td>DEVOLLI<\/td>\r\n    <td>+355698992527<\/td>\r\n    <td><a style=\"color: #ffffff;\" href=\"mailto:devolliedlira@yahoo.com\">devolliedlira@yahoo.com<\/a><\/td>\r\n  <\/tr>\r\n  <tr>\r\n    <td align=\"right\" height=\"20\">48<\/td>\r\n    <td>SAMI<\/td>\r\n    <td>SHIQER<\/td>\r\n    <td>OSMANI<\/td>\r\n    <td>+355693099775<\/td>\r\n    <td><a style=\"color: #ffffff;\" href=\"mailto:samiosmani2010@gmail.com\">samiosmani2010@gmail.com<\/a><\/td>\r\n  <\/tr>\r\n  <tr>\r\n    <td align=\"right\" height=\"20\">49<\/td>\r\n    <td>BLERINA<\/td>\r\n    <td>NIAZI<\/td>\r\n    <td>RE\u00c7I<\/td>\r\n    <td>+355694044255<\/td>\r\n    <td><a style=\"color: #ffffff;\" href=\"mailto:blerina.xhakolli@gmail.com\">blerina.xhakolli@gmail.com<\/a><\/td>\r\n  <\/tr>\r\n  <tr>\r\n    <td align=\"right\" height=\"20\">50<\/td>\r\n    <td>SAMET<\/td>\r\n    <td>BASRI<\/td>\r\n    <td>VATA<\/td>\r\n    <td>+355676424233<\/td>\r\n    <td><a style=\"color: #ffffff;\" href=\"mailto:sametvata@gmail.com\">sametvata@gmail.com<\/a><\/td>\r\n  <\/tr>\r\n  <tr>\r\n    <td align=\"right\" height=\"20\">51<\/td>\r\n    <td>FLORIAN<\/td>\r\n    <td>KUJTIM<\/td>\r\n    <td>TAHIRI<\/td>\r\n    <td>+355695279542<\/td>\r\n    <td><a style=\"color: #ffffff;\" href=\"mailto:floriantahiri@hotmail.com\">floriantahiri@hotmail.com<\/a><\/td>\r\n  <\/tr>\r\n<\/tbody>\r\n<\/table>\t\t\t\t<\/div>\n\t\t\t\t<\/div>\n\t\t\t\t\t<\/div>\n\t\t<\/div>\n\t\t\t\t\t<\/div>\n\t\t<\/section>\n\t\t\t\t<\/div>","protected":false},"excerpt":{"rendered":"<p>1 ARDIAN MIHAL MUKA +355682036020 amuka@transpedmuka.al 2 EDLIRA TAHIR SHEMSI +355692389655 edliraharizi@hotmail.com 3 LUAN RAMAZAN NEZHA +355698553777 luannezha@yahoo.com 4 KONTJANA VASIL KU\u00c7I +355697591155 kontjanakuci@yahoo.com 5 DRITAN EQREM BURGIJA +355692099704 dritanburgija@gmail.com 6 ERMAL BUJAR BRAHOLLI +355693106160 ermalbraholli85@gmail.com 7 ZHULJETA HAXHI NGOTA +355695744022 xhulingota@hotmail.com 8 ARLIND KRISTAQ BOSHKU +355672077866 arlindboshku@gmail.com 9 ARJETA ERMIR KE\u00c7I +355692202223 arjeta.keci@gmail.com 10 [&hellip;]<\/p>\n","protected":false},"author":4,"featured_media":0,"parent":0,"menu_order":0,"comment_status":"closed","ping_status":"closed","template":"","meta":{"_acf_changed":false,"footnotes":""},"class_list":["post-19546","page","type-page","status-publish","hentry"],"acf":[],"yoast_head":"<!-- This site is optimized with the Yoast SEO plugin v27.4 - https:\/\/yoast.com\/product\/yoast-seo-wordpress\/ -->\n<title>An\u00ebtar\u00ebt e k\u00ebshillit bashkiak - Bashkia Durr\u00ebs<\/title>\n<meta name=\"robots\" content=\"index, follow, max-snippet:-1, max-image-preview:large, max-video-preview:-1\" \/>\n<link rel=\"canonical\" href=\"https:\/\/durres.gov.al\/en\/anetaret-e-keshillit-bashkiak\/\" \/>\n<meta property=\"og:locale\" content=\"en_US\" \/>\n<meta property=\"og:type\" content=\"article\" \/>\n<meta property=\"og:title\" content=\"An\u00ebtar\u00ebt e k\u00ebshillit bashkiak - Bashkia Durr\u00ebs\" \/>\n<meta property=\"og:description\" content=\"1 ARDIAN MIHAL MUKA +355682036020 amuka@transpedmuka.al 2 EDLIRA TAHIR SHEMSI +355692389655 edliraharizi@hotmail.com 3 LUAN RAMAZAN NEZHA +355698553777 luannezha@yahoo.com 4 KONTJANA VASIL KU\u00c7I +355697591155 kontjanakuci@yahoo.com 5 DRITAN EQREM BURGIJA +355692099704 dritanburgija@gmail.com 6 ERMAL BUJAR BRAHOLLI +355693106160 ermalbraholli85@gmail.com 7 ZHULJETA HAXHI NGOTA +355695744022 xhulingota@hotmail.com 8 ARLIND KRISTAQ BOSHKU +355672077866 arlindboshku@gmail.com 9 ARJETA ERMIR KE\u00c7I +355692202223 arjeta.keci@gmail.com 10 [&hellip;]\" \/>\n<meta property=\"og:url\" content=\"https:\/\/durres.gov.al\/en\/anetaret-e-keshillit-bashkiak\/\" \/>\n<meta property=\"og:site_name\" content=\"Bashkia Durr\u00ebs\" \/>\n<meta property=\"article:modified_time\" content=\"2026-03-19T09:39:38+00:00\" \/>\n<meta name=\"twitter:card\" content=\"summary_large_image\" \/>\n<meta name=\"twitter:label1\" content=\"Est. reading time\" \/>\n\t<meta name=\"twitter:data1\" content=\"2 minutes\" \/>\n<script type=\"application\/ld+json\" class=\"yoast-schema-graph\">{\"@context\":\"https:\\\/\\\/schema.org\",\"@graph\":[{\"@type\":\"WebPage\",\"@id\":\"https:\\\/\\\/durres.gov.al\\\/en\\\/anetaret-e-keshillit-bashkiak\\\/\",\"url\":\"https:\\\/\\\/durres.gov.al\\\/en\\\/anetaret-e-keshillit-bashkiak\\\/\",\"name\":\"An\u00ebtar\u00ebt e k\u00ebshillit bashkiak - Bashkia Durr\u00ebs\",\"isPartOf\":{\"@id\":\"https:\\\/\\\/durres.gov.al\\\/en\\\/#website\"},\"datePublished\":\"2023-08-05T09:54:04+00:00\",\"dateModified\":\"2026-03-19T09:39:38+00:00\",\"breadcrumb\":{\"@id\":\"https:\\\/\\\/durres.gov.al\\\/en\\\/anetaret-e-keshillit-bashkiak\\\/#breadcrumb\"},\"inLanguage\":\"en-US\",\"potentialAction\":[{\"@type\":\"ReadAction\",\"target\":[\"https:\\\/\\\/durres.gov.al\\\/en\\\/anetaret-e-keshillit-bashkiak\\\/\"]}]},{\"@type\":\"BreadcrumbList\",\"@id\":\"https:\\\/\\\/durres.gov.al\\\/en\\\/anetaret-e-keshillit-bashkiak\\\/#breadcrumb\",\"itemListElement\":[{\"@type\":\"ListItem\",\"position\":1,\"name\":\"Home\",\"item\":\"https:\\\/\\\/durres.gov.al\\\/\"},{\"@type\":\"ListItem\",\"position\":2,\"name\":\"An\u00ebtar\u00ebt e k\u00ebshillit bashkiak\"}]},{\"@type\":\"WebSite\",\"@id\":\"https:\\\/\\\/durres.gov.al\\\/en\\\/#website\",\"url\":\"https:\\\/\\\/durres.gov.al\\\/en\\\/\",\"name\":\"Bashkia Durr\u00ebs\",\"description\":\"Faqja Zyrtare n\u00eb Internet\",\"publisher\":{\"@id\":\"https:\\\/\\\/durres.gov.al\\\/en\\\/#organization\"},\"potentialAction\":[{\"@type\":\"SearchAction\",\"target\":{\"@type\":\"EntryPoint\",\"urlTemplate\":\"https:\\\/\\\/durres.gov.al\\\/en\\\/?s={search_term_string}\"},\"query-input\":{\"@type\":\"PropertyValueSpecification\",\"valueRequired\":true,\"valueName\":\"search_term_string\"}}],\"inLanguage\":\"en-US\"},{\"@type\":\"Organization\",\"@id\":\"https:\\\/\\\/durres.gov.al\\\/en\\\/#organization\",\"name\":\"Bashkia Durr\u00ebs\",\"url\":\"https:\\\/\\\/durres.gov.al\\\/en\\\/\",\"logo\":{\"@type\":\"ImageObject\",\"inLanguage\":\"en-US\",\"@id\":\"https:\\\/\\\/durres.gov.al\\\/en\\\/#\\\/schema\\\/logo\\\/image\\\/\",\"url\":\"https:\\\/\\\/durres.gov.al\\\/wp-content\\\/uploads\\\/2023\\\/01\\\/cropped-logo.png\",\"contentUrl\":\"https:\\\/\\\/durres.gov.al\\\/wp-content\\\/uploads\\\/2023\\\/01\\\/cropped-logo.png\",\"width\":512,\"height\":512,\"caption\":\"Bashkia Durr\u00ebs\"},\"image\":{\"@id\":\"https:\\\/\\\/durres.gov.al\\\/en\\\/#\\\/schema\\\/logo\\\/image\\\/\"}}]}<\/script>\n<!-- \/ Yoast SEO plugin. -->","yoast_head_json":{"title":"An\u00ebtar\u00ebt e k\u00ebshillit bashkiak - Bashkia Durr\u00ebs","robots":{"index":"index","follow":"follow","max-snippet":"max-snippet:-1","max-image-preview":"max-image-preview:large","max-video-preview":"max-video-preview:-1"},"canonical":"https:\/\/durres.gov.al\/en\/anetaret-e-keshillit-bashkiak\/","og_locale":"en_US","og_type":"article","og_title":"An\u00ebtar\u00ebt e k\u00ebshillit bashkiak - Bashkia Durr\u00ebs","og_description":"1 ARDIAN MIHAL MUKA +355682036020 amuka@transpedmuka.al 2 EDLIRA TAHIR SHEMSI +355692389655 edliraharizi@hotmail.com 3 LUAN RAMAZAN NEZHA +355698553777 luannezha@yahoo.com 4 KONTJANA VASIL KU\u00c7I +355697591155 kontjanakuci@yahoo.com 5 DRITAN EQREM BURGIJA +355692099704 dritanburgija@gmail.com 6 ERMAL BUJAR BRAHOLLI +355693106160 ermalbraholli85@gmail.com 7 ZHULJETA HAXHI NGOTA +355695744022 xhulingota@hotmail.com 8 ARLIND KRISTAQ BOSHKU +355672077866 arlindboshku@gmail.com 9 ARJETA ERMIR KE\u00c7I +355692202223 arjeta.keci@gmail.com 10 [&hellip;]","og_url":"https:\/\/durres.gov.al\/en\/anetaret-e-keshillit-bashkiak\/","og_site_name":"Bashkia Durr\u00ebs","article_modified_time":"2026-03-19T09:39:38+00:00","twitter_card":"summary_large_image","twitter_misc":{"Est. reading time":"2 minutes"},"schema":{"@context":"https:\/\/schema.org","@graph":[{"@type":"WebPage","@id":"https:\/\/durres.gov.al\/en\/anetaret-e-keshillit-bashkiak\/","url":"https:\/\/durres.gov.al\/en\/anetaret-e-keshillit-bashkiak\/","name":"An\u00ebtar\u00ebt e k\u00ebshillit bashkiak - Bashkia Durr\u00ebs","isPartOf":{"@id":"https:\/\/durres.gov.al\/en\/#website"},"datePublished":"2023-08-05T09:54:04+00:00","dateModified":"2026-03-19T09:39:38+00:00","breadcrumb":{"@id":"https:\/\/durres.gov.al\/en\/anetaret-e-keshillit-bashkiak\/#breadcrumb"},"inLanguage":"en-US","potentialAction":[{"@type":"ReadAction","target":["https:\/\/durres.gov.al\/en\/anetaret-e-keshillit-bashkiak\/"]}]},{"@type":"BreadcrumbList","@id":"https:\/\/durres.gov.al\/en\/anetaret-e-keshillit-bashkiak\/#breadcrumb","itemListElement":[{"@type":"ListItem","position":1,"name":"Home","item":"https:\/\/durres.gov.al\/"},{"@type":"ListItem","position":2,"name":"An\u00ebtar\u00ebt e k\u00ebshillit bashkiak"}]},{"@type":"WebSite","@id":"https:\/\/durres.gov.al\/en\/#website","url":"https:\/\/durres.gov.al\/en\/","name":"Municipality of Durr\u00ebs","description":"Faqja Zyrtare n\u00eb Internet","publisher":{"@id":"https:\/\/durres.gov.al\/en\/#organization"},"potentialAction":[{"@type":"SearchAction","target":{"@type":"EntryPoint","urlTemplate":"https:\/\/durres.gov.al\/en\/?s={search_term_string}"},"query-input":{"@type":"PropertyValueSpecification","valueRequired":true,"valueName":"search_term_string"}}],"inLanguage":"en-US"},{"@type":"Organization","@id":"https:\/\/durres.gov.al\/en\/#organization","name":"Municipality of Durr\u00ebs","url":"https:\/\/durres.gov.al\/en\/","logo":{"@type":"ImageObject","inLanguage":"en-US","@id":"https:\/\/durres.gov.al\/en\/#\/schema\/logo\/image\/","url":"https:\/\/durres.gov.al\/wp-content\/uploads\/2023\/01\/cropped-logo.png","contentUrl":"https:\/\/durres.gov.al\/wp-content\/uploads\/2023\/01\/cropped-logo.png","width":512,"height":512,"caption":"Bashkia Durr\u00ebs"},"image":{"@id":"https:\/\/durres.gov.al\/en\/#\/schema\/logo\/image\/"}}]}},"_links":{"self":[{"href":"https:\/\/durres.gov.al\/en\/wp-json\/wp\/v2\/pages\/19546","targetHints":{"allow":["GET"]}}],"collection":[{"href":"https:\/\/durres.gov.al\/en\/wp-json\/wp\/v2\/pages"}],"about":[{"href":"https:\/\/durres.gov.al\/en\/wp-json\/wp\/v2\/types\/page"}],"author":[{"embeddable":true,"href":"https:\/\/durres.gov.al\/en\/wp-json\/wp\/v2\/users\/4"}],"replies":[{"embeddable":true,"href":"https:\/\/durres.gov.al\/en\/wp-json\/wp\/v2\/comments?post=19546"}],"version-history":[{"count":18,"href":"https:\/\/durres.gov.al\/en\/wp-json\/wp\/v2\/pages\/19546\/revisions"}],"predecessor-version":[{"id":28661,"href":"https:\/\/durres.gov.al\/en\/wp-json\/wp\/v2\/pages\/19546\/revisions\/28661"}],"wp:attachment":[{"href":"https:\/\/durres.gov.al\/en\/wp-json\/wp\/v2\/media?parent=19546"}],"curies":[{"name":"wp","href":"https:\/\/api.w.org\/{rel}","templated":true}]}}