{"id":19555,"date":"2023-08-05T10:01:29","date_gmt":"2023-08-05T10:01:29","guid":{"rendered":"https:\/\/durres.gov.al\/?page_id=19555"},"modified":"2026-03-24T15:22:07","modified_gmt":"2026-03-24T14:22:07","slug":"projekt-vendimet-ne-proces-shqyrtimi-nga-keshilli-bashkiak","status":"publish","type":"page","link":"https:\/\/durres.gov.al\/en\/projekt-vendimet-ne-proces-shqyrtimi-nga-keshilli-bashkiak\/","title":{"rendered":"Draft decisions in the process of being reviewed by the municipal council"},"content":{"rendered":"<div data-elementor-type=\"wp-page\" data-elementor-id=\"19555\" class=\"elementor elementor-19555\" data-elementor-post-type=\"page\">\n\t\t\t\t<div class=\"elementor-element elementor-element-ebb1b39 e-con-full e-flex e-con e-parent\" data-id=\"ebb1b39\" data-element_type=\"container\" data-e-type=\"container\">\n\t\t\t\t<div class=\"elementor-element elementor-element-193a8cd elementor-widget elementor-widget-template\" data-id=\"193a8cd\" data-element_type=\"widget\" data-e-type=\"widget\" data-widget_type=\"template.default\">\n\t\t\t\t<div class=\"elementor-widget-container\">\n\t\t\t\t\t\t\t<div class=\"elementor-template\">\n\t\t\t\t\t<div data-elementor-type=\"container\" data-elementor-id=\"25501\" class=\"elementor elementor-25501\" data-elementor-post-type=\"elementor_library\">\n\t\t\t\t<div class=\"elementor-element elementor-element-1648416 e-flex e-con-boxed e-con e-parent\" data-id=\"1648416\" data-element_type=\"container\" data-e-type=\"container\" data-settings=\"{&quot;background_background&quot;:&quot;classic&quot;}\">\n\t\t\t\t\t<div class=\"e-con-inner\">\n\t\t\t\t\t<\/div>\n\t\t\t\t<\/div>\n\t\t\t\t<\/div>\n\t\t\t\t<\/div>\n\t\t\t\t\t\t<\/div>\n\t\t\t\t<\/div>\n\t\t\t\t<\/div>\n\t\t<div class=\"elementor-element elementor-element-75553b9 e-flex e-con-boxed e-con e-parent\" data-id=\"75553b9\" data-element_type=\"container\" data-e-type=\"container\">\n\t\t\t\t\t<div class=\"e-con-inner\">\n\t\t<a class=\"elementor-element elementor-element-fcd746f e-con-full e-flex e-con e-child\" data-id=\"fcd746f\" data-element_type=\"container\" data-e-type=\"container\" href=\"https:\/\/durres.gov.al\/en\/images\/keshilli-bashkiak\/rregulloret\/Rregullore__Pr_Ngritjen_Funksionimin_Dhe_Ndrveprimin_E_Strukturave_Komunitare_N_Bashki.pdf\/\">\n\t\t\t\t<div class=\"elementor-element elementor-element-afbdb3e elementor-position-inline-start elementor-mobile-position-inline-start elementor-view-default elementor-widget elementor-widget-icon-box\" data-id=\"afbdb3e\" data-element_type=\"widget\" data-e-type=\"widget\" data-widget_type=\"icon-box.default\">\n\t\t\t\t<div class=\"elementor-widget-container\">\n\t\t\t\t\t\t\t<div class=\"elementor-icon-box-wrapper\">\n\n\t\t\t\t\t\t<div class=\"elementor-icon-box-icon\">\n\t\t\t\t<span  class=\"elementor-icon\">\n\t\t\t\t<i aria-hidden=\"true\" class=\"fas fa-file-pdf\"><\/i>\t\t\t\t<\/span>\n\t\t\t<\/div>\n\t\t\t\n\t\t\t\t\t\t<div class=\"elementor-icon-box-content\">\n\n\t\t\t\t\n\t\t\t\t\t\t\t\t\t<p class=\"elementor-icon-box-description\">\n\t\t\t\t\t\tRegulation on the Establishment, Functioning, and Interaction of Community Structures in the Municipality\t\t\t\t\t<\/p>\n\t\t\t\t\n\t\t\t<\/div>\n\t\t\t\n\t\t<\/div>\n\t\t\t\t\t\t<\/div>\n\t\t\t\t<\/div>\n\t\t\t\t<\/a>\n\t\t<div class=\"elementor-element elementor-element-d796601 e-con-full e-flex e-con e-child\" data-id=\"d796601\" data-element_type=\"container\" data-e-type=\"container\">\n\t\t\t\t<div class=\"elementor-element elementor-element-11538fa elementor-position-inline-start elementor-mobile-position-inline-start elementor-view-default elementor-widget elementor-widget-icon-box\" data-id=\"11538fa\" data-element_type=\"widget\" data-e-type=\"widget\" data-widget_type=\"icon-box.default\">\n\t\t\t\t<div class=\"elementor-widget-container\">\n\t\t\t\t\t\t\t<div class=\"elementor-icon-box-wrapper\">\n\n\t\t\t\t\t\t<div class=\"elementor-icon-box-icon\">\n\t\t\t\t<span  class=\"elementor-icon\">\n\t\t\t\t<i aria-hidden=\"true\" class=\"fas fa-file-pdf\"><\/i>\t\t\t\t<\/span>\n\t\t\t<\/div>\n\t\t\t\n\t\t\t\t\t\t<div class=\"elementor-icon-box-content\">\n\n\t\t\t\t\n\t\t\t\t\t\t\t\t\t<p class=\"elementor-icon-box-description\">\n\t\t\t\t\t\tDraft Decision on the Review and Approval of the Partial List of Undivided Agricultural Land Plots in the Man\u00ebz Administrative Unit, Property of the Municipality of Durr\u00ebs, with a Total Area of 200,610 m\u00b2, Available for Lease\t\t\t\t\t<\/p>\n\t\t\t\t\n\t\t\t<\/div>\n\t\t\t\n\t\t<\/div>\n\t\t\t\t\t\t<\/div>\n\t\t\t\t<\/div>\n\t\t\t\t<\/div>\n\t\t<a class=\"elementor-element elementor-element-c590c49 e-con-full e-flex e-con e-child\" data-id=\"c590c49\" data-element_type=\"container\" data-e-type=\"container\" href=\"https:\/\/durres.gov.al\/en\/images\/konsultim_publik_29062021.pdf\/\">\n\t\t\t\t<div class=\"elementor-element elementor-element-bbeb6f1 elementor-position-inline-start elementor-mobile-position-inline-start elementor-view-default elementor-widget elementor-widget-icon-box\" data-id=\"bbeb6f1\" data-element_type=\"widget\" data-e-type=\"widget\" data-widget_type=\"icon-box.default\">\n\t\t\t\t<div class=\"elementor-widget-container\">\n\t\t\t\t\t\t\t<div class=\"elementor-icon-box-wrapper\">\n\n\t\t\t\t\t\t<div class=\"elementor-icon-box-icon\">\n\t\t\t\t<span  class=\"elementor-icon\">\n\t\t\t\t<i aria-hidden=\"true\" class=\"fas fa-file-pdf\"><\/i>\t\t\t\t<\/span>\n\t\t\t<\/div>\n\t\t\t\n\t\t\t\t\t\t<div class=\"elementor-icon-box-content\">\n\n\t\t\t\t\n\t\t\t\t\t\t\t\t\t<p class=\"elementor-icon-box-description\">\n\t\t\t\t\t\tDraft Decision on an Amendment to Council Decision No. 127, dated 24.12.2020, \u201cOn the System of Local Taxes and Fees in the City of Durr\u00ebs for 2021,\u201d Regarding the Use of Gyms in Nine-Year and Secondary Education Schools for Sports Activities After School Hours and on Non-School Days\t\t\t\t\t<\/p>\n\t\t\t\t\n\t\t\t<\/div>\n\t\t\t\n\t\t<\/div>\n\t\t\t\t\t\t<\/div>\n\t\t\t\t<\/div>\n\t\t\t\t<\/a>\n\t\t<a class=\"elementor-element elementor-element-97a8347 e-con-full e-flex e-con e-child\" data-id=\"97a8347\" data-element_type=\"container\" data-e-type=\"container\" href=\"https:\/\/durres.gov.al\/en\/images\/26_07_Per_konsultim_publik_P_v_Relacion_tarife_uji.pdf\/\">\n\t\t\t\t<div class=\"elementor-element elementor-element-13301c5 elementor-position-inline-start elementor-mobile-position-inline-start elementor-view-default elementor-widget elementor-widget-icon-box\" data-id=\"13301c5\" data-element_type=\"widget\" data-e-type=\"widget\" data-widget_type=\"icon-box.default\">\n\t\t\t\t<div class=\"elementor-widget-container\">\n\t\t\t\t\t\t\t<div class=\"elementor-icon-box-wrapper\">\n\n\t\t\t\t\t\t<div class=\"elementor-icon-box-icon\">\n\t\t\t\t<span  class=\"elementor-icon\">\n\t\t\t\t<i aria-hidden=\"true\" class=\"fas fa-file-pdf\"><\/i>\t\t\t\t<\/span>\n\t\t\t<\/div>\n\t\t\t\n\t\t\t\t\t\t<div class=\"elementor-icon-box-content\">\n\n\t\t\t\t\n\t\t\t\t\t\t\t\t\t<p class=\"elementor-icon-box-description\">\n\t\t\t\t\t\tDraft decision for an addition to VKB no. 127, dated 24.12.2020 \"On the system of local taxes and fees in the city of Durr\u00ebs for 2021\" regarding the approval of the water tariff for irrigation\t\t\t\t\t<\/p>\n\t\t\t\t\n\t\t\t<\/div>\n\t\t\t\n\t\t<\/div>\n\t\t\t\t\t\t<\/div>\n\t\t\t\t<\/div>\n\t\t\t\t<\/a>\n\t\t<a class=\"elementor-element elementor-element-ecd2c99 e-con-full e-flex e-con e-child\" data-id=\"ecd2c99\" data-element_type=\"container\" data-e-type=\"container\" href=\"https:\/\/durres.gov.al\/en\/images\/26_07_Per_konsultim_publik_P_v_Relacion_tarife_uji.pdf\/\">\n\t\t\t\t<div class=\"elementor-element elementor-element-aedb354 elementor-position-inline-start elementor-mobile-position-inline-start elementor-view-default elementor-widget elementor-widget-icon-box\" data-id=\"aedb354\" data-element_type=\"widget\" data-e-type=\"widget\" data-widget_type=\"icon-box.default\">\n\t\t\t\t<div class=\"elementor-widget-container\">\n\t\t\t\t\t\t\t<div class=\"elementor-icon-box-wrapper\">\n\n\t\t\t\t\t\t<div class=\"elementor-icon-box-icon\">\n\t\t\t\t<span  class=\"elementor-icon\">\n\t\t\t\t<i aria-hidden=\"true\" class=\"fas fa-file-pdf\"><\/i>\t\t\t\t<\/span>\n\t\t\t<\/div>\n\t\t\t\n\t\t\t\t\t\t<div class=\"elementor-icon-box-content\">\n\n\t\t\t\t\n\t\t\t\t\t\t\t\t\t<p class=\"elementor-icon-box-description\">\n\t\t\t\t\t\tDraft decision for the approval of the granting for use, without compensation, to the Regional Pre-University Educational Directorate of Durr\u00ebs, of the premises with a construction area of \u200b\u200b199 m2 and a functional area of \u200b\u200b21.4 m2, located on the first floor of the \"Jan Kukuzeli\" school, property of the Municipality of Durr\u00ebs, for a period of 1 year, with the right of renewal, to be used for the administration of this directorate\t\t\t\t\t<\/p>\n\t\t\t\t\n\t\t\t<\/div>\n\t\t\t\n\t\t<\/div>\n\t\t\t\t\t\t<\/div>\n\t\t\t\t<\/div>\n\t\t\t\t<\/a>\n\t\t<a class=\"elementor-element elementor-element-a1d38f5 e-con-full e-flex e-con e-child\" data-id=\"a1d38f5\" data-element_type=\"container\" data-e-type=\"container\" href=\"https:\/\/durres.gov.al\/en\/images\/Per_konsultim_publik_Pv_dhe_Relacion_tarife_uji.pdf\/\">\n\t\t\t\t<div class=\"elementor-element elementor-element-a8a5b00 elementor-position-inline-start elementor-mobile-position-inline-start elementor-view-default elementor-widget elementor-widget-icon-box\" data-id=\"a8a5b00\" data-element_type=\"widget\" data-e-type=\"widget\" data-widget_type=\"icon-box.default\">\n\t\t\t\t<div class=\"elementor-widget-container\">\n\t\t\t\t\t\t\t<div class=\"elementor-icon-box-wrapper\">\n\n\t\t\t\t\t\t<div class=\"elementor-icon-box-icon\">\n\t\t\t\t<span  class=\"elementor-icon\">\n\t\t\t\t<i aria-hidden=\"true\" class=\"fas fa-file-pdf\"><\/i>\t\t\t\t<\/span>\n\t\t\t<\/div>\n\t\t\t\n\t\t\t\t\t\t<div class=\"elementor-icon-box-content\">\n\n\t\t\t\t\n\t\t\t\t\t\t\t\t\t<p class=\"elementor-icon-box-description\">\n\t\t\t\t\t\tDraft decision \u201cOn some additions and amendments to VKB 104, dated 31.08.2021 \u201cOn an addition to VKB no. 127, dated 24.12.2020 \u201cOn the system of local taxes and fees in the city of Durr\u00ebs for 2021\u201d regarding the approval of the water tariff for irrigation\u201d\t\t\t\t\t<\/p>\n\t\t\t\t\n\t\t\t<\/div>\n\t\t\t\n\t\t<\/div>\n\t\t\t\t\t\t<\/div>\n\t\t\t\t<\/div>\n\t\t\t\t<\/a>\n\t\t<a class=\"elementor-element elementor-element-ddf6728 e-con-full e-flex e-con e-child\" data-id=\"ddf6728\" data-element_type=\"container\" data-e-type=\"container\" href=\"https:\/\/durres.gov.al\/en\/images\/Per_konsultim_publik_Pv_palestra.pdf\/\">\n\t\t\t\t<div class=\"elementor-element elementor-element-f766fc5 elementor-position-inline-start elementor-mobile-position-inline-start elementor-view-default elementor-widget elementor-widget-icon-box\" data-id=\"f766fc5\" data-element_type=\"widget\" data-e-type=\"widget\" data-widget_type=\"icon-box.default\">\n\t\t\t\t<div class=\"elementor-widget-container\">\n\t\t\t\t\t\t\t<div class=\"elementor-icon-box-wrapper\">\n\n\t\t\t\t\t\t<div class=\"elementor-icon-box-icon\">\n\t\t\t\t<span  class=\"elementor-icon\">\n\t\t\t\t<i aria-hidden=\"true\" class=\"fas fa-file-pdf\"><\/i>\t\t\t\t<\/span>\n\t\t\t<\/div>\n\t\t\t\n\t\t\t\t\t\t<div class=\"elementor-icon-box-content\">\n\n\t\t\t\t\n\t\t\t\t\t\t\t\t\t<p class=\"elementor-icon-box-description\">\n\t\t\t\t\t\tDraft decision \"On the approval of the use, against a fee, of gyms of 9-year and secondary schools for the development of sports activities after the curriculum and on holidays\"\t\t\t\t\t<\/p>\n\t\t\t\t\n\t\t\t<\/div>\n\t\t\t\n\t\t<\/div>\n\t\t\t\t\t\t<\/div>\n\t\t\t\t<\/div>\n\t\t\t\t<\/a>\n\t\t<a class=\"elementor-element elementor-element-fb129ca e-con-full e-flex e-con e-child\" data-id=\"fb129ca\" data-element_type=\"container\" data-e-type=\"container\" href=\"https:\/\/durres.gov.al\/en\/images\/Relacion_perdorimi_i_palestrave_shkolla_qender_komunitare_1.pdf\/\">\n\t\t\t\t<div class=\"elementor-element elementor-element-5d0620b elementor-position-inline-start elementor-mobile-position-inline-start elementor-view-default elementor-widget elementor-widget-icon-box\" data-id=\"5d0620b\" data-element_type=\"widget\" data-e-type=\"widget\" data-widget_type=\"icon-box.default\">\n\t\t\t\t<div class=\"elementor-widget-container\">\n\t\t\t\t\t\t\t<div class=\"elementor-icon-box-wrapper\">\n\n\t\t\t\t\t\t<div class=\"elementor-icon-box-icon\">\n\t\t\t\t<span  class=\"elementor-icon\">\n\t\t\t\t<i aria-hidden=\"true\" class=\"fas fa-file-pdf\"><\/i>\t\t\t\t<\/span>\n\t\t\t<\/div>\n\t\t\t\n\t\t\t\t\t\t<div class=\"elementor-icon-box-content\">\n\n\t\t\t\t\n\t\t\t\t\t\t\t\t\t<p class=\"elementor-icon-box-description\">\n\t\t\t\t\t\tReport on the approval of the \"Community Center School\" project and the use, against a fee, of gyms in 9-year and secondary schools, for the development of sports activities after the curriculum and on holidays.\t\t\t\t\t<\/p>\n\t\t\t\t\n\t\t\t<\/div>\n\t\t\t\n\t\t<\/div>\n\t\t\t\t\t\t<\/div>\n\t\t\t\t<\/div>\n\t\t\t\t<\/a>\n\t\t<a class=\"elementor-element elementor-element-db001a9 e-con-full e-flex e-con e-child\" data-id=\"db001a9\" data-element_type=\"container\" data-e-type=\"container\" href=\"https:\/\/durres.gov.al\/en\/images\/Per_konsultim_publik_Pv__komiteti.pdf\/\">\n\t\t\t\t<div class=\"elementor-element elementor-element-a9dc281 elementor-position-inline-start elementor-mobile-position-inline-start elementor-view-default elementor-widget elementor-widget-icon-box\" data-id=\"a9dc281\" data-element_type=\"widget\" data-e-type=\"widget\" data-widget_type=\"icon-box.default\">\n\t\t\t\t<div class=\"elementor-widget-container\">\n\t\t\t\t\t\t\t<div class=\"elementor-icon-box-wrapper\">\n\n\t\t\t\t\t\t<div class=\"elementor-icon-box-icon\">\n\t\t\t\t<span  class=\"elementor-icon\">\n\t\t\t\t<i aria-hidden=\"true\" class=\"fas fa-file-pdf\"><\/i>\t\t\t\t<\/span>\n\t\t\t<\/div>\n\t\t\t\n\t\t\t\t\t\t<div class=\"elementor-icon-box-content\">\n\n\t\t\t\t\n\t\t\t\t\t\t\t\t\t<p class=\"elementor-icon-box-description\">\n\t\t\t\t\t\tDraft decision on the approval of the establishment, composition and functioning of the technical consultative council at the municipality of Durr\u00ebs\t\t\t\t\t<\/p>\n\t\t\t\t\n\t\t\t<\/div>\n\t\t\t\n\t\t<\/div>\n\t\t\t\t\t\t<\/div>\n\t\t\t\t<\/div>\n\t\t\t\t<\/a>\n\t\t\t\t\t<\/div>\n\t\t\t\t<\/div>\n\t\t\t\t<\/div>","protected":false},"excerpt":{"rendered":"<p>Rregullore p\u00ebr Ngritjen, Funksionimin Dhe Nd\u00ebrveprimin e Strukturave Komunitare n\u00eb Bashki Projektvendim p\u00ebr shqyrtimin dhe miratimin e list\u00ebs s\u00eb pjes\u00ebshme t\u00eb sip\u00ebrfaqeve t\u00eb tokave bujq\u00ebsore t\u00eb pandara n\u00eb nj\u00ebsin\u00eb administrative Man\u00ebz, pron\u00eb e Bashkis\u00eb Durr\u00ebs, me sip\u00ebrfaqe totale 200610 m\u00b2, q\u00eb mund t\u00eb jepen me qira. Projektvendim p\u00ebr nj\u00eb ndryshim n\u00eb VKB 127, dat\u00eb 24.12.2020 [&hellip;]<\/p>\n","protected":false},"author":4,"featured_media":0,"parent":0,"menu_order":0,"comment_status":"closed","ping_status":"closed","template":"","meta":{"_acf_changed":false,"footnotes":""},"class_list":["post-19555","page","type-page","status-publish","hentry"],"acf":[],"yoast_head":"<!-- This site is optimized with the Yoast SEO plugin v27.4 - https:\/\/yoast.com\/product\/yoast-seo-wordpress\/ -->\n<title>Projekt-vendimet n\u00eb pro\u00e7es shqyrtimi nga keshilli bashkiak - Bashkia Durr\u00ebs<\/title>\n<meta name=\"robots\" content=\"index, follow, max-snippet:-1, max-image-preview:large, max-video-preview:-1\" \/>\n<link rel=\"canonical\" href=\"https:\/\/durres.gov.al\/en\/projekt-vendimet-ne-proces-shqyrtimi-nga-keshilli-bashkiak\/\" \/>\n<meta property=\"og:locale\" content=\"en_US\" \/>\n<meta property=\"og:type\" content=\"article\" \/>\n<meta property=\"og:title\" content=\"Projekt-vendimet n\u00eb pro\u00e7es shqyrtimi nga keshilli bashkiak - Bashkia Durr\u00ebs\" \/>\n<meta property=\"og:description\" content=\"Rregullore p\u00ebr Ngritjen, Funksionimin Dhe Nd\u00ebrveprimin e Strukturave Komunitare n\u00eb Bashki Projektvendim p\u00ebr shqyrtimin dhe miratimin e list\u00ebs s\u00eb pjes\u00ebshme t\u00eb sip\u00ebrfaqeve t\u00eb tokave bujq\u00ebsore t\u00eb pandara n\u00eb nj\u00ebsin\u00eb administrative Man\u00ebz, pron\u00eb e Bashkis\u00eb Durr\u00ebs, me sip\u00ebrfaqe totale 200610 m\u00b2, q\u00eb mund t\u00eb jepen me qira. Projektvendim p\u00ebr nj\u00eb ndryshim n\u00eb VKB 127, dat\u00eb 24.12.2020 [&hellip;]\" \/>\n<meta property=\"og:url\" content=\"https:\/\/durres.gov.al\/en\/projekt-vendimet-ne-proces-shqyrtimi-nga-keshilli-bashkiak\/\" \/>\n<meta property=\"og:site_name\" content=\"Bashkia Durr\u00ebs\" \/>\n<meta property=\"article:modified_time\" content=\"2026-03-24T14:22:07+00:00\" \/>\n<meta name=\"twitter:card\" content=\"summary_large_image\" \/>\n<meta name=\"twitter:label1\" content=\"Est. reading time\" \/>\n\t<meta name=\"twitter:data1\" content=\"2 minutes\" \/>\n<script type=\"application\/ld+json\" class=\"yoast-schema-graph\">{\"@context\":\"https:\\\/\\\/schema.org\",\"@graph\":[{\"@type\":\"WebPage\",\"@id\":\"https:\\\/\\\/durres.gov.al\\\/en\\\/projekt-vendimet-ne-proces-shqyrtimi-nga-keshilli-bashkiak\\\/\",\"url\":\"https:\\\/\\\/durres.gov.al\\\/en\\\/projekt-vendimet-ne-proces-shqyrtimi-nga-keshilli-bashkiak\\\/\",\"name\":\"Projekt-vendimet n\u00eb pro\u00e7es shqyrtimi nga keshilli bashkiak - Bashkia Durr\u00ebs\",\"isPartOf\":{\"@id\":\"https:\\\/\\\/durres.gov.al\\\/en\\\/#website\"},\"datePublished\":\"2023-08-05T10:01:29+00:00\",\"dateModified\":\"2026-03-24T14:22:07+00:00\",\"breadcrumb\":{\"@id\":\"https:\\\/\\\/durres.gov.al\\\/en\\\/projekt-vendimet-ne-proces-shqyrtimi-nga-keshilli-bashkiak\\\/#breadcrumb\"},\"inLanguage\":\"en-US\",\"potentialAction\":[{\"@type\":\"ReadAction\",\"target\":[\"https:\\\/\\\/durres.gov.al\\\/en\\\/projekt-vendimet-ne-proces-shqyrtimi-nga-keshilli-bashkiak\\\/\"]}]},{\"@type\":\"BreadcrumbList\",\"@id\":\"https:\\\/\\\/durres.gov.al\\\/en\\\/projekt-vendimet-ne-proces-shqyrtimi-nga-keshilli-bashkiak\\\/#breadcrumb\",\"itemListElement\":[{\"@type\":\"ListItem\",\"position\":1,\"name\":\"Home\",\"item\":\"https:\\\/\\\/durres.gov.al\\\/\"},{\"@type\":\"ListItem\",\"position\":2,\"name\":\"Projekt-vendimet n\u00eb pro\u00e7es shqyrtimi nga keshilli bashkiak\"}]},{\"@type\":\"WebSite\",\"@id\":\"https:\\\/\\\/durres.gov.al\\\/en\\\/#website\",\"url\":\"https:\\\/\\\/durres.gov.al\\\/en\\\/\",\"name\":\"Bashkia Durr\u00ebs\",\"description\":\"Faqja Zyrtare n\u00eb Internet\",\"publisher\":{\"@id\":\"https:\\\/\\\/durres.gov.al\\\/en\\\/#organization\"},\"potentialAction\":[{\"@type\":\"SearchAction\",\"target\":{\"@type\":\"EntryPoint\",\"urlTemplate\":\"https:\\\/\\\/durres.gov.al\\\/en\\\/?s={search_term_string}\"},\"query-input\":{\"@type\":\"PropertyValueSpecification\",\"valueRequired\":true,\"valueName\":\"search_term_string\"}}],\"inLanguage\":\"en-US\"},{\"@type\":\"Organization\",\"@id\":\"https:\\\/\\\/durres.gov.al\\\/en\\\/#organization\",\"name\":\"Bashkia Durr\u00ebs\",\"url\":\"https:\\\/\\\/durres.gov.al\\\/en\\\/\",\"logo\":{\"@type\":\"ImageObject\",\"inLanguage\":\"en-US\",\"@id\":\"https:\\\/\\\/durres.gov.al\\\/en\\\/#\\\/schema\\\/logo\\\/image\\\/\",\"url\":\"https:\\\/\\\/durres.gov.al\\\/wp-content\\\/uploads\\\/2023\\\/01\\\/cropped-logo.png\",\"contentUrl\":\"https:\\\/\\\/durres.gov.al\\\/wp-content\\\/uploads\\\/2023\\\/01\\\/cropped-logo.png\",\"width\":512,\"height\":512,\"caption\":\"Bashkia Durr\u00ebs\"},\"image\":{\"@id\":\"https:\\\/\\\/durres.gov.al\\\/en\\\/#\\\/schema\\\/logo\\\/image\\\/\"}}]}<\/script>\n<!-- \/ Yoast SEO plugin. -->","yoast_head_json":{"title":"Projekt-vendimet n\u00eb pro\u00e7es shqyrtimi nga keshilli bashkiak - Bashkia Durr\u00ebs","robots":{"index":"index","follow":"follow","max-snippet":"max-snippet:-1","max-image-preview":"max-image-preview:large","max-video-preview":"max-video-preview:-1"},"canonical":"https:\/\/durres.gov.al\/en\/projekt-vendimet-ne-proces-shqyrtimi-nga-keshilli-bashkiak\/","og_locale":"en_US","og_type":"article","og_title":"Projekt-vendimet n\u00eb pro\u00e7es shqyrtimi nga keshilli bashkiak - Bashkia Durr\u00ebs","og_description":"Rregullore p\u00ebr Ngritjen, Funksionimin Dhe Nd\u00ebrveprimin e Strukturave Komunitare n\u00eb Bashki Projektvendim p\u00ebr shqyrtimin dhe miratimin e list\u00ebs s\u00eb pjes\u00ebshme t\u00eb sip\u00ebrfaqeve t\u00eb tokave bujq\u00ebsore t\u00eb pandara n\u00eb nj\u00ebsin\u00eb administrative Man\u00ebz, pron\u00eb e Bashkis\u00eb Durr\u00ebs, me sip\u00ebrfaqe totale 200610 m\u00b2, q\u00eb mund t\u00eb jepen me qira. Projektvendim p\u00ebr nj\u00eb ndryshim n\u00eb VKB 127, dat\u00eb 24.12.2020 [&hellip;]","og_url":"https:\/\/durres.gov.al\/en\/projekt-vendimet-ne-proces-shqyrtimi-nga-keshilli-bashkiak\/","og_site_name":"Bashkia Durr\u00ebs","article_modified_time":"2026-03-24T14:22:07+00:00","twitter_card":"summary_large_image","twitter_misc":{"Est. reading time":"2 minutes"},"schema":{"@context":"https:\/\/schema.org","@graph":[{"@type":"WebPage","@id":"https:\/\/durres.gov.al\/en\/projekt-vendimet-ne-proces-shqyrtimi-nga-keshilli-bashkiak\/","url":"https:\/\/durres.gov.al\/en\/projekt-vendimet-ne-proces-shqyrtimi-nga-keshilli-bashkiak\/","name":"Projekt-vendimet n\u00eb pro\u00e7es shqyrtimi nga keshilli bashkiak - Bashkia Durr\u00ebs","isPartOf":{"@id":"https:\/\/durres.gov.al\/en\/#website"},"datePublished":"2023-08-05T10:01:29+00:00","dateModified":"2026-03-24T14:22:07+00:00","breadcrumb":{"@id":"https:\/\/durres.gov.al\/en\/projekt-vendimet-ne-proces-shqyrtimi-nga-keshilli-bashkiak\/#breadcrumb"},"inLanguage":"en-US","potentialAction":[{"@type":"ReadAction","target":["https:\/\/durres.gov.al\/en\/projekt-vendimet-ne-proces-shqyrtimi-nga-keshilli-bashkiak\/"]}]},{"@type":"BreadcrumbList","@id":"https:\/\/durres.gov.al\/en\/projekt-vendimet-ne-proces-shqyrtimi-nga-keshilli-bashkiak\/#breadcrumb","itemListElement":[{"@type":"ListItem","position":1,"name":"Home","item":"https:\/\/durres.gov.al\/"},{"@type":"ListItem","position":2,"name":"Projekt-vendimet n\u00eb pro\u00e7es shqyrtimi nga keshilli bashkiak"}]},{"@type":"WebSite","@id":"https:\/\/durres.gov.al\/en\/#website","url":"https:\/\/durres.gov.al\/en\/","name":"Municipality of Durr\u00ebs","description":"Faqja Zyrtare n\u00eb Internet","publisher":{"@id":"https:\/\/durres.gov.al\/en\/#organization"},"potentialAction":[{"@type":"SearchAction","target":{"@type":"EntryPoint","urlTemplate":"https:\/\/durres.gov.al\/en\/?s={search_term_string}"},"query-input":{"@type":"PropertyValueSpecification","valueRequired":true,"valueName":"search_term_string"}}],"inLanguage":"en-US"},{"@type":"Organization","@id":"https:\/\/durres.gov.al\/en\/#organization","name":"Municipality of Durr\u00ebs","url":"https:\/\/durres.gov.al\/en\/","logo":{"@type":"ImageObject","inLanguage":"en-US","@id":"https:\/\/durres.gov.al\/en\/#\/schema\/logo\/image\/","url":"https:\/\/durres.gov.al\/wp-content\/uploads\/2023\/01\/cropped-logo.png","contentUrl":"https:\/\/durres.gov.al\/wp-content\/uploads\/2023\/01\/cropped-logo.png","width":512,"height":512,"caption":"Bashkia Durr\u00ebs"},"image":{"@id":"https:\/\/durres.gov.al\/en\/#\/schema\/logo\/image\/"}}]}},"_links":{"self":[{"href":"https:\/\/durres.gov.al\/en\/wp-json\/wp\/v2\/pages\/19555","targetHints":{"allow":["GET"]}}],"collection":[{"href":"https:\/\/durres.gov.al\/en\/wp-json\/wp\/v2\/pages"}],"about":[{"href":"https:\/\/durres.gov.al\/en\/wp-json\/wp\/v2\/types\/page"}],"author":[{"embeddable":true,"href":"https:\/\/durres.gov.al\/en\/wp-json\/wp\/v2\/users\/4"}],"replies":[{"embeddable":true,"href":"https:\/\/durres.gov.al\/en\/wp-json\/wp\/v2\/comments?post=19555"}],"version-history":[{"count":12,"href":"https:\/\/durres.gov.al\/en\/wp-json\/wp\/v2\/pages\/19555\/revisions"}],"predecessor-version":[{"id":29003,"href":"https:\/\/durres.gov.al\/en\/wp-json\/wp\/v2\/pages\/19555\/revisions\/29003"}],"wp:attachment":[{"href":"https:\/\/durres.gov.al\/en\/wp-json\/wp\/v2\/media?parent=19555"}],"curies":[{"name":"wp","href":"https:\/\/api.w.org\/{rel}","templated":true}]}}