{"id":19559,"date":"2023-08-05T10:04:17","date_gmt":"2023-08-05T10:04:17","guid":{"rendered":"https:\/\/durres.gov.al\/?page_id=19559"},"modified":"2026-03-19T15:34:06","modified_gmt":"2026-03-19T14:34:06","slug":"regjistrat-elektronike","status":"publish","type":"page","link":"https:\/\/durres.gov.al\/en\/regjistrat-elektronike\/","title":{"rendered":"Regjistrat elektronike"},"content":{"rendered":"<div data-elementor-type=\"wp-page\" data-elementor-id=\"19559\" class=\"elementor elementor-19559\" data-elementor-post-type=\"page\">\n\t\t\t\t<div class=\"elementor-element elementor-element-9a21861 e-con-full e-flex e-con e-parent\" data-id=\"9a21861\" data-element_type=\"container\" data-e-type=\"container\">\n\t\t\t\t<div class=\"elementor-element elementor-element-cd8444c elementor-widget elementor-widget-template\" data-id=\"cd8444c\" data-element_type=\"widget\" data-e-type=\"widget\" data-widget_type=\"template.default\">\n\t\t\t\t<div class=\"elementor-widget-container\">\n\t\t\t\t\t\t\t<div class=\"elementor-template\">\n\t\t\t\t\t<div data-elementor-type=\"container\" data-elementor-id=\"25501\" class=\"elementor elementor-25501\" data-elementor-post-type=\"elementor_library\">\n\t\t\t\t<div class=\"elementor-element elementor-element-1648416 e-flex e-con-boxed e-con e-parent\" data-id=\"1648416\" data-element_type=\"container\" data-e-type=\"container\" data-settings=\"{&quot;background_background&quot;:&quot;classic&quot;}\">\n\t\t\t\t\t<div class=\"e-con-inner\">\n\t\t\t\t\t<\/div>\n\t\t\t\t<\/div>\n\t\t\t\t<\/div>\n\t\t\t\t<\/div>\n\t\t\t\t\t\t<\/div>\n\t\t\t\t<\/div>\n\t\t\t\t<\/div>\n\t\t<div class=\"elementor-element elementor-element-7818d13 e-flex e-con-boxed e-con e-parent\" data-id=\"7818d13\" data-element_type=\"container\" data-e-type=\"container\">\n\t\t\t\t\t<div class=\"e-con-inner\">\n\t\t\t\t<div class=\"elementor-element elementor-element-4b238112 elementor-widget elementor-widget-text-editor\" data-id=\"4b238112\" data-element_type=\"widget\" data-e-type=\"widget\" data-widget_type=\"text-editor.default\">\n\t\t\t\t<div class=\"elementor-widget-container\">\n\t\t\t\t\t\t\t\t\tREGJISTRI I BRENDSH\u00cbM I PETICIONEVE DHE INICIATIVAVE QYTETARE &#8211; Bashkia Durres\r\nPer kompanine e webit\r\n<iframe src=\"https:\/\/docs.google.com\/spreadsheets\/d\/e\/2PACX-1vSX2eX-Vyf6bq1FkkrpGdwdzTAPeYtVwwc7Sj5-kMGeGQA5Bmlve2RbvymnvRapdQ\/pubhtml?widget=true&amp;headers=false\" width=\"100%,\" height=\"650px\"><\/iframe>\r\n\r\nREGJISTRI I ANKESAVE, K\u00cbRKESAVE DHE V\u00cbREJTJEVE &#8211; BASHKIA DURR\u00cbS\r\nPer kompanine e webit\r\n<iframe src=\"https:\/\/docs.google.com\/spreadsheets\/d\/e\/2PACX-1vQQCN57PFPahTXump9L9pSl4aVG58LjDII2AkunQvf0Ts51HSrfo13N54F0smFHxg\/pubhtml?widget=true&amp;headers=false\" width=\"100%,\" height=\"650px\"><\/iframe>\r\n\r\nREGJISTRI I PROJEKT AKTEVE PER KONSULTIM PUBLIK, TE KESHILLIT BASHKIAK &#8211; BASHKIAK DURR\u00cbS\r\nPer kompanine e webit\r\n<iframe src=\"https:\/\/docs.google.com\/spreadsheets\/d\/e\/2PACX-1vT2Fa18VuKHXdTKWRyBpYkgMzHxlgWpSgmbXk2uFeIHv_rlxWk-QPe36eNftE-d-g\/pubhtml?widget=true&amp;headers=false\" width=\"100%,\" height=\"650px\"><\/iframe>\r\n\r\nPublic Register for the Transparency of the Meetings of the Durr\u00ebs Municipal Council\r\n<iframe src=\"https:\/\/docs.google.com\/spreadsheets\/u\/1\/d\/e\/2PACX-1vRySHsk45pkRUJawYJ8ZV3x96-pR5hpUtG_X4m-gDjfmAwisDCmdd0PbN2WSvAdsw\/pubhtml?widget=true&amp;headers=false\" width=\"100%,\" height=\"650px\"><\/iframe>\t\t\t\t\t\t\t\t<\/div>\n\t\t\t\t<\/div>\n\t\t\t\t\t<\/div>\n\t\t\t\t<\/div>\n\t\t\t\t<\/div>","protected":false},"excerpt":{"rendered":"<p>REGJISTRI I BRENDSH\u00cbM I PETICIONEVE DHE INICIATIVAVE QYTETARE &#8211; Bashkia Durres Per kompanine e webit REGJISTRI I ANKESAVE, K\u00cbRKESAVE DHE V\u00cbREJTJEVE &#8211; BASHKIA DURR\u00cbS Per kompanine e webit REGJISTRI I PROJEKT AKTEVE PER KONSULTIM PUBLIK, TE KESHILLIT BASHKIAK &#8211; BASHKIAK DURR\u00cbS Per kompanine e webit REGJISTRI PUBLIK P\u00cbR TRANSPARENC\u00cbN E MBLEDHJEVE T\u00cb K\u00cbSHILLIT BASHKIAK DURR\u00cbS<\/p>","protected":false},"author":4,"featured_media":0,"parent":0,"menu_order":0,"comment_status":"closed","ping_status":"closed","template":"","meta":{"_acf_changed":false,"rs_blank_template":"","rs_page_bg_color":"","slide_template_v7":"","footnotes":""},"class_list":["post-19559","page","type-page","status-publish","hentry"],"acf":[],"yoast_head":"<!-- This site is optimized with the Yoast SEO plugin v27.3 - https:\/\/yoast.com\/product\/yoast-seo-wordpress\/ -->\n<title>Regjistrat elektronike - Bashkia Durr\u00ebs<\/title>\n<meta name=\"robots\" content=\"index, follow, max-snippet:-1, max-image-preview:large, max-video-preview:-1\" \/>\n<link rel=\"canonical\" href=\"https:\/\/durres.gov.al\/en\/regjistrat-elektronike\/\" \/>\n<meta property=\"og:locale\" content=\"en_US\" \/>\n<meta property=\"og:type\" content=\"article\" \/>\n<meta property=\"og:title\" content=\"Regjistrat elektronike - Bashkia Durr\u00ebs\" \/>\n<meta property=\"og:description\" content=\"REGJISTRI I BRENDSH\u00cbM I PETICIONEVE DHE INICIATIVAVE QYTETARE &#8211; Bashkia Durres Per kompanine e webit REGJISTRI I ANKESAVE, K\u00cbRKESAVE DHE V\u00cbREJTJEVE &#8211; BASHKIA DURR\u00cbS Per kompanine e webit REGJISTRI I PROJEKT AKTEVE PER KONSULTIM PUBLIK, TE KESHILLIT BASHKIAK &#8211; BASHKIAK DURR\u00cbS Per kompanine e webit REGJISTRI PUBLIK P\u00cbR TRANSPARENC\u00cbN E MBLEDHJEVE T\u00cb K\u00cbSHILLIT BASHKIAK DURR\u00cbS\" \/>\n<meta property=\"og:url\" content=\"https:\/\/durres.gov.al\/en\/regjistrat-elektronike\/\" \/>\n<meta property=\"og:site_name\" content=\"Bashkia Durr\u00ebs\" \/>\n<meta property=\"article:modified_time\" content=\"2026-03-19T14:34:06+00:00\" \/>\n<meta name=\"twitter:card\" content=\"summary_large_image\" \/>\n<script type=\"application\/ld+json\" class=\"yoast-schema-graph\">{\"@context\":\"https:\\\/\\\/schema.org\",\"@graph\":[{\"@type\":\"WebPage\",\"@id\":\"https:\\\/\\\/durres.gov.al\\\/regjistrat-elektronike\\\/\",\"url\":\"https:\\\/\\\/durres.gov.al\\\/regjistrat-elektronike\\\/\",\"name\":\"Regjistrat elektronike - Bashkia Durr\u00ebs\",\"isPartOf\":{\"@id\":\"https:\\\/\\\/durres.gov.al\\\/en\\\/#website\"},\"datePublished\":\"2023-08-05T10:04:17+00:00\",\"dateModified\":\"2026-03-19T14:34:06+00:00\",\"breadcrumb\":{\"@id\":\"https:\\\/\\\/durres.gov.al\\\/regjistrat-elektronike\\\/#breadcrumb\"},\"inLanguage\":\"en-US\",\"potentialAction\":[{\"@type\":\"ReadAction\",\"target\":[\"https:\\\/\\\/durres.gov.al\\\/regjistrat-elektronike\\\/\"]}]},{\"@type\":\"BreadcrumbList\",\"@id\":\"https:\\\/\\\/durres.gov.al\\\/regjistrat-elektronike\\\/#breadcrumb\",\"itemListElement\":[{\"@type\":\"ListItem\",\"position\":1,\"name\":\"Home\",\"item\":\"https:\\\/\\\/durres.gov.al\\\/\"},{\"@type\":\"ListItem\",\"position\":2,\"name\":\"Regjistrat elektronike\"}]},{\"@type\":\"WebSite\",\"@id\":\"https:\\\/\\\/durres.gov.al\\\/en\\\/#website\",\"url\":\"https:\\\/\\\/durres.gov.al\\\/en\\\/\",\"name\":\"Bashkia Durr\u00ebs\",\"description\":\"Faqja Zyrtare n\u00eb Internet\",\"publisher\":{\"@id\":\"https:\\\/\\\/durres.gov.al\\\/en\\\/#organization\"},\"potentialAction\":[{\"@type\":\"SearchAction\",\"target\":{\"@type\":\"EntryPoint\",\"urlTemplate\":\"https:\\\/\\\/durres.gov.al\\\/en\\\/?s={search_term_string}\"},\"query-input\":{\"@type\":\"PropertyValueSpecification\",\"valueRequired\":true,\"valueName\":\"search_term_string\"}}],\"inLanguage\":\"en-US\"},{\"@type\":\"Organization\",\"@id\":\"https:\\\/\\\/durres.gov.al\\\/en\\\/#organization\",\"name\":\"Bashkia Durr\u00ebs\",\"url\":\"https:\\\/\\\/durres.gov.al\\\/en\\\/\",\"logo\":{\"@type\":\"ImageObject\",\"inLanguage\":\"en-US\",\"@id\":\"https:\\\/\\\/durres.gov.al\\\/en\\\/#\\\/schema\\\/logo\\\/image\\\/\",\"url\":\"https:\\\/\\\/durres.gov.al\\\/wp-content\\\/uploads\\\/2023\\\/01\\\/cropped-logo.png\",\"contentUrl\":\"https:\\\/\\\/durres.gov.al\\\/wp-content\\\/uploads\\\/2023\\\/01\\\/cropped-logo.png\",\"width\":512,\"height\":512,\"caption\":\"Bashkia Durr\u00ebs\"},\"image\":{\"@id\":\"https:\\\/\\\/durres.gov.al\\\/en\\\/#\\\/schema\\\/logo\\\/image\\\/\"}}]}<\/script>\n<!-- \/ Yoast SEO plugin. -->","yoast_head_json":{"title":"Regjistrat elektronike - Bashkia Durr\u00ebs","robots":{"index":"index","follow":"follow","max-snippet":"max-snippet:-1","max-image-preview":"max-image-preview:large","max-video-preview":"max-video-preview:-1"},"canonical":"https:\/\/durres.gov.al\/en\/regjistrat-elektronike\/","og_locale":"en_US","og_type":"article","og_title":"Regjistrat elektronike - Bashkia Durr\u00ebs","og_description":"REGJISTRI I BRENDSH\u00cbM I PETICIONEVE DHE INICIATIVAVE QYTETARE &#8211; Bashkia Durres Per kompanine e webit REGJISTRI I ANKESAVE, K\u00cbRKESAVE DHE V\u00cbREJTJEVE &#8211; BASHKIA DURR\u00cbS Per kompanine e webit REGJISTRI I PROJEKT AKTEVE PER KONSULTIM PUBLIK, TE KESHILLIT BASHKIAK &#8211; BASHKIAK DURR\u00cbS Per kompanine e webit REGJISTRI PUBLIK P\u00cbR TRANSPARENC\u00cbN E MBLEDHJEVE T\u00cb K\u00cbSHILLIT BASHKIAK DURR\u00cbS","og_url":"https:\/\/durres.gov.al\/en\/regjistrat-elektronike\/","og_site_name":"Bashkia Durr\u00ebs","article_modified_time":"2026-03-19T14:34:06+00:00","twitter_card":"summary_large_image","schema":{"@context":"https:\/\/schema.org","@graph":[{"@type":"WebPage","@id":"https:\/\/durres.gov.al\/regjistrat-elektronike\/","url":"https:\/\/durres.gov.al\/regjistrat-elektronike\/","name":"Regjistrat elektronike - Bashkia Durr\u00ebs","isPartOf":{"@id":"https:\/\/durres.gov.al\/en\/#website"},"datePublished":"2023-08-05T10:04:17+00:00","dateModified":"2026-03-19T14:34:06+00:00","breadcrumb":{"@id":"https:\/\/durres.gov.al\/regjistrat-elektronike\/#breadcrumb"},"inLanguage":"en-US","potentialAction":[{"@type":"ReadAction","target":["https:\/\/durres.gov.al\/regjistrat-elektronike\/"]}]},{"@type":"BreadcrumbList","@id":"https:\/\/durres.gov.al\/regjistrat-elektronike\/#breadcrumb","itemListElement":[{"@type":"ListItem","position":1,"name":"Home","item":"https:\/\/durres.gov.al\/"},{"@type":"ListItem","position":2,"name":"Regjistrat elektronike"}]},{"@type":"WebSite","@id":"https:\/\/durres.gov.al\/en\/#website","url":"https:\/\/durres.gov.al\/en\/","name":"Municipality of Durr\u00ebs","description":"Faqja Zyrtare n\u00eb Internet","publisher":{"@id":"https:\/\/durres.gov.al\/en\/#organization"},"potentialAction":[{"@type":"SearchAction","target":{"@type":"EntryPoint","urlTemplate":"https:\/\/durres.gov.al\/en\/?s={search_term_string}"},"query-input":{"@type":"PropertyValueSpecification","valueRequired":true,"valueName":"search_term_string"}}],"inLanguage":"en-US"},{"@type":"Organization","@id":"https:\/\/durres.gov.al\/en\/#organization","name":"Municipality of Durr\u00ebs","url":"https:\/\/durres.gov.al\/en\/","logo":{"@type":"ImageObject","inLanguage":"en-US","@id":"https:\/\/durres.gov.al\/en\/#\/schema\/logo\/image\/","url":"https:\/\/durres.gov.al\/wp-content\/uploads\/2023\/01\/cropped-logo.png","contentUrl":"https:\/\/durres.gov.al\/wp-content\/uploads\/2023\/01\/cropped-logo.png","width":512,"height":512,"caption":"Bashkia Durr\u00ebs"},"image":{"@id":"https:\/\/durres.gov.al\/en\/#\/schema\/logo\/image\/"}}]}},"_links":{"self":[{"href":"https:\/\/durres.gov.al\/en\/wp-json\/wp\/v2\/pages\/19559","targetHints":{"allow":["GET"]}}],"collection":[{"href":"https:\/\/durres.gov.al\/en\/wp-json\/wp\/v2\/pages"}],"about":[{"href":"https:\/\/durres.gov.al\/en\/wp-json\/wp\/v2\/types\/page"}],"author":[{"embeddable":true,"href":"https:\/\/durres.gov.al\/en\/wp-json\/wp\/v2\/users\/4"}],"replies":[{"embeddable":true,"href":"https:\/\/durres.gov.al\/en\/wp-json\/wp\/v2\/comments?post=19559"}],"version-history":[{"count":3,"href":"https:\/\/durres.gov.al\/en\/wp-json\/wp\/v2\/pages\/19559\/revisions"}],"predecessor-version":[{"id":28912,"href":"https:\/\/durres.gov.al\/en\/wp-json\/wp\/v2\/pages\/19559\/revisions\/28912"}],"wp:attachment":[{"href":"https:\/\/durres.gov.al\/en\/wp-json\/wp\/v2\/media?parent=19559"}],"curies":[{"name":"wp","href":"https:\/\/api.w.org\/{rel}","templated":true}]}}