{"id":19563,"date":"2023-08-05T10:07:07","date_gmt":"2023-08-05T10:07:07","guid":{"rendered":"https:\/\/durres.gov.al\/?page_id=19563"},"modified":"2026-03-19T14:42:39","modified_gmt":"2026-03-19T13:42:39","slug":"procesverbalet-e-mbledhjeve","status":"publish","type":"page","link":"https:\/\/durres.gov.al\/en\/procesverbalet-e-mbledhjeve\/","title":{"rendered":"Minutes of the Meetings"},"content":{"rendered":"<div data-elementor-type=\"wp-page\" data-elementor-id=\"19563\" class=\"elementor elementor-19563\" data-elementor-post-type=\"page\">\n\t\t\t\t<div class=\"elementor-element elementor-element-335b0db e-con-full e-flex e-con e-parent\" data-id=\"335b0db\" data-element_type=\"container\" data-e-type=\"container\">\n\t\t\t\t<div class=\"elementor-element elementor-element-1c4da4d elementor-widget elementor-widget-template\" data-id=\"1c4da4d\" data-element_type=\"widget\" data-e-type=\"widget\" data-widget_type=\"template.default\">\n\t\t\t\t<div class=\"elementor-widget-container\">\n\t\t\t\t\t\t\t<div class=\"elementor-template\">\n\t\t\t\t\t<div data-elementor-type=\"container\" data-elementor-id=\"25501\" class=\"elementor elementor-25501\" data-elementor-post-type=\"elementor_library\">\n\t\t\t\t<div class=\"elementor-element elementor-element-1648416 e-flex e-con-boxed e-con e-parent\" data-id=\"1648416\" data-element_type=\"container\" data-e-type=\"container\" data-settings=\"{&quot;background_background&quot;:&quot;classic&quot;}\">\n\t\t\t\t\t<div class=\"e-con-inner\">\n\t\t\t\t\t<\/div>\n\t\t\t\t<\/div>\n\t\t\t\t<\/div>\n\t\t\t\t<\/div>\n\t\t\t\t\t\t<\/div>\n\t\t\t\t<\/div>\n\t\t\t\t<\/div>\n\t\t<div class=\"elementor-element elementor-element-fbefb43 e-flex e-con-boxed e-con e-parent\" data-id=\"fbefb43\" data-element_type=\"container\" data-e-type=\"container\">\n\t\t\t\t\t<div class=\"e-con-inner\">\n\t\t\t\t<div class=\"elementor-element elementor-element-b308fac elementor-widget elementor-widget-n-accordion\" data-id=\"b308fac\" data-element_type=\"widget\" data-e-type=\"widget\" data-settings=\"{&quot;default_state&quot;:&quot;expanded&quot;,&quot;max_items_expended&quot;:&quot;one&quot;,&quot;n_accordion_animation_duration&quot;:{&quot;unit&quot;:&quot;ms&quot;,&quot;size&quot;:400,&quot;sizes&quot;:[]}}\" data-widget_type=\"nested-accordion.default\">\n\t\t\t\t<div class=\"elementor-widget-container\">\n\t\t\t\t\t\t\t<div class=\"e-n-accordion\" aria-label=\"Accordion. Open links with Enter or Space, close with Escape, and navigate with Arrow Keys\">\n\t\t\t\t\t\t<details id=\"e-n-accordion-item-1870\" class=\"e-n-accordion-item\" open>\n\t\t\t\t<summary class=\"e-n-accordion-item-title\" data-accordion-index=\"1\" tabindex=\"0\" aria-expanded=\"true\" aria-controls=\"e-n-accordion-item-1870\" >\n\t\t\t\t\t<span class='e-n-accordion-item-title-header'><div class=\"e-n-accordion-item-title-text\"> Minutes of the Municipal Council Meetings (MC) <\/div><\/span>\n\t\t\t\t\t\t\t<span class='e-n-accordion-item-title-icon'>\n\t\t\t<span class='e-opened' ><i aria-hidden=\"true\" class=\"fas fa-minus\"><\/i><\/span>\n\t\t\t<span class='e-closed'><i aria-hidden=\"true\" class=\"fas fa-plus\"><\/i><\/span>\n\t\t<\/span>\n\n\t\t\t\t\t\t<\/summary>\n\t\t\t\t<div role=\"region\" aria-labelledby=\"e-n-accordion-item-1870\" class=\"elementor-element elementor-element-a05e89f e-con-full e-flex e-con e-child\" data-id=\"a05e89f\" data-element_type=\"container\" data-e-type=\"container\" data-settings=\"{&quot;background_background&quot;:&quot;classic&quot;}\">\n\t\t\t\t<div class=\"elementor-element elementor-element-7ca3f0e elementor-widget elementor-widget-text-editor\" data-id=\"7ca3f0e\" data-element_type=\"widget\" data-e-type=\"widget\" data-widget_type=\"text-editor.default\">\n\t\t\t\t<div class=\"elementor-widget-container\">\n\t\t\t\t\t\t\t\t\t<ul><li><a href=\"https:\/\/durres.gov.al\/en\/images\/keshilli-bashkiak\/procesverbale-mbledhje-kb\/Procesverbal%20nr.23.......14.12..2022.docx\/\">\u00a0Minutes of the Plenary Meeting of the Municipal Council, dated 14.12.2022<\/a><\/li><li><a href=\"https:\/\/durres.gov.al\/en\/images\/keshilli-bashkiak\/procesverbale-mbledhje-kb\/Procesverbal%20nr.22........24.11.2022.docx\/\">Minutes of the Plenary Meeting of the Municipal Council, dated 24.11.2022<\/a><\/li><li><a href=\"https:\/\/durres.gov.al\/en\/images\/keshilli-bashkiak\/procesverbale-mbledhje-kb\/Procesverbal%20nr.21.1.....14.11.2022.docx\/\">Minutes of the Plenary Meeting of the Municipal Council, dated 14.11.2022<\/a><\/li><li><a href=\"https:\/\/durres.gov.al\/en\/images\/keshilli-bashkiak\/procesverbale-mbledhje-kb\/Procesverbal%20nr.21........11.11.2022.docx\/\">Minutes of the Plenary Meeting of the Municipal Council, dated 11.11.2022<\/a><\/li><li><a href=\"https:\/\/durres.gov.al\/en\/images\/keshilli-bashkiak\/procesverbale-mbledhje-kb\/Procesverbal%20nr.20........27.10.2022.docx\/\">\u00a0Minutes of the Plenary Meeting of the Municipal Council, dated 27.10.2022<\/a><\/li><li><a href=\"https:\/\/durres.gov.al\/en\/images\/keshilli-bashkiak\/procesverbale-mbledhje-kb\/Procesverbal%20nr.19........19.10.2022.docx\/\">\u00a0Minutes of the Plenary Meeting of the Municipal Council, dated 19.10.2022<\/a><\/li><li><a href=\"https:\/\/durres.gov.al\/en\/images\/keshilli-bashkiak\/procesverbale-mbledhje-kb\/Procesverbal%20nr.18........29.09.2022.docx\/\">\u00a0Minutes of the Plenary Meeting of the Municipal Council, dated 29.09.2022<\/a><\/li><li><a href=\"https:\/\/durres.gov.al\/en\/images\/keshilli-bashkiak\/procesverbale-mbledhje-Procesverbal_nr1706092022.pdf\/\" target=\"_blank\" rel=\"noopener noreferrer\">\u00a0Minutes of the Plenary Meeting of the Municipal Council, dated 06.09.2022<\/a><\/li><li><a href=\"https:\/\/durres.gov.al\/en\/images\/keshilli-bashkiak\/procesverbale-mbledhje-kb\/Procesverbal_nr1602082022.pdf\/\" target=\"_blank\" rel=\"noopener noreferrer\">Minutes of the Plenary Meeting of the Municipal Council, dated 02.08.2022<\/a><\/li><li><a href=\"https:\/\/durres.gov.al\/en\/images\/keshilli-bashkiak\/procesverbale-mbledhje-kb\/Procesverbal_nr1526072022.pdf\/\" target=\"_blank\" rel=\"noopener noreferrer\">Minutes of the Plenary Meeting of the Municipal Council, dated 26.07.2022<\/a><\/li><li><a href=\"https:\/\/durres.gov.al\/en\/images\/keshilli-bashkiak\/procesverbale-mbledhje-kb\/Procesverbal_nr1412072022.pdf\/\" target=\"_blank\" rel=\"noopener noreferrer\">Minutes of the Plenary Meeting of the Municipal Council, dated 12.07.2022<\/a><\/li><li><a href=\"https:\/\/durres.gov.al\/en\/images\/keshilli-bashkiak\/procesverbale-mbledhje-kb\/Procesverbal_nr1328062022.pdf\/\" target=\"_blank\" rel=\"noopener noreferrer\">Minutes of the Plenary Meeting of the Municipal Council, dated 26.06.2022<\/a><\/li><li><a href=\"https:\/\/durres.gov.al\/en\/images\/Procesverbal_nr1216062022.pdf\/\" target=\"_blank\" rel=\"noopener noreferrer\">Minutes of the Plenary Meeting of the Municipal Council, dated 16.02.2022<\/a><\/li><li><a href=\"https:\/\/durres.gov.al\/en\/images\/Procesverbal_nr1131052022.pdf\/\" target=\"_blank\" rel=\"noopener noreferrer\">Minutes of the Plenary Meeting of the Municipal Council, dated 31.05.2022<\/a><\/li><li><a href=\"https:\/\/durres.gov.al\/en\/images\/Procesverbal_nr1020052022.pdf\/\" target=\"_blank\" rel=\"noopener noreferrer\">Minutes of the Plenary Meeting of the Municipal Council, dated 20.05.2022<\/a><\/li><li><a href=\"https:\/\/durres.gov.al\/en\/images\/keshilli-bashkiak\/procesverbale-mbledhje-kb\/Procesverbal%20nr.9........%2009.05.2022.docx\/\" target=\"_blank\" rel=\"noopener noreferrer\">Minutes of the Plenary Meeting of the Municipal Council, dated 09.05.2022<\/a><\/li><li><a href=\"https:\/\/durres.gov.al\/en\/images\/keshilli-bashkiak\/procesverbale-mbledhje-kb\/Procesverbal%20nr.8.........28.04.2022.docx\/\" target=\"_blank\" rel=\"noopener noreferrer\">Minutes of the Plenary Meeting of the Municipal Council, dated 28.04.2022<\/a><\/li><li><a href=\"https:\/\/durres.gov.al\/en\/images\/keshilli-bashkiak\/procesverbale-mbledhje-kb\/Procesverbal%20nr.7.........22.04.2022.docx\/\" target=\"_blank\" rel=\"noopener noreferrer\">Minutes of the Plenary Meeting of the Municipal Council, dated 22.04.2022<\/a><\/li><li><a href=\"https:\/\/durres.gov.al\/en\/images\/keshilli-bashkiak\/procesverbale-mbledhje-kb\/Procesverbal%20nr.6.........31.03.2022.docx\/\" target=\"_blank\" rel=\"noopener noreferrer\">Minutes of the Plenary Meeting of the Municipal Council, dated 31.03.2022<\/a><\/li><li><a href=\"https:\/\/durres.gov.al\/en\/images\/keshilli-bashkiak\/procesverbale-mbledhje-kb\/Procesverbal%20nr.5.........23.03.2022.docx\/\" target=\"_blank\" rel=\"noopener noreferrer\">Minutes of the Plenary Meeting of the Municipal Council, dated 23.03.2022<\/a><\/li><li><a href=\"https:\/\/durres.gov.al\/en\/images\/keshilli-bashkiak\/procesverbale-mbledhje-kb\/Procesverbal%20nr.4........%20date%2025.02.2022.docx\/\" target=\"_blank\" rel=\"noopener noreferrer\">Minutes of the Plenary Meeting of the Municipal Council, dated 25.02.2022\u00a0<\/a><\/li><li><a href=\"https:\/\/durres.gov.al\/en\/images\/keshilli-bashkiak\/procesverbale-mbledhje-kb\/Procesverbal_nr_3_date_28_01_2022.docx\/\" target=\"_blank\" rel=\"noopener noreferrer\">Minutes of the Plenary Meeting of the Municipal Council, dated 28.01.2022<\/a><\/li><li><a href=\"https:\/\/durres.gov.al\/en\/images\/Procesverbal_nr220012022.pdf\/\" target=\"_blank\" rel=\"noopener noreferrer\">Minutes of the Plenary Meeting of the Municipal Council, dated 20.01.2022<\/a><\/li><li><a href=\"https:\/\/durres.gov.al\/en\/images\/Procesverbal_nr113012022.pdf\/\" target=\"_blank\" rel=\"noopener noreferrer\">Minutes of the Plenary Meeting of the Municipal Council, dated 13.01.2022<\/a><\/li><li><a href=\"https:\/\/durres.gov.al\/en\/images\/Procesverbal_nr2423122021.pdf\/\" target=\"_blank\" rel=\"noopener noreferrer\">\u00a0Minutes of the Plenary Meeting of the Municipal Council, dated 23.12.2021<\/a><\/li><li><a href=\"https:\/\/durres.gov.al\/en\/images\/Procesverbal_nr23_17122021.pdf\/\" target=\"_blank\" rel=\"noopener noreferrer\">Minutes of the Plenary Meeting of the Municipal Council, dated 17.12.2021<\/a><\/li><li><a href=\"https:\/\/durres.gov.al\/en\/images\/Procesverbal_nr2206122021.pdf\/\" target=\"_blank\" rel=\"noopener noreferrer\">\u00a0Minutes of the Plenary Meeting of the Municipal Council, dated 06.12.2021<\/a><\/li><li><a href=\"https:\/\/durres.gov.al\/en\/images\/Procesverbal_nr2125112021.pdf\/\" target=\"_blank\" rel=\"noopener noreferrer\">Minutes of the Plenary Meeting of the Municipal Council, dated 25.11.2021<\/a><\/li><li><a href=\"https:\/\/durres.gov.al\/en\/images\/Procesverbal_nr20_12112021.pdf\/\" target=\"_blank\" rel=\"noopener noreferrer\">\u00a0Minutes, dated 12.11.2021, of the Durr\u00ebs Municipal Council meeting for November, held via electronic communication (SKYPE application)<\/a><\/li><li>\u00a0<a href=\"https:\/\/durres.gov.al\/en\/images\/Procesverbal_nr1928102021.pdf\/\"><u>Minutes of the Plenary Meeting of the Durr\u00ebs Municipal Council for October, held at the \u201cAleksand\u00ebr Moisiu\u201d Cultural Center Hall<\/u><\/a><\/li><li><a href=\"https:\/\/durres.gov.al\/en\/images\/Procesverbal_nr1830092021.pdf\/\">Minutes of the Plenary Meeting of the Durr\u00ebs Municipal Council for September, held via electronic communication (SKYPE application)<\/a><\/li><\/ul>\t\t\t\t\t\t\t\t<\/div>\n\t\t\t\t<\/div>\n\t\t\t\t<\/div>\n\t\t\t\t\t<\/details>\n\t\t\t\t\t<\/div>\n\t\t\t\t\t\t<\/div>\n\t\t\t\t<\/div>\n\t\t\t\t\t<\/div>\n\t\t\t\t<\/div>\n\t\t\t\t<\/div>","protected":false},"excerpt":{"rendered":"<p>Procesverbalet e mbledhjeve t\u00eb KB \u00a0Pro\u00e7esverbali i mbledhjes plenare t\u00eb KB, dat\u00eb\u00a0 14.12.2022 Pro\u00e7esverbali i mbledhjes plenare t\u00eb KB, dat\u00eb\u00a0 24.11.2022 Pro\u00e7esverbali i mbledhjes plenare t\u00eb KB, dat\u00eb\u00a0 14.11.2022 Pro\u00e7esverbali i mbledhjes plenare t\u00eb KB, dat\u00eb\u00a0 11.11.2022 \u00a0Pro\u00e7esverbali i mbledhjes plenare t\u00eb KB, dat\u00eb\u00a0 27.10.2022 \u00a0Pro\u00e7esverbali i mbledhjes plenare t\u00eb KB, dat\u00eb\u00a0 19.10.2022 \u00a0Pro\u00e7esverbali i [&hellip;]<\/p>\n","protected":false},"author":4,"featured_media":0,"parent":0,"menu_order":0,"comment_status":"closed","ping_status":"closed","template":"","meta":{"_acf_changed":false,"footnotes":""},"class_list":["post-19563","page","type-page","status-publish","hentry"],"acf":[],"yoast_head":"<!-- This site is optimized with the Yoast SEO plugin v27.4 - https:\/\/yoast.com\/product\/yoast-seo-wordpress\/ -->\n<title>Pro\u00e7esverbalet e mbledhjeve - Bashkia Durr\u00ebs<\/title>\n<meta name=\"robots\" content=\"index, follow, max-snippet:-1, max-image-preview:large, max-video-preview:-1\" \/>\n<link rel=\"canonical\" href=\"https:\/\/durres.gov.al\/en\/procesverbalet-e-mbledhjeve\/\" \/>\n<meta property=\"og:locale\" content=\"en_US\" \/>\n<meta property=\"og:type\" content=\"article\" \/>\n<meta property=\"og:title\" content=\"Pro\u00e7esverbalet e mbledhjeve - Bashkia Durr\u00ebs\" \/>\n<meta property=\"og:description\" content=\"Procesverbalet e mbledhjeve t\u00eb KB \u00a0Pro\u00e7esverbali i mbledhjes plenare t\u00eb KB, dat\u00eb\u00a0 14.12.2022 Pro\u00e7esverbali i mbledhjes plenare t\u00eb KB, dat\u00eb\u00a0 24.11.2022 Pro\u00e7esverbali i mbledhjes plenare t\u00eb KB, dat\u00eb\u00a0 14.11.2022 Pro\u00e7esverbali i mbledhjes plenare t\u00eb KB, dat\u00eb\u00a0 11.11.2022 \u00a0Pro\u00e7esverbali i mbledhjes plenare t\u00eb KB, dat\u00eb\u00a0 27.10.2022 \u00a0Pro\u00e7esverbali i mbledhjes plenare t\u00eb KB, dat\u00eb\u00a0 19.10.2022 \u00a0Pro\u00e7esverbali i [&hellip;]\" \/>\n<meta property=\"og:url\" content=\"https:\/\/durres.gov.al\/en\/procesverbalet-e-mbledhjeve\/\" \/>\n<meta property=\"og:site_name\" content=\"Bashkia Durr\u00ebs\" \/>\n<meta property=\"article:modified_time\" content=\"2026-03-19T13:42:39+00:00\" \/>\n<meta name=\"twitter:card\" content=\"summary_large_image\" \/>\n<meta name=\"twitter:label1\" content=\"Est. reading time\" \/>\n\t<meta name=\"twitter:data1\" content=\"3 minutes\" \/>\n<script type=\"application\/ld+json\" class=\"yoast-schema-graph\">{\"@context\":\"https:\\\/\\\/schema.org\",\"@graph\":[{\"@type\":\"WebPage\",\"@id\":\"https:\\\/\\\/durres.gov.al\\\/procesverbalet-e-mbledhjeve\\\/\",\"url\":\"https:\\\/\\\/durres.gov.al\\\/procesverbalet-e-mbledhjeve\\\/\",\"name\":\"Pro\u00e7esverbalet e mbledhjeve - Bashkia Durr\u00ebs\",\"isPartOf\":{\"@id\":\"https:\\\/\\\/durres.gov.al\\\/en\\\/#website\"},\"datePublished\":\"2023-08-05T10:07:07+00:00\",\"dateModified\":\"2026-03-19T13:42:39+00:00\",\"breadcrumb\":{\"@id\":\"https:\\\/\\\/durres.gov.al\\\/procesverbalet-e-mbledhjeve\\\/#breadcrumb\"},\"inLanguage\":\"en-US\",\"potentialAction\":[{\"@type\":\"ReadAction\",\"target\":[\"https:\\\/\\\/durres.gov.al\\\/procesverbalet-e-mbledhjeve\\\/\"]}]},{\"@type\":\"BreadcrumbList\",\"@id\":\"https:\\\/\\\/durres.gov.al\\\/procesverbalet-e-mbledhjeve\\\/#breadcrumb\",\"itemListElement\":[{\"@type\":\"ListItem\",\"position\":1,\"name\":\"Home\",\"item\":\"https:\\\/\\\/durres.gov.al\\\/\"},{\"@type\":\"ListItem\",\"position\":2,\"name\":\"Pro\u00e7esverbalet e mbledhjeve\"}]},{\"@type\":\"WebSite\",\"@id\":\"https:\\\/\\\/durres.gov.al\\\/en\\\/#website\",\"url\":\"https:\\\/\\\/durres.gov.al\\\/en\\\/\",\"name\":\"Bashkia Durr\u00ebs\",\"description\":\"Faqja Zyrtare n\u00eb Internet\",\"publisher\":{\"@id\":\"https:\\\/\\\/durres.gov.al\\\/en\\\/#organization\"},\"potentialAction\":[{\"@type\":\"SearchAction\",\"target\":{\"@type\":\"EntryPoint\",\"urlTemplate\":\"https:\\\/\\\/durres.gov.al\\\/en\\\/?s={search_term_string}\"},\"query-input\":{\"@type\":\"PropertyValueSpecification\",\"valueRequired\":true,\"valueName\":\"search_term_string\"}}],\"inLanguage\":\"en-US\"},{\"@type\":\"Organization\",\"@id\":\"https:\\\/\\\/durres.gov.al\\\/en\\\/#organization\",\"name\":\"Bashkia Durr\u00ebs\",\"url\":\"https:\\\/\\\/durres.gov.al\\\/en\\\/\",\"logo\":{\"@type\":\"ImageObject\",\"inLanguage\":\"en-US\",\"@id\":\"https:\\\/\\\/durres.gov.al\\\/en\\\/#\\\/schema\\\/logo\\\/image\\\/\",\"url\":\"https:\\\/\\\/durres.gov.al\\\/wp-content\\\/uploads\\\/2023\\\/01\\\/cropped-logo.png\",\"contentUrl\":\"https:\\\/\\\/durres.gov.al\\\/wp-content\\\/uploads\\\/2023\\\/01\\\/cropped-logo.png\",\"width\":512,\"height\":512,\"caption\":\"Bashkia Durr\u00ebs\"},\"image\":{\"@id\":\"https:\\\/\\\/durres.gov.al\\\/en\\\/#\\\/schema\\\/logo\\\/image\\\/\"}}]}<\/script>\n<!-- \/ Yoast SEO plugin. -->","yoast_head_json":{"title":"Pro\u00e7esverbalet e mbledhjeve - Bashkia Durr\u00ebs","robots":{"index":"index","follow":"follow","max-snippet":"max-snippet:-1","max-image-preview":"max-image-preview:large","max-video-preview":"max-video-preview:-1"},"canonical":"https:\/\/durres.gov.al\/en\/procesverbalet-e-mbledhjeve\/","og_locale":"en_US","og_type":"article","og_title":"Pro\u00e7esverbalet e mbledhjeve - Bashkia Durr\u00ebs","og_description":"Procesverbalet e mbledhjeve t\u00eb KB \u00a0Pro\u00e7esverbali i mbledhjes plenare t\u00eb KB, dat\u00eb\u00a0 14.12.2022 Pro\u00e7esverbali i mbledhjes plenare t\u00eb KB, dat\u00eb\u00a0 24.11.2022 Pro\u00e7esverbali i mbledhjes plenare t\u00eb KB, dat\u00eb\u00a0 14.11.2022 Pro\u00e7esverbali i mbledhjes plenare t\u00eb KB, dat\u00eb\u00a0 11.11.2022 \u00a0Pro\u00e7esverbali i mbledhjes plenare t\u00eb KB, dat\u00eb\u00a0 27.10.2022 \u00a0Pro\u00e7esverbali i mbledhjes plenare t\u00eb KB, dat\u00eb\u00a0 19.10.2022 \u00a0Pro\u00e7esverbali i [&hellip;]","og_url":"https:\/\/durres.gov.al\/en\/procesverbalet-e-mbledhjeve\/","og_site_name":"Bashkia Durr\u00ebs","article_modified_time":"2026-03-19T13:42:39+00:00","twitter_card":"summary_large_image","twitter_misc":{"Est. reading time":"3 minutes"},"schema":{"@context":"https:\/\/schema.org","@graph":[{"@type":"WebPage","@id":"https:\/\/durres.gov.al\/procesverbalet-e-mbledhjeve\/","url":"https:\/\/durres.gov.al\/procesverbalet-e-mbledhjeve\/","name":"Pro\u00e7esverbalet e mbledhjeve - Bashkia Durr\u00ebs","isPartOf":{"@id":"https:\/\/durres.gov.al\/en\/#website"},"datePublished":"2023-08-05T10:07:07+00:00","dateModified":"2026-03-19T13:42:39+00:00","breadcrumb":{"@id":"https:\/\/durres.gov.al\/procesverbalet-e-mbledhjeve\/#breadcrumb"},"inLanguage":"en-US","potentialAction":[{"@type":"ReadAction","target":["https:\/\/durres.gov.al\/procesverbalet-e-mbledhjeve\/"]}]},{"@type":"BreadcrumbList","@id":"https:\/\/durres.gov.al\/procesverbalet-e-mbledhjeve\/#breadcrumb","itemListElement":[{"@type":"ListItem","position":1,"name":"Home","item":"https:\/\/durres.gov.al\/"},{"@type":"ListItem","position":2,"name":"Pro\u00e7esverbalet e mbledhjeve"}]},{"@type":"WebSite","@id":"https:\/\/durres.gov.al\/en\/#website","url":"https:\/\/durres.gov.al\/en\/","name":"Municipality of Durr\u00ebs","description":"Faqja Zyrtare n\u00eb Internet","publisher":{"@id":"https:\/\/durres.gov.al\/en\/#organization"},"potentialAction":[{"@type":"SearchAction","target":{"@type":"EntryPoint","urlTemplate":"https:\/\/durres.gov.al\/en\/?s={search_term_string}"},"query-input":{"@type":"PropertyValueSpecification","valueRequired":true,"valueName":"search_term_string"}}],"inLanguage":"en-US"},{"@type":"Organization","@id":"https:\/\/durres.gov.al\/en\/#organization","name":"Municipality of Durr\u00ebs","url":"https:\/\/durres.gov.al\/en\/","logo":{"@type":"ImageObject","inLanguage":"en-US","@id":"https:\/\/durres.gov.al\/en\/#\/schema\/logo\/image\/","url":"https:\/\/durres.gov.al\/wp-content\/uploads\/2023\/01\/cropped-logo.png","contentUrl":"https:\/\/durres.gov.al\/wp-content\/uploads\/2023\/01\/cropped-logo.png","width":512,"height":512,"caption":"Bashkia Durr\u00ebs"},"image":{"@id":"https:\/\/durres.gov.al\/en\/#\/schema\/logo\/image\/"}}]}},"_links":{"self":[{"href":"https:\/\/durres.gov.al\/en\/wp-json\/wp\/v2\/pages\/19563","targetHints":{"allow":["GET"]}}],"collection":[{"href":"https:\/\/durres.gov.al\/en\/wp-json\/wp\/v2\/pages"}],"about":[{"href":"https:\/\/durres.gov.al\/en\/wp-json\/wp\/v2\/types\/page"}],"author":[{"embeddable":true,"href":"https:\/\/durres.gov.al\/en\/wp-json\/wp\/v2\/users\/4"}],"replies":[{"embeddable":true,"href":"https:\/\/durres.gov.al\/en\/wp-json\/wp\/v2\/comments?post=19563"}],"version-history":[{"count":12,"href":"https:\/\/durres.gov.al\/en\/wp-json\/wp\/v2\/pages\/19563\/revisions"}],"predecessor-version":[{"id":28879,"href":"https:\/\/durres.gov.al\/en\/wp-json\/wp\/v2\/pages\/19563\/revisions\/28879"}],"wp:attachment":[{"href":"https:\/\/durres.gov.al\/en\/wp-json\/wp\/v2\/media?parent=19563"}],"curies":[{"name":"wp","href":"https:\/\/api.w.org\/{rel}","templated":true}]}}