{"id":19567,"date":"2023-08-05T10:09:50","date_gmt":"2023-08-05T10:09:50","guid":{"rendered":"https:\/\/durres.gov.al\/?page_id=19567"},"modified":"2026-03-19T14:30:42","modified_gmt":"2026-03-19T13:30:42","slug":"informacion-per-konferencen-e-kryetareve","status":"publish","type":"page","link":"https:\/\/durres.gov.al\/en\/informacion-per-konferencen-e-kryetareve\/","title":{"rendered":"Information on the Chairpersons' Conference"},"content":{"rendered":"<div data-elementor-type=\"wp-page\" data-elementor-id=\"19567\" class=\"elementor elementor-19567\" data-elementor-post-type=\"page\">\n\t\t\t\t<div class=\"elementor-element elementor-element-78942e0 e-con-full e-flex e-con e-parent\" data-id=\"78942e0\" data-element_type=\"container\" data-e-type=\"container\">\n\t\t\t\t<div class=\"elementor-element elementor-element-dea0eeb elementor-widget elementor-widget-template\" data-id=\"dea0eeb\" data-element_type=\"widget\" data-e-type=\"widget\" data-widget_type=\"template.default\">\n\t\t\t\t<div class=\"elementor-widget-container\">\n\t\t\t\t\t\t\t<div class=\"elementor-template\">\n\t\t\t\t\t<div data-elementor-type=\"container\" data-elementor-id=\"25501\" class=\"elementor elementor-25501\" data-elementor-post-type=\"elementor_library\">\n\t\t\t\t<div class=\"elementor-element elementor-element-1648416 e-flex e-con-boxed e-con e-parent\" data-id=\"1648416\" data-element_type=\"container\" data-e-type=\"container\" data-settings=\"{&quot;background_background&quot;:&quot;classic&quot;}\">\n\t\t\t\t\t<div class=\"e-con-inner\">\n\t\t\t\t\t<\/div>\n\t\t\t\t<\/div>\n\t\t\t\t<\/div>\n\t\t\t\t<\/div>\n\t\t\t\t\t\t<\/div>\n\t\t\t\t<\/div>\n\t\t\t\t<\/div>\n\t\t\t\t<section class=\"elementor-section elementor-top-section elementor-element elementor-element-a2cbc02 elementor-section-boxed elementor-section-height-default elementor-section-height-default\" data-id=\"a2cbc02\" data-element_type=\"section\" data-e-type=\"section\">\n\t\t\t\t\t\t<div class=\"elementor-container elementor-column-gap-default\">\n\t\t\t\t\t<div class=\"elementor-column elementor-col-100 elementor-top-column elementor-element elementor-element-1660de4\" data-id=\"1660de4\" data-element_type=\"column\" data-e-type=\"column\">\n\t\t\t<div class=\"elementor-widget-wrap elementor-element-populated\">\n\t\t\t\t\t\t<div class=\"elementor-element elementor-element-fbd5581 elementor-widget elementor-widget-text-editor\" data-id=\"fbd5581\" data-element_type=\"widget\" data-e-type=\"widget\" data-widget_type=\"text-editor.default\">\n\t\t\t\t<div class=\"elementor-widget-container\">\n\t\t\t\t\t\t\t\t\t<p><span style=\"color: #333333;\">The Conference of Chairpersons is an advisory body and consists of the chairperson and deputy chairperson of the council, the leaders of the councilor groups, and the chairpersons of the permanent committees, and is presided over by the Chairperson of the Council.\u00a0<\/span><\/p><p><span style=\"color: #333333;\">The Mayor may also be invited to participate in the Conference of Chairpersons.<\/span><\/p><p><span style=\"color: #333333;\">The Conference of Chairpersons discusses and approves the proposals of the Chairperson of the Council regarding the work program, the annual calendar of the Council's and its committees' activities, the budget, the Council's annual decision-making plan, as well as matters concerning the conduct of Council meetings, for a one-year period, based on the Chairperson\u2019s proposals. If this is not realized, the Chairperson of the Council submits the proposals to the Council meeting for review and approval, in accordance with these regulations.<\/span><\/p><p><span style=\"color: #333333;\">Proposals may also be submitted in writing by the Mayor, the Leaders of the Councilor Groups, the Chairpersons of the Council Committees, representatives of interest groups, village leaders and mediators of community councils, Members of Parliament, and the heads of other governmental bodies.<\/span><\/p><p><span style=\"color: #333333;\">The Conference of Chairpersons is convened by the Chairperson of the Council in cases where a consensus of the councilors is required for undertaking a Council action or in cases of conflicts and disagreements among the councilors.<\/span><\/p><p><span style=\"color: #333333;\">The Conference is convened by the Chairperson of the Council or at the request of a group of councilors.<\/span><\/p>\t\t\t\t\t\t\t\t<\/div>\n\t\t\t\t<\/div>\n\t\t\t\t<div class=\"elementor-element elementor-element-8e16172 elementor-widget elementor-widget-image\" data-id=\"8e16172\" data-element_type=\"widget\" data-e-type=\"widget\" data-widget_type=\"image.default\">\n\t\t\t\t<div class=\"elementor-widget-container\">\n\t\t\t\t\t\t\t\t\t\t\t\t\t\t\t<img decoding=\"async\" src=\"https:\/\/durres.gov.al\/wp-content\/uploads\/elementor\/thumbs\/pexels-sora-shimazaki-5669602-scaled-qzy0ybnsqorghavk721y1pk3ul11r424s9g7xdcxsg.jpg\" title=\"pexels-sora-shimazaki-5669602\" alt=\"pexels-sora-shimazaki-5669602\" loading=\"lazy\" \/>\t\t\t\t\t\t\t\t\t\t\t\t\t\t\t<\/div>\n\t\t\t\t<\/div>\n\t\t\t\t\t<\/div>\n\t\t<\/div>\n\t\t\t\t\t<\/div>\n\t\t<\/section>\n\t\t\t\t<\/div>","protected":false},"excerpt":{"rendered":"<p>Konferenca e Kryetar\u00ebve \u00ebsht\u00eb organ k\u00ebshillimor dhe p\u00ebrb\u00ebhet nga kryetari dhe z\u00ebvend\u00ebskryetari i k\u00ebshillit, kryetar\u00ebt e grupeve t\u00eb k\u00ebshilltar\u00ebve, dhe kryetar\u00ebt e komisioneve t\u00eb p\u00ebrhersh\u00ebm, dhe drejtohet nga Kryetari i K\u00ebshillit.\u00a0 N\u00eb Konferenc\u00ebn e Kryetar\u00ebve mund t\u00eb ftohet t\u00eb marr\u00eb pjes\u00eb edhe Kryetari i Bashkis\u00eb. Konferenca e Kryetar\u00ebve diskuton dhe miraton propozimet e Kryetarit t\u00eb [&hellip;]<\/p>\n","protected":false},"author":4,"featured_media":0,"parent":0,"menu_order":0,"comment_status":"closed","ping_status":"closed","template":"","meta":{"_acf_changed":false,"rs_blank_template":"","rs_page_bg_color":"","slide_template_v7":"","footnotes":""},"class_list":["post-19567","page","type-page","status-publish","hentry"],"acf":[],"yoast_head":"<!-- This site is optimized with the Yoast SEO plugin v27.4 - https:\/\/yoast.com\/product\/yoast-seo-wordpress\/ -->\n<title>Informacion p\u00ebr konferenc\u00ebn e kryetar\u00ebve - Bashkia Durr\u00ebs<\/title>\n<meta name=\"robots\" content=\"index, follow, max-snippet:-1, max-image-preview:large, max-video-preview:-1\" \/>\n<link rel=\"canonical\" href=\"https:\/\/durres.gov.al\/en\/informacion-per-konferencen-e-kryetareve\/\" \/>\n<meta property=\"og:locale\" content=\"en_US\" \/>\n<meta property=\"og:type\" content=\"article\" \/>\n<meta property=\"og:title\" content=\"Informacion p\u00ebr konferenc\u00ebn e kryetar\u00ebve - Bashkia Durr\u00ebs\" \/>\n<meta property=\"og:description\" content=\"Konferenca e Kryetar\u00ebve \u00ebsht\u00eb organ k\u00ebshillimor dhe p\u00ebrb\u00ebhet nga kryetari dhe z\u00ebvend\u00ebskryetari i k\u00ebshillit, kryetar\u00ebt e grupeve t\u00eb k\u00ebshilltar\u00ebve, dhe kryetar\u00ebt e komisioneve t\u00eb p\u00ebrhersh\u00ebm, dhe drejtohet nga Kryetari i K\u00ebshillit.\u00a0 N\u00eb Konferenc\u00ebn e Kryetar\u00ebve mund t\u00eb ftohet t\u00eb marr\u00eb pjes\u00eb edhe Kryetari i Bashkis\u00eb. Konferenca e Kryetar\u00ebve diskuton dhe miraton propozimet e Kryetarit t\u00eb [&hellip;]\" \/>\n<meta property=\"og:url\" content=\"https:\/\/durres.gov.al\/en\/informacion-per-konferencen-e-kryetareve\/\" \/>\n<meta property=\"og:site_name\" content=\"Bashkia Durr\u00ebs\" \/>\n<meta property=\"article:modified_time\" content=\"2026-03-19T13:30:42+00:00\" \/>\n<meta property=\"og:image\" content=\"https:\/\/durres.gov.al\/wp-content\/uploads\/elementor\/thumbs\/pexels-sora-shimazaki-5669602-scaled-qzy0ybnsqorghavk721y1pk3ul11r424s9g7xdcxsg.jpg\" \/>\n<meta name=\"twitter:card\" content=\"summary_large_image\" \/>\n<meta name=\"twitter:label1\" content=\"Est. reading time\" \/>\n\t<meta name=\"twitter:data1\" content=\"1 minute\" \/>\n<script type=\"application\/ld+json\" class=\"yoast-schema-graph\">{\"@context\":\"https:\\\/\\\/schema.org\",\"@graph\":[{\"@type\":\"WebPage\",\"@id\":\"https:\\\/\\\/durres.gov.al\\\/informacion-per-konferencen-e-kryetareve\\\/\",\"url\":\"https:\\\/\\\/durres.gov.al\\\/informacion-per-konferencen-e-kryetareve\\\/\",\"name\":\"Informacion p\u00ebr konferenc\u00ebn e kryetar\u00ebve - Bashkia Durr\u00ebs\",\"isPartOf\":{\"@id\":\"https:\\\/\\\/durres.gov.al\\\/en\\\/#website\"},\"primaryImageOfPage\":{\"@id\":\"https:\\\/\\\/durres.gov.al\\\/informacion-per-konferencen-e-kryetareve\\\/#primaryimage\"},\"image\":{\"@id\":\"https:\\\/\\\/durres.gov.al\\\/informacion-per-konferencen-e-kryetareve\\\/#primaryimage\"},\"thumbnailUrl\":\"https:\\\/\\\/durres.gov.al\\\/wp-content\\\/uploads\\\/elementor\\\/thumbs\\\/pexels-sora-shimazaki-5669602-scaled-qzy0ybnsqorghavk721y1pk3ul11r424s9g7xdcxsg.jpg\",\"datePublished\":\"2023-08-05T10:09:50+00:00\",\"dateModified\":\"2026-03-19T13:30:42+00:00\",\"breadcrumb\":{\"@id\":\"https:\\\/\\\/durres.gov.al\\\/informacion-per-konferencen-e-kryetareve\\\/#breadcrumb\"},\"inLanguage\":\"en-US\",\"potentialAction\":[{\"@type\":\"ReadAction\",\"target\":[\"https:\\\/\\\/durres.gov.al\\\/informacion-per-konferencen-e-kryetareve\\\/\"]}]},{\"@type\":\"ImageObject\",\"inLanguage\":\"en-US\",\"@id\":\"https:\\\/\\\/durres.gov.al\\\/informacion-per-konferencen-e-kryetareve\\\/#primaryimage\",\"url\":\"https:\\\/\\\/durres.gov.al\\\/wp-content\\\/uploads\\\/elementor\\\/thumbs\\\/pexels-sora-shimazaki-5669602-scaled-qzy0ybnsqorghavk721y1pk3ul11r424s9g7xdcxsg.jpg\",\"contentUrl\":\"https:\\\/\\\/durres.gov.al\\\/wp-content\\\/uploads\\\/elementor\\\/thumbs\\\/pexels-sora-shimazaki-5669602-scaled-qzy0ybnsqorghavk721y1pk3ul11r424s9g7xdcxsg.jpg\"},{\"@type\":\"BreadcrumbList\",\"@id\":\"https:\\\/\\\/durres.gov.al\\\/informacion-per-konferencen-e-kryetareve\\\/#breadcrumb\",\"itemListElement\":[{\"@type\":\"ListItem\",\"position\":1,\"name\":\"Home\",\"item\":\"https:\\\/\\\/durres.gov.al\\\/\"},{\"@type\":\"ListItem\",\"position\":2,\"name\":\"Informacion p\u00ebr konferenc\u00ebn e kryetar\u00ebve\"}]},{\"@type\":\"WebSite\",\"@id\":\"https:\\\/\\\/durres.gov.al\\\/en\\\/#website\",\"url\":\"https:\\\/\\\/durres.gov.al\\\/en\\\/\",\"name\":\"Bashkia Durr\u00ebs\",\"description\":\"Faqja Zyrtare n\u00eb Internet\",\"publisher\":{\"@id\":\"https:\\\/\\\/durres.gov.al\\\/en\\\/#organization\"},\"potentialAction\":[{\"@type\":\"SearchAction\",\"target\":{\"@type\":\"EntryPoint\",\"urlTemplate\":\"https:\\\/\\\/durres.gov.al\\\/en\\\/?s={search_term_string}\"},\"query-input\":{\"@type\":\"PropertyValueSpecification\",\"valueRequired\":true,\"valueName\":\"search_term_string\"}}],\"inLanguage\":\"en-US\"},{\"@type\":\"Organization\",\"@id\":\"https:\\\/\\\/durres.gov.al\\\/en\\\/#organization\",\"name\":\"Bashkia Durr\u00ebs\",\"url\":\"https:\\\/\\\/durres.gov.al\\\/en\\\/\",\"logo\":{\"@type\":\"ImageObject\",\"inLanguage\":\"en-US\",\"@id\":\"https:\\\/\\\/durres.gov.al\\\/en\\\/#\\\/schema\\\/logo\\\/image\\\/\",\"url\":\"https:\\\/\\\/durres.gov.al\\\/wp-content\\\/uploads\\\/2023\\\/01\\\/cropped-logo.png\",\"contentUrl\":\"https:\\\/\\\/durres.gov.al\\\/wp-content\\\/uploads\\\/2023\\\/01\\\/cropped-logo.png\",\"width\":512,\"height\":512,\"caption\":\"Bashkia Durr\u00ebs\"},\"image\":{\"@id\":\"https:\\\/\\\/durres.gov.al\\\/en\\\/#\\\/schema\\\/logo\\\/image\\\/\"}}]}<\/script>\n<!-- \/ Yoast SEO plugin. -->","yoast_head_json":{"title":"Informacion p\u00ebr konferenc\u00ebn e kryetar\u00ebve - Bashkia Durr\u00ebs","robots":{"index":"index","follow":"follow","max-snippet":"max-snippet:-1","max-image-preview":"max-image-preview:large","max-video-preview":"max-video-preview:-1"},"canonical":"https:\/\/durres.gov.al\/en\/informacion-per-konferencen-e-kryetareve\/","og_locale":"en_US","og_type":"article","og_title":"Informacion p\u00ebr konferenc\u00ebn e kryetar\u00ebve - Bashkia Durr\u00ebs","og_description":"Konferenca e Kryetar\u00ebve \u00ebsht\u00eb organ k\u00ebshillimor dhe p\u00ebrb\u00ebhet nga kryetari dhe z\u00ebvend\u00ebskryetari i k\u00ebshillit, kryetar\u00ebt e grupeve t\u00eb k\u00ebshilltar\u00ebve, dhe kryetar\u00ebt e komisioneve t\u00eb p\u00ebrhersh\u00ebm, dhe drejtohet nga Kryetari i K\u00ebshillit.\u00a0 N\u00eb Konferenc\u00ebn e Kryetar\u00ebve mund t\u00eb ftohet t\u00eb marr\u00eb pjes\u00eb edhe Kryetari i Bashkis\u00eb. Konferenca e Kryetar\u00ebve diskuton dhe miraton propozimet e Kryetarit t\u00eb [&hellip;]","og_url":"https:\/\/durres.gov.al\/en\/informacion-per-konferencen-e-kryetareve\/","og_site_name":"Bashkia Durr\u00ebs","article_modified_time":"2026-03-19T13:30:42+00:00","og_image":[{"url":"https:\/\/durres.gov.al\/wp-content\/uploads\/elementor\/thumbs\/pexels-sora-shimazaki-5669602-scaled-qzy0ybnsqorghavk721y1pk3ul11r424s9g7xdcxsg.jpg","type":"","width":"","height":""}],"twitter_card":"summary_large_image","twitter_misc":{"Est. reading time":"1 minute"},"schema":{"@context":"https:\/\/schema.org","@graph":[{"@type":"WebPage","@id":"https:\/\/durres.gov.al\/informacion-per-konferencen-e-kryetareve\/","url":"https:\/\/durres.gov.al\/informacion-per-konferencen-e-kryetareve\/","name":"Informacion p\u00ebr konferenc\u00ebn e kryetar\u00ebve - Bashkia Durr\u00ebs","isPartOf":{"@id":"https:\/\/durres.gov.al\/en\/#website"},"primaryImageOfPage":{"@id":"https:\/\/durres.gov.al\/informacion-per-konferencen-e-kryetareve\/#primaryimage"},"image":{"@id":"https:\/\/durres.gov.al\/informacion-per-konferencen-e-kryetareve\/#primaryimage"},"thumbnailUrl":"https:\/\/durres.gov.al\/wp-content\/uploads\/elementor\/thumbs\/pexels-sora-shimazaki-5669602-scaled-qzy0ybnsqorghavk721y1pk3ul11r424s9g7xdcxsg.jpg","datePublished":"2023-08-05T10:09:50+00:00","dateModified":"2026-03-19T13:30:42+00:00","breadcrumb":{"@id":"https:\/\/durres.gov.al\/informacion-per-konferencen-e-kryetareve\/#breadcrumb"},"inLanguage":"en-US","potentialAction":[{"@type":"ReadAction","target":["https:\/\/durres.gov.al\/informacion-per-konferencen-e-kryetareve\/"]}]},{"@type":"ImageObject","inLanguage":"en-US","@id":"https:\/\/durres.gov.al\/informacion-per-konferencen-e-kryetareve\/#primaryimage","url":"https:\/\/durres.gov.al\/wp-content\/uploads\/elementor\/thumbs\/pexels-sora-shimazaki-5669602-scaled-qzy0ybnsqorghavk721y1pk3ul11r424s9g7xdcxsg.jpg","contentUrl":"https:\/\/durres.gov.al\/wp-content\/uploads\/elementor\/thumbs\/pexels-sora-shimazaki-5669602-scaled-qzy0ybnsqorghavk721y1pk3ul11r424s9g7xdcxsg.jpg"},{"@type":"BreadcrumbList","@id":"https:\/\/durres.gov.al\/informacion-per-konferencen-e-kryetareve\/#breadcrumb","itemListElement":[{"@type":"ListItem","position":1,"name":"Home","item":"https:\/\/durres.gov.al\/"},{"@type":"ListItem","position":2,"name":"Informacion p\u00ebr konferenc\u00ebn e kryetar\u00ebve"}]},{"@type":"WebSite","@id":"https:\/\/durres.gov.al\/en\/#website","url":"https:\/\/durres.gov.al\/en\/","name":"Municipality of Durr\u00ebs","description":"Faqja Zyrtare n\u00eb Internet","publisher":{"@id":"https:\/\/durres.gov.al\/en\/#organization"},"potentialAction":[{"@type":"SearchAction","target":{"@type":"EntryPoint","urlTemplate":"https:\/\/durres.gov.al\/en\/?s={search_term_string}"},"query-input":{"@type":"PropertyValueSpecification","valueRequired":true,"valueName":"search_term_string"}}],"inLanguage":"en-US"},{"@type":"Organization","@id":"https:\/\/durres.gov.al\/en\/#organization","name":"Municipality of Durr\u00ebs","url":"https:\/\/durres.gov.al\/en\/","logo":{"@type":"ImageObject","inLanguage":"en-US","@id":"https:\/\/durres.gov.al\/en\/#\/schema\/logo\/image\/","url":"https:\/\/durres.gov.al\/wp-content\/uploads\/2023\/01\/cropped-logo.png","contentUrl":"https:\/\/durres.gov.al\/wp-content\/uploads\/2023\/01\/cropped-logo.png","width":512,"height":512,"caption":"Bashkia Durr\u00ebs"},"image":{"@id":"https:\/\/durres.gov.al\/en\/#\/schema\/logo\/image\/"}}]}},"_links":{"self":[{"href":"https:\/\/durres.gov.al\/en\/wp-json\/wp\/v2\/pages\/19567","targetHints":{"allow":["GET"]}}],"collection":[{"href":"https:\/\/durres.gov.al\/en\/wp-json\/wp\/v2\/pages"}],"about":[{"href":"https:\/\/durres.gov.al\/en\/wp-json\/wp\/v2\/types\/page"}],"author":[{"embeddable":true,"href":"https:\/\/durres.gov.al\/en\/wp-json\/wp\/v2\/users\/4"}],"replies":[{"embeddable":true,"href":"https:\/\/durres.gov.al\/en\/wp-json\/wp\/v2\/comments?post=19567"}],"version-history":[{"count":6,"href":"https:\/\/durres.gov.al\/en\/wp-json\/wp\/v2\/pages\/19567\/revisions"}],"predecessor-version":[{"id":28860,"href":"https:\/\/durres.gov.al\/en\/wp-json\/wp\/v2\/pages\/19567\/revisions\/28860"}],"wp:attachment":[{"href":"https:\/\/durres.gov.al\/en\/wp-json\/wp\/v2\/media?parent=19567"}],"curies":[{"name":"wp","href":"https:\/\/api.w.org\/{rel}","templated":true}]}}