{"id":19680,"date":"2023-08-13T14:46:05","date_gmt":"2023-08-13T14:46:05","guid":{"rendered":"https:\/\/durres.gov.al\/?page_id=19680"},"modified":"2026-03-24T14:57:37","modified_gmt":"2026-03-24T13:57:37","slug":"degjesa-publike","status":"publish","type":"page","link":"https:\/\/durres.gov.al\/en\/degjesa-publike\/","title":{"rendered":"Public Hearing"},"content":{"rendered":"<div data-elementor-type=\"wp-page\" data-elementor-id=\"19680\" class=\"elementor elementor-19680\" data-elementor-post-type=\"page\">\n\t\t\t\t<div class=\"elementor-element elementor-element-0d0b67c e-con-full e-flex e-con e-parent\" data-id=\"0d0b67c\" data-element_type=\"container\" data-e-type=\"container\">\n\t\t\t\t<div class=\"elementor-element elementor-element-20ddef9 elementor-widget elementor-widget-template\" data-id=\"20ddef9\" data-element_type=\"widget\" data-e-type=\"widget\" data-widget_type=\"template.default\">\n\t\t\t\t<div class=\"elementor-widget-container\">\n\t\t\t\t\t\t\t<div class=\"elementor-template\">\n\t\t\t\t\t<div data-elementor-type=\"container\" data-elementor-id=\"25501\" class=\"elementor elementor-25501\" data-elementor-post-type=\"elementor_library\">\n\t\t\t\t<div class=\"elementor-element elementor-element-1648416 e-flex e-con-boxed e-con e-parent\" data-id=\"1648416\" data-element_type=\"container\" data-e-type=\"container\" data-settings=\"{&quot;background_background&quot;:&quot;classic&quot;}\">\n\t\t\t\t\t<div class=\"e-con-inner\">\n\t\t\t\t\t<\/div>\n\t\t\t\t<\/div>\n\t\t\t\t<\/div>\n\t\t\t\t<\/div>\n\t\t\t\t\t\t<\/div>\n\t\t\t\t<\/div>\n\t\t\t\t<\/div>\n\t\t<div class=\"elementor-element elementor-element-e8d1f05 e-flex e-con-boxed e-con e-parent\" data-id=\"e8d1f05\" data-element_type=\"container\" data-e-type=\"container\">\n\t\t\t\t\t<div class=\"e-con-inner\">\n\t\t<div class=\"elementor-element elementor-element-e837b5f e-con-full e-flex e-con e-child\" data-id=\"e837b5f\" data-element_type=\"container\" data-e-type=\"container\">\n\t\t\t\t<div class=\"elementor-element elementor-element-83045ec elementor-widget elementor-widget-heading\" data-id=\"83045ec\" data-element_type=\"widget\" data-e-type=\"widget\" data-widget_type=\"heading.default\">\n\t\t\t\t<div class=\"elementor-widget-container\">\n\t\t\t\t\t<h2 class=\"elementor-heading-title elementor-size-default\">Online Public Hearing by the Municipality of Durr\u00ebs on Participatory Budgeting<\/h2>\t\t\t\t<\/div>\n\t\t\t\t<\/div>\n\t\t\t\t<div class=\"elementor-element elementor-element-6fbcd40 elementor-widget elementor-widget-video\" data-id=\"6fbcd40\" data-element_type=\"widget\" data-e-type=\"widget\" data-settings=\"{&quot;youtube_url&quot;:&quot;https:\\\/\\\/youtu.be\\\/CRLAsFXza_s&quot;,&quot;video_type&quot;:&quot;youtube&quot;,&quot;controls&quot;:&quot;yes&quot;}\" data-widget_type=\"video.default\">\n\t\t\t\t<div class=\"elementor-widget-container\">\n\t\t\t\t\t\t\t<div class=\"elementor-wrapper elementor-open-inline\">\n\t\t\t<div class=\"elementor-video\"><\/div>\t\t<\/div>\n\t\t\t\t\t\t<\/div>\n\t\t\t\t<\/div>\n\t\t\t\t<div class=\"elementor-element elementor-element-d693353 elementor-widget elementor-widget-text-editor\" data-id=\"d693353\" data-element_type=\"widget\" data-e-type=\"widget\" data-widget_type=\"text-editor.default\">\n\t\t\t\t<div class=\"elementor-widget-container\">\n\t\t\t\t\t\t\t\t\t<p>On April 26, 2024, the Durr\u00ebs Municipal Council, in collaboration with the administration of the Municipality of Durr\u00ebs, held a public hearing on <span style=\"text-decoration: underline;\"><em>Preschool Education Service Improvement Plan 2024-2026<\/em><\/span>. The hearing was attended by representatives of the administration of the Municipality of Durr\u00ebs, Municipal Councilors, the Education Committee, heads of preschool education institutions, educators, the psycho-social service for children in the municipality\u2019s kindergartens, parents, civil society, and others.<\/p><p>The aim of the plan is to improve the quality of preschool education in the Municipality of Durr\u00ebs, including the enhancement of kindergarten infrastructure, the development of human resources, and the creation of an effective database for managing preschool education structures. The plan seeks to harmonize activities within a shared and coherent vision, including collaboration with parents and the community.<\/p><p>This necessary dialogue preceded the activities to be implemented over the next three years, their budgeting, as well as the suggestions received from participants in this hearing.<\/p><p>Through the activities budgeted in this plan, the aim is to ensure a safe, suitable, and high-quality environment for all children, both girls and boys, effectively meeting their educational and developmental needs.<\/p>\t\t\t\t\t\t\t\t<\/div>\n\t\t\t\t<\/div>\n\t\t\t\t<div class=\"elementor-element elementor-element-7fadd91 gallery-spacing-custom elementor-widget elementor-widget-image-gallery\" data-id=\"7fadd91\" data-element_type=\"widget\" data-e-type=\"widget\" data-widget_type=\"image-gallery.default\">\n\t\t\t\t<div class=\"elementor-widget-container\">\n\t\t\t\t\t\t\t<div class=\"elementor-image-gallery\">\n\t\t\t<div id='gallery-1' class='gallery galleryid-19680 gallery-columns-2 gallery-size-preyantechnosys-img-team-member'><figure class='gallery-item'>\n\t\t\t<div class='gallery-icon landscape'>\n\t\t\t\t<a data-elementor-open-lightbox=\"yes\" data-elementor-lightbox-slideshow=\"7fadd91\" data-elementor-lightbox-title=\"Konsultim Publik per Planin e Arsimit Parashkollor Durres (2)\" data-e-action-hash=\"#elementor-action%3Aaction%3Dlightbox%26settings%3DeyJpZCI6MjIyMjAsInVybCI6Imh0dHBzOlwvXC9kdXJyZXMuZ292LmFsXC93cC1jb250ZW50XC91cGxvYWRzXC8yMDI0XC8wNlwvS29uc3VsdGltLVB1Ymxpay1wZXItUGxhbmluLWUtQXJzaW1pdC1QYXJhc2hrb2xsb3ItRHVycmVzLTIuanBlZyIsInNsaWRlc2hvdyI6IjdmYWRkOTEifQ%3D%3D\" href='https:\/\/durres.gov.al\/wp-content\/uploads\/2024\/06\/Konsultim-Publik-per-Planin-e-Arsimit-Parashkollor-Durres-2.jpeg'><img fetchpriority=\"high\" decoding=\"async\" width=\"300\" height=\"300\" src=\"https:\/\/durres.gov.al\/wp-content\/uploads\/2024\/06\/Konsultim-Publik-per-Planin-e-Arsimit-Parashkollor-Durres-2-300x300.jpeg\" class=\"attachment-preyantechnosys-img-team-member size-preyantechnosys-img-team-member\" alt=\"\" srcset=\"https:\/\/durres.gov.al\/wp-content\/uploads\/2024\/06\/Konsultim-Publik-per-Planin-e-Arsimit-Parashkollor-Durres-2-300x300.jpeg 300w, https:\/\/durres.gov.al\/wp-content\/uploads\/2024\/06\/Konsultim-Publik-per-Planin-e-Arsimit-Parashkollor-Durres-2-150x150.jpeg 150w\" sizes=\"(max-width: 300px) 100vw, 300px\" \/><\/a>\n\t\t\t<\/div><\/figure><figure class='gallery-item'>\n\t\t\t<div class='gallery-icon portrait'>\n\t\t\t\t<a data-elementor-open-lightbox=\"yes\" data-elementor-lightbox-slideshow=\"7fadd91\" data-elementor-lightbox-title=\"Konsultim Publik per Planin e Arsimit Parashkollor Durres (3)\" data-e-action-hash=\"#elementor-action%3Aaction%3Dlightbox%26settings%3DeyJpZCI6MjIyMjMsInVybCI6Imh0dHBzOlwvXC9kdXJyZXMuZ292LmFsXC93cC1jb250ZW50XC91cGxvYWRzXC8yMDI0XC8wNlwvS29uc3VsdGltLVB1Ymxpay1wZXItUGxhbmluLWUtQXJzaW1pdC1QYXJhc2hrb2xsb3ItRHVycmVzLTMuanBlZyIsInNsaWRlc2hvdyI6IjdmYWRkOTEifQ%3D%3D\" href='https:\/\/durres.gov.al\/wp-content\/uploads\/2024\/06\/Konsultim-Publik-per-Planin-e-Arsimit-Parashkollor-Durres-3.jpeg'><img decoding=\"async\" width=\"300\" height=\"300\" src=\"https:\/\/durres.gov.al\/wp-content\/uploads\/2024\/06\/Konsultim-Publik-per-Planin-e-Arsimit-Parashkollor-Durres-3-300x300.jpeg\" class=\"attachment-preyantechnosys-img-team-member size-preyantechnosys-img-team-member\" alt=\"\" srcset=\"https:\/\/durres.gov.al\/wp-content\/uploads\/2024\/06\/Konsultim-Publik-per-Planin-e-Arsimit-Parashkollor-Durres-3-300x300.jpeg 300w, https:\/\/durres.gov.al\/wp-content\/uploads\/2024\/06\/Konsultim-Publik-per-Planin-e-Arsimit-Parashkollor-Durres-3-150x150.jpeg 150w\" sizes=\"(max-width: 300px) 100vw, 300px\" \/><\/a>\n\t\t\t<\/div><\/figure><figure class='gallery-item'>\n\t\t\t<div class='gallery-icon landscape'>\n\t\t\t\t<a data-elementor-open-lightbox=\"yes\" data-elementor-lightbox-slideshow=\"7fadd91\" data-elementor-lightbox-title=\"Konsultim Publik per Planin e Arsimit Parashkollor Durres (1)\" data-e-action-hash=\"#elementor-action%3Aaction%3Dlightbox%26settings%3DeyJpZCI6MjIyMTksInVybCI6Imh0dHBzOlwvXC9kdXJyZXMuZ292LmFsXC93cC1jb250ZW50XC91cGxvYWRzXC8yMDI0XC8wNlwvS29uc3VsdGltLVB1Ymxpay1wZXItUGxhbmluLWUtQXJzaW1pdC1QYXJhc2hrb2xsb3ItRHVycmVzLTEuanBlZyIsInNsaWRlc2hvdyI6IjdmYWRkOTEifQ%3D%3D\" href='https:\/\/durres.gov.al\/wp-content\/uploads\/2024\/06\/Konsultim-Publik-per-Planin-e-Arsimit-Parashkollor-Durres-1.jpeg'><img decoding=\"async\" width=\"300\" height=\"300\" src=\"https:\/\/durres.gov.al\/wp-content\/uploads\/2024\/06\/Konsultim-Publik-per-Planin-e-Arsimit-Parashkollor-Durres-1-300x300.jpeg\" class=\"attachment-preyantechnosys-img-team-member size-preyantechnosys-img-team-member\" alt=\"\" srcset=\"https:\/\/durres.gov.al\/wp-content\/uploads\/2024\/06\/Konsultim-Publik-per-Planin-e-Arsimit-Parashkollor-Durres-1-300x300.jpeg 300w, https:\/\/durres.gov.al\/wp-content\/uploads\/2024\/06\/Konsultim-Publik-per-Planin-e-Arsimit-Parashkollor-Durres-1-150x150.jpeg 150w\" sizes=\"(max-width: 300px) 100vw, 300px\" \/><\/a>\n\t\t\t<\/div><\/figure><figure class='gallery-item'>\n\t\t\t<div class='gallery-icon landscape'>\n\t\t\t\t<a data-elementor-open-lightbox=\"yes\" data-elementor-lightbox-slideshow=\"7fadd91\" data-elementor-lightbox-title=\"Konsultim Publik per Planin e Arsimit Parashkollor Durres (4)\" data-e-action-hash=\"#elementor-action%3Aaction%3Dlightbox%26settings%3DeyJpZCI6MjIyMTgsInVybCI6Imh0dHBzOlwvXC9kdXJyZXMuZ292LmFsXC93cC1jb250ZW50XC91cGxvYWRzXC8yMDI0XC8wNlwvS29uc3VsdGltLVB1Ymxpay1wZXItUGxhbmluLWUtQXJzaW1pdC1QYXJhc2hrb2xsb3ItRHVycmVzLTQuanBlZyIsInNsaWRlc2hvdyI6IjdmYWRkOTEifQ%3D%3D\" href='https:\/\/durres.gov.al\/wp-content\/uploads\/2024\/06\/Konsultim-Publik-per-Planin-e-Arsimit-Parashkollor-Durres-4.jpeg'><img loading=\"lazy\" decoding=\"async\" width=\"300\" height=\"300\" src=\"https:\/\/durres.gov.al\/wp-content\/uploads\/2024\/06\/Konsultim-Publik-per-Planin-e-Arsimit-Parashkollor-Durres-4-300x300.jpeg\" class=\"attachment-preyantechnosys-img-team-member size-preyantechnosys-img-team-member\" alt=\"\" srcset=\"https:\/\/durres.gov.al\/wp-content\/uploads\/2024\/06\/Konsultim-Publik-per-Planin-e-Arsimit-Parashkollor-Durres-4-300x300.jpeg 300w, https:\/\/durres.gov.al\/wp-content\/uploads\/2024\/06\/Konsultim-Publik-per-Planin-e-Arsimit-Parashkollor-Durres-4-150x150.jpeg 150w\" sizes=\"(max-width: 300px) 100vw, 300px\" \/><\/a>\n\t\t\t<\/div><\/figure>\n\t\t<\/div>\n\t\t<\/div>\n\t\t\t\t\t\t<\/div>\n\t\t\t\t<\/div>\n\t\t<a class=\"elementor-element elementor-element-be6f5db e-con-full e-flex e-con e-child\" data-id=\"be6f5db\" data-element_type=\"container\" data-e-type=\"container\" href=\"https:\/\/durres.gov.al\/wp-content\/uploads\/2023\/10\/Foto-Degjesa-Publike-2021.zip\">\n\t\t\t\t<div class=\"elementor-element elementor-element-909875b elementor-position-inline-start elementor-mobile-position-inline-start elementor-view-default elementor-widget elementor-widget-icon-box\" data-id=\"909875b\" data-element_type=\"widget\" data-e-type=\"widget\" data-widget_type=\"icon-box.default\">\n\t\t\t\t<div class=\"elementor-widget-container\">\n\t\t\t\t\t\t\t<div class=\"elementor-icon-box-wrapper\">\n\n\t\t\t\t\t\t<div class=\"elementor-icon-box-icon\">\n\t\t\t\t<span  class=\"elementor-icon\">\n\t\t\t\t<i aria-hidden=\"true\" class=\"fas fa-file-pdf\"><\/i>\t\t\t\t<\/span>\n\t\t\t<\/div>\n\t\t\t\n\t\t\t\t\t\t<div class=\"elementor-icon-box-content\">\n\n\t\t\t\t\n\t\t\t\t\t\t\t\t\t<p class=\"elementor-icon-box-description\">\n\t\t\t\t\t\tGallery of Hearings for 2021\t\t\t\t\t<\/p>\n\t\t\t\t\n\t\t\t<\/div>\n\t\t\t\n\t\t<\/div>\n\t\t\t\t\t\t<\/div>\n\t\t\t\t<\/div>\n\t\t\t\t<\/a>\n\t\t\t\t<\/div>\n\t\t\t\t\t<\/div>\n\t\t\t\t<\/div>\n\t\t\t\t<\/div>","protected":false},"excerpt":{"rendered":"<p>Degjese publike online nga Bashkia Durres p\u00ebr Buxhetimin me Pjes\u00ebmarrje https:\/\/youtu.be\/CRLAsFXza_s M\u00eb dat\u00eb 26 Prill 2024, K\u00ebshilli Bashkiak Durr\u00ebs n\u00eb bashk\u00ebpunim me administrat\u00ebn e bashkis\u00eb Durr\u00ebs, realizuan d\u00ebgjes\u00ebn publike p\u00ebr Planin e P\u00ebrmir\u00ebsimit t\u00eb Sh\u00ebrbimit t\u00eb Arsimit Parashkollor 2024-2026. N\u00eb k\u00ebt\u00eb d\u00ebgjes\u00eb mor\u00ebn pjes\u00eb p\u00ebrfaq\u00ebsues t\u00eb administrat\u00ebs s\u00eb bashkis\u00eb Durr\u00ebs, k\u00ebshilltar\u00eb t\u00eb k\u00ebshillit bashkiak, komisioni [&hellip;]<\/p>\n","protected":false},"author":4,"featured_media":0,"parent":0,"menu_order":0,"comment_status":"closed","ping_status":"closed","template":"","meta":{"_acf_changed":false,"footnotes":""},"class_list":["post-19680","page","type-page","status-publish","hentry"],"acf":[],"yoast_head":"<!-- This site is optimized with the Yoast SEO plugin v27.4 - https:\/\/yoast.com\/product\/yoast-seo-wordpress\/ -->\n<title>D\u00ebgjesa Publike - Bashkia Durr\u00ebs<\/title>\n<meta name=\"robots\" content=\"index, follow, max-snippet:-1, max-image-preview:large, max-video-preview:-1\" \/>\n<link rel=\"canonical\" href=\"https:\/\/durres.gov.al\/en\/degjesa-publike\/\" \/>\n<meta property=\"og:locale\" content=\"en_US\" \/>\n<meta property=\"og:type\" content=\"article\" \/>\n<meta property=\"og:title\" content=\"D\u00ebgjesa Publike - Bashkia Durr\u00ebs\" \/>\n<meta property=\"og:description\" content=\"Degjese publike online nga Bashkia Durres p\u00ebr Buxhetimin me Pjes\u00ebmarrje https:\/\/youtu.be\/CRLAsFXza_s M\u00eb dat\u00eb 26 Prill 2024, K\u00ebshilli Bashkiak Durr\u00ebs n\u00eb bashk\u00ebpunim me administrat\u00ebn e bashkis\u00eb Durr\u00ebs, realizuan d\u00ebgjes\u00ebn publike p\u00ebr Planin e P\u00ebrmir\u00ebsimit t\u00eb Sh\u00ebrbimit t\u00eb Arsimit Parashkollor 2024-2026. N\u00eb k\u00ebt\u00eb d\u00ebgjes\u00eb mor\u00ebn pjes\u00eb p\u00ebrfaq\u00ebsues t\u00eb administrat\u00ebs s\u00eb bashkis\u00eb Durr\u00ebs, k\u00ebshilltar\u00eb t\u00eb k\u00ebshillit bashkiak, komisioni [&hellip;]\" \/>\n<meta property=\"og:url\" content=\"https:\/\/durres.gov.al\/en\/degjesa-publike\/\" \/>\n<meta property=\"og:site_name\" content=\"Bashkia Durr\u00ebs\" \/>\n<meta property=\"article:modified_time\" content=\"2026-03-24T13:57:37+00:00\" \/>\n<meta property=\"og:image\" content=\"https:\/\/durres.gov.al\/wp-content\/uploads\/2024\/06\/Konsultim-Publik-per-Planin-e-Arsimit-Parashkollor-Durres-2-300x300.jpeg\" \/>\n<meta name=\"twitter:card\" content=\"summary_large_image\" \/>\n<meta name=\"twitter:label1\" content=\"Est. reading time\" \/>\n\t<meta name=\"twitter:data1\" content=\"1 minute\" \/>\n<script type=\"application\/ld+json\" class=\"yoast-schema-graph\">{\"@context\":\"https:\\\/\\\/schema.org\",\"@graph\":[{\"@type\":\"WebPage\",\"@id\":\"https:\\\/\\\/durres.gov.al\\\/degjesa-publike\\\/\",\"url\":\"https:\\\/\\\/durres.gov.al\\\/degjesa-publike\\\/\",\"name\":\"D\u00ebgjesa Publike - Bashkia Durr\u00ebs\",\"isPartOf\":{\"@id\":\"https:\\\/\\\/durres.gov.al\\\/en\\\/#website\"},\"primaryImageOfPage\":{\"@id\":\"https:\\\/\\\/durres.gov.al\\\/degjesa-publike\\\/#primaryimage\"},\"image\":{\"@id\":\"https:\\\/\\\/durres.gov.al\\\/degjesa-publike\\\/#primaryimage\"},\"thumbnailUrl\":\"https:\\\/\\\/durres.gov.al\\\/wp-content\\\/uploads\\\/2024\\\/06\\\/Konsultim-Publik-per-Planin-e-Arsimit-Parashkollor-Durres-2-300x300.jpeg\",\"datePublished\":\"2023-08-13T14:46:05+00:00\",\"dateModified\":\"2026-03-24T13:57:37+00:00\",\"breadcrumb\":{\"@id\":\"https:\\\/\\\/durres.gov.al\\\/degjesa-publike\\\/#breadcrumb\"},\"inLanguage\":\"en-US\",\"potentialAction\":[{\"@type\":\"ReadAction\",\"target\":[\"https:\\\/\\\/durres.gov.al\\\/degjesa-publike\\\/\"]}]},{\"@type\":\"ImageObject\",\"inLanguage\":\"en-US\",\"@id\":\"https:\\\/\\\/durres.gov.al\\\/degjesa-publike\\\/#primaryimage\",\"url\":\"https:\\\/\\\/durres.gov.al\\\/wp-content\\\/uploads\\\/2024\\\/06\\\/Konsultim-Publik-per-Planin-e-Arsimit-Parashkollor-Durres-2-300x300.jpeg\",\"contentUrl\":\"https:\\\/\\\/durres.gov.al\\\/wp-content\\\/uploads\\\/2024\\\/06\\\/Konsultim-Publik-per-Planin-e-Arsimit-Parashkollor-Durres-2-300x300.jpeg\"},{\"@type\":\"BreadcrumbList\",\"@id\":\"https:\\\/\\\/durres.gov.al\\\/degjesa-publike\\\/#breadcrumb\",\"itemListElement\":[{\"@type\":\"ListItem\",\"position\":1,\"name\":\"Home\",\"item\":\"https:\\\/\\\/durres.gov.al\\\/\"},{\"@type\":\"ListItem\",\"position\":2,\"name\":\"D\u00ebgjesa Publike\"}]},{\"@type\":\"WebSite\",\"@id\":\"https:\\\/\\\/durres.gov.al\\\/en\\\/#website\",\"url\":\"https:\\\/\\\/durres.gov.al\\\/en\\\/\",\"name\":\"Bashkia Durr\u00ebs\",\"description\":\"Faqja Zyrtare n\u00eb Internet\",\"publisher\":{\"@id\":\"https:\\\/\\\/durres.gov.al\\\/en\\\/#organization\"},\"potentialAction\":[{\"@type\":\"SearchAction\",\"target\":{\"@type\":\"EntryPoint\",\"urlTemplate\":\"https:\\\/\\\/durres.gov.al\\\/en\\\/?s={search_term_string}\"},\"query-input\":{\"@type\":\"PropertyValueSpecification\",\"valueRequired\":true,\"valueName\":\"search_term_string\"}}],\"inLanguage\":\"en-US\"},{\"@type\":\"Organization\",\"@id\":\"https:\\\/\\\/durres.gov.al\\\/en\\\/#organization\",\"name\":\"Bashkia Durr\u00ebs\",\"url\":\"https:\\\/\\\/durres.gov.al\\\/en\\\/\",\"logo\":{\"@type\":\"ImageObject\",\"inLanguage\":\"en-US\",\"@id\":\"https:\\\/\\\/durres.gov.al\\\/en\\\/#\\\/schema\\\/logo\\\/image\\\/\",\"url\":\"https:\\\/\\\/durres.gov.al\\\/wp-content\\\/uploads\\\/2023\\\/01\\\/cropped-logo.png\",\"contentUrl\":\"https:\\\/\\\/durres.gov.al\\\/wp-content\\\/uploads\\\/2023\\\/01\\\/cropped-logo.png\",\"width\":512,\"height\":512,\"caption\":\"Bashkia Durr\u00ebs\"},\"image\":{\"@id\":\"https:\\\/\\\/durres.gov.al\\\/en\\\/#\\\/schema\\\/logo\\\/image\\\/\"}}]}<\/script>\n<!-- \/ Yoast SEO plugin. -->","yoast_head_json":{"title":"D\u00ebgjesa Publike - Bashkia Durr\u00ebs","robots":{"index":"index","follow":"follow","max-snippet":"max-snippet:-1","max-image-preview":"max-image-preview:large","max-video-preview":"max-video-preview:-1"},"canonical":"https:\/\/durres.gov.al\/en\/degjesa-publike\/","og_locale":"en_US","og_type":"article","og_title":"D\u00ebgjesa Publike - Bashkia Durr\u00ebs","og_description":"Degjese publike online nga Bashkia Durres p\u00ebr Buxhetimin me Pjes\u00ebmarrje https:\/\/youtu.be\/CRLAsFXza_s M\u00eb dat\u00eb 26 Prill 2024, K\u00ebshilli Bashkiak Durr\u00ebs n\u00eb bashk\u00ebpunim me administrat\u00ebn e bashkis\u00eb Durr\u00ebs, realizuan d\u00ebgjes\u00ebn publike p\u00ebr Planin e P\u00ebrmir\u00ebsimit t\u00eb Sh\u00ebrbimit t\u00eb Arsimit Parashkollor 2024-2026. N\u00eb k\u00ebt\u00eb d\u00ebgjes\u00eb mor\u00ebn pjes\u00eb p\u00ebrfaq\u00ebsues t\u00eb administrat\u00ebs s\u00eb bashkis\u00eb Durr\u00ebs, k\u00ebshilltar\u00eb t\u00eb k\u00ebshillit bashkiak, komisioni [&hellip;]","og_url":"https:\/\/durres.gov.al\/en\/degjesa-publike\/","og_site_name":"Bashkia Durr\u00ebs","article_modified_time":"2026-03-24T13:57:37+00:00","og_image":[{"url":"https:\/\/durres.gov.al\/wp-content\/uploads\/2024\/06\/Konsultim-Publik-per-Planin-e-Arsimit-Parashkollor-Durres-2-300x300.jpeg","type":"","width":"","height":""}],"twitter_card":"summary_large_image","twitter_misc":{"Est. reading time":"1 minute"},"schema":{"@context":"https:\/\/schema.org","@graph":[{"@type":"WebPage","@id":"https:\/\/durres.gov.al\/degjesa-publike\/","url":"https:\/\/durres.gov.al\/degjesa-publike\/","name":"D\u00ebgjesa Publike - Bashkia Durr\u00ebs","isPartOf":{"@id":"https:\/\/durres.gov.al\/en\/#website"},"primaryImageOfPage":{"@id":"https:\/\/durres.gov.al\/degjesa-publike\/#primaryimage"},"image":{"@id":"https:\/\/durres.gov.al\/degjesa-publike\/#primaryimage"},"thumbnailUrl":"https:\/\/durres.gov.al\/wp-content\/uploads\/2024\/06\/Konsultim-Publik-per-Planin-e-Arsimit-Parashkollor-Durres-2-300x300.jpeg","datePublished":"2023-08-13T14:46:05+00:00","dateModified":"2026-03-24T13:57:37+00:00","breadcrumb":{"@id":"https:\/\/durres.gov.al\/degjesa-publike\/#breadcrumb"},"inLanguage":"en-US","potentialAction":[{"@type":"ReadAction","target":["https:\/\/durres.gov.al\/degjesa-publike\/"]}]},{"@type":"ImageObject","inLanguage":"en-US","@id":"https:\/\/durres.gov.al\/degjesa-publike\/#primaryimage","url":"https:\/\/durres.gov.al\/wp-content\/uploads\/2024\/06\/Konsultim-Publik-per-Planin-e-Arsimit-Parashkollor-Durres-2-300x300.jpeg","contentUrl":"https:\/\/durres.gov.al\/wp-content\/uploads\/2024\/06\/Konsultim-Publik-per-Planin-e-Arsimit-Parashkollor-Durres-2-300x300.jpeg"},{"@type":"BreadcrumbList","@id":"https:\/\/durres.gov.al\/degjesa-publike\/#breadcrumb","itemListElement":[{"@type":"ListItem","position":1,"name":"Home","item":"https:\/\/durres.gov.al\/"},{"@type":"ListItem","position":2,"name":"D\u00ebgjesa Publike"}]},{"@type":"WebSite","@id":"https:\/\/durres.gov.al\/en\/#website","url":"https:\/\/durres.gov.al\/en\/","name":"Municipality of Durr\u00ebs","description":"Faqja Zyrtare n\u00eb Internet","publisher":{"@id":"https:\/\/durres.gov.al\/en\/#organization"},"potentialAction":[{"@type":"SearchAction","target":{"@type":"EntryPoint","urlTemplate":"https:\/\/durres.gov.al\/en\/?s={search_term_string}"},"query-input":{"@type":"PropertyValueSpecification","valueRequired":true,"valueName":"search_term_string"}}],"inLanguage":"en-US"},{"@type":"Organization","@id":"https:\/\/durres.gov.al\/en\/#organization","name":"Municipality of Durr\u00ebs","url":"https:\/\/durres.gov.al\/en\/","logo":{"@type":"ImageObject","inLanguage":"en-US","@id":"https:\/\/durres.gov.al\/en\/#\/schema\/logo\/image\/","url":"https:\/\/durres.gov.al\/wp-content\/uploads\/2023\/01\/cropped-logo.png","contentUrl":"https:\/\/durres.gov.al\/wp-content\/uploads\/2023\/01\/cropped-logo.png","width":512,"height":512,"caption":"Bashkia Durr\u00ebs"},"image":{"@id":"https:\/\/durres.gov.al\/en\/#\/schema\/logo\/image\/"}}]}},"_links":{"self":[{"href":"https:\/\/durres.gov.al\/en\/wp-json\/wp\/v2\/pages\/19680","targetHints":{"allow":["GET"]}}],"collection":[{"href":"https:\/\/durres.gov.al\/en\/wp-json\/wp\/v2\/pages"}],"about":[{"href":"https:\/\/durres.gov.al\/en\/wp-json\/wp\/v2\/types\/page"}],"author":[{"embeddable":true,"href":"https:\/\/durres.gov.al\/en\/wp-json\/wp\/v2\/users\/4"}],"replies":[{"embeddable":true,"href":"https:\/\/durres.gov.al\/en\/wp-json\/wp\/v2\/comments?post=19680"}],"version-history":[{"count":21,"href":"https:\/\/durres.gov.al\/en\/wp-json\/wp\/v2\/pages\/19680\/revisions"}],"predecessor-version":[{"id":28967,"href":"https:\/\/durres.gov.al\/en\/wp-json\/wp\/v2\/pages\/19680\/revisions\/28967"}],"wp:attachment":[{"href":"https:\/\/durres.gov.al\/en\/wp-json\/wp\/v2\/media?parent=19680"}],"curies":[{"name":"wp","href":"https:\/\/api.w.org\/{rel}","templated":true}]}}