{"id":20151,"date":"2023-10-06T14:19:19","date_gmt":"2023-10-06T14:19:19","guid":{"rendered":"https:\/\/durres.gov.al\/?page_id=20151"},"modified":"2026-03-24T15:23:50","modified_gmt":"2026-03-24T14:23:50","slug":"raporte-te-keshillit-bashkiak","status":"publish","type":"page","link":"https:\/\/durres.gov.al\/en\/raporte-te-keshillit-bashkiak\/","title":{"rendered":"Municipal Council Reports"},"content":{"rendered":"<div data-elementor-type=\"wp-page\" data-elementor-id=\"20151\" class=\"elementor elementor-20151\" data-elementor-post-type=\"page\">\n\t\t\t\t<div class=\"elementor-element elementor-element-9f4b120 e-con-full e-flex e-con e-parent\" data-id=\"9f4b120\" data-element_type=\"container\" data-e-type=\"container\">\n\t\t\t\t<div class=\"elementor-element elementor-element-7d54e34 elementor-widget elementor-widget-template\" data-id=\"7d54e34\" data-element_type=\"widget\" data-e-type=\"widget\" data-widget_type=\"template.default\">\n\t\t\t\t<div class=\"elementor-widget-container\">\n\t\t\t\t\t\t\t<div class=\"elementor-template\">\n\t\t\t\t\t<div data-elementor-type=\"container\" data-elementor-id=\"25501\" class=\"elementor elementor-25501\" data-elementor-post-type=\"elementor_library\">\n\t\t\t\t<div class=\"elementor-element elementor-element-1648416 e-flex e-con-boxed e-con e-parent\" data-id=\"1648416\" data-element_type=\"container\" data-e-type=\"container\" data-settings=\"{&quot;background_background&quot;:&quot;classic&quot;}\">\n\t\t\t\t\t<div class=\"e-con-inner\">\n\t\t\t\t\t<\/div>\n\t\t\t\t<\/div>\n\t\t\t\t<\/div>\n\t\t\t\t<\/div>\n\t\t\t\t\t\t<\/div>\n\t\t\t\t<\/div>\n\t\t\t\t<\/div>\n\t\t<div class=\"elementor-element elementor-element-9ea5118 e-flex e-con-boxed e-con e-parent\" data-id=\"9ea5118\" data-element_type=\"container\" data-e-type=\"container\">\n\t\t\t\t\t<div class=\"e-con-inner\">\n\t\t<a class=\"elementor-element elementor-element-9cfb921 e-con-full e-flex e-con e-child\" data-id=\"9cfb921\" data-element_type=\"container\" data-e-type=\"container\" href=\"https:\/\/durres.gov.al\/wp-content\/uploads\/2025\/07\/Raport-12-mujor-i-Keshillit-2024.pdf\">\n\t\t\t\t<div class=\"elementor-element elementor-element-991340b elementor-position-inline-start elementor-mobile-position-inline-start elementor-widget__width-initial elementor-view-default elementor-widget elementor-widget-icon-box\" data-id=\"991340b\" data-element_type=\"widget\" data-e-type=\"widget\" data-widget_type=\"icon-box.default\">\n\t\t\t\t<div class=\"elementor-widget-container\">\n\t\t\t\t\t\t\t<div class=\"elementor-icon-box-wrapper\">\n\n\t\t\t\t\t\t<div class=\"elementor-icon-box-icon\">\n\t\t\t\t<span  class=\"elementor-icon\">\n\t\t\t\t<i aria-hidden=\"true\" class=\"fas fa-file-pdf\"><\/i>\t\t\t\t<\/span>\n\t\t\t<\/div>\n\t\t\t\n\t\t\t\t\t\t<div class=\"elementor-icon-box-content\">\n\n\t\t\t\t\n\t\t\t\t\t\t\t\t\t<p class=\"elementor-icon-box-description\">\n\t\t\t\t\t\tReport on the Work of the Municipal Council for the 12-Month Period of 2024\t\t\t\t\t<\/p>\n\t\t\t\t\n\t\t\t<\/div>\n\t\t\t\n\t\t<\/div>\n\t\t\t\t\t\t<\/div>\n\t\t\t\t<\/div>\n\t\t\t\t<\/a>\n\t\t<a class=\"elementor-element elementor-element-71ec20b e-con-full e-flex e-con e-child\" data-id=\"71ec20b\" data-element_type=\"container\" data-e-type=\"container\" href=\"https:\/\/durres.gov.al\/wp-content\/uploads\/2023\/10\/Raport-per-punen-Keshillit-te-Bashkise-per-12-mujorin-e-vitit-2021.pdf\">\n\t\t\t\t<div class=\"elementor-element elementor-element-2961c1c elementor-position-inline-start elementor-mobile-position-inline-start elementor-widget__width-initial elementor-view-default elementor-widget elementor-widget-icon-box\" data-id=\"2961c1c\" data-element_type=\"widget\" data-e-type=\"widget\" data-widget_type=\"icon-box.default\">\n\t\t\t\t<div class=\"elementor-widget-container\">\n\t\t\t\t\t\t\t<div class=\"elementor-icon-box-wrapper\">\n\n\t\t\t\t\t\t<div class=\"elementor-icon-box-icon\">\n\t\t\t\t<span  class=\"elementor-icon\">\n\t\t\t\t<i aria-hidden=\"true\" class=\"fas fa-file-pdf\"><\/i>\t\t\t\t<\/span>\n\t\t\t<\/div>\n\t\t\t\n\t\t\t\t\t\t<div class=\"elementor-icon-box-content\">\n\n\t\t\t\t\n\t\t\t\t\t\t\t\t\t<p class=\"elementor-icon-box-description\">\n\t\t\t\t\t\tReport on the Work of the Municipal Council for the 12-Month Period of 2021\t\t\t\t\t<\/p>\n\t\t\t\t\n\t\t\t<\/div>\n\t\t\t\n\t\t<\/div>\n\t\t\t\t\t\t<\/div>\n\t\t\t\t<\/div>\n\t\t\t\t<\/a>\n\t\t<a class=\"elementor-element elementor-element-cadbc7e e-con-full e-flex e-con e-child\" data-id=\"cadbc7e\" data-element_type=\"container\" data-e-type=\"container\" href=\"https:\/\/durres.gov.al\/wp-content\/uploads\/2023\/10\/Raport-per-punen-Keshillit-te-Bashkise-per-12-mujorin-e-vitit-2020-1.pdf\">\n\t\t\t\t<div class=\"elementor-element elementor-element-4beecb9 elementor-position-inline-start elementor-mobile-position-inline-start elementor-widget__width-inherit elementor-view-default elementor-widget elementor-widget-icon-box\" data-id=\"4beecb9\" data-element_type=\"widget\" data-e-type=\"widget\" data-widget_type=\"icon-box.default\">\n\t\t\t\t<div class=\"elementor-widget-container\">\n\t\t\t\t\t\t\t<div class=\"elementor-icon-box-wrapper\">\n\n\t\t\t\t\t\t<div class=\"elementor-icon-box-icon\">\n\t\t\t\t<span  class=\"elementor-icon\">\n\t\t\t\t<i aria-hidden=\"true\" class=\"fas fa-file-pdf\"><\/i>\t\t\t\t<\/span>\n\t\t\t<\/div>\n\t\t\t\n\t\t\t\t\t\t<div class=\"elementor-icon-box-content\">\n\n\t\t\t\t\n\t\t\t\t\t\t\t\t\t<p class=\"elementor-icon-box-description\">\n\t\t\t\t\t\tREPORT ON THE WORK OF THE MUNICIPAL COUNCIL FOR THE 12-MONTH PERIOD OF 2020\t\t\t\t\t<\/p>\n\t\t\t\t\n\t\t\t<\/div>\n\t\t\t\n\t\t<\/div>\n\t\t\t\t\t\t<\/div>\n\t\t\t\t<\/div>\n\t\t\t\t<\/a>\n\t\t\t\t\t<\/div>\n\t\t\t\t<\/div>\n\t\t\t\t<\/div>","protected":false},"excerpt":{"rendered":"<p>Raport p\u00ebr pun\u00ebn K\u00ebshillit t\u00eb Bashkis\u00eb p\u00ebr 12 &#8211; mujorin e vitit 2024 Raport p\u00ebr pun\u00ebn K\u00ebshillit t\u00eb Bashkis\u00eb p\u00ebr 12 &#8211; mujorin e vitit 2021 RAPORT P\u00cbR PUN\u00cbN K\u00cbSHILLIT T\u00cb BASHKIS\u00cb P\u00cbR 12 &#8211; MUJORIN E VITIT 2020<\/p>","protected":false},"author":4,"featured_media":0,"parent":0,"menu_order":0,"comment_status":"closed","ping_status":"closed","template":"","meta":{"_acf_changed":false,"footnotes":""},"class_list":["post-20151","page","type-page","status-publish","hentry"],"acf":[],"yoast_head":"<!-- This site is optimized with the Yoast SEO plugin v27.4 - https:\/\/yoast.com\/product\/yoast-seo-wordpress\/ -->\n<title>Raporte t\u00eb Keshillit Bashkiak - Bashkia Durr\u00ebs<\/title>\n<meta name=\"robots\" content=\"index, follow, max-snippet:-1, max-image-preview:large, max-video-preview:-1\" \/>\n<link rel=\"canonical\" href=\"https:\/\/durres.gov.al\/en\/raporte-te-keshillit-bashkiak\/\" \/>\n<meta property=\"og:locale\" content=\"en_US\" \/>\n<meta property=\"og:type\" content=\"article\" \/>\n<meta property=\"og:title\" content=\"Raporte t\u00eb Keshillit Bashkiak - Bashkia Durr\u00ebs\" \/>\n<meta property=\"og:description\" content=\"Raport p\u00ebr pun\u00ebn K\u00ebshillit t\u00eb Bashkis\u00eb p\u00ebr 12 &#8211; mujorin e vitit 2024 Raport p\u00ebr pun\u00ebn K\u00ebshillit t\u00eb Bashkis\u00eb p\u00ebr 12 &#8211; mujorin e vitit 2021 RAPORT P\u00cbR PUN\u00cbN K\u00cbSHILLIT T\u00cb BASHKIS\u00cb P\u00cbR 12 &#8211; MUJORIN E VITIT 2020\" \/>\n<meta property=\"og:url\" content=\"https:\/\/durres.gov.al\/en\/raporte-te-keshillit-bashkiak\/\" \/>\n<meta property=\"og:site_name\" content=\"Bashkia Durr\u00ebs\" \/>\n<meta property=\"article:modified_time\" content=\"2026-03-24T14:23:50+00:00\" \/>\n<meta name=\"twitter:card\" content=\"summary_large_image\" \/>\n<script type=\"application\/ld+json\" class=\"yoast-schema-graph\">{\"@context\":\"https:\\\/\\\/schema.org\",\"@graph\":[{\"@type\":\"WebPage\",\"@id\":\"https:\\\/\\\/durres.gov.al\\\/en\\\/raporte-te-keshillit-bashkiak\\\/\",\"url\":\"https:\\\/\\\/durres.gov.al\\\/en\\\/raporte-te-keshillit-bashkiak\\\/\",\"name\":\"Raporte t\u00eb Keshillit Bashkiak - Bashkia Durr\u00ebs\",\"isPartOf\":{\"@id\":\"https:\\\/\\\/durres.gov.al\\\/en\\\/#website\"},\"datePublished\":\"2023-10-06T14:19:19+00:00\",\"dateModified\":\"2026-03-24T14:23:50+00:00\",\"breadcrumb\":{\"@id\":\"https:\\\/\\\/durres.gov.al\\\/en\\\/raporte-te-keshillit-bashkiak\\\/#breadcrumb\"},\"inLanguage\":\"en-US\",\"potentialAction\":[{\"@type\":\"ReadAction\",\"target\":[\"https:\\\/\\\/durres.gov.al\\\/en\\\/raporte-te-keshillit-bashkiak\\\/\"]}]},{\"@type\":\"BreadcrumbList\",\"@id\":\"https:\\\/\\\/durres.gov.al\\\/en\\\/raporte-te-keshillit-bashkiak\\\/#breadcrumb\",\"itemListElement\":[{\"@type\":\"ListItem\",\"position\":1,\"name\":\"Home\",\"item\":\"https:\\\/\\\/durres.gov.al\\\/\"},{\"@type\":\"ListItem\",\"position\":2,\"name\":\"Raporte t\u00eb Keshillit Bashkiak\"}]},{\"@type\":\"WebSite\",\"@id\":\"https:\\\/\\\/durres.gov.al\\\/en\\\/#website\",\"url\":\"https:\\\/\\\/durres.gov.al\\\/en\\\/\",\"name\":\"Bashkia Durr\u00ebs\",\"description\":\"Faqja Zyrtare n\u00eb Internet\",\"publisher\":{\"@id\":\"https:\\\/\\\/durres.gov.al\\\/en\\\/#organization\"},\"potentialAction\":[{\"@type\":\"SearchAction\",\"target\":{\"@type\":\"EntryPoint\",\"urlTemplate\":\"https:\\\/\\\/durres.gov.al\\\/en\\\/?s={search_term_string}\"},\"query-input\":{\"@type\":\"PropertyValueSpecification\",\"valueRequired\":true,\"valueName\":\"search_term_string\"}}],\"inLanguage\":\"en-US\"},{\"@type\":\"Organization\",\"@id\":\"https:\\\/\\\/durres.gov.al\\\/en\\\/#organization\",\"name\":\"Bashkia Durr\u00ebs\",\"url\":\"https:\\\/\\\/durres.gov.al\\\/en\\\/\",\"logo\":{\"@type\":\"ImageObject\",\"inLanguage\":\"en-US\",\"@id\":\"https:\\\/\\\/durres.gov.al\\\/en\\\/#\\\/schema\\\/logo\\\/image\\\/\",\"url\":\"https:\\\/\\\/durres.gov.al\\\/wp-content\\\/uploads\\\/2023\\\/01\\\/cropped-logo.png\",\"contentUrl\":\"https:\\\/\\\/durres.gov.al\\\/wp-content\\\/uploads\\\/2023\\\/01\\\/cropped-logo.png\",\"width\":512,\"height\":512,\"caption\":\"Bashkia Durr\u00ebs\"},\"image\":{\"@id\":\"https:\\\/\\\/durres.gov.al\\\/en\\\/#\\\/schema\\\/logo\\\/image\\\/\"}}]}<\/script>\n<!-- \/ Yoast SEO plugin. -->","yoast_head_json":{"title":"Raporte t\u00eb Keshillit Bashkiak - Bashkia Durr\u00ebs","robots":{"index":"index","follow":"follow","max-snippet":"max-snippet:-1","max-image-preview":"max-image-preview:large","max-video-preview":"max-video-preview:-1"},"canonical":"https:\/\/durres.gov.al\/en\/raporte-te-keshillit-bashkiak\/","og_locale":"en_US","og_type":"article","og_title":"Raporte t\u00eb Keshillit Bashkiak - Bashkia Durr\u00ebs","og_description":"Raport p\u00ebr pun\u00ebn K\u00ebshillit t\u00eb Bashkis\u00eb p\u00ebr 12 &#8211; mujorin e vitit 2024 Raport p\u00ebr pun\u00ebn K\u00ebshillit t\u00eb Bashkis\u00eb p\u00ebr 12 &#8211; mujorin e vitit 2021 RAPORT P\u00cbR PUN\u00cbN K\u00cbSHILLIT T\u00cb BASHKIS\u00cb P\u00cbR 12 &#8211; MUJORIN E VITIT 2020","og_url":"https:\/\/durres.gov.al\/en\/raporte-te-keshillit-bashkiak\/","og_site_name":"Bashkia Durr\u00ebs","article_modified_time":"2026-03-24T14:23:50+00:00","twitter_card":"summary_large_image","schema":{"@context":"https:\/\/schema.org","@graph":[{"@type":"WebPage","@id":"https:\/\/durres.gov.al\/en\/raporte-te-keshillit-bashkiak\/","url":"https:\/\/durres.gov.al\/en\/raporte-te-keshillit-bashkiak\/","name":"Raporte t\u00eb Keshillit Bashkiak - Bashkia Durr\u00ebs","isPartOf":{"@id":"https:\/\/durres.gov.al\/en\/#website"},"datePublished":"2023-10-06T14:19:19+00:00","dateModified":"2026-03-24T14:23:50+00:00","breadcrumb":{"@id":"https:\/\/durres.gov.al\/en\/raporte-te-keshillit-bashkiak\/#breadcrumb"},"inLanguage":"en-US","potentialAction":[{"@type":"ReadAction","target":["https:\/\/durres.gov.al\/en\/raporte-te-keshillit-bashkiak\/"]}]},{"@type":"BreadcrumbList","@id":"https:\/\/durres.gov.al\/en\/raporte-te-keshillit-bashkiak\/#breadcrumb","itemListElement":[{"@type":"ListItem","position":1,"name":"Home","item":"https:\/\/durres.gov.al\/"},{"@type":"ListItem","position":2,"name":"Raporte t\u00eb Keshillit Bashkiak"}]},{"@type":"WebSite","@id":"https:\/\/durres.gov.al\/en\/#website","url":"https:\/\/durres.gov.al\/en\/","name":"Municipality of Durr\u00ebs","description":"Faqja Zyrtare n\u00eb Internet","publisher":{"@id":"https:\/\/durres.gov.al\/en\/#organization"},"potentialAction":[{"@type":"SearchAction","target":{"@type":"EntryPoint","urlTemplate":"https:\/\/durres.gov.al\/en\/?s={search_term_string}"},"query-input":{"@type":"PropertyValueSpecification","valueRequired":true,"valueName":"search_term_string"}}],"inLanguage":"en-US"},{"@type":"Organization","@id":"https:\/\/durres.gov.al\/en\/#organization","name":"Municipality of Durr\u00ebs","url":"https:\/\/durres.gov.al\/en\/","logo":{"@type":"ImageObject","inLanguage":"en-US","@id":"https:\/\/durres.gov.al\/en\/#\/schema\/logo\/image\/","url":"https:\/\/durres.gov.al\/wp-content\/uploads\/2023\/01\/cropped-logo.png","contentUrl":"https:\/\/durres.gov.al\/wp-content\/uploads\/2023\/01\/cropped-logo.png","width":512,"height":512,"caption":"Bashkia Durr\u00ebs"},"image":{"@id":"https:\/\/durres.gov.al\/en\/#\/schema\/logo\/image\/"}}]}},"_links":{"self":[{"href":"https:\/\/durres.gov.al\/en\/wp-json\/wp\/v2\/pages\/20151","targetHints":{"allow":["GET"]}}],"collection":[{"href":"https:\/\/durres.gov.al\/en\/wp-json\/wp\/v2\/pages"}],"about":[{"href":"https:\/\/durres.gov.al\/en\/wp-json\/wp\/v2\/types\/page"}],"author":[{"embeddable":true,"href":"https:\/\/durres.gov.al\/en\/wp-json\/wp\/v2\/users\/4"}],"replies":[{"embeddable":true,"href":"https:\/\/durres.gov.al\/en\/wp-json\/wp\/v2\/comments?post=20151"}],"version-history":[{"count":24,"href":"https:\/\/durres.gov.al\/en\/wp-json\/wp\/v2\/pages\/20151\/revisions"}],"predecessor-version":[{"id":29009,"href":"https:\/\/durres.gov.al\/en\/wp-json\/wp\/v2\/pages\/20151\/revisions\/29009"}],"wp:attachment":[{"href":"https:\/\/durres.gov.al\/en\/wp-json\/wp\/v2\/media?parent=20151"}],"curies":[{"name":"wp","href":"https:\/\/api.w.org\/{rel}","templated":true}]}}