{"id":20191,"date":"2023-10-06T14:31:20","date_gmt":"2023-10-06T14:31:20","guid":{"rendered":"https:\/\/durres.gov.al\/?page_id=20191"},"modified":"2026-03-19T11:04:02","modified_gmt":"2026-03-19T10:04:02","slug":"buxheti-i-keshillit","status":"publish","type":"page","link":"https:\/\/durres.gov.al\/en\/buxheti-i-keshillit\/","title":{"rendered":"Council Budget"},"content":{"rendered":"<div data-elementor-type=\"wp-page\" data-elementor-id=\"20191\" class=\"elementor elementor-20191\" data-elementor-post-type=\"page\">\n\t\t\t\t<div class=\"elementor-element elementor-element-5da2a76 e-con-full e-flex e-con e-parent\" data-id=\"5da2a76\" data-element_type=\"container\" data-e-type=\"container\">\n\t\t\t\t<div class=\"elementor-element elementor-element-60f3eb7 elementor-widget elementor-widget-template\" data-id=\"60f3eb7\" data-element_type=\"widget\" data-e-type=\"widget\" data-widget_type=\"template.default\">\n\t\t\t\t<div class=\"elementor-widget-container\">\n\t\t\t\t\t\t\t<div class=\"elementor-template\">\n\t\t\t\t\t<div data-elementor-type=\"container\" data-elementor-id=\"25501\" class=\"elementor elementor-25501\" data-elementor-post-type=\"elementor_library\">\n\t\t\t\t<div class=\"elementor-element elementor-element-1648416 e-flex e-con-boxed e-con e-parent\" data-id=\"1648416\" data-element_type=\"container\" data-e-type=\"container\" data-settings=\"{&quot;background_background&quot;:&quot;classic&quot;}\">\n\t\t\t\t\t<div class=\"e-con-inner\">\n\t\t\t\t\t<\/div>\n\t\t\t\t<\/div>\n\t\t\t\t<\/div>\n\t\t\t\t<\/div>\n\t\t\t\t\t\t<\/div>\n\t\t\t\t<\/div>\n\t\t\t\t<\/div>\n\t\t\t\t<section class=\"elementor-section elementor-top-section elementor-element elementor-element-fd2d1a8 elementor-section-full_width elementor-section-height-default elementor-section-height-default\" data-id=\"fd2d1a8\" data-element_type=\"section\" data-e-type=\"section\">\n\t\t\t\t\t\t<div class=\"elementor-container elementor-column-gap-default\">\n\t\t\t\t\t<div class=\"elementor-column elementor-col-100 elementor-top-column elementor-element elementor-element-c9f7626\" data-id=\"c9f7626\" data-element_type=\"column\" data-e-type=\"column\">\n\t\t\t<div class=\"elementor-widget-wrap elementor-element-populated\">\n\t\t\t\t\t\t<div class=\"elementor-element elementor-element-4c76a81 elementor-widget elementor-widget-heading\" data-id=\"4c76a81\" data-element_type=\"widget\" data-e-type=\"widget\" data-widget_type=\"heading.default\">\n\t\t\t\t<div class=\"elementor-widget-container\">\n\t\t\t\t\t<h2 class=\"elementor-heading-title elementor-size-default\">Council Budget for 2026<\/h2>\t\t\t\t<\/div>\n\t\t\t\t<\/div>\n\t\t\t\t<div class=\"elementor-element elementor-element-0deed47 elementor-widget elementor-widget-image\" data-id=\"0deed47\" data-element_type=\"widget\" data-e-type=\"widget\" data-widget_type=\"image.default\">\n\t\t\t\t<div class=\"elementor-widget-container\">\n\t\t\t\t\t\t\t\t\t\t\t\t\t\t\t\t<a href=\"https:\/\/durres.gov.al\/wp-content\/uploads\/2026\/02\/Buxheti-2026.jpeg\" data-elementor-open-lightbox=\"yes\" data-elementor-lightbox-title=\"Buxheti 2026\" data-e-action-hash=\"#elementor-action%3Aaction%3Dlightbox%26settings%3DeyJpZCI6MjUxNDYsInVybCI6Imh0dHBzOlwvXC9kdXJyZXMuZ292LmFsXC93cC1jb250ZW50XC91cGxvYWRzXC8yMDI2XC8wMlwvQnV4aGV0aS0yMDI2LmpwZWcifQ%3D%3D\">\n\t\t\t\t\t\t\t<img fetchpriority=\"high\" decoding=\"async\" width=\"768\" height=\"576\" src=\"https:\/\/durres.gov.al\/wp-content\/uploads\/2026\/02\/Buxheti-2026-768x576.jpeg\" class=\"attachment-medium_large size-medium_large wp-image-25146\" alt=\"\" srcset=\"https:\/\/durres.gov.al\/wp-content\/uploads\/2026\/02\/Buxheti-2026-768x576.jpeg 768w, https:\/\/durres.gov.al\/wp-content\/uploads\/2026\/02\/Buxheti-2026-300x225.jpeg 300w, https:\/\/durres.gov.al\/wp-content\/uploads\/2026\/02\/Buxheti-2026-1024x768.jpeg 1024w, https:\/\/durres.gov.al\/wp-content\/uploads\/2026\/02\/Buxheti-2026-1536x1152.jpeg 1536w, https:\/\/durres.gov.al\/wp-content\/uploads\/2026\/02\/Buxheti-2026-400x300.jpeg 400w, https:\/\/durres.gov.al\/wp-content\/uploads\/2026\/02\/Buxheti-2026-533x400.jpeg 533w, https:\/\/durres.gov.al\/wp-content\/uploads\/2026\/02\/Buxheti-2026.jpeg 1600w\" sizes=\"(max-width: 768px) 100vw, 768px\" \/>\t\t\t\t\t\t\t\t<\/a>\n\t\t\t\t\t\t\t\t\t\t\t\t\t\t\t<\/div>\n\t\t\t\t<\/div>\n\t\t\t\t<div class=\"elementor-element elementor-element-44a4085 elementor-widget elementor-widget-image\" data-id=\"44a4085\" data-element_type=\"widget\" data-e-type=\"widget\" data-widget_type=\"image.default\">\n\t\t\t\t<div class=\"elementor-widget-container\">\n\t\t\t\t\t\t\t\t\t\t\t\t\t\t\t\t<a href=\"https:\/\/durres.gov.al\/wp-content\/uploads\/2026\/02\/Buxheti-2026-2.jpeg\" data-elementor-open-lightbox=\"yes\" data-elementor-lightbox-title=\"Buxheti 2026 2\" data-e-action-hash=\"#elementor-action%3Aaction%3Dlightbox%26settings%3DeyJpZCI6MjUxNDUsInVybCI6Imh0dHBzOlwvXC9kdXJyZXMuZ292LmFsXC93cC1jb250ZW50XC91cGxvYWRzXC8yMDI2XC8wMlwvQnV4aGV0aS0yMDI2LTIuanBlZyJ9\">\n\t\t\t\t\t\t\t<img decoding=\"async\" width=\"768\" height=\"576\" src=\"https:\/\/durres.gov.al\/wp-content\/uploads\/2026\/02\/Buxheti-2026-2-768x576.jpeg\" class=\"attachment-medium_large size-medium_large wp-image-25145\" alt=\"\" srcset=\"https:\/\/durres.gov.al\/wp-content\/uploads\/2026\/02\/Buxheti-2026-2-768x576.jpeg 768w, https:\/\/durres.gov.al\/wp-content\/uploads\/2026\/02\/Buxheti-2026-2-300x225.jpeg 300w, https:\/\/durres.gov.al\/wp-content\/uploads\/2026\/02\/Buxheti-2026-2-1024x768.jpeg 1024w, https:\/\/durres.gov.al\/wp-content\/uploads\/2026\/02\/Buxheti-2026-2-1536x1152.jpeg 1536w, https:\/\/durres.gov.al\/wp-content\/uploads\/2026\/02\/Buxheti-2026-2-400x300.jpeg 400w, https:\/\/durres.gov.al\/wp-content\/uploads\/2026\/02\/Buxheti-2026-2-533x400.jpeg 533w, https:\/\/durres.gov.al\/wp-content\/uploads\/2026\/02\/Buxheti-2026-2.jpeg 1600w\" sizes=\"(max-width: 768px) 100vw, 768px\" \/>\t\t\t\t\t\t\t\t<\/a>\n\t\t\t\t\t\t\t\t\t\t\t\t\t\t\t<\/div>\n\t\t\t\t<\/div>\n\t\t\t\t\t<\/div>\n\t\t<\/div>\n\t\t\t\t\t<\/div>\n\t\t<\/section>\n\t\t\t\t<section class=\"elementor-section elementor-top-section elementor-element elementor-element-24d6c8c elementor-section-full_width elementor-section-height-default elementor-section-height-default\" data-id=\"24d6c8c\" data-element_type=\"section\" data-e-type=\"section\">\n\t\t\t\t\t\t<div class=\"elementor-container elementor-column-gap-default\">\n\t\t\t\t\t<div class=\"elementor-column elementor-col-100 elementor-top-column elementor-element elementor-element-2be5dcb\" data-id=\"2be5dcb\" data-element_type=\"column\" data-e-type=\"column\">\n\t\t\t<div class=\"elementor-widget-wrap elementor-element-populated\">\n\t\t\t\t\t\t<div class=\"elementor-element elementor-element-fc9a360 elementor-widget elementor-widget-heading\" data-id=\"fc9a360\" data-element_type=\"widget\" data-e-type=\"widget\" data-widget_type=\"heading.default\">\n\t\t\t\t<div class=\"elementor-widget-container\">\n\t\t\t\t\t<h2 class=\"elementor-heading-title elementor-size-default\">Council Budget for 2025<\/h2>\t\t\t\t<\/div>\n\t\t\t\t<\/div>\n\t\t\t\t<div class=\"elementor-element elementor-element-7dbc1aa elementor-widget elementor-widget-image\" data-id=\"7dbc1aa\" data-element_type=\"widget\" data-e-type=\"widget\" data-widget_type=\"image.default\">\n\t\t\t\t<div class=\"elementor-widget-container\">\n\t\t\t\t\t\t\t\t\t\t\t\t\t\t\t\t<a href=\"https:\/\/durres.gov.al\/wp-content\/uploads\/2025\/01\/Plani-i-shpenzimeve-per-vitin-2025-nga-transfera-e-pakushtezuar-e-pergjithshme.jpeg\" data-elementor-open-lightbox=\"yes\" data-elementor-lightbox-title=\"Plani i shpenzimeve p\u00ebr vitin 2025 nga transfera e pakusht\u00ebzuar e p\u00ebrgjithshme\" data-e-action-hash=\"#elementor-action%3Aaction%3Dlightbox%26settings%3DeyJpZCI6MjMyNDIsInVybCI6Imh0dHBzOlwvXC9kdXJyZXMuZ292LmFsXC93cC1jb250ZW50XC91cGxvYWRzXC8yMDI1XC8wMVwvUGxhbmktaS1zaHBlbnppbWV2ZS1wZXItdml0aW4tMjAyNS1uZ2EtdHJhbnNmZXJhLWUtcGFrdXNodGV6dWFyLWUtcGVyZ2ppdGhzaG1lLmpwZWcifQ%3D%3D\">\n\t\t\t\t\t\t\t<img decoding=\"async\" width=\"768\" height=\"576\" src=\"https:\/\/durres.gov.al\/wp-content\/uploads\/2025\/01\/Plani-i-shpenzimeve-per-vitin-2025-nga-transfera-e-pakushtezuar-e-pergjithshme-768x576.jpeg\" class=\"attachment-medium_large size-medium_large wp-image-23242\" alt=\"\" srcset=\"https:\/\/durres.gov.al\/wp-content\/uploads\/2025\/01\/Plani-i-shpenzimeve-per-vitin-2025-nga-transfera-e-pakushtezuar-e-pergjithshme-768x576.jpeg 768w, https:\/\/durres.gov.al\/wp-content\/uploads\/2025\/01\/Plani-i-shpenzimeve-per-vitin-2025-nga-transfera-e-pakushtezuar-e-pergjithshme-300x225.jpeg 300w, https:\/\/durres.gov.al\/wp-content\/uploads\/2025\/01\/Plani-i-shpenzimeve-per-vitin-2025-nga-transfera-e-pakushtezuar-e-pergjithshme-1024x768.jpeg 1024w, https:\/\/durres.gov.al\/wp-content\/uploads\/2025\/01\/Plani-i-shpenzimeve-per-vitin-2025-nga-transfera-e-pakushtezuar-e-pergjithshme-400x300.jpeg 400w, https:\/\/durres.gov.al\/wp-content\/uploads\/2025\/01\/Plani-i-shpenzimeve-per-vitin-2025-nga-transfera-e-pakushtezuar-e-pergjithshme-533x400.jpeg 533w, https:\/\/durres.gov.al\/wp-content\/uploads\/2025\/01\/Plani-i-shpenzimeve-per-vitin-2025-nga-transfera-e-pakushtezuar-e-pergjithshme.jpeg 1280w\" sizes=\"(max-width: 768px) 100vw, 768px\" \/>\t\t\t\t\t\t\t\t<\/a>\n\t\t\t\t\t\t\t\t\t\t\t\t\t\t\t<\/div>\n\t\t\t\t<\/div>\n\t\t\t\t<div class=\"elementor-element elementor-element-972f1bd elementor-widget elementor-widget-image\" data-id=\"972f1bd\" data-element_type=\"widget\" data-e-type=\"widget\" data-widget_type=\"image.default\">\n\t\t\t\t<div class=\"elementor-widget-container\">\n\t\t\t\t\t\t\t\t\t\t\t\t\t\t\t\t<a href=\"https:\/\/durres.gov.al\/wp-content\/uploads\/2025\/01\/Plani-i-shpenzimeve-per-vitin-2025-nga-te-ardhurat-kapitull-5.jpeg\" data-elementor-open-lightbox=\"yes\" data-elementor-lightbox-title=\"Plani i shpenzimeve p\u00ebr vitin 2025 nga t\u00eb ardhurat (kapitull 5)\" data-e-action-hash=\"#elementor-action%3Aaction%3Dlightbox%26settings%3DeyJpZCI6MjMyNDEsInVybCI6Imh0dHBzOlwvXC9kdXJyZXMuZ292LmFsXC93cC1jb250ZW50XC91cGxvYWRzXC8yMDI1XC8wMVwvUGxhbmktaS1zaHBlbnppbWV2ZS1wZXItdml0aW4tMjAyNS1uZ2EtdGUtYXJkaHVyYXQta2FwaXR1bGwtNS5qcGVnIn0%3D\">\n\t\t\t\t\t\t\t<img loading=\"lazy\" decoding=\"async\" width=\"768\" height=\"576\" src=\"https:\/\/durres.gov.al\/wp-content\/uploads\/2025\/01\/Plani-i-shpenzimeve-per-vitin-2025-nga-te-ardhurat-kapitull-5-768x576.jpeg\" class=\"attachment-medium_large size-medium_large wp-image-23241\" alt=\"\" srcset=\"https:\/\/durres.gov.al\/wp-content\/uploads\/2025\/01\/Plani-i-shpenzimeve-per-vitin-2025-nga-te-ardhurat-kapitull-5-768x576.jpeg 768w, https:\/\/durres.gov.al\/wp-content\/uploads\/2025\/01\/Plani-i-shpenzimeve-per-vitin-2025-nga-te-ardhurat-kapitull-5-300x225.jpeg 300w, https:\/\/durres.gov.al\/wp-content\/uploads\/2025\/01\/Plani-i-shpenzimeve-per-vitin-2025-nga-te-ardhurat-kapitull-5-1024x768.jpeg 1024w, https:\/\/durres.gov.al\/wp-content\/uploads\/2025\/01\/Plani-i-shpenzimeve-per-vitin-2025-nga-te-ardhurat-kapitull-5-400x300.jpeg 400w, https:\/\/durres.gov.al\/wp-content\/uploads\/2025\/01\/Plani-i-shpenzimeve-per-vitin-2025-nga-te-ardhurat-kapitull-5-533x400.jpeg 533w, https:\/\/durres.gov.al\/wp-content\/uploads\/2025\/01\/Plani-i-shpenzimeve-per-vitin-2025-nga-te-ardhurat-kapitull-5.jpeg 1280w\" sizes=\"(max-width: 768px) 100vw, 768px\" \/>\t\t\t\t\t\t\t\t<\/a>\n\t\t\t\t\t\t\t\t\t\t\t\t\t\t\t<\/div>\n\t\t\t\t<\/div>\n\t\t\t\t\t<\/div>\n\t\t<\/div>\n\t\t\t\t\t<\/div>\n\t\t<\/section>\n\t\t\t\t<section class=\"elementor-section elementor-top-section elementor-element elementor-element-37f05b2 elementor-section-boxed elementor-section-height-default elementor-section-height-default\" data-id=\"37f05b2\" data-element_type=\"section\" data-e-type=\"section\">\n\t\t\t\t\t\t<div class=\"elementor-container elementor-column-gap-default\">\n\t\t\t\t\t<div class=\"elementor-column elementor-col-100 elementor-top-column elementor-element elementor-element-632910e\" data-id=\"632910e\" data-element_type=\"column\" data-e-type=\"column\">\n\t\t\t<div class=\"elementor-widget-wrap elementor-element-populated\">\n\t\t\t\t\t\t<div class=\"elementor-element elementor-element-62eadc6 elementor-widget elementor-widget-heading\" data-id=\"62eadc6\" data-element_type=\"widget\" data-e-type=\"widget\" data-widget_type=\"heading.default\">\n\t\t\t\t<div class=\"elementor-widget-container\">\n\t\t\t\t\t<h2 class=\"elementor-heading-title elementor-size-default\">Council Budget for 2024<\/h2>\t\t\t\t<\/div>\n\t\t\t\t<\/div>\n\t\t\t\t<div class=\"elementor-element elementor-element-1b40363 elementor-widget elementor-widget-image\" data-id=\"1b40363\" data-element_type=\"widget\" data-e-type=\"widget\" data-widget_type=\"image.default\">\n\t\t\t\t<div class=\"elementor-widget-container\">\n\t\t\t\t\t\t\t\t\t\t\t\t\t\t\t\t<a href=\"https:\/\/durres.gov.al\/wp-content\/uploads\/2024\/01\/durresgov.jpg\" data-elementor-open-lightbox=\"yes\" data-elementor-lightbox-title=\"durresgov\" data-e-action-hash=\"#elementor-action%3Aaction%3Dlightbox%26settings%3DeyJpZCI6MjE0MzAsInVybCI6Imh0dHBzOlwvXC9kdXJyZXMuZ292LmFsXC93cC1jb250ZW50XC91cGxvYWRzXC8yMDI0XC8wMVwvZHVycmVzZ292LmpwZyJ9\">\n\t\t\t\t\t\t\t<img loading=\"lazy\" decoding=\"async\" width=\"768\" height=\"535\" src=\"https:\/\/durres.gov.al\/wp-content\/uploads\/2024\/01\/durresgov-768x535.jpg\" class=\"attachment-medium_large size-medium_large wp-image-21430\" alt=\"\" srcset=\"https:\/\/durres.gov.al\/wp-content\/uploads\/2024\/01\/durresgov-768x535.jpg 768w, https:\/\/durres.gov.al\/wp-content\/uploads\/2024\/01\/durresgov-300x209.jpg 300w, https:\/\/durres.gov.al\/wp-content\/uploads\/2024\/01\/durresgov-1024x713.jpg 1024w, https:\/\/durres.gov.al\/wp-content\/uploads\/2024\/01\/durresgov-1536x1070.jpg 1536w, https:\/\/durres.gov.al\/wp-content\/uploads\/2024\/01\/durresgov-2048x1427.jpg 2048w, https:\/\/durres.gov.al\/wp-content\/uploads\/2024\/01\/durresgov-431x300.jpg 431w, https:\/\/durres.gov.al\/wp-content\/uploads\/2024\/01\/durresgov-574x400.jpg 574w\" sizes=\"(max-width: 768px) 100vw, 768px\" \/>\t\t\t\t\t\t\t\t<\/a>\n\t\t\t\t\t\t\t\t\t\t\t\t\t\t\t<\/div>\n\t\t\t\t<\/div>\n\t\t\t\t\t<\/div>\n\t\t<\/div>\n\t\t\t\t\t<\/div>\n\t\t<\/section>\n\t\t\t\t<\/div>","protected":false},"excerpt":{"rendered":"<p>Buxheti i k\u00ebshillit p\u00ebr 2026 Buxheti i k\u00ebshillit p\u00ebr 2025 Buxheti i k\u00ebshillit p\u00ebr 2024<\/p>","protected":false},"author":4,"featured_media":0,"parent":0,"menu_order":0,"comment_status":"closed","ping_status":"closed","template":"","meta":{"_acf_changed":false,"footnotes":""},"class_list":["post-20191","page","type-page","status-publish","hentry"],"acf":[],"yoast_head":"<!-- This site is optimized with the Yoast SEO plugin v27.4 - https:\/\/yoast.com\/product\/yoast-seo-wordpress\/ -->\n<title>Buxheti i k\u00ebshillit - Bashkia Durr\u00ebs<\/title>\n<meta name=\"robots\" content=\"index, follow, max-snippet:-1, max-image-preview:large, max-video-preview:-1\" \/>\n<link rel=\"canonical\" href=\"https:\/\/durres.gov.al\/en\/buxheti-i-keshillit\/\" \/>\n<meta property=\"og:locale\" content=\"en_US\" \/>\n<meta property=\"og:type\" content=\"article\" \/>\n<meta property=\"og:title\" content=\"Buxheti i k\u00ebshillit - Bashkia Durr\u00ebs\" \/>\n<meta property=\"og:description\" content=\"Buxheti i k\u00ebshillit p\u00ebr 2026 Buxheti i k\u00ebshillit p\u00ebr 2025 Buxheti i k\u00ebshillit p\u00ebr 2024\" \/>\n<meta property=\"og:url\" content=\"https:\/\/durres.gov.al\/en\/buxheti-i-keshillit\/\" \/>\n<meta property=\"og:site_name\" content=\"Bashkia Durr\u00ebs\" \/>\n<meta property=\"article:modified_time\" content=\"2026-03-19T10:04:02+00:00\" \/>\n<meta property=\"og:image\" content=\"https:\/\/durres.gov.al\/wp-content\/uploads\/2026\/02\/Buxheti-2026.jpeg\" \/>\n\t<meta property=\"og:image:width\" content=\"1600\" \/>\n\t<meta property=\"og:image:height\" content=\"1200\" \/>\n\t<meta property=\"og:image:type\" content=\"image\/jpeg\" \/>\n<meta name=\"twitter:card\" content=\"summary_large_image\" \/>\n<script type=\"application\/ld+json\" class=\"yoast-schema-graph\">{\"@context\":\"https:\\\/\\\/schema.org\",\"@graph\":[{\"@type\":\"WebPage\",\"@id\":\"https:\\\/\\\/durres.gov.al\\\/buxheti-i-keshillit\\\/\",\"url\":\"https:\\\/\\\/durres.gov.al\\\/buxheti-i-keshillit\\\/\",\"name\":\"Buxheti i k\u00ebshillit - Bashkia Durr\u00ebs\",\"isPartOf\":{\"@id\":\"https:\\\/\\\/durres.gov.al\\\/en\\\/#website\"},\"primaryImageOfPage\":{\"@id\":\"https:\\\/\\\/durres.gov.al\\\/buxheti-i-keshillit\\\/#primaryimage\"},\"image\":{\"@id\":\"https:\\\/\\\/durres.gov.al\\\/buxheti-i-keshillit\\\/#primaryimage\"},\"thumbnailUrl\":\"https:\\\/\\\/durres.gov.al\\\/wp-content\\\/uploads\\\/2026\\\/02\\\/Buxheti-2026-768x576.jpeg\",\"datePublished\":\"2023-10-06T14:31:20+00:00\",\"dateModified\":\"2026-03-19T10:04:02+00:00\",\"breadcrumb\":{\"@id\":\"https:\\\/\\\/durres.gov.al\\\/buxheti-i-keshillit\\\/#breadcrumb\"},\"inLanguage\":\"en-US\",\"potentialAction\":[{\"@type\":\"ReadAction\",\"target\":[\"https:\\\/\\\/durres.gov.al\\\/buxheti-i-keshillit\\\/\"]}]},{\"@type\":\"ImageObject\",\"inLanguage\":\"en-US\",\"@id\":\"https:\\\/\\\/durres.gov.al\\\/buxheti-i-keshillit\\\/#primaryimage\",\"url\":\"https:\\\/\\\/durres.gov.al\\\/wp-content\\\/uploads\\\/2026\\\/02\\\/Buxheti-2026-768x576.jpeg\",\"contentUrl\":\"https:\\\/\\\/durres.gov.al\\\/wp-content\\\/uploads\\\/2026\\\/02\\\/Buxheti-2026-768x576.jpeg\"},{\"@type\":\"BreadcrumbList\",\"@id\":\"https:\\\/\\\/durres.gov.al\\\/buxheti-i-keshillit\\\/#breadcrumb\",\"itemListElement\":[{\"@type\":\"ListItem\",\"position\":1,\"name\":\"Home\",\"item\":\"https:\\\/\\\/durres.gov.al\\\/\"},{\"@type\":\"ListItem\",\"position\":2,\"name\":\"Buxheti i k\u00ebshillit\"}]},{\"@type\":\"WebSite\",\"@id\":\"https:\\\/\\\/durres.gov.al\\\/en\\\/#website\",\"url\":\"https:\\\/\\\/durres.gov.al\\\/en\\\/\",\"name\":\"Bashkia Durr\u00ebs\",\"description\":\"Faqja Zyrtare n\u00eb Internet\",\"publisher\":{\"@id\":\"https:\\\/\\\/durres.gov.al\\\/en\\\/#organization\"},\"potentialAction\":[{\"@type\":\"SearchAction\",\"target\":{\"@type\":\"EntryPoint\",\"urlTemplate\":\"https:\\\/\\\/durres.gov.al\\\/en\\\/?s={search_term_string}\"},\"query-input\":{\"@type\":\"PropertyValueSpecification\",\"valueRequired\":true,\"valueName\":\"search_term_string\"}}],\"inLanguage\":\"en-US\"},{\"@type\":\"Organization\",\"@id\":\"https:\\\/\\\/durres.gov.al\\\/en\\\/#organization\",\"name\":\"Bashkia Durr\u00ebs\",\"url\":\"https:\\\/\\\/durres.gov.al\\\/en\\\/\",\"logo\":{\"@type\":\"ImageObject\",\"inLanguage\":\"en-US\",\"@id\":\"https:\\\/\\\/durres.gov.al\\\/en\\\/#\\\/schema\\\/logo\\\/image\\\/\",\"url\":\"https:\\\/\\\/durres.gov.al\\\/wp-content\\\/uploads\\\/2023\\\/01\\\/cropped-logo.png\",\"contentUrl\":\"https:\\\/\\\/durres.gov.al\\\/wp-content\\\/uploads\\\/2023\\\/01\\\/cropped-logo.png\",\"width\":512,\"height\":512,\"caption\":\"Bashkia Durr\u00ebs\"},\"image\":{\"@id\":\"https:\\\/\\\/durres.gov.al\\\/en\\\/#\\\/schema\\\/logo\\\/image\\\/\"}}]}<\/script>\n<!-- \/ Yoast SEO plugin. -->","yoast_head_json":{"title":"Buxheti i k\u00ebshillit - Bashkia Durr\u00ebs","robots":{"index":"index","follow":"follow","max-snippet":"max-snippet:-1","max-image-preview":"max-image-preview:large","max-video-preview":"max-video-preview:-1"},"canonical":"https:\/\/durres.gov.al\/en\/buxheti-i-keshillit\/","og_locale":"en_US","og_type":"article","og_title":"Buxheti i k\u00ebshillit - Bashkia Durr\u00ebs","og_description":"Buxheti i k\u00ebshillit p\u00ebr 2026 Buxheti i k\u00ebshillit p\u00ebr 2025 Buxheti i k\u00ebshillit p\u00ebr 2024","og_url":"https:\/\/durres.gov.al\/en\/buxheti-i-keshillit\/","og_site_name":"Bashkia Durr\u00ebs","article_modified_time":"2026-03-19T10:04:02+00:00","og_image":[{"width":1600,"height":1200,"url":"https:\/\/durres.gov.al\/wp-content\/uploads\/2026\/02\/Buxheti-2026.jpeg","type":"image\/jpeg"}],"twitter_card":"summary_large_image","schema":{"@context":"https:\/\/schema.org","@graph":[{"@type":"WebPage","@id":"https:\/\/durres.gov.al\/buxheti-i-keshillit\/","url":"https:\/\/durres.gov.al\/buxheti-i-keshillit\/","name":"Buxheti i k\u00ebshillit - Bashkia Durr\u00ebs","isPartOf":{"@id":"https:\/\/durres.gov.al\/en\/#website"},"primaryImageOfPage":{"@id":"https:\/\/durres.gov.al\/buxheti-i-keshillit\/#primaryimage"},"image":{"@id":"https:\/\/durres.gov.al\/buxheti-i-keshillit\/#primaryimage"},"thumbnailUrl":"https:\/\/durres.gov.al\/wp-content\/uploads\/2026\/02\/Buxheti-2026-768x576.jpeg","datePublished":"2023-10-06T14:31:20+00:00","dateModified":"2026-03-19T10:04:02+00:00","breadcrumb":{"@id":"https:\/\/durres.gov.al\/buxheti-i-keshillit\/#breadcrumb"},"inLanguage":"en-US","potentialAction":[{"@type":"ReadAction","target":["https:\/\/durres.gov.al\/buxheti-i-keshillit\/"]}]},{"@type":"ImageObject","inLanguage":"en-US","@id":"https:\/\/durres.gov.al\/buxheti-i-keshillit\/#primaryimage","url":"https:\/\/durres.gov.al\/wp-content\/uploads\/2026\/02\/Buxheti-2026-768x576.jpeg","contentUrl":"https:\/\/durres.gov.al\/wp-content\/uploads\/2026\/02\/Buxheti-2026-768x576.jpeg"},{"@type":"BreadcrumbList","@id":"https:\/\/durres.gov.al\/buxheti-i-keshillit\/#breadcrumb","itemListElement":[{"@type":"ListItem","position":1,"name":"Home","item":"https:\/\/durres.gov.al\/"},{"@type":"ListItem","position":2,"name":"Buxheti i k\u00ebshillit"}]},{"@type":"WebSite","@id":"https:\/\/durres.gov.al\/en\/#website","url":"https:\/\/durres.gov.al\/en\/","name":"Municipality of Durr\u00ebs","description":"Faqja Zyrtare n\u00eb Internet","publisher":{"@id":"https:\/\/durres.gov.al\/en\/#organization"},"potentialAction":[{"@type":"SearchAction","target":{"@type":"EntryPoint","urlTemplate":"https:\/\/durres.gov.al\/en\/?s={search_term_string}"},"query-input":{"@type":"PropertyValueSpecification","valueRequired":true,"valueName":"search_term_string"}}],"inLanguage":"en-US"},{"@type":"Organization","@id":"https:\/\/durres.gov.al\/en\/#organization","name":"Municipality of Durr\u00ebs","url":"https:\/\/durres.gov.al\/en\/","logo":{"@type":"ImageObject","inLanguage":"en-US","@id":"https:\/\/durres.gov.al\/en\/#\/schema\/logo\/image\/","url":"https:\/\/durres.gov.al\/wp-content\/uploads\/2023\/01\/cropped-logo.png","contentUrl":"https:\/\/durres.gov.al\/wp-content\/uploads\/2023\/01\/cropped-logo.png","width":512,"height":512,"caption":"Bashkia Durr\u00ebs"},"image":{"@id":"https:\/\/durres.gov.al\/en\/#\/schema\/logo\/image\/"}}]}},"_links":{"self":[{"href":"https:\/\/durres.gov.al\/en\/wp-json\/wp\/v2\/pages\/20191","targetHints":{"allow":["GET"]}}],"collection":[{"href":"https:\/\/durres.gov.al\/en\/wp-json\/wp\/v2\/pages"}],"about":[{"href":"https:\/\/durres.gov.al\/en\/wp-json\/wp\/v2\/types\/page"}],"author":[{"embeddable":true,"href":"https:\/\/durres.gov.al\/en\/wp-json\/wp\/v2\/users\/4"}],"replies":[{"embeddable":true,"href":"https:\/\/durres.gov.al\/en\/wp-json\/wp\/v2\/comments?post=20191"}],"version-history":[{"count":24,"href":"https:\/\/durres.gov.al\/en\/wp-json\/wp\/v2\/pages\/20191\/revisions"}],"predecessor-version":[{"id":28731,"href":"https:\/\/durres.gov.al\/en\/wp-json\/wp\/v2\/pages\/20191\/revisions\/28731"}],"wp:attachment":[{"href":"https:\/\/durres.gov.al\/en\/wp-json\/wp\/v2\/media?parent=20191"}],"curies":[{"name":"wp","href":"https:\/\/api.w.org\/{rel}","templated":true}]}}