{"id":20209,"date":"2023-10-06T14:36:17","date_gmt":"2023-10-06T14:36:17","guid":{"rendered":"https:\/\/durres.gov.al\/?page_id=20209"},"modified":"2026-03-19T11:01:19","modified_gmt":"2026-03-19T10:01:19","slug":"pyetesor-per-buxhetin","status":"publish","type":"page","link":"https:\/\/durres.gov.al\/en\/pyetesor-per-buxhetin\/","title":{"rendered":"Budget Questionnaire"},"content":{"rendered":"<div data-elementor-type=\"wp-page\" data-elementor-id=\"20209\" class=\"elementor elementor-20209\" data-elementor-post-type=\"page\">\n\t\t\t\t<div class=\"elementor-element elementor-element-d6a4a44 e-con-full e-flex e-con e-parent\" data-id=\"d6a4a44\" data-element_type=\"container\" data-e-type=\"container\">\n\t\t\t\t<div class=\"elementor-element elementor-element-569c00d elementor-widget elementor-widget-template\" data-id=\"569c00d\" data-element_type=\"widget\" data-e-type=\"widget\" data-widget_type=\"template.default\">\n\t\t\t\t<div class=\"elementor-widget-container\">\n\t\t\t\t\t\t\t<div class=\"elementor-template\">\n\t\t\t\t\t<div data-elementor-type=\"container\" data-elementor-id=\"25501\" class=\"elementor elementor-25501\" data-elementor-post-type=\"elementor_library\">\n\t\t\t\t<div class=\"elementor-element elementor-element-1648416 e-flex e-con-boxed e-con e-parent\" data-id=\"1648416\" data-element_type=\"container\" data-e-type=\"container\" data-settings=\"{&quot;background_background&quot;:&quot;classic&quot;}\">\n\t\t\t\t\t<div class=\"e-con-inner\">\n\t\t\t\t\t<\/div>\n\t\t\t\t<\/div>\n\t\t\t\t<\/div>\n\t\t\t\t<\/div>\n\t\t\t\t\t\t<\/div>\n\t\t\t\t<\/div>\n\t\t\t\t<\/div>\n\t\t<div class=\"elementor-element elementor-element-2044182 e-flex e-con-boxed e-con e-parent\" data-id=\"2044182\" data-element_type=\"container\" data-e-type=\"container\">\n\t\t\t\t\t<div class=\"e-con-inner\">\n\t\t\t\t<div class=\"elementor-element elementor-element-e99ecc9 elementor-widget elementor-widget-text-editor\" data-id=\"e99ecc9\" data-element_type=\"widget\" data-e-type=\"widget\" data-widget_type=\"text-editor.default\">\n\t\t\t\t<div class=\"elementor-widget-container\">\n\t\t\t\t\t\t\t\t\t<p><span style=\"color: #000000;\">Dear Citizens!<\/span><\/p><p><span style=\"color: #000000;\">The Durr\u00ebs Municipal Council has prepared a survey for which we request your cooperation to complete. This survey provides summarized information on how public funds were spent in the municipality during 2021 and gives the community the opportunity to recommend the priority functions\/services for which the municipality should allocate more funds in the upcoming year 2023. The recommendations collected through it will be used to determine the ceilings of Durr\u00ebs municipality\u2019s budget programs. The survey has been published on the municipality\u2019s official website and on the Municipal Council\u2019s social media channels and will remain online until March 16. We invite you to complete it!<\/span><\/p><p><span style=\"color: #000000;\">Link:<\/span><br \/><span style=\"color: #000000;\"><a style=\"color: #000000;\" href=\"https:\/\/forms.office.com\/pages\/responsepage.aspx?id=DQSIkWdsW0yxEjajBLZtrQAAAAAAAAAAAAYAAIBWQCRURDlMSVQ0V0cyU1YwQko1SEkxVFhaNFpLNC4u\">https:\/\/forms.office.com\/pages\/responsepage.aspx?id=DQSIkWdsW0yxEjajBLZtrQAAAAAAAAAAAAYAAIBWQCRURDlMSVQ0V0cyU1YwQko1SEkxVFhaNFpLNC4u<\/a><\/span><\/p>\t\t\t\t\t\t\t\t<\/div>\n\t\t\t\t<\/div>\n\t\t\t\t\t<\/div>\n\t\t\t\t<\/div>\n\t\t\t\t<\/div>","protected":false},"excerpt":{"rendered":"<p>T\u00eb nderuar qytetar\u00eb! K\u00ebshilli Bashkiak Durr\u00ebs ka hartuar nj\u00eb sondazh p\u00ebr t\u00eb cilin k\u00ebrkojm\u00eb bashk\u00ebpunimin tuaj p\u00ebr ta plot\u00ebsuar. Ky sondazh jep informacion t\u00eb p\u00ebrmbledhur p\u00ebr m\u00ebnyr\u00ebn si jan\u00eb shpenzuar fondet publike n\u00eb bashki gjat\u00eb vitit 2021 dhe i jep mund\u00ebsi komunitetit t\u00eb rekomandoj\u00eb funksionet \/ sh\u00ebrbimet prioritare p\u00ebr t\u00eb cilat bashkia duhet t\u00eb shpenzoj\u00eb [&hellip;]<\/p>\n","protected":false},"author":4,"featured_media":0,"parent":0,"menu_order":0,"comment_status":"closed","ping_status":"closed","template":"","meta":{"_acf_changed":false,"footnotes":""},"class_list":["post-20209","page","type-page","status-publish","hentry"],"acf":[],"yoast_head":"<!-- This site is optimized with the Yoast SEO plugin v27.4 - https:\/\/yoast.com\/product\/yoast-seo-wordpress\/ -->\n<title>Pyetesor p\u00ebr Buxhetin - Bashkia Durr\u00ebs<\/title>\n<meta name=\"robots\" content=\"index, follow, max-snippet:-1, max-image-preview:large, max-video-preview:-1\" \/>\n<link rel=\"canonical\" href=\"https:\/\/durres.gov.al\/en\/pyetesor-per-buxhetin\/\" \/>\n<meta property=\"og:locale\" content=\"en_US\" \/>\n<meta property=\"og:type\" content=\"article\" \/>\n<meta property=\"og:title\" content=\"Pyetesor p\u00ebr Buxhetin - Bashkia Durr\u00ebs\" \/>\n<meta property=\"og:description\" content=\"T\u00eb nderuar qytetar\u00eb! K\u00ebshilli Bashkiak Durr\u00ebs ka hartuar nj\u00eb sondazh p\u00ebr t\u00eb cilin k\u00ebrkojm\u00eb bashk\u00ebpunimin tuaj p\u00ebr ta plot\u00ebsuar. Ky sondazh jep informacion t\u00eb p\u00ebrmbledhur p\u00ebr m\u00ebnyr\u00ebn si jan\u00eb shpenzuar fondet publike n\u00eb bashki gjat\u00eb vitit 2021 dhe i jep mund\u00ebsi komunitetit t\u00eb rekomandoj\u00eb funksionet \/ sh\u00ebrbimet prioritare p\u00ebr t\u00eb cilat bashkia duhet t\u00eb shpenzoj\u00eb [&hellip;]\" \/>\n<meta property=\"og:url\" content=\"https:\/\/durres.gov.al\/en\/pyetesor-per-buxhetin\/\" \/>\n<meta property=\"og:site_name\" content=\"Bashkia Durr\u00ebs\" \/>\n<meta property=\"article:modified_time\" content=\"2026-03-19T10:01:19+00:00\" \/>\n<meta name=\"twitter:card\" content=\"summary_large_image\" \/>\n<meta name=\"twitter:label1\" content=\"Est. reading time\" \/>\n\t<meta name=\"twitter:data1\" content=\"1 minute\" \/>\n<script type=\"application\/ld+json\" class=\"yoast-schema-graph\">{\"@context\":\"https:\\\/\\\/schema.org\",\"@graph\":[{\"@type\":\"WebPage\",\"@id\":\"https:\\\/\\\/durres.gov.al\\\/pyetesor-per-buxhetin\\\/\",\"url\":\"https:\\\/\\\/durres.gov.al\\\/pyetesor-per-buxhetin\\\/\",\"name\":\"Pyetesor p\u00ebr Buxhetin - Bashkia Durr\u00ebs\",\"isPartOf\":{\"@id\":\"https:\\\/\\\/durres.gov.al\\\/en\\\/#website\"},\"datePublished\":\"2023-10-06T14:36:17+00:00\",\"dateModified\":\"2026-03-19T10:01:19+00:00\",\"breadcrumb\":{\"@id\":\"https:\\\/\\\/durres.gov.al\\\/pyetesor-per-buxhetin\\\/#breadcrumb\"},\"inLanguage\":\"en-US\",\"potentialAction\":[{\"@type\":\"ReadAction\",\"target\":[\"https:\\\/\\\/durres.gov.al\\\/pyetesor-per-buxhetin\\\/\"]}]},{\"@type\":\"BreadcrumbList\",\"@id\":\"https:\\\/\\\/durres.gov.al\\\/pyetesor-per-buxhetin\\\/#breadcrumb\",\"itemListElement\":[{\"@type\":\"ListItem\",\"position\":1,\"name\":\"Home\",\"item\":\"https:\\\/\\\/durres.gov.al\\\/\"},{\"@type\":\"ListItem\",\"position\":2,\"name\":\"Pyetesor p\u00ebr Buxhetin\"}]},{\"@type\":\"WebSite\",\"@id\":\"https:\\\/\\\/durres.gov.al\\\/en\\\/#website\",\"url\":\"https:\\\/\\\/durres.gov.al\\\/en\\\/\",\"name\":\"Bashkia Durr\u00ebs\",\"description\":\"Faqja Zyrtare n\u00eb Internet\",\"publisher\":{\"@id\":\"https:\\\/\\\/durres.gov.al\\\/en\\\/#organization\"},\"potentialAction\":[{\"@type\":\"SearchAction\",\"target\":{\"@type\":\"EntryPoint\",\"urlTemplate\":\"https:\\\/\\\/durres.gov.al\\\/en\\\/?s={search_term_string}\"},\"query-input\":{\"@type\":\"PropertyValueSpecification\",\"valueRequired\":true,\"valueName\":\"search_term_string\"}}],\"inLanguage\":\"en-US\"},{\"@type\":\"Organization\",\"@id\":\"https:\\\/\\\/durres.gov.al\\\/en\\\/#organization\",\"name\":\"Bashkia Durr\u00ebs\",\"url\":\"https:\\\/\\\/durres.gov.al\\\/en\\\/\",\"logo\":{\"@type\":\"ImageObject\",\"inLanguage\":\"en-US\",\"@id\":\"https:\\\/\\\/durres.gov.al\\\/en\\\/#\\\/schema\\\/logo\\\/image\\\/\",\"url\":\"https:\\\/\\\/durres.gov.al\\\/wp-content\\\/uploads\\\/2023\\\/01\\\/cropped-logo.png\",\"contentUrl\":\"https:\\\/\\\/durres.gov.al\\\/wp-content\\\/uploads\\\/2023\\\/01\\\/cropped-logo.png\",\"width\":512,\"height\":512,\"caption\":\"Bashkia Durr\u00ebs\"},\"image\":{\"@id\":\"https:\\\/\\\/durres.gov.al\\\/en\\\/#\\\/schema\\\/logo\\\/image\\\/\"}}]}<\/script>\n<!-- \/ Yoast SEO plugin. -->","yoast_head_json":{"title":"Pyetesor p\u00ebr Buxhetin - Bashkia Durr\u00ebs","robots":{"index":"index","follow":"follow","max-snippet":"max-snippet:-1","max-image-preview":"max-image-preview:large","max-video-preview":"max-video-preview:-1"},"canonical":"https:\/\/durres.gov.al\/en\/pyetesor-per-buxhetin\/","og_locale":"en_US","og_type":"article","og_title":"Pyetesor p\u00ebr Buxhetin - Bashkia Durr\u00ebs","og_description":"T\u00eb nderuar qytetar\u00eb! K\u00ebshilli Bashkiak Durr\u00ebs ka hartuar nj\u00eb sondazh p\u00ebr t\u00eb cilin k\u00ebrkojm\u00eb bashk\u00ebpunimin tuaj p\u00ebr ta plot\u00ebsuar. Ky sondazh jep informacion t\u00eb p\u00ebrmbledhur p\u00ebr m\u00ebnyr\u00ebn si jan\u00eb shpenzuar fondet publike n\u00eb bashki gjat\u00eb vitit 2021 dhe i jep mund\u00ebsi komunitetit t\u00eb rekomandoj\u00eb funksionet \/ sh\u00ebrbimet prioritare p\u00ebr t\u00eb cilat bashkia duhet t\u00eb shpenzoj\u00eb [&hellip;]","og_url":"https:\/\/durres.gov.al\/en\/pyetesor-per-buxhetin\/","og_site_name":"Bashkia Durr\u00ebs","article_modified_time":"2026-03-19T10:01:19+00:00","twitter_card":"summary_large_image","twitter_misc":{"Est. reading time":"1 minute"},"schema":{"@context":"https:\/\/schema.org","@graph":[{"@type":"WebPage","@id":"https:\/\/durres.gov.al\/pyetesor-per-buxhetin\/","url":"https:\/\/durres.gov.al\/pyetesor-per-buxhetin\/","name":"Pyetesor p\u00ebr Buxhetin - Bashkia Durr\u00ebs","isPartOf":{"@id":"https:\/\/durres.gov.al\/en\/#website"},"datePublished":"2023-10-06T14:36:17+00:00","dateModified":"2026-03-19T10:01:19+00:00","breadcrumb":{"@id":"https:\/\/durres.gov.al\/pyetesor-per-buxhetin\/#breadcrumb"},"inLanguage":"en-US","potentialAction":[{"@type":"ReadAction","target":["https:\/\/durres.gov.al\/pyetesor-per-buxhetin\/"]}]},{"@type":"BreadcrumbList","@id":"https:\/\/durres.gov.al\/pyetesor-per-buxhetin\/#breadcrumb","itemListElement":[{"@type":"ListItem","position":1,"name":"Home","item":"https:\/\/durres.gov.al\/"},{"@type":"ListItem","position":2,"name":"Pyetesor p\u00ebr Buxhetin"}]},{"@type":"WebSite","@id":"https:\/\/durres.gov.al\/en\/#website","url":"https:\/\/durres.gov.al\/en\/","name":"Municipality of Durr\u00ebs","description":"Faqja Zyrtare n\u00eb Internet","publisher":{"@id":"https:\/\/durres.gov.al\/en\/#organization"},"potentialAction":[{"@type":"SearchAction","target":{"@type":"EntryPoint","urlTemplate":"https:\/\/durres.gov.al\/en\/?s={search_term_string}"},"query-input":{"@type":"PropertyValueSpecification","valueRequired":true,"valueName":"search_term_string"}}],"inLanguage":"en-US"},{"@type":"Organization","@id":"https:\/\/durres.gov.al\/en\/#organization","name":"Municipality of Durr\u00ebs","url":"https:\/\/durres.gov.al\/en\/","logo":{"@type":"ImageObject","inLanguage":"en-US","@id":"https:\/\/durres.gov.al\/en\/#\/schema\/logo\/image\/","url":"https:\/\/durres.gov.al\/wp-content\/uploads\/2023\/01\/cropped-logo.png","contentUrl":"https:\/\/durres.gov.al\/wp-content\/uploads\/2023\/01\/cropped-logo.png","width":512,"height":512,"caption":"Bashkia Durr\u00ebs"},"image":{"@id":"https:\/\/durres.gov.al\/en\/#\/schema\/logo\/image\/"}}]}},"_links":{"self":[{"href":"https:\/\/durres.gov.al\/en\/wp-json\/wp\/v2\/pages\/20209","targetHints":{"allow":["GET"]}}],"collection":[{"href":"https:\/\/durres.gov.al\/en\/wp-json\/wp\/v2\/pages"}],"about":[{"href":"https:\/\/durres.gov.al\/en\/wp-json\/wp\/v2\/types\/page"}],"author":[{"embeddable":true,"href":"https:\/\/durres.gov.al\/en\/wp-json\/wp\/v2\/users\/4"}],"replies":[{"embeddable":true,"href":"https:\/\/durres.gov.al\/en\/wp-json\/wp\/v2\/comments?post=20209"}],"version-history":[{"count":6,"href":"https:\/\/durres.gov.al\/en\/wp-json\/wp\/v2\/pages\/20209\/revisions"}],"predecessor-version":[{"id":28722,"href":"https:\/\/durres.gov.al\/en\/wp-json\/wp\/v2\/pages\/20209\/revisions\/28722"}],"wp:attachment":[{"href":"https:\/\/durres.gov.al\/en\/wp-json\/wp\/v2\/media?parent=20209"}],"curies":[{"name":"wp","href":"https:\/\/api.w.org\/{rel}","templated":true}]}}