{"id":21855,"date":"2024-04-08T08:34:58","date_gmt":"2024-04-08T08:34:58","guid":{"rendered":"https:\/\/durres.gov.al\/?page_id=21855"},"modified":"2026-03-24T15:06:18","modified_gmt":"2026-03-24T14:06:18","slug":"konsultim-publik-per-planin-e-arsimit-parashkollor-2024-2026","status":"publish","type":"page","link":"https:\/\/durres.gov.al\/en\/konsultim-publik-per-planin-e-arsimit-parashkollor-2024-2026\/","title":{"rendered":"Konsultim publik p\u00ebr planin e arsimit parashkollor 2024 &#8211; 2026"},"content":{"rendered":"<div data-elementor-type=\"wp-page\" data-elementor-id=\"21855\" class=\"elementor elementor-21855\" data-elementor-post-type=\"page\">\n\t\t\t\t<div class=\"elementor-element elementor-element-bd93ae7 e-con-full e-flex e-con e-parent\" data-id=\"bd93ae7\" data-element_type=\"container\" data-e-type=\"container\">\n\t\t\t\t<div class=\"elementor-element elementor-element-7402adc elementor-widget elementor-widget-template\" data-id=\"7402adc\" data-element_type=\"widget\" data-e-type=\"widget\" data-widget_type=\"template.default\">\n\t\t\t\t<div class=\"elementor-widget-container\">\n\t\t\t\t\t\t\t<div class=\"elementor-template\">\n\t\t\t\t\t<div data-elementor-type=\"container\" data-elementor-id=\"25501\" class=\"elementor elementor-25501\" data-elementor-post-type=\"elementor_library\">\n\t\t\t\t<div class=\"elementor-element elementor-element-1648416 e-flex e-con-boxed e-con e-parent\" data-id=\"1648416\" data-element_type=\"container\" data-e-type=\"container\" data-settings=\"{&quot;background_background&quot;:&quot;classic&quot;}\">\n\t\t\t\t\t<div class=\"e-con-inner\">\n\t\t\t\t\t<\/div>\n\t\t\t\t<\/div>\n\t\t\t\t<\/div>\n\t\t\t\t<\/div>\n\t\t\t\t\t\t<\/div>\n\t\t\t\t<\/div>\n\t\t\t\t<\/div>\n\t\t<div class=\"elementor-element elementor-element-31f8fde e-flex e-con-boxed e-con e-parent\" data-id=\"31f8fde\" data-element_type=\"container\" data-e-type=\"container\">\n\t\t\t\t\t<div class=\"e-con-inner\">\n\t\t<a class=\"elementor-element elementor-element-3acc337 e-con-full e-flex e-con e-child\" data-id=\"3acc337\" data-element_type=\"container\" data-e-type=\"container\" href=\"https:\/\/durres.gov.al\/wp-content\/uploads\/2024\/04\/Njoftim-publik-per-konsultim-me-publikun-Durres.docx\">\n\t\t\t\t<div class=\"elementor-element elementor-element-9bc0603 elementor-position-inline-start elementor-mobile-position-inline-start elementor-view-default elementor-widget elementor-widget-icon-box\" data-id=\"9bc0603\" data-element_type=\"widget\" data-e-type=\"widget\" data-widget_type=\"icon-box.default\">\n\t\t\t\t<div class=\"elementor-widget-container\">\n\t\t\t\t\t\t\t<div class=\"elementor-icon-box-wrapper\">\n\n\t\t\t\t\t\t<div class=\"elementor-icon-box-icon\">\n\t\t\t\t<span  class=\"elementor-icon\">\n\t\t\t\t<i aria-hidden=\"true\" class=\"fas fa-file-pdf\"><\/i>\t\t\t\t<\/span>\n\t\t\t<\/div>\n\t\t\t\n\t\t\t\t\t\t<div class=\"elementor-icon-box-content\">\n\n\t\t\t\t\n\t\t\t\t\t\t\t\t\t<p class=\"elementor-icon-box-description\">\n\t\t\t\t\t\tPublic notice for public consultation Durr\u00ebs\t\t\t\t\t<\/p>\n\t\t\t\t\n\t\t\t<\/div>\n\t\t\t\n\t\t<\/div>\n\t\t\t\t\t\t<\/div>\n\t\t\t\t<\/div>\n\t\t\t\t<\/a>\n\t\t<a class=\"elementor-element elementor-element-cab2740 e-con-full e-flex e-con e-child\" data-id=\"cab2740\" data-element_type=\"container\" data-e-type=\"container\" href=\"https:\/\/durres.gov.al\/wp-content\/uploads\/2024\/04\/Plani-arsimit-parashkollor-Bashkia-Durres-2024-2026.docx\">\n\t\t\t\t<div class=\"elementor-element elementor-element-106b023 elementor-position-inline-start elementor-mobile-position-inline-start elementor-view-default elementor-widget elementor-widget-icon-box\" data-id=\"106b023\" data-element_type=\"widget\" data-e-type=\"widget\" data-widget_type=\"icon-box.default\">\n\t\t\t\t<div class=\"elementor-widget-container\">\n\t\t\t\t\t\t\t<div class=\"elementor-icon-box-wrapper\">\n\n\t\t\t\t\t\t<div class=\"elementor-icon-box-icon\">\n\t\t\t\t<span  class=\"elementor-icon\">\n\t\t\t\t<i aria-hidden=\"true\" class=\"fas fa-file-pdf\"><\/i>\t\t\t\t<\/span>\n\t\t\t<\/div>\n\t\t\t\n\t\t\t\t\t\t<div class=\"elementor-icon-box-content\">\n\n\t\t\t\t\n\t\t\t\t\t\t\t\t\t<p class=\"elementor-icon-box-description\">\n\t\t\t\t\t\tPreschool Education Plan - Municipality of Durr\u00ebs 2024-2026\t\t\t\t\t<\/p>\n\t\t\t\t\n\t\t\t<\/div>\n\t\t\t\n\t\t<\/div>\n\t\t\t\t\t\t<\/div>\n\t\t\t\t<\/div>\n\t\t\t\t<\/a>\n\t\t<a class=\"elementor-element elementor-element-e0df0f4 e-con-full e-flex e-con e-child\" data-id=\"e0df0f4\" data-element_type=\"container\" data-e-type=\"container\" href=\"https:\/\/durres.gov.al\/wp-content\/uploads\/2024\/04\/PLANI-I-PERMIRESIMIT-TE-SHERBIMIT-PER-ARSIMIN-PARASHKOLLOR-PREZANTIM.pptx\">\n\t\t\t\t<div class=\"elementor-element elementor-element-e9098ad elementor-position-inline-start elementor-mobile-position-inline-start elementor-view-default elementor-widget elementor-widget-icon-box\" data-id=\"e9098ad\" data-element_type=\"widget\" data-e-type=\"widget\" data-widget_type=\"icon-box.default\">\n\t\t\t\t<div class=\"elementor-widget-container\">\n\t\t\t\t\t\t\t<div class=\"elementor-icon-box-wrapper\">\n\n\t\t\t\t\t\t<div class=\"elementor-icon-box-icon\">\n\t\t\t\t<span  class=\"elementor-icon\">\n\t\t\t\t<i aria-hidden=\"true\" class=\"fas fa-file-pdf\"><\/i>\t\t\t\t<\/span>\n\t\t\t<\/div>\n\t\t\t\n\t\t\t\t\t\t<div class=\"elementor-icon-box-content\">\n\n\t\t\t\t\n\t\t\t\t\t\t\t\t\t<p class=\"elementor-icon-box-description\">\n\t\t\t\t\t\tPreschool Education Service Improvement Plan (Presentation)\t\t\t\t\t<\/p>\n\t\t\t\t\n\t\t\t<\/div>\n\t\t\t\n\t\t<\/div>\n\t\t\t\t\t\t<\/div>\n\t\t\t\t<\/div>\n\t\t\t\t<\/a>\n\t\t\t\t\t<\/div>\n\t\t\t\t<\/div>\n\t\t\t\t<\/div>","protected":false},"excerpt":{"rendered":"<p>Njoftim publik p\u00ebr konsultim me publikun Durr\u00ebs Plani arsimit parashkollor &#8211; Bashkia Durr\u00ebs 2024-2026 Plani i p\u00ebrmir\u00ebsimit t\u00eb sh\u00ebrbimit p\u00ebr arsimin parashkollor(Prezantim)<\/p>","protected":false},"author":4,"featured_media":0,"parent":0,"menu_order":0,"comment_status":"closed","ping_status":"closed","template":"","meta":{"_acf_changed":false,"rs_blank_template":"","rs_page_bg_color":"","slide_template_v7":"","footnotes":""},"class_list":["post-21855","page","type-page","status-publish","hentry"],"acf":[],"yoast_head":"<!-- This site is optimized with the Yoast SEO plugin v27.3 - https:\/\/yoast.com\/product\/yoast-seo-wordpress\/ -->\n<title>Konsultim publik p\u00ebr planin e arsimit parashkollor 2024 - 2026 - Bashkia Durr\u00ebs<\/title>\n<meta name=\"robots\" content=\"index, follow, max-snippet:-1, max-image-preview:large, max-video-preview:-1\" \/>\n<link rel=\"canonical\" href=\"https:\/\/durres.gov.al\/en\/konsultim-publik-per-planin-e-arsimit-parashkollor-2024-2026\/\" \/>\n<meta property=\"og:locale\" content=\"en_US\" \/>\n<meta property=\"og:type\" content=\"article\" \/>\n<meta property=\"og:title\" content=\"Konsultim publik p\u00ebr planin e arsimit parashkollor 2024 - 2026 - Bashkia Durr\u00ebs\" \/>\n<meta property=\"og:description\" content=\"Njoftim publik p\u00ebr konsultim me publikun Durr\u00ebs Plani arsimit parashkollor &#8211; Bashkia Durr\u00ebs 2024-2026 Plani i p\u00ebrmir\u00ebsimit t\u00eb sh\u00ebrbimit p\u00ebr arsimin parashkollor(Prezantim)\" \/>\n<meta property=\"og:url\" content=\"https:\/\/durres.gov.al\/en\/konsultim-publik-per-planin-e-arsimit-parashkollor-2024-2026\/\" \/>\n<meta property=\"og:site_name\" content=\"Bashkia Durr\u00ebs\" \/>\n<meta property=\"article:modified_time\" content=\"2026-03-24T14:06:18+00:00\" \/>\n<meta name=\"twitter:card\" content=\"summary_large_image\" \/>\n<meta name=\"twitter:label1\" content=\"Est. reading time\" \/>\n\t<meta name=\"twitter:data1\" content=\"5 minutes\" \/>\n<script type=\"application\/ld+json\" class=\"yoast-schema-graph\">{\"@context\":\"https:\\\/\\\/schema.org\",\"@graph\":[{\"@type\":\"WebPage\",\"@id\":\"https:\\\/\\\/durres.gov.al\\\/konsultim-publik-per-planin-e-arsimit-parashkollor-2024-2026\\\/\",\"url\":\"https:\\\/\\\/durres.gov.al\\\/konsultim-publik-per-planin-e-arsimit-parashkollor-2024-2026\\\/\",\"name\":\"Konsultim publik p\u00ebr planin e arsimit parashkollor 2024 - 2026 - Bashkia Durr\u00ebs\",\"isPartOf\":{\"@id\":\"https:\\\/\\\/durres.gov.al\\\/en\\\/#website\"},\"datePublished\":\"2024-04-08T08:34:58+00:00\",\"dateModified\":\"2026-03-24T14:06:18+00:00\",\"breadcrumb\":{\"@id\":\"https:\\\/\\\/durres.gov.al\\\/konsultim-publik-per-planin-e-arsimit-parashkollor-2024-2026\\\/#breadcrumb\"},\"inLanguage\":\"en-US\",\"potentialAction\":[{\"@type\":\"ReadAction\",\"target\":[\"https:\\\/\\\/durres.gov.al\\\/konsultim-publik-per-planin-e-arsimit-parashkollor-2024-2026\\\/\"]}]},{\"@type\":\"BreadcrumbList\",\"@id\":\"https:\\\/\\\/durres.gov.al\\\/konsultim-publik-per-planin-e-arsimit-parashkollor-2024-2026\\\/#breadcrumb\",\"itemListElement\":[{\"@type\":\"ListItem\",\"position\":1,\"name\":\"Home\",\"item\":\"https:\\\/\\\/durres.gov.al\\\/\"},{\"@type\":\"ListItem\",\"position\":2,\"name\":\"Konsultim publik p\u00ebr planin e arsimit parashkollor 2024 &#8211; 2026\"}]},{\"@type\":\"WebSite\",\"@id\":\"https:\\\/\\\/durres.gov.al\\\/en\\\/#website\",\"url\":\"https:\\\/\\\/durres.gov.al\\\/en\\\/\",\"name\":\"Bashkia Durr\u00ebs\",\"description\":\"Faqja Zyrtare n\u00eb Internet\",\"publisher\":{\"@id\":\"https:\\\/\\\/durres.gov.al\\\/en\\\/#organization\"},\"potentialAction\":[{\"@type\":\"SearchAction\",\"target\":{\"@type\":\"EntryPoint\",\"urlTemplate\":\"https:\\\/\\\/durres.gov.al\\\/en\\\/?s={search_term_string}\"},\"query-input\":{\"@type\":\"PropertyValueSpecification\",\"valueRequired\":true,\"valueName\":\"search_term_string\"}}],\"inLanguage\":\"en-US\"},{\"@type\":\"Organization\",\"@id\":\"https:\\\/\\\/durres.gov.al\\\/en\\\/#organization\",\"name\":\"Bashkia Durr\u00ebs\",\"url\":\"https:\\\/\\\/durres.gov.al\\\/en\\\/\",\"logo\":{\"@type\":\"ImageObject\",\"inLanguage\":\"en-US\",\"@id\":\"https:\\\/\\\/durres.gov.al\\\/en\\\/#\\\/schema\\\/logo\\\/image\\\/\",\"url\":\"https:\\\/\\\/durres.gov.al\\\/wp-content\\\/uploads\\\/2023\\\/01\\\/cropped-logo.png\",\"contentUrl\":\"https:\\\/\\\/durres.gov.al\\\/wp-content\\\/uploads\\\/2023\\\/01\\\/cropped-logo.png\",\"width\":512,\"height\":512,\"caption\":\"Bashkia Durr\u00ebs\"},\"image\":{\"@id\":\"https:\\\/\\\/durres.gov.al\\\/en\\\/#\\\/schema\\\/logo\\\/image\\\/\"}}]}<\/script>\n<!-- \/ Yoast SEO plugin. -->","yoast_head_json":{"title":"Konsultim publik p\u00ebr planin e arsimit parashkollor 2024 - 2026 - Bashkia Durr\u00ebs","robots":{"index":"index","follow":"follow","max-snippet":"max-snippet:-1","max-image-preview":"max-image-preview:large","max-video-preview":"max-video-preview:-1"},"canonical":"https:\/\/durres.gov.al\/en\/konsultim-publik-per-planin-e-arsimit-parashkollor-2024-2026\/","og_locale":"en_US","og_type":"article","og_title":"Konsultim publik p\u00ebr planin e arsimit parashkollor 2024 - 2026 - Bashkia Durr\u00ebs","og_description":"Njoftim publik p\u00ebr konsultim me publikun Durr\u00ebs Plani arsimit parashkollor &#8211; Bashkia Durr\u00ebs 2024-2026 Plani i p\u00ebrmir\u00ebsimit t\u00eb sh\u00ebrbimit p\u00ebr arsimin parashkollor(Prezantim)","og_url":"https:\/\/durres.gov.al\/en\/konsultim-publik-per-planin-e-arsimit-parashkollor-2024-2026\/","og_site_name":"Bashkia Durr\u00ebs","article_modified_time":"2026-03-24T14:06:18+00:00","twitter_card":"summary_large_image","twitter_misc":{"Est. reading time":"5 minutes"},"schema":{"@context":"https:\/\/schema.org","@graph":[{"@type":"WebPage","@id":"https:\/\/durres.gov.al\/konsultim-publik-per-planin-e-arsimit-parashkollor-2024-2026\/","url":"https:\/\/durres.gov.al\/konsultim-publik-per-planin-e-arsimit-parashkollor-2024-2026\/","name":"Konsultim publik p\u00ebr planin e arsimit parashkollor 2024 - 2026 - Bashkia Durr\u00ebs","isPartOf":{"@id":"https:\/\/durres.gov.al\/en\/#website"},"datePublished":"2024-04-08T08:34:58+00:00","dateModified":"2026-03-24T14:06:18+00:00","breadcrumb":{"@id":"https:\/\/durres.gov.al\/konsultim-publik-per-planin-e-arsimit-parashkollor-2024-2026\/#breadcrumb"},"inLanguage":"en-US","potentialAction":[{"@type":"ReadAction","target":["https:\/\/durres.gov.al\/konsultim-publik-per-planin-e-arsimit-parashkollor-2024-2026\/"]}]},{"@type":"BreadcrumbList","@id":"https:\/\/durres.gov.al\/konsultim-publik-per-planin-e-arsimit-parashkollor-2024-2026\/#breadcrumb","itemListElement":[{"@type":"ListItem","position":1,"name":"Home","item":"https:\/\/durres.gov.al\/"},{"@type":"ListItem","position":2,"name":"Konsultim publik p\u00ebr planin e arsimit parashkollor 2024 &#8211; 2026"}]},{"@type":"WebSite","@id":"https:\/\/durres.gov.al\/en\/#website","url":"https:\/\/durres.gov.al\/en\/","name":"Municipality of Durr\u00ebs","description":"Faqja Zyrtare n\u00eb Internet","publisher":{"@id":"https:\/\/durres.gov.al\/en\/#organization"},"potentialAction":[{"@type":"SearchAction","target":{"@type":"EntryPoint","urlTemplate":"https:\/\/durres.gov.al\/en\/?s={search_term_string}"},"query-input":{"@type":"PropertyValueSpecification","valueRequired":true,"valueName":"search_term_string"}}],"inLanguage":"en-US"},{"@type":"Organization","@id":"https:\/\/durres.gov.al\/en\/#organization","name":"Municipality of Durr\u00ebs","url":"https:\/\/durres.gov.al\/en\/","logo":{"@type":"ImageObject","inLanguage":"en-US","@id":"https:\/\/durres.gov.al\/en\/#\/schema\/logo\/image\/","url":"https:\/\/durres.gov.al\/wp-content\/uploads\/2023\/01\/cropped-logo.png","contentUrl":"https:\/\/durres.gov.al\/wp-content\/uploads\/2023\/01\/cropped-logo.png","width":512,"height":512,"caption":"Bashkia Durr\u00ebs"},"image":{"@id":"https:\/\/durres.gov.al\/en\/#\/schema\/logo\/image\/"}}]}},"_links":{"self":[{"href":"https:\/\/durres.gov.al\/en\/wp-json\/wp\/v2\/pages\/21855","targetHints":{"allow":["GET"]}}],"collection":[{"href":"https:\/\/durres.gov.al\/en\/wp-json\/wp\/v2\/pages"}],"about":[{"href":"https:\/\/durres.gov.al\/en\/wp-json\/wp\/v2\/types\/page"}],"author":[{"embeddable":true,"href":"https:\/\/durres.gov.al\/en\/wp-json\/wp\/v2\/users\/4"}],"replies":[{"embeddable":true,"href":"https:\/\/durres.gov.al\/en\/wp-json\/wp\/v2\/comments?post=21855"}],"version-history":[{"count":15,"href":"https:\/\/durres.gov.al\/en\/wp-json\/wp\/v2\/pages\/21855\/revisions"}],"predecessor-version":[{"id":28982,"href":"https:\/\/durres.gov.al\/en\/wp-json\/wp\/v2\/pages\/21855\/revisions\/28982"}],"wp:attachment":[{"href":"https:\/\/durres.gov.al\/en\/wp-json\/wp\/v2\/media?parent=21855"}],"curies":[{"name":"wp","href":"https:\/\/api.w.org\/{rel}","templated":true}]}}