{"id":25110,"date":"2026-02-05T10:09:00","date_gmt":"2026-02-05T09:09:00","guid":{"rendered":"https:\/\/durres.gov.al\/?page_id=25110"},"modified":"2026-03-24T15:02:07","modified_gmt":"2026-03-24T14:02:07","slug":"investimi-publik-rikonstruksion-i-rrugeve-ne-qytet-rruga-cel-islami","status":"publish","type":"page","link":"https:\/\/durres.gov.al\/en\/keshilli-bashkiak\/investimi-publik-rikonstruksion-i-rrugeve-ne-qytet-rruga-cel-islami\/","title":{"rendered":"Public Investment \u201cCity Road Reconstruction \u2013 \u00c7el Islami Street\u201d"},"content":{"rendered":"<div data-elementor-type=\"wp-page\" data-elementor-id=\"25110\" class=\"elementor elementor-25110\" data-elementor-post-type=\"page\">\n\t\t\t\t<div class=\"elementor-element elementor-element-c73572e e-con-full e-flex e-con e-parent\" data-id=\"c73572e\" data-element_type=\"container\" data-e-type=\"container\">\n\t\t\t\t<div class=\"elementor-element elementor-element-42a8125 elementor-widget elementor-widget-template\" data-id=\"42a8125\" data-element_type=\"widget\" data-e-type=\"widget\" data-widget_type=\"template.default\">\n\t\t\t\t<div class=\"elementor-widget-container\">\n\t\t\t\t\t\t\t<div class=\"elementor-template\">\n\t\t\t\t\t<div data-elementor-type=\"container\" data-elementor-id=\"25501\" class=\"elementor elementor-25501\" data-elementor-post-type=\"elementor_library\">\n\t\t\t\t<div class=\"elementor-element elementor-element-1648416 e-flex e-con-boxed e-con e-parent\" data-id=\"1648416\" data-element_type=\"container\" data-e-type=\"container\" data-settings=\"{&quot;background_background&quot;:&quot;classic&quot;}\">\n\t\t\t\t\t<div class=\"e-con-inner\">\n\t\t\t\t\t<\/div>\n\t\t\t\t<\/div>\n\t\t\t\t<\/div>\n\t\t\t\t<\/div>\n\t\t\t\t\t\t<\/div>\n\t\t\t\t<\/div>\n\t\t\t\t<\/div>\n\t\t<div class=\"elementor-element elementor-element-0478ac4 e-flex e-con-boxed e-con e-parent\" data-id=\"0478ac4\" data-element_type=\"container\" data-e-type=\"container\">\n\t\t\t\t\t<div class=\"e-con-inner\">\n\t\t<a class=\"elementor-element elementor-element-9593f09 e-con-full e-flex e-con e-child\" data-id=\"9593f09\" data-element_type=\"container\" data-e-type=\"container\" href=\"https:\/\/durres.gov.al\/wp-content\/uploads\/2026\/02\/5.-Njoftim-per-konsultim-Rruga-Cel-Islami.pdf\">\n\t\t\t\t<div class=\"elementor-element elementor-element-bc3ab5a elementor-position-inline-start elementor-mobile-position-inline-start elementor-view-default elementor-widget elementor-widget-icon-box\" data-id=\"bc3ab5a\" data-element_type=\"widget\" data-e-type=\"widget\" data-widget_type=\"icon-box.default\">\n\t\t\t\t<div class=\"elementor-widget-container\">\n\t\t\t\t\t\t\t<div class=\"elementor-icon-box-wrapper\">\n\n\t\t\t\t\t\t<div class=\"elementor-icon-box-icon\">\n\t\t\t\t<span  class=\"elementor-icon\">\n\t\t\t\t<i aria-hidden=\"true\" class=\"fas fa-file-pdf\"><\/i>\t\t\t\t<\/span>\n\t\t\t<\/div>\n\t\t\t\n\t\t\t\t\t\t<div class=\"elementor-icon-box-content\">\n\n\t\t\t\t\n\t\t\t\t\t\t\t\t\t<p class=\"elementor-icon-box-description\">\n\t\t\t\t\t\tNotice for Consultation \u2013 Cel Islami Street\t\t\t\t\t<\/p>\n\t\t\t\t\n\t\t\t<\/div>\n\t\t\t\n\t\t<\/div>\n\t\t\t\t\t\t<\/div>\n\t\t\t\t<\/div>\n\t\t\t\t<\/a>\n\t\t<a class=\"elementor-element elementor-element-818a7f2 e-con-full e-flex e-con e-child\" data-id=\"818a7f2\" data-element_type=\"container\" data-e-type=\"container\" href=\"https:\/\/durres.gov.al\/wp-content\/uploads\/2026\/02\/5.-dhe-5.1-P.v.-per-miratimin-ne-parim-te-vleres-financiare-te-shpronesimit-per-Rr.-Cel-Islami.pdf\">\n\t\t\t\t<div class=\"elementor-element elementor-element-031ef4a elementor-position-inline-start elementor-mobile-position-inline-start elementor-view-default elementor-widget elementor-widget-icon-box\" data-id=\"031ef4a\" data-element_type=\"widget\" data-e-type=\"widget\" data-widget_type=\"icon-box.default\">\n\t\t\t\t<div class=\"elementor-widget-container\">\n\t\t\t\t\t\t\t<div class=\"elementor-icon-box-wrapper\">\n\n\t\t\t\t\t\t<div class=\"elementor-icon-box-icon\">\n\t\t\t\t<span  class=\"elementor-icon\">\n\t\t\t\t<i aria-hidden=\"true\" class=\"fas fa-file-pdf\"><\/i>\t\t\t\t<\/span>\n\t\t\t<\/div>\n\t\t\t\n\t\t\t\t\t\t<div class=\"elementor-icon-box-content\">\n\n\t\t\t\t\n\t\t\t\t\t\t\t\t\t<p class=\"elementor-icon-box-description\">\n\t\t\t\t\t\tMinutes for the Preliminary Approval of the Financial Valuation of Expropriation for Cel Islami Street\t\t\t\t\t<\/p>\n\t\t\t\t\n\t\t\t<\/div>\n\t\t\t\n\t\t<\/div>\n\t\t\t\t\t\t<\/div>\n\t\t\t\t<\/div>\n\t\t\t\t<\/a>\n\t\t<a class=\"elementor-element elementor-element-4232cdb e-con-full e-flex e-con e-child\" data-id=\"4232cdb\" data-element_type=\"container\" data-e-type=\"container\" href=\"https:\/\/durres.gov.al\/wp-content\/uploads\/2026\/02\/5.2-CEL-ISLAMI.pdf\">\n\t\t\t\t<div class=\"elementor-element elementor-element-fffe860 elementor-position-inline-start elementor-mobile-position-inline-start elementor-view-default elementor-widget elementor-widget-icon-box\" data-id=\"fffe860\" data-element_type=\"widget\" data-e-type=\"widget\" data-widget_type=\"icon-box.default\">\n\t\t\t\t<div class=\"elementor-widget-container\">\n\t\t\t\t\t\t\t<div class=\"elementor-icon-box-wrapper\">\n\n\t\t\t\t\t\t<div class=\"elementor-icon-box-icon\">\n\t\t\t\t<span  class=\"elementor-icon\">\n\t\t\t\t<i aria-hidden=\"true\" class=\"fas fa-file-pdf\"><\/i>\t\t\t\t<\/span>\n\t\t\t<\/div>\n\t\t\t\n\t\t\t\t\t\t<div class=\"elementor-icon-box-content\">\n\n\t\t\t\t\n\t\t\t\t\t\t\t\t\t<p class=\"elementor-icon-box-description\">\n\t\t\t\t\t\tOrder for the Formation of a Working Group for the Preliminary Assessment of Immovable Properties, Private Ownership, Affected by the Public Investment with the Objective: \u201cReconstruction of City Roads for Cel Islami Street\u201d\t\t\t\t\t<\/p>\n\t\t\t\t\n\t\t\t<\/div>\n\t\t\t\n\t\t<\/div>\n\t\t\t\t\t\t<\/div>\n\t\t\t\t<\/div>\n\t\t\t\t<\/a>\n\t\t\t\t\t<\/div>\n\t\t\t\t<\/div>\n\t\t\t\t<\/div>","protected":false},"excerpt":{"rendered":"<p>Njoftim p\u00ebr konsultim Rruga Cel Islami P.v. p\u00ebr miratimin n\u00eb parim t\u00eb vler\u00ebs financiare t\u00eb shpron\u00ebsimit p\u00ebr Rr. Cel Islami Urdh\u00ebr p\u00ebr ngritjen e grupit t\u00eb pun\u00ebs p\u00ebr vler\u00ebsimin paraprak t\u00eb pasurive t\u00eb paluajtshme, pron\u00eb private, q\u00eb preken nga investimi publik me objekt: &#8220;Rikonstruksion i rrug\u00ebve n\u00eb qytet p\u00ebr rrug\u00ebn Cel Islami&#8221;<\/p>","protected":false},"author":4,"featured_media":0,"parent":13905,"menu_order":0,"comment_status":"closed","ping_status":"closed","template":"","meta":{"_acf_changed":false,"footnotes":""},"class_list":["post-25110","page","type-page","status-publish","hentry"],"acf":[],"yoast_head":"<!-- This site is optimized with the Yoast SEO plugin v27.4 - https:\/\/yoast.com\/product\/yoast-seo-wordpress\/ -->\n<title>Investimi publik \u201cRikonstruksion i Rrug\u00ebve n\u00eb Qytet \u2013 Rruga \u201c\u00c7el Islami\u201d - Bashkia Durr\u00ebs<\/title>\n<meta name=\"robots\" content=\"index, follow, max-snippet:-1, max-image-preview:large, max-video-preview:-1\" \/>\n<link rel=\"canonical\" href=\"https:\/\/durres.gov.al\/en\/keshilli-bashkiak\/investimi-publik-rikonstruksion-i-rrugeve-ne-qytet-rruga-cel-islami\/\" \/>\n<meta property=\"og:locale\" content=\"en_US\" \/>\n<meta property=\"og:type\" content=\"article\" \/>\n<meta property=\"og:title\" content=\"Investimi publik \u201cRikonstruksion i Rrug\u00ebve n\u00eb Qytet \u2013 Rruga \u201c\u00c7el Islami\u201d - Bashkia Durr\u00ebs\" \/>\n<meta property=\"og:description\" content=\"Njoftim p\u00ebr konsultim Rruga Cel Islami P.v. p\u00ebr miratimin n\u00eb parim t\u00eb vler\u00ebs financiare t\u00eb shpron\u00ebsimit p\u00ebr Rr. Cel Islami Urdh\u00ebr p\u00ebr ngritjen e grupit t\u00eb pun\u00ebs p\u00ebr vler\u00ebsimin paraprak t\u00eb pasurive t\u00eb paluajtshme, pron\u00eb private, q\u00eb preken nga investimi publik me objekt: &#8220;Rikonstruksion i rrug\u00ebve n\u00eb qytet p\u00ebr rrug\u00ebn Cel Islami&#8221;\" \/>\n<meta property=\"og:url\" content=\"https:\/\/durres.gov.al\/en\/keshilli-bashkiak\/investimi-publik-rikonstruksion-i-rrugeve-ne-qytet-rruga-cel-islami\/\" \/>\n<meta property=\"og:site_name\" content=\"Bashkia Durr\u00ebs\" \/>\n<meta property=\"article:modified_time\" content=\"2026-03-24T14:02:07+00:00\" \/>\n<meta name=\"twitter:card\" content=\"summary_large_image\" \/>\n<script type=\"application\/ld+json\" class=\"yoast-schema-graph\">{\"@context\":\"https:\\\/\\\/schema.org\",\"@graph\":[{\"@type\":\"WebPage\",\"@id\":\"https:\\\/\\\/durres.gov.al\\\/keshilli-bashkiak\\\/investimi-publik-rikonstruksion-i-rrugeve-ne-qytet-rruga-cel-islami\\\/\",\"url\":\"https:\\\/\\\/durres.gov.al\\\/keshilli-bashkiak\\\/investimi-publik-rikonstruksion-i-rrugeve-ne-qytet-rruga-cel-islami\\\/\",\"name\":\"Investimi publik \u201cRikonstruksion i Rrug\u00ebve n\u00eb Qytet \u2013 Rruga \u201c\u00c7el Islami\u201d - Bashkia Durr\u00ebs\",\"isPartOf\":{\"@id\":\"https:\\\/\\\/durres.gov.al\\\/en\\\/#website\"},\"datePublished\":\"2026-02-05T09:09:00+00:00\",\"dateModified\":\"2026-03-24T14:02:07+00:00\",\"breadcrumb\":{\"@id\":\"https:\\\/\\\/durres.gov.al\\\/keshilli-bashkiak\\\/investimi-publik-rikonstruksion-i-rrugeve-ne-qytet-rruga-cel-islami\\\/#breadcrumb\"},\"inLanguage\":\"en-US\",\"potentialAction\":[{\"@type\":\"ReadAction\",\"target\":[\"https:\\\/\\\/durres.gov.al\\\/keshilli-bashkiak\\\/investimi-publik-rikonstruksion-i-rrugeve-ne-qytet-rruga-cel-islami\\\/\"]}]},{\"@type\":\"BreadcrumbList\",\"@id\":\"https:\\\/\\\/durres.gov.al\\\/keshilli-bashkiak\\\/investimi-publik-rikonstruksion-i-rrugeve-ne-qytet-rruga-cel-islami\\\/#breadcrumb\",\"itemListElement\":[{\"@type\":\"ListItem\",\"position\":1,\"name\":\"Home\",\"item\":\"https:\\\/\\\/durres.gov.al\\\/\"},{\"@type\":\"ListItem\",\"position\":2,\"name\":\"K\u00ebshilli Bashkiak\",\"item\":\"https:\\\/\\\/durres.gov.al\\\/en\\\/keshilli-bashkiak\\\/\"},{\"@type\":\"ListItem\",\"position\":3,\"name\":\"Investimi publik \u201cRikonstruksion i Rrug\u00ebve n\u00eb Qytet \u2013 Rruga \u201c\u00c7el Islami\u201d\"}]},{\"@type\":\"WebSite\",\"@id\":\"https:\\\/\\\/durres.gov.al\\\/en\\\/#website\",\"url\":\"https:\\\/\\\/durres.gov.al\\\/en\\\/\",\"name\":\"Bashkia Durr\u00ebs\",\"description\":\"Faqja Zyrtare n\u00eb Internet\",\"publisher\":{\"@id\":\"https:\\\/\\\/durres.gov.al\\\/en\\\/#organization\"},\"potentialAction\":[{\"@type\":\"SearchAction\",\"target\":{\"@type\":\"EntryPoint\",\"urlTemplate\":\"https:\\\/\\\/durres.gov.al\\\/en\\\/?s={search_term_string}\"},\"query-input\":{\"@type\":\"PropertyValueSpecification\",\"valueRequired\":true,\"valueName\":\"search_term_string\"}}],\"inLanguage\":\"en-US\"},{\"@type\":\"Organization\",\"@id\":\"https:\\\/\\\/durres.gov.al\\\/en\\\/#organization\",\"name\":\"Bashkia Durr\u00ebs\",\"url\":\"https:\\\/\\\/durres.gov.al\\\/en\\\/\",\"logo\":{\"@type\":\"ImageObject\",\"inLanguage\":\"en-US\",\"@id\":\"https:\\\/\\\/durres.gov.al\\\/en\\\/#\\\/schema\\\/logo\\\/image\\\/\",\"url\":\"https:\\\/\\\/durres.gov.al\\\/wp-content\\\/uploads\\\/2023\\\/01\\\/cropped-logo.png\",\"contentUrl\":\"https:\\\/\\\/durres.gov.al\\\/wp-content\\\/uploads\\\/2023\\\/01\\\/cropped-logo.png\",\"width\":512,\"height\":512,\"caption\":\"Bashkia Durr\u00ebs\"},\"image\":{\"@id\":\"https:\\\/\\\/durres.gov.al\\\/en\\\/#\\\/schema\\\/logo\\\/image\\\/\"}}]}<\/script>\n<!-- \/ Yoast SEO plugin. -->","yoast_head_json":{"title":"Investimi publik \u201cRikonstruksion i Rrug\u00ebve n\u00eb Qytet \u2013 Rruga \u201c\u00c7el Islami\u201d - Bashkia Durr\u00ebs","robots":{"index":"index","follow":"follow","max-snippet":"max-snippet:-1","max-image-preview":"max-image-preview:large","max-video-preview":"max-video-preview:-1"},"canonical":"https:\/\/durres.gov.al\/en\/keshilli-bashkiak\/investimi-publik-rikonstruksion-i-rrugeve-ne-qytet-rruga-cel-islami\/","og_locale":"en_US","og_type":"article","og_title":"Investimi publik \u201cRikonstruksion i Rrug\u00ebve n\u00eb Qytet \u2013 Rruga \u201c\u00c7el Islami\u201d - Bashkia Durr\u00ebs","og_description":"Njoftim p\u00ebr konsultim Rruga Cel Islami P.v. p\u00ebr miratimin n\u00eb parim t\u00eb vler\u00ebs financiare t\u00eb shpron\u00ebsimit p\u00ebr Rr. Cel Islami Urdh\u00ebr p\u00ebr ngritjen e grupit t\u00eb pun\u00ebs p\u00ebr vler\u00ebsimin paraprak t\u00eb pasurive t\u00eb paluajtshme, pron\u00eb private, q\u00eb preken nga investimi publik me objekt: &#8220;Rikonstruksion i rrug\u00ebve n\u00eb qytet p\u00ebr rrug\u00ebn Cel Islami&#8221;","og_url":"https:\/\/durres.gov.al\/en\/keshilli-bashkiak\/investimi-publik-rikonstruksion-i-rrugeve-ne-qytet-rruga-cel-islami\/","og_site_name":"Bashkia Durr\u00ebs","article_modified_time":"2026-03-24T14:02:07+00:00","twitter_card":"summary_large_image","schema":{"@context":"https:\/\/schema.org","@graph":[{"@type":"WebPage","@id":"https:\/\/durres.gov.al\/keshilli-bashkiak\/investimi-publik-rikonstruksion-i-rrugeve-ne-qytet-rruga-cel-islami\/","url":"https:\/\/durres.gov.al\/keshilli-bashkiak\/investimi-publik-rikonstruksion-i-rrugeve-ne-qytet-rruga-cel-islami\/","name":"Investimi publik \u201cRikonstruksion i Rrug\u00ebve n\u00eb Qytet \u2013 Rruga \u201c\u00c7el Islami\u201d - Bashkia Durr\u00ebs","isPartOf":{"@id":"https:\/\/durres.gov.al\/en\/#website"},"datePublished":"2026-02-05T09:09:00+00:00","dateModified":"2026-03-24T14:02:07+00:00","breadcrumb":{"@id":"https:\/\/durres.gov.al\/keshilli-bashkiak\/investimi-publik-rikonstruksion-i-rrugeve-ne-qytet-rruga-cel-islami\/#breadcrumb"},"inLanguage":"en-US","potentialAction":[{"@type":"ReadAction","target":["https:\/\/durres.gov.al\/keshilli-bashkiak\/investimi-publik-rikonstruksion-i-rrugeve-ne-qytet-rruga-cel-islami\/"]}]},{"@type":"BreadcrumbList","@id":"https:\/\/durres.gov.al\/keshilli-bashkiak\/investimi-publik-rikonstruksion-i-rrugeve-ne-qytet-rruga-cel-islami\/#breadcrumb","itemListElement":[{"@type":"ListItem","position":1,"name":"Home","item":"https:\/\/durres.gov.al\/"},{"@type":"ListItem","position":2,"name":"K\u00ebshilli Bashkiak","item":"https:\/\/durres.gov.al\/en\/keshilli-bashkiak\/"},{"@type":"ListItem","position":3,"name":"Investimi publik \u201cRikonstruksion i Rrug\u00ebve n\u00eb Qytet \u2013 Rruga \u201c\u00c7el Islami\u201d"}]},{"@type":"WebSite","@id":"https:\/\/durres.gov.al\/en\/#website","url":"https:\/\/durres.gov.al\/en\/","name":"Municipality of Durr\u00ebs","description":"Faqja Zyrtare n\u00eb Internet","publisher":{"@id":"https:\/\/durres.gov.al\/en\/#organization"},"potentialAction":[{"@type":"SearchAction","target":{"@type":"EntryPoint","urlTemplate":"https:\/\/durres.gov.al\/en\/?s={search_term_string}"},"query-input":{"@type":"PropertyValueSpecification","valueRequired":true,"valueName":"search_term_string"}}],"inLanguage":"en-US"},{"@type":"Organization","@id":"https:\/\/durres.gov.al\/en\/#organization","name":"Municipality of Durr\u00ebs","url":"https:\/\/durres.gov.al\/en\/","logo":{"@type":"ImageObject","inLanguage":"en-US","@id":"https:\/\/durres.gov.al\/en\/#\/schema\/logo\/image\/","url":"https:\/\/durres.gov.al\/wp-content\/uploads\/2023\/01\/cropped-logo.png","contentUrl":"https:\/\/durres.gov.al\/wp-content\/uploads\/2023\/01\/cropped-logo.png","width":512,"height":512,"caption":"Bashkia Durr\u00ebs"},"image":{"@id":"https:\/\/durres.gov.al\/en\/#\/schema\/logo\/image\/"}}]}},"_links":{"self":[{"href":"https:\/\/durres.gov.al\/en\/wp-json\/wp\/v2\/pages\/25110","targetHints":{"allow":["GET"]}}],"collection":[{"href":"https:\/\/durres.gov.al\/en\/wp-json\/wp\/v2\/pages"}],"about":[{"href":"https:\/\/durres.gov.al\/en\/wp-json\/wp\/v2\/types\/page"}],"author":[{"embeddable":true,"href":"https:\/\/durres.gov.al\/en\/wp-json\/wp\/v2\/users\/4"}],"replies":[{"embeddable":true,"href":"https:\/\/durres.gov.al\/en\/wp-json\/wp\/v2\/comments?post=25110"}],"version-history":[{"count":14,"href":"https:\/\/durres.gov.al\/en\/wp-json\/wp\/v2\/pages\/25110\/revisions"}],"predecessor-version":[{"id":28973,"href":"https:\/\/durres.gov.al\/en\/wp-json\/wp\/v2\/pages\/25110\/revisions\/28973"}],"up":[{"embeddable":true,"href":"https:\/\/durres.gov.al\/en\/wp-json\/wp\/v2\/pages\/13905"}],"wp:attachment":[{"href":"https:\/\/durres.gov.al\/en\/wp-json\/wp\/v2\/media?parent=25110"}],"curies":[{"name":"wp","href":"https:\/\/api.w.org\/{rel}","templated":true}]}}