{"id":25115,"date":"2026-02-05T10:22:09","date_gmt":"2026-02-05T09:22:09","guid":{"rendered":"https:\/\/durres.gov.al\/?page_id=25115"},"modified":"2026-03-24T15:03:24","modified_gmt":"2026-03-24T14:03:24","slug":"investimi-publik-me-objekt-lidhja-e-currilave-me-rrugen-a-goga","status":"publish","type":"page","link":"https:\/\/durres.gov.al\/en\/keshilli-bashkiak\/investimi-publik-me-objekt-lidhja-e-currilave-me-rrugen-a-goga\/","title":{"rendered":"Public Investment with the Objective: \u201cConnecting Currilat to A. Goga Street\u201d"},"content":{"rendered":"<div data-elementor-type=\"wp-page\" data-elementor-id=\"25115\" class=\"elementor elementor-25115\" data-elementor-post-type=\"page\">\n\t\t\t\t<div class=\"elementor-element elementor-element-c2f7429 e-con-full e-flex e-con e-parent\" data-id=\"c2f7429\" data-element_type=\"container\" data-e-type=\"container\">\n\t\t\t\t<div class=\"elementor-element elementor-element-0d1d750 elementor-widget elementor-widget-template\" data-id=\"0d1d750\" data-element_type=\"widget\" data-e-type=\"widget\" data-widget_type=\"template.default\">\n\t\t\t\t<div class=\"elementor-widget-container\">\n\t\t\t\t\t\t\t<div class=\"elementor-template\">\n\t\t\t\t\t<div data-elementor-type=\"container\" data-elementor-id=\"25501\" class=\"elementor elementor-25501\" data-elementor-post-type=\"elementor_library\">\n\t\t\t\t<div class=\"elementor-element elementor-element-1648416 e-flex e-con-boxed e-con e-parent\" data-id=\"1648416\" data-element_type=\"container\" data-e-type=\"container\" data-settings=\"{&quot;background_background&quot;:&quot;classic&quot;}\">\n\t\t\t\t\t<div class=\"e-con-inner\">\n\t\t\t\t\t<\/div>\n\t\t\t\t<\/div>\n\t\t\t\t<\/div>\n\t\t\t\t<\/div>\n\t\t\t\t\t\t<\/div>\n\t\t\t\t<\/div>\n\t\t\t\t<\/div>\n\t\t<div class=\"elementor-element elementor-element-18228ee e-flex e-con-boxed e-con e-parent\" data-id=\"18228ee\" data-element_type=\"container\" data-e-type=\"container\">\n\t\t\t\t\t<div class=\"e-con-inner\">\n\t\t<a class=\"elementor-element elementor-element-49493d2 e-con-full e-flex e-con e-child\" data-id=\"49493d2\" data-element_type=\"container\" data-e-type=\"container\" href=\"https:\/\/durres.gov.al\/wp-content\/uploads\/2026\/02\/6.2-Lista-paraprake.xlsx\">\n\t\t\t\t<div class=\"elementor-element elementor-element-4dec993 elementor-position-inline-start elementor-mobile-position-inline-start elementor-view-default elementor-widget elementor-widget-icon-box\" data-id=\"4dec993\" data-element_type=\"widget\" data-e-type=\"widget\" data-widget_type=\"icon-box.default\">\n\t\t\t\t<div class=\"elementor-widget-container\">\n\t\t\t\t\t\t\t<div class=\"elementor-icon-box-wrapper\">\n\n\t\t\t\t\t\t<div class=\"elementor-icon-box-icon\">\n\t\t\t\t<span  class=\"elementor-icon\">\n\t\t\t\t<i aria-hidden=\"true\" class=\"fas fa-file-pdf\"><\/i>\t\t\t\t<\/span>\n\t\t\t<\/div>\n\t\t\t\n\t\t\t\t\t\t<div class=\"elementor-icon-box-content\">\n\n\t\t\t\t\n\t\t\t\t\t\t\t\t\t<p class=\"elementor-icon-box-description\">\n\t\t\t\t\t\tPreliminary List\t\t\t\t\t<\/p>\n\t\t\t\t\n\t\t\t<\/div>\n\t\t\t\n\t\t<\/div>\n\t\t\t\t\t\t<\/div>\n\t\t\t\t<\/div>\n\t\t\t\t<\/a>\n\t\t<a class=\"elementor-element elementor-element-f992bed e-con-full e-flex e-con e-child\" data-id=\"f992bed\" data-element_type=\"container\" data-e-type=\"container\" href=\"https:\/\/durres.gov.al\/wp-content\/uploads\/2026\/02\/6.-Njoftim-per-konsultim-lidhja-e-Currilave-me-A.-GOGA.pdf\">\n\t\t\t\t<div class=\"elementor-element elementor-element-cd6d93c elementor-position-inline-start elementor-mobile-position-inline-start elementor-view-default elementor-widget elementor-widget-icon-box\" data-id=\"cd6d93c\" data-element_type=\"widget\" data-e-type=\"widget\" data-widget_type=\"icon-box.default\">\n\t\t\t\t<div class=\"elementor-widget-container\">\n\t\t\t\t\t\t\t<div class=\"elementor-icon-box-wrapper\">\n\n\t\t\t\t\t\t<div class=\"elementor-icon-box-icon\">\n\t\t\t\t<span  class=\"elementor-icon\">\n\t\t\t\t<i aria-hidden=\"true\" class=\"fas fa-file-pdf\"><\/i>\t\t\t\t<\/span>\n\t\t\t<\/div>\n\t\t\t\n\t\t\t\t\t\t<div class=\"elementor-icon-box-content\">\n\n\t\t\t\t\n\t\t\t\t\t\t\t\t\t<p class=\"elementor-icon-box-description\">\n\t\t\t\t\t\tNotice for Consultation \u2013 Connection of Currila with A. Goga\t\t\t\t\t<\/p>\n\t\t\t\t\n\t\t\t<\/div>\n\t\t\t\n\t\t<\/div>\n\t\t\t\t\t\t<\/div>\n\t\t\t\t<\/div>\n\t\t\t\t<\/a>\n\t\t<a class=\"elementor-element elementor-element-8ae40f2 e-con-full e-flex e-con e-child\" data-id=\"8ae40f2\" data-element_type=\"container\" data-e-type=\"container\" href=\"https:\/\/durres.gov.al\/wp-content\/uploads\/2026\/02\/6.-dhe-6.1-P.v.-dhe-Relacion-Miratimi-i-vleres-paraprake-per-shpronesim-unaza.pdf\">\n\t\t\t\t<div class=\"elementor-element elementor-element-1e495da elementor-position-inline-start elementor-mobile-position-inline-start elementor-view-default elementor-widget elementor-widget-icon-box\" data-id=\"1e495da\" data-element_type=\"widget\" data-e-type=\"widget\" data-widget_type=\"icon-box.default\">\n\t\t\t\t<div class=\"elementor-widget-container\">\n\t\t\t\t\t\t\t<div class=\"elementor-icon-box-wrapper\">\n\n\t\t\t\t\t\t<div class=\"elementor-icon-box-icon\">\n\t\t\t\t<span  class=\"elementor-icon\">\n\t\t\t\t<i aria-hidden=\"true\" class=\"fas fa-file-pdf\"><\/i>\t\t\t\t<\/span>\n\t\t\t<\/div>\n\t\t\t\n\t\t\t\t\t\t<div class=\"elementor-icon-box-content\">\n\n\t\t\t\t\n\t\t\t\t\t\t\t\t\t<p class=\"elementor-icon-box-description\">\n\t\t\t\t\t\tMinutes and Report on the Approval of the Preliminary Expropriation Valuation, Ring Road\t\t\t\t\t<\/p>\n\t\t\t\t\n\t\t\t<\/div>\n\t\t\t\n\t\t<\/div>\n\t\t\t\t\t\t<\/div>\n\t\t\t\t<\/div>\n\t\t\t\t<\/a>\n\t\t\t\t\t<\/div>\n\t\t\t\t<\/div>\n\t\t\t\t<\/div>","protected":false},"excerpt":{"rendered":"<p>Lista paraprake Njoftim p\u00ebr konsultim lidhja e Currilave me A.Goga P.v. dhe Relacion Miratimi i vler\u00ebs paraprake p\u00ebr shpron\u00ebsim, unaza<\/p>","protected":false},"author":4,"featured_media":0,"parent":13905,"menu_order":0,"comment_status":"closed","ping_status":"closed","template":"","meta":{"_acf_changed":false,"footnotes":""},"class_list":["post-25115","page","type-page","status-publish","hentry"],"acf":[],"yoast_head":"<!-- This site is optimized with the Yoast SEO plugin v27.4 - https:\/\/yoast.com\/product\/yoast-seo-wordpress\/ -->\n<title>Investimi publik me objekt: \u201cLidhja e Currilave me Rrug\u00ebn \u201cA. Goga\u201d - Bashkia Durr\u00ebs<\/title>\n<meta name=\"robots\" content=\"index, follow, max-snippet:-1, max-image-preview:large, max-video-preview:-1\" \/>\n<link rel=\"canonical\" href=\"https:\/\/durres.gov.al\/en\/keshilli-bashkiak\/investimi-publik-me-objekt-lidhja-e-currilave-me-rrugen-a-goga\/\" \/>\n<meta property=\"og:locale\" content=\"en_US\" \/>\n<meta property=\"og:type\" content=\"article\" \/>\n<meta property=\"og:title\" content=\"Investimi publik me objekt: \u201cLidhja e Currilave me Rrug\u00ebn \u201cA. Goga\u201d - Bashkia Durr\u00ebs\" \/>\n<meta property=\"og:description\" content=\"Lista paraprake Njoftim p\u00ebr konsultim lidhja e Currilave me A.Goga P.v. dhe Relacion Miratimi i vler\u00ebs paraprake p\u00ebr shpron\u00ebsim, unaza\" \/>\n<meta property=\"og:url\" content=\"https:\/\/durres.gov.al\/en\/keshilli-bashkiak\/investimi-publik-me-objekt-lidhja-e-currilave-me-rrugen-a-goga\/\" \/>\n<meta property=\"og:site_name\" content=\"Bashkia Durr\u00ebs\" \/>\n<meta property=\"article:modified_time\" content=\"2026-03-24T14:03:24+00:00\" \/>\n<meta name=\"twitter:card\" content=\"summary_large_image\" \/>\n<script type=\"application\/ld+json\" class=\"yoast-schema-graph\">{\"@context\":\"https:\\\/\\\/schema.org\",\"@graph\":[{\"@type\":\"WebPage\",\"@id\":\"https:\\\/\\\/durres.gov.al\\\/keshilli-bashkiak\\\/investimi-publik-me-objekt-lidhja-e-currilave-me-rrugen-a-goga\\\/\",\"url\":\"https:\\\/\\\/durres.gov.al\\\/keshilli-bashkiak\\\/investimi-publik-me-objekt-lidhja-e-currilave-me-rrugen-a-goga\\\/\",\"name\":\"Investimi publik me objekt: \u201cLidhja e Currilave me Rrug\u00ebn \u201cA. Goga\u201d - Bashkia Durr\u00ebs\",\"isPartOf\":{\"@id\":\"https:\\\/\\\/durres.gov.al\\\/en\\\/#website\"},\"datePublished\":\"2026-02-05T09:22:09+00:00\",\"dateModified\":\"2026-03-24T14:03:24+00:00\",\"breadcrumb\":{\"@id\":\"https:\\\/\\\/durres.gov.al\\\/keshilli-bashkiak\\\/investimi-publik-me-objekt-lidhja-e-currilave-me-rrugen-a-goga\\\/#breadcrumb\"},\"inLanguage\":\"en-US\",\"potentialAction\":[{\"@type\":\"ReadAction\",\"target\":[\"https:\\\/\\\/durres.gov.al\\\/keshilli-bashkiak\\\/investimi-publik-me-objekt-lidhja-e-currilave-me-rrugen-a-goga\\\/\"]}]},{\"@type\":\"BreadcrumbList\",\"@id\":\"https:\\\/\\\/durres.gov.al\\\/keshilli-bashkiak\\\/investimi-publik-me-objekt-lidhja-e-currilave-me-rrugen-a-goga\\\/#breadcrumb\",\"itemListElement\":[{\"@type\":\"ListItem\",\"position\":1,\"name\":\"Home\",\"item\":\"https:\\\/\\\/durres.gov.al\\\/\"},{\"@type\":\"ListItem\",\"position\":2,\"name\":\"K\u00ebshilli Bashkiak\",\"item\":\"https:\\\/\\\/durres.gov.al\\\/keshilli-bashkiak\\\/\"},{\"@type\":\"ListItem\",\"position\":3,\"name\":\"Investimi publik me objekt: \u201cLidhja e Currilave me Rrug\u00ebn \u201cA. Goga\u201d\"}]},{\"@type\":\"WebSite\",\"@id\":\"https:\\\/\\\/durres.gov.al\\\/en\\\/#website\",\"url\":\"https:\\\/\\\/durres.gov.al\\\/en\\\/\",\"name\":\"Bashkia Durr\u00ebs\",\"description\":\"Faqja Zyrtare n\u00eb Internet\",\"publisher\":{\"@id\":\"https:\\\/\\\/durres.gov.al\\\/en\\\/#organization\"},\"potentialAction\":[{\"@type\":\"SearchAction\",\"target\":{\"@type\":\"EntryPoint\",\"urlTemplate\":\"https:\\\/\\\/durres.gov.al\\\/en\\\/?s={search_term_string}\"},\"query-input\":{\"@type\":\"PropertyValueSpecification\",\"valueRequired\":true,\"valueName\":\"search_term_string\"}}],\"inLanguage\":\"en-US\"},{\"@type\":\"Organization\",\"@id\":\"https:\\\/\\\/durres.gov.al\\\/en\\\/#organization\",\"name\":\"Bashkia Durr\u00ebs\",\"url\":\"https:\\\/\\\/durres.gov.al\\\/en\\\/\",\"logo\":{\"@type\":\"ImageObject\",\"inLanguage\":\"en-US\",\"@id\":\"https:\\\/\\\/durres.gov.al\\\/en\\\/#\\\/schema\\\/logo\\\/image\\\/\",\"url\":\"https:\\\/\\\/durres.gov.al\\\/wp-content\\\/uploads\\\/2023\\\/01\\\/cropped-logo.png\",\"contentUrl\":\"https:\\\/\\\/durres.gov.al\\\/wp-content\\\/uploads\\\/2023\\\/01\\\/cropped-logo.png\",\"width\":512,\"height\":512,\"caption\":\"Bashkia Durr\u00ebs\"},\"image\":{\"@id\":\"https:\\\/\\\/durres.gov.al\\\/en\\\/#\\\/schema\\\/logo\\\/image\\\/\"}}]}<\/script>\n<!-- \/ Yoast SEO plugin. -->","yoast_head_json":{"title":"Investimi publik me objekt: \u201cLidhja e Currilave me Rrug\u00ebn \u201cA. Goga\u201d - Bashkia Durr\u00ebs","robots":{"index":"index","follow":"follow","max-snippet":"max-snippet:-1","max-image-preview":"max-image-preview:large","max-video-preview":"max-video-preview:-1"},"canonical":"https:\/\/durres.gov.al\/en\/keshilli-bashkiak\/investimi-publik-me-objekt-lidhja-e-currilave-me-rrugen-a-goga\/","og_locale":"en_US","og_type":"article","og_title":"Investimi publik me objekt: \u201cLidhja e Currilave me Rrug\u00ebn \u201cA. Goga\u201d - Bashkia Durr\u00ebs","og_description":"Lista paraprake Njoftim p\u00ebr konsultim lidhja e Currilave me A.Goga P.v. dhe Relacion Miratimi i vler\u00ebs paraprake p\u00ebr shpron\u00ebsim, unaza","og_url":"https:\/\/durres.gov.al\/en\/keshilli-bashkiak\/investimi-publik-me-objekt-lidhja-e-currilave-me-rrugen-a-goga\/","og_site_name":"Bashkia Durr\u00ebs","article_modified_time":"2026-03-24T14:03:24+00:00","twitter_card":"summary_large_image","schema":{"@context":"https:\/\/schema.org","@graph":[{"@type":"WebPage","@id":"https:\/\/durres.gov.al\/keshilli-bashkiak\/investimi-publik-me-objekt-lidhja-e-currilave-me-rrugen-a-goga\/","url":"https:\/\/durres.gov.al\/keshilli-bashkiak\/investimi-publik-me-objekt-lidhja-e-currilave-me-rrugen-a-goga\/","name":"Investimi publik me objekt: \u201cLidhja e Currilave me Rrug\u00ebn \u201cA. Goga\u201d - Bashkia Durr\u00ebs","isPartOf":{"@id":"https:\/\/durres.gov.al\/en\/#website"},"datePublished":"2026-02-05T09:22:09+00:00","dateModified":"2026-03-24T14:03:24+00:00","breadcrumb":{"@id":"https:\/\/durres.gov.al\/keshilli-bashkiak\/investimi-publik-me-objekt-lidhja-e-currilave-me-rrugen-a-goga\/#breadcrumb"},"inLanguage":"en-US","potentialAction":[{"@type":"ReadAction","target":["https:\/\/durres.gov.al\/keshilli-bashkiak\/investimi-publik-me-objekt-lidhja-e-currilave-me-rrugen-a-goga\/"]}]},{"@type":"BreadcrumbList","@id":"https:\/\/durres.gov.al\/keshilli-bashkiak\/investimi-publik-me-objekt-lidhja-e-currilave-me-rrugen-a-goga\/#breadcrumb","itemListElement":[{"@type":"ListItem","position":1,"name":"Home","item":"https:\/\/durres.gov.al\/"},{"@type":"ListItem","position":2,"name":"K\u00ebshilli Bashkiak","item":"https:\/\/durres.gov.al\/keshilli-bashkiak\/"},{"@type":"ListItem","position":3,"name":"Investimi publik me objekt: \u201cLidhja e Currilave me Rrug\u00ebn \u201cA. Goga\u201d"}]},{"@type":"WebSite","@id":"https:\/\/durres.gov.al\/en\/#website","url":"https:\/\/durres.gov.al\/en\/","name":"Municipality of Durr\u00ebs","description":"Faqja Zyrtare n\u00eb Internet","publisher":{"@id":"https:\/\/durres.gov.al\/en\/#organization"},"potentialAction":[{"@type":"SearchAction","target":{"@type":"EntryPoint","urlTemplate":"https:\/\/durres.gov.al\/en\/?s={search_term_string}"},"query-input":{"@type":"PropertyValueSpecification","valueRequired":true,"valueName":"search_term_string"}}],"inLanguage":"en-US"},{"@type":"Organization","@id":"https:\/\/durres.gov.al\/en\/#organization","name":"Municipality of Durr\u00ebs","url":"https:\/\/durres.gov.al\/en\/","logo":{"@type":"ImageObject","inLanguage":"en-US","@id":"https:\/\/durres.gov.al\/en\/#\/schema\/logo\/image\/","url":"https:\/\/durres.gov.al\/wp-content\/uploads\/2023\/01\/cropped-logo.png","contentUrl":"https:\/\/durres.gov.al\/wp-content\/uploads\/2023\/01\/cropped-logo.png","width":512,"height":512,"caption":"Bashkia Durr\u00ebs"},"image":{"@id":"https:\/\/durres.gov.al\/en\/#\/schema\/logo\/image\/"}}]}},"_links":{"self":[{"href":"https:\/\/durres.gov.al\/en\/wp-json\/wp\/v2\/pages\/25115","targetHints":{"allow":["GET"]}}],"collection":[{"href":"https:\/\/durres.gov.al\/en\/wp-json\/wp\/v2\/pages"}],"about":[{"href":"https:\/\/durres.gov.al\/en\/wp-json\/wp\/v2\/types\/page"}],"author":[{"embeddable":true,"href":"https:\/\/durres.gov.al\/en\/wp-json\/wp\/v2\/users\/4"}],"replies":[{"embeddable":true,"href":"https:\/\/durres.gov.al\/en\/wp-json\/wp\/v2\/comments?post=25115"}],"version-history":[{"count":14,"href":"https:\/\/durres.gov.al\/en\/wp-json\/wp\/v2\/pages\/25115\/revisions"}],"predecessor-version":[{"id":28976,"href":"https:\/\/durres.gov.al\/en\/wp-json\/wp\/v2\/pages\/25115\/revisions\/28976"}],"up":[{"embeddable":true,"href":"https:\/\/durres.gov.al\/en\/wp-json\/wp\/v2\/pages\/13905"}],"wp:attachment":[{"href":"https:\/\/durres.gov.al\/en\/wp-json\/wp\/v2\/media?parent=25115"}],"curies":[{"name":"wp","href":"https:\/\/api.w.org\/{rel}","templated":true}]}}