{"id":25696,"date":"2026-02-20T10:02:09","date_gmt":"2026-02-20T09:02:09","guid":{"rendered":"https:\/\/durres.gov.al\/?page_id=25696"},"modified":"2026-04-01T11:14:49","modified_gmt":"2026-04-01T09:14:49","slug":"emiriana-sako","status":"publish","type":"page","link":"https:\/\/durres.gov.al\/en\/emiriana-sako\/","title":{"rendered":"Emiriana Sako"},"content":{"rendered":"<div data-elementor-type=\"wp-page\" data-elementor-id=\"25696\" class=\"elementor elementor-25696\" data-elementor-post-type=\"page\">\n\t\t\t\t<div class=\"elementor-element elementor-element-f72bea3 e-con-full e-flex e-con e-parent\" data-id=\"f72bea3\" data-element_type=\"container\" data-e-type=\"container\">\n\t\t\t\t<div class=\"elementor-element elementor-element-db0fbcb elementor-widget elementor-widget-template\" data-id=\"db0fbcb\" data-element_type=\"widget\" data-e-type=\"widget\" data-widget_type=\"template.default\">\n\t\t\t\t<div class=\"elementor-widget-container\">\n\t\t\t\t\t\t\t<div class=\"elementor-template\">\n\t\t\t\t\t<div data-elementor-type=\"container\" data-elementor-id=\"25501\" class=\"elementor elementor-25501\" data-elementor-post-type=\"elementor_library\">\n\t\t\t\t<div class=\"elementor-element elementor-element-1648416 e-flex e-con-boxed e-con e-parent\" data-id=\"1648416\" data-element_type=\"container\" data-e-type=\"container\" data-settings=\"{&quot;background_background&quot;:&quot;classic&quot;}\">\n\t\t\t\t\t<div class=\"e-con-inner\">\n\t\t\t\t\t<\/div>\n\t\t\t\t<\/div>\n\t\t\t\t<\/div>\n\t\t\t\t<\/div>\n\t\t\t\t\t\t<\/div>\n\t\t\t\t<\/div>\n\t\t\t\t<\/div>\n\t\t<div class=\"elementor-element elementor-element-a5f9172 e-grid e-con-boxed e-con e-parent\" data-id=\"a5f9172\" data-element_type=\"container\" data-e-type=\"container\">\n\t\t\t\t\t<div class=\"e-con-inner\">\n\t\t<div class=\"elementor-element elementor-element-72471ff e-con-full e-flex e-con e-child\" data-id=\"72471ff\" data-element_type=\"container\" data-e-type=\"container\">\n\t\t\t\t<div class=\"elementor-element elementor-element-6573adc elementor-widget elementor-widget-image\" data-id=\"6573adc\" data-element_type=\"widget\" data-e-type=\"widget\" data-widget_type=\"image.default\">\n\t\t\t\t<div class=\"elementor-widget-container\">\n\t\t\t\t\t\t\t\t\t\t\t\t\t\t\t<img decoding=\"async\" src=\"https:\/\/durres.gov.al\/wp-content\/uploads\/elementor\/thumbs\/Kryetar-Bashkia-Durres-rl2xg1gjnjc9ws9ruzc92bl75ouea5j62a9xi5eqyu.jpeg\" title=\"Kryetar Bashkia Durres\" alt=\"Kryetar Bashkia Durres\" loading=\"lazy\" \/>\t\t\t\t\t\t\t\t\t\t\t\t\t\t\t<\/div>\n\t\t\t\t<\/div>\n\t\t\t\t<div class=\"elementor-element elementor-element-5013ee6 elementor-icon-list--layout-inline elementor-align-start elementor-mobile-align-center elementor-list-item-link-full_width elementor-widget elementor-widget-icon-list\" data-id=\"5013ee6\" data-element_type=\"widget\" data-e-type=\"widget\" data-widget_type=\"icon-list.default\">\n\t\t\t\t<div class=\"elementor-widget-container\">\n\t\t\t\t\t\t\t<ul class=\"elementor-icon-list-items elementor-inline-items\">\n\t\t\t\t\t\t\t<li class=\"elementor-icon-list-item elementor-inline-item\">\n\t\t\t\t\t\t\t\t\t\t\t<a href=\"mailto:info@durres.gov.al\">\n\n\t\t\t\t\t\t\t\t\t\t\t\t<span class=\"elementor-icon-list-icon\">\n\t\t\t\t\t\t\t<i aria-hidden=\"true\" class=\"far fa-envelope\"><\/i>\t\t\t\t\t\t<\/span>\n\t\t\t\t\t\t\t\t\t\t<span class=\"elementor-icon-list-text\">info@durres.gov.al<\/span>\n\t\t\t\t\t\t\t\t\t\t\t<\/a>\n\t\t\t\t\t\t\t\t\t<\/li>\n\t\t\t\t\t\t\t\t<li class=\"elementor-icon-list-item elementor-inline-item\">\n\t\t\t\t\t\t\t\t\t\t\t<span class=\"elementor-icon-list-icon\">\n\t\t\t\t\t\t\t<i aria-hidden=\"true\" class=\"fas fa-phone-alt\"><\/i>\t\t\t\t\t\t<\/span>\n\t\t\t\t\t\t\t\t\t\t<span class=\"elementor-icon-list-text\">+355 52 2\/223 10<\/span>\n\t\t\t\t\t\t\t\t\t<\/li>\n\t\t\t\t\t\t\t\t<li class=\"elementor-icon-list-item elementor-inline-item\">\n\t\t\t\t\t\t\t\t\t\t\t<span class=\"elementor-icon-list-icon\">\n\t\t\t\t\t\t\t<i aria-hidden=\"true\" class=\"fas fa-laptop\"><\/i>\t\t\t\t\t\t<\/span>\n\t\t\t\t\t\t\t\t\t\t<span class=\"elementor-icon-list-text\">durres.gov.al<\/span>\n\t\t\t\t\t\t\t\t\t<\/li>\n\t\t\t\t\t\t<\/ul>\n\t\t\t\t\t\t<\/div>\n\t\t\t\t<\/div>\n\t\t\t\t<\/div>\n\t\t<div class=\"elementor-element elementor-element-13cb177 e-con-full e-flex e-con e-child\" data-id=\"13cb177\" data-element_type=\"container\" data-e-type=\"container\">\n\t\t\t\t<div class=\"elementor-element elementor-element-e07eb23 elementor-widget elementor-widget-heading\" data-id=\"e07eb23\" data-element_type=\"widget\" data-e-type=\"widget\" data-widget_type=\"heading.default\">\n\t\t\t\t<div class=\"elementor-widget-container\">\n\t\t\t\t\t<h2 class=\"elementor-heading-title elementor-size-default\">Biography<\/h2>\t\t\t\t<\/div>\n\t\t\t\t<\/div>\n\t\t\t\t<div class=\"elementor-element elementor-element-11a7a58 elementor-widget elementor-widget-text-editor\" data-id=\"11a7a58\" data-element_type=\"widget\" data-e-type=\"widget\" data-widget_type=\"text-editor.default\">\n\t\t\t\t<div class=\"elementor-widget-container\">\n\t\t\t\t\t\t\t\t\t<p><strong>Emiriana Sako<\/strong>\u00a0completed his higher education from 2002 to 2008 at the Polytechnic University of Tirana, Faculty of Civil Engineering, Department of Architecture \u2013 Master of Science.<\/p><p>In 2011\u20132012, Sako completed a professional master\u2019s program in Housing at Roma Tre University in Rome, focusing on new ways of living through innovation and transformation.<\/p><p>Sako has also completed a series of important trainings, including those organized by the U.S. Department of State: International Exchange Alumni, International Visitor Leadership Program with a focus on Persons with Disabilities, energy auditing organized by Polis University in Tirana, among others.<\/p><p>Emiriana Sako is a professional architect with over 12 years of progressive experience, contributing to the development of the city of Durr\u00ebs.<\/p><p>Sako has participated in all of Durr\u00ebs\u2019 major projects, collaborating with well-known international studios on them. She is one of the drafters of the local master plan and a co-designer of several of the city\u2019s largest urban projects.<\/p><p>During these 12 years at the Municipality of Durr\u00ebs, Sako worked in the Directorate of Planning and Territorial Development, then continued as Director of Services, General Director of Services, and later as Deputy Mayor of Durr\u00ebs.<\/p>\t\t\t\t\t\t\t\t<\/div>\n\t\t\t\t<\/div>\n\t\t\t\t<\/div>\n\t\t\t\t\t<\/div>\n\t\t\t\t<\/div>\n\t\t<div class=\"elementor-element elementor-element-2837b9a e-flex e-con-boxed e-con e-parent\" data-id=\"2837b9a\" data-element_type=\"container\" data-e-type=\"container\">\n\t\t\t\t\t<div class=\"e-con-inner\">\n\t\t\t\t<div class=\"elementor-element elementor-element-86579ba elementor-align-center elementor-widget elementor-widget-button\" data-id=\"86579ba\" data-element_type=\"widget\" data-e-type=\"widget\" data-widget_type=\"button.default\">\n\t\t\t\t<div class=\"elementor-widget-container\">\n\t\t\t\t\t\t\t\t\t<div class=\"elementor-button-wrapper\">\n\t\t\t\t\t<a class=\"elementor-button elementor-button-link elementor-size-sm\" href=\"https:\/\/durres.gov.al\/en\/historiku-i-kryetareve-2\/\">\n\t\t\t\t\t\t<span class=\"elementor-button-content-wrapper\">\n\t\t\t\t\t\t<span class=\"elementor-button-icon\">\n\t\t\t\t<i aria-hidden=\"true\" class=\"fas fa-angle-right\"><\/i>\t\t\t<\/span>\n\t\t\t\t\t\t\t\t\t<span class=\"elementor-button-text\">Mayors\u2019 History<\/span>\n\t\t\t\t\t<\/span>\n\t\t\t\t\t<\/a>\n\t\t\t\t<\/div>\n\t\t\t\t\t\t\t\t<\/div>\n\t\t\t\t<\/div>\n\t\t\t\t\t<\/div>\n\t\t\t\t<\/div>\n\t\t\t\t<\/div>","protected":false},"excerpt":{"rendered":"<p>info@durres.gov.al +355 52 2\/223 10 durres.gov.al BIOGRAFIA Emiriana Sako\u00a0ka kryer studimet e larta n\u00eb vitet 2002-2008 n\u00eb Universitetin Politeknik t\u00eb Tiran\u00ebs, fakulteti i Inxhinieris\u00eb Civile, dega Arkitektur\u00eb- Master Shkencor N\u00eb vitet 2011-2012 Sako ka kryer n\u00eb Rom\u00eb n\u00eb universitetin Roma Tre, masterin profesional Housing-m\u00ebnyra t\u00eb reja t\u00eb banimit nd\u00ebrmjet inovacionit dhe transformimit Sako ka kryer [&hellip;]<\/p>\n","protected":false},"author":4,"featured_media":0,"parent":0,"menu_order":0,"comment_status":"closed","ping_status":"closed","template":"","meta":{"_acf_changed":false,"footnotes":""},"class_list":["post-25696","page","type-page","status-publish","hentry"],"acf":[],"yoast_head":"<!-- This site is optimized with the Yoast SEO plugin v27.4 - https:\/\/yoast.com\/product\/yoast-seo-wordpress\/ -->\n<title>Emiriana Sako - Bashkia Durr\u00ebs<\/title>\n<meta name=\"robots\" content=\"index, follow, max-snippet:-1, max-image-preview:large, max-video-preview:-1\" \/>\n<link rel=\"canonical\" href=\"https:\/\/durres.gov.al\/en\/emiriana-sako\/\" \/>\n<meta property=\"og:locale\" content=\"en_US\" \/>\n<meta property=\"og:type\" content=\"article\" \/>\n<meta property=\"og:title\" content=\"Emiriana Sako - Bashkia Durr\u00ebs\" \/>\n<meta property=\"og:description\" content=\"info@durres.gov.al +355 52 2\/223 10 durres.gov.al BIOGRAFIA Emiriana Sako\u00a0ka kryer studimet e larta n\u00eb vitet 2002-2008 n\u00eb Universitetin Politeknik t\u00eb Tiran\u00ebs, fakulteti i Inxhinieris\u00eb Civile, dega Arkitektur\u00eb- Master Shkencor N\u00eb vitet 2011-2012 Sako ka kryer n\u00eb Rom\u00eb n\u00eb universitetin Roma Tre, masterin profesional Housing-m\u00ebnyra t\u00eb reja t\u00eb banimit nd\u00ebrmjet inovacionit dhe transformimit Sako ka kryer [&hellip;]\" \/>\n<meta property=\"og:url\" content=\"https:\/\/durres.gov.al\/en\/emiriana-sako\/\" \/>\n<meta property=\"og:site_name\" content=\"Bashkia Durr\u00ebs\" \/>\n<meta property=\"article:modified_time\" content=\"2026-04-01T09:14:49+00:00\" \/>\n<meta property=\"og:image\" content=\"https:\/\/durres.gov.al\/wp-content\/uploads\/elementor\/thumbs\/Kryetar-Bashkia-Durres-rl2xg1gjnjc9ws9ruzc92bl75ouea5j62a9xi5eqyu.jpeg\" \/>\n<meta name=\"twitter:card\" content=\"summary_large_image\" \/>\n<meta name=\"twitter:label1\" content=\"Est. reading time\" \/>\n\t<meta name=\"twitter:data1\" content=\"1 minute\" \/>\n<script type=\"application\/ld+json\" class=\"yoast-schema-graph\">{\"@context\":\"https:\\\/\\\/schema.org\",\"@graph\":[{\"@type\":\"WebPage\",\"@id\":\"https:\\\/\\\/durres.gov.al\\\/emiriana-sako\\\/\",\"url\":\"https:\\\/\\\/durres.gov.al\\\/emiriana-sako\\\/\",\"name\":\"Emiriana Sako - Bashkia Durr\u00ebs\",\"isPartOf\":{\"@id\":\"https:\\\/\\\/durres.gov.al\\\/en\\\/#website\"},\"primaryImageOfPage\":{\"@id\":\"https:\\\/\\\/durres.gov.al\\\/emiriana-sako\\\/#primaryimage\"},\"image\":{\"@id\":\"https:\\\/\\\/durres.gov.al\\\/emiriana-sako\\\/#primaryimage\"},\"thumbnailUrl\":\"https:\\\/\\\/durres.gov.al\\\/wp-content\\\/uploads\\\/elementor\\\/thumbs\\\/Kryetar-Bashkia-Durres-rl2xg1gjnjc9ws9ruzc92bl75ouea5j62a9xi5eqyu.jpeg\",\"datePublished\":\"2026-02-20T09:02:09+00:00\",\"dateModified\":\"2026-04-01T09:14:49+00:00\",\"breadcrumb\":{\"@id\":\"https:\\\/\\\/durres.gov.al\\\/emiriana-sako\\\/#breadcrumb\"},\"inLanguage\":\"en-US\",\"potentialAction\":[{\"@type\":\"ReadAction\",\"target\":[\"https:\\\/\\\/durres.gov.al\\\/emiriana-sako\\\/\"]}]},{\"@type\":\"ImageObject\",\"inLanguage\":\"en-US\",\"@id\":\"https:\\\/\\\/durres.gov.al\\\/emiriana-sako\\\/#primaryimage\",\"url\":\"https:\\\/\\\/durres.gov.al\\\/wp-content\\\/uploads\\\/elementor\\\/thumbs\\\/Kryetar-Bashkia-Durres-rl2xg1gjnjc9ws9ruzc92bl75ouea5j62a9xi5eqyu.jpeg\",\"contentUrl\":\"https:\\\/\\\/durres.gov.al\\\/wp-content\\\/uploads\\\/elementor\\\/thumbs\\\/Kryetar-Bashkia-Durres-rl2xg1gjnjc9ws9ruzc92bl75ouea5j62a9xi5eqyu.jpeg\"},{\"@type\":\"BreadcrumbList\",\"@id\":\"https:\\\/\\\/durres.gov.al\\\/emiriana-sako\\\/#breadcrumb\",\"itemListElement\":[{\"@type\":\"ListItem\",\"position\":1,\"name\":\"Home\",\"item\":\"https:\\\/\\\/durres.gov.al\\\/\"},{\"@type\":\"ListItem\",\"position\":2,\"name\":\"Emiriana Sako\"}]},{\"@type\":\"WebSite\",\"@id\":\"https:\\\/\\\/durres.gov.al\\\/en\\\/#website\",\"url\":\"https:\\\/\\\/durres.gov.al\\\/en\\\/\",\"name\":\"Bashkia Durr\u00ebs\",\"description\":\"Faqja Zyrtare n\u00eb Internet\",\"publisher\":{\"@id\":\"https:\\\/\\\/durres.gov.al\\\/en\\\/#organization\"},\"potentialAction\":[{\"@type\":\"SearchAction\",\"target\":{\"@type\":\"EntryPoint\",\"urlTemplate\":\"https:\\\/\\\/durres.gov.al\\\/en\\\/?s={search_term_string}\"},\"query-input\":{\"@type\":\"PropertyValueSpecification\",\"valueRequired\":true,\"valueName\":\"search_term_string\"}}],\"inLanguage\":\"en-US\"},{\"@type\":\"Organization\",\"@id\":\"https:\\\/\\\/durres.gov.al\\\/en\\\/#organization\",\"name\":\"Bashkia Durr\u00ebs\",\"url\":\"https:\\\/\\\/durres.gov.al\\\/en\\\/\",\"logo\":{\"@type\":\"ImageObject\",\"inLanguage\":\"en-US\",\"@id\":\"https:\\\/\\\/durres.gov.al\\\/en\\\/#\\\/schema\\\/logo\\\/image\\\/\",\"url\":\"https:\\\/\\\/durres.gov.al\\\/wp-content\\\/uploads\\\/2023\\\/01\\\/cropped-logo.png\",\"contentUrl\":\"https:\\\/\\\/durres.gov.al\\\/wp-content\\\/uploads\\\/2023\\\/01\\\/cropped-logo.png\",\"width\":512,\"height\":512,\"caption\":\"Bashkia Durr\u00ebs\"},\"image\":{\"@id\":\"https:\\\/\\\/durres.gov.al\\\/en\\\/#\\\/schema\\\/logo\\\/image\\\/\"}}]}<\/script>\n<!-- \/ Yoast SEO plugin. -->","yoast_head_json":{"title":"Emiriana Sako - Bashkia Durr\u00ebs","robots":{"index":"index","follow":"follow","max-snippet":"max-snippet:-1","max-image-preview":"max-image-preview:large","max-video-preview":"max-video-preview:-1"},"canonical":"https:\/\/durres.gov.al\/en\/emiriana-sako\/","og_locale":"en_US","og_type":"article","og_title":"Emiriana Sako - Bashkia Durr\u00ebs","og_description":"info@durres.gov.al +355 52 2\/223 10 durres.gov.al BIOGRAFIA Emiriana Sako\u00a0ka kryer studimet e larta n\u00eb vitet 2002-2008 n\u00eb Universitetin Politeknik t\u00eb Tiran\u00ebs, fakulteti i Inxhinieris\u00eb Civile, dega Arkitektur\u00eb- Master Shkencor N\u00eb vitet 2011-2012 Sako ka kryer n\u00eb Rom\u00eb n\u00eb universitetin Roma Tre, masterin profesional Housing-m\u00ebnyra t\u00eb reja t\u00eb banimit nd\u00ebrmjet inovacionit dhe transformimit Sako ka kryer [&hellip;]","og_url":"https:\/\/durres.gov.al\/en\/emiriana-sako\/","og_site_name":"Bashkia Durr\u00ebs","article_modified_time":"2026-04-01T09:14:49+00:00","og_image":[{"url":"https:\/\/durres.gov.al\/wp-content\/uploads\/elementor\/thumbs\/Kryetar-Bashkia-Durres-rl2xg1gjnjc9ws9ruzc92bl75ouea5j62a9xi5eqyu.jpeg","type":"","width":"","height":""}],"twitter_card":"summary_large_image","twitter_misc":{"Est. reading time":"1 minute"},"schema":{"@context":"https:\/\/schema.org","@graph":[{"@type":"WebPage","@id":"https:\/\/durres.gov.al\/emiriana-sako\/","url":"https:\/\/durres.gov.al\/emiriana-sako\/","name":"Emiriana Sako - Bashkia Durr\u00ebs","isPartOf":{"@id":"https:\/\/durres.gov.al\/en\/#website"},"primaryImageOfPage":{"@id":"https:\/\/durres.gov.al\/emiriana-sako\/#primaryimage"},"image":{"@id":"https:\/\/durres.gov.al\/emiriana-sako\/#primaryimage"},"thumbnailUrl":"https:\/\/durres.gov.al\/wp-content\/uploads\/elementor\/thumbs\/Kryetar-Bashkia-Durres-rl2xg1gjnjc9ws9ruzc92bl75ouea5j62a9xi5eqyu.jpeg","datePublished":"2026-02-20T09:02:09+00:00","dateModified":"2026-04-01T09:14:49+00:00","breadcrumb":{"@id":"https:\/\/durres.gov.al\/emiriana-sako\/#breadcrumb"},"inLanguage":"en-US","potentialAction":[{"@type":"ReadAction","target":["https:\/\/durres.gov.al\/emiriana-sako\/"]}]},{"@type":"ImageObject","inLanguage":"en-US","@id":"https:\/\/durres.gov.al\/emiriana-sako\/#primaryimage","url":"https:\/\/durres.gov.al\/wp-content\/uploads\/elementor\/thumbs\/Kryetar-Bashkia-Durres-rl2xg1gjnjc9ws9ruzc92bl75ouea5j62a9xi5eqyu.jpeg","contentUrl":"https:\/\/durres.gov.al\/wp-content\/uploads\/elementor\/thumbs\/Kryetar-Bashkia-Durres-rl2xg1gjnjc9ws9ruzc92bl75ouea5j62a9xi5eqyu.jpeg"},{"@type":"BreadcrumbList","@id":"https:\/\/durres.gov.al\/emiriana-sako\/#breadcrumb","itemListElement":[{"@type":"ListItem","position":1,"name":"Home","item":"https:\/\/durres.gov.al\/"},{"@type":"ListItem","position":2,"name":"Emiriana Sako"}]},{"@type":"WebSite","@id":"https:\/\/durres.gov.al\/en\/#website","url":"https:\/\/durres.gov.al\/en\/","name":"Municipality of Durr\u00ebs","description":"Faqja Zyrtare n\u00eb Internet","publisher":{"@id":"https:\/\/durres.gov.al\/en\/#organization"},"potentialAction":[{"@type":"SearchAction","target":{"@type":"EntryPoint","urlTemplate":"https:\/\/durres.gov.al\/en\/?s={search_term_string}"},"query-input":{"@type":"PropertyValueSpecification","valueRequired":true,"valueName":"search_term_string"}}],"inLanguage":"en-US"},{"@type":"Organization","@id":"https:\/\/durres.gov.al\/en\/#organization","name":"Municipality of Durr\u00ebs","url":"https:\/\/durres.gov.al\/en\/","logo":{"@type":"ImageObject","inLanguage":"en-US","@id":"https:\/\/durres.gov.al\/en\/#\/schema\/logo\/image\/","url":"https:\/\/durres.gov.al\/wp-content\/uploads\/2023\/01\/cropped-logo.png","contentUrl":"https:\/\/durres.gov.al\/wp-content\/uploads\/2023\/01\/cropped-logo.png","width":512,"height":512,"caption":"Bashkia Durr\u00ebs"},"image":{"@id":"https:\/\/durres.gov.al\/en\/#\/schema\/logo\/image\/"}}]}},"_links":{"self":[{"href":"https:\/\/durres.gov.al\/en\/wp-json\/wp\/v2\/pages\/25696","targetHints":{"allow":["GET"]}}],"collection":[{"href":"https:\/\/durres.gov.al\/en\/wp-json\/wp\/v2\/pages"}],"about":[{"href":"https:\/\/durres.gov.al\/en\/wp-json\/wp\/v2\/types\/page"}],"author":[{"embeddable":true,"href":"https:\/\/durres.gov.al\/en\/wp-json\/wp\/v2\/users\/4"}],"replies":[{"embeddable":true,"href":"https:\/\/durres.gov.al\/en\/wp-json\/wp\/v2\/comments?post=25696"}],"version-history":[{"count":49,"href":"https:\/\/durres.gov.al\/en\/wp-json\/wp\/v2\/pages\/25696\/revisions"}],"predecessor-version":[{"id":29430,"href":"https:\/\/durres.gov.al\/en\/wp-json\/wp\/v2\/pages\/25696\/revisions\/29430"}],"wp:attachment":[{"href":"https:\/\/durres.gov.al\/en\/wp-json\/wp\/v2\/media?parent=25696"}],"curies":[{"name":"wp","href":"https:\/\/api.w.org\/{rel}","templated":true}]}}