{"id":27587,"date":"2026-03-11T11:02:46","date_gmt":"2026-03-11T10:02:46","guid":{"rendered":"https:\/\/durres.gov.al\/?page_id=27587"},"modified":"2026-03-19T10:25:21","modified_gmt":"2026-03-19T09:25:21","slug":"durresi-i-sotem","status":"publish","type":"page","link":"https:\/\/durres.gov.al\/en\/durresi-i-sotem\/","title":{"rendered":"Durr\u00ebs Today"},"content":{"rendered":"<div data-elementor-type=\"wp-page\" data-elementor-id=\"27587\" class=\"elementor elementor-27587\" data-elementor-post-type=\"page\">\n\t\t\t\t<div class=\"elementor-element elementor-element-60dac82 e-con-full e-flex e-con e-parent\" data-id=\"60dac82\" data-element_type=\"container\" data-e-type=\"container\">\n\t\t\t\t<div class=\"elementor-element elementor-element-843f2e0 elementor-widget elementor-widget-template\" data-id=\"843f2e0\" data-element_type=\"widget\" data-e-type=\"widget\" data-widget_type=\"template.default\">\n\t\t\t\t<div class=\"elementor-widget-container\">\n\t\t\t\t\t\t\t<div class=\"elementor-template\">\n\t\t\t\t\t<div data-elementor-type=\"container\" data-elementor-id=\"25501\" class=\"elementor elementor-25501\" data-elementor-post-type=\"elementor_library\">\n\t\t\t\t<div class=\"elementor-element elementor-element-1648416 e-flex e-con-boxed e-con e-parent\" data-id=\"1648416\" data-element_type=\"container\" data-e-type=\"container\" data-settings=\"{&quot;background_background&quot;:&quot;classic&quot;}\">\n\t\t\t\t\t<div class=\"e-con-inner\">\n\t\t\t\t\t<\/div>\n\t\t\t\t<\/div>\n\t\t\t\t<\/div>\n\t\t\t\t<\/div>\n\t\t\t\t\t\t<\/div>\n\t\t\t\t<\/div>\n\t\t\t\t<\/div>\n\t\t<div class=\"elementor-element elementor-element-788d3f9 e-flex e-con-boxed e-con e-parent\" data-id=\"788d3f9\" data-element_type=\"container\" data-e-type=\"container\">\n\t\t\t\t\t<div class=\"e-con-inner\">\n\t\t\t\t<div class=\"elementor-element elementor-element-8c44944 elementor-widget elementor-widget-gallery\" data-id=\"8c44944\" data-element_type=\"widget\" data-e-type=\"widget\" data-settings=\"{&quot;lazyload&quot;:&quot;yes&quot;,&quot;gallery_layout&quot;:&quot;grid&quot;,&quot;columns&quot;:4,&quot;columns_tablet&quot;:2,&quot;columns_mobile&quot;:1,&quot;gap&quot;:{&quot;unit&quot;:&quot;px&quot;,&quot;size&quot;:10,&quot;sizes&quot;:[]},&quot;gap_laptop&quot;:{&quot;unit&quot;:&quot;px&quot;,&quot;size&quot;:10,&quot;sizes&quot;:[]},&quot;gap_tablet&quot;:{&quot;unit&quot;:&quot;px&quot;,&quot;size&quot;:10,&quot;sizes&quot;:[]},&quot;gap_mobile&quot;:{&quot;unit&quot;:&quot;px&quot;,&quot;size&quot;:10,&quot;sizes&quot;:[]},&quot;link_to&quot;:&quot;file&quot;,&quot;aspect_ratio&quot;:&quot;3:2&quot;,&quot;overlay_background&quot;:&quot;yes&quot;,&quot;content_hover_animation&quot;:&quot;fade-in&quot;}\" data-widget_type=\"gallery.default\">\n\t\t\t\t<div class=\"elementor-widget-container\">\n\t\t\t\t\t\t\t<div class=\"elementor-gallery__container\">\n\t\t\t\t\t\t\t<a class=\"e-gallery-item elementor-gallery-item elementor-animated-content\" href=\"https:\/\/durres.gov.al\/wp-content\/uploads\/2023\/04\/MG_5120.jpg\" data-elementor-open-lightbox=\"yes\" data-elementor-lightbox-slideshow=\"8c44944\" data-elementor-lightbox-title=\"_MG_5120\" data-e-action-hash=\"#elementor-action%3Aaction%3Dlightbox%26settings%3DeyJpZCI6MTc5MzQsInVybCI6Imh0dHBzOlwvXC9kdXJyZXMuZ292LmFsXC93cC1jb250ZW50XC91cGxvYWRzXC8yMDIzXC8wNFwvTUdfNTEyMC5qcGciLCJzbGlkZXNob3ciOiI4YzQ0OTQ0In0%3D\">\n\t\t\t\t\t<div class=\"e-gallery-image elementor-gallery-item__image\" data-thumbnail=\"https:\/\/durres.gov.al\/wp-content\/uploads\/2023\/04\/MG_5120-200x300.jpg\" data-width=\"200\" data-height=\"300\" aria-label=\"\" role=\"img\" ><\/div>\n\t\t\t\t\t\t\t\t\t\t\t<div class=\"elementor-gallery-item__overlay\"><\/div>\n\t\t\t\t\t\t\t\t\t\t\t\t\t\t<\/a>\n\t\t\t\t\t\t\t<a class=\"e-gallery-item elementor-gallery-item elementor-animated-content\" href=\"https:\/\/durres.gov.al\/wp-content\/uploads\/2023\/04\/P1455219-scaled.jpg\" data-elementor-open-lightbox=\"yes\" data-elementor-lightbox-slideshow=\"8c44944\" data-elementor-lightbox-title=\"P1455219\" data-e-action-hash=\"#elementor-action%3Aaction%3Dlightbox%26settings%3DeyJpZCI6MTc5MTEsInVybCI6Imh0dHBzOlwvXC9kdXJyZXMuZ292LmFsXC93cC1jb250ZW50XC91cGxvYWRzXC8yMDIzXC8wNFwvUDE0NTUyMTktc2NhbGVkLmpwZyIsInNsaWRlc2hvdyI6IjhjNDQ5NDQifQ%3D%3D\">\n\t\t\t\t\t<div class=\"e-gallery-image elementor-gallery-item__image\" data-thumbnail=\"https:\/\/durres.gov.al\/wp-content\/uploads\/2023\/04\/P1455219-300x225.jpg\" data-width=\"300\" data-height=\"225\" aria-label=\"\" role=\"img\" ><\/div>\n\t\t\t\t\t\t\t\t\t\t\t<div class=\"elementor-gallery-item__overlay\"><\/div>\n\t\t\t\t\t\t\t\t\t\t\t\t\t\t<\/a>\n\t\t\t\t\t\t\t<a class=\"e-gallery-item elementor-gallery-item elementor-animated-content\" href=\"https:\/\/durres.gov.al\/wp-content\/uploads\/2023\/04\/MG_5128.jpg\" data-elementor-open-lightbox=\"yes\" data-elementor-lightbox-slideshow=\"8c44944\" data-elementor-lightbox-title=\"_MG_5128\" data-e-action-hash=\"#elementor-action%3Aaction%3Dlightbox%26settings%3DeyJpZCI6MTgwNDUsInVybCI6Imh0dHBzOlwvXC9kdXJyZXMuZ292LmFsXC93cC1jb250ZW50XC91cGxvYWRzXC8yMDIzXC8wNFwvTUdfNTEyOC5qcGciLCJzbGlkZXNob3ciOiI4YzQ0OTQ0In0%3D\">\n\t\t\t\t\t<div class=\"e-gallery-image elementor-gallery-item__image\" data-thumbnail=\"https:\/\/durres.gov.al\/wp-content\/uploads\/2023\/04\/MG_5128-300x200.jpg\" data-width=\"300\" data-height=\"200\" aria-label=\"\" role=\"img\" ><\/div>\n\t\t\t\t\t\t\t\t\t\t\t<div class=\"elementor-gallery-item__overlay\"><\/div>\n\t\t\t\t\t\t\t\t\t\t\t\t\t\t<\/a>\n\t\t\t\t\t\t\t<a class=\"e-gallery-item elementor-gallery-item elementor-animated-content\" href=\"https:\/\/durres.gov.al\/wp-content\/uploads\/2023\/04\/P1488794.jpg\" data-elementor-open-lightbox=\"yes\" data-elementor-lightbox-slideshow=\"8c44944\" data-elementor-lightbox-title=\"P1488794\" data-e-action-hash=\"#elementor-action%3Aaction%3Dlightbox%26settings%3DeyJpZCI6MTc5MDksInVybCI6Imh0dHBzOlwvXC9kdXJyZXMuZ292LmFsXC93cC1jb250ZW50XC91cGxvYWRzXC8yMDIzXC8wNFwvUDE0ODg3OTQuanBnIiwic2xpZGVzaG93IjoiOGM0NDk0NCJ9\">\n\t\t\t\t\t<div class=\"e-gallery-image elementor-gallery-item__image\" data-thumbnail=\"https:\/\/durres.gov.al\/wp-content\/uploads\/2023\/04\/P1488794-300x225.jpg\" data-width=\"300\" data-height=\"225\" aria-label=\"\" role=\"img\" ><\/div>\n\t\t\t\t\t\t\t\t\t\t\t<div class=\"elementor-gallery-item__overlay\"><\/div>\n\t\t\t\t\t\t\t\t\t\t\t\t\t\t<\/a>\n\t\t\t\t\t\t\t<a class=\"e-gallery-item elementor-gallery-item elementor-animated-content\" href=\"https:\/\/durres.gov.al\/wp-content\/uploads\/2023\/02\/amfiteatri.jpg\" data-elementor-open-lightbox=\"yes\" data-elementor-lightbox-slideshow=\"8c44944\" data-elementor-lightbox-title=\"Panorama\" data-e-action-hash=\"#elementor-action%3Aaction%3Dlightbox%26settings%3DeyJpZCI6MTMwODUsInVybCI6Imh0dHBzOlwvXC9kdXJyZXMuZ292LmFsXC93cC1jb250ZW50XC91cGxvYWRzXC8yMDIzXC8wMlwvYW1maXRlYXRyaS5qcGciLCJzbGlkZXNob3ciOiI4YzQ0OTQ0In0%3D\">\n\t\t\t\t\t<div class=\"e-gallery-image elementor-gallery-item__image\" data-thumbnail=\"https:\/\/durres.gov.al\/wp-content\/uploads\/2023\/02\/amfiteatri-300x113.jpg\" data-width=\"300\" data-height=\"113\" aria-label=\"\" role=\"img\" ><\/div>\n\t\t\t\t\t\t\t\t\t\t\t<div class=\"elementor-gallery-item__overlay\"><\/div>\n\t\t\t\t\t\t\t\t\t\t\t\t\t\t<\/a>\n\t\t\t\t\t\t\t<a class=\"e-gallery-item elementor-gallery-item elementor-animated-content\" href=\"https:\/\/durres.gov.al\/wp-content\/uploads\/2023\/04\/MG_0368-scaled.jpg\" data-elementor-open-lightbox=\"yes\" data-elementor-lightbox-slideshow=\"8c44944\" data-elementor-lightbox-title=\"_MG_0368\" data-e-action-hash=\"#elementor-action%3Aaction%3Dlightbox%26settings%3DeyJpZCI6MTc5MDMsInVybCI6Imh0dHBzOlwvXC9kdXJyZXMuZ292LmFsXC93cC1jb250ZW50XC91cGxvYWRzXC8yMDIzXC8wNFwvTUdfMDM2OC1zY2FsZWQuanBnIiwic2xpZGVzaG93IjoiOGM0NDk0NCJ9\">\n\t\t\t\t\t<div class=\"e-gallery-image elementor-gallery-item__image\" data-thumbnail=\"https:\/\/durres.gov.al\/wp-content\/uploads\/2023\/04\/MG_0368-200x300.jpg\" data-width=\"200\" data-height=\"300\" aria-label=\"\" role=\"img\" ><\/div>\n\t\t\t\t\t\t\t\t\t\t\t<div class=\"elementor-gallery-item__overlay\"><\/div>\n\t\t\t\t\t\t\t\t\t\t\t\t\t\t<\/a>\n\t\t\t\t\t\t\t<a class=\"e-gallery-item elementor-gallery-item elementor-animated-content\" href=\"https:\/\/durres.gov.al\/wp-content\/uploads\/2023\/02\/DSC_3428.jpg\" data-elementor-open-lightbox=\"yes\" data-elementor-lightbox-slideshow=\"8c44944\" data-elementor-lightbox-title=\"DSC_3428\" data-e-action-hash=\"#elementor-action%3Aaction%3Dlightbox%26settings%3DeyJpZCI6MTMwODcsInVybCI6Imh0dHBzOlwvXC9kdXJyZXMuZ292LmFsXC93cC1jb250ZW50XC91cGxvYWRzXC8yMDIzXC8wMlwvRFNDXzM0MjguanBnIiwic2xpZGVzaG93IjoiOGM0NDk0NCJ9\">\n\t\t\t\t\t<div class=\"e-gallery-image elementor-gallery-item__image\" data-thumbnail=\"https:\/\/durres.gov.al\/wp-content\/uploads\/2023\/02\/DSC_3428-300x200.jpg\" data-width=\"300\" data-height=\"200\" aria-label=\"\" role=\"img\" ><\/div>\n\t\t\t\t\t\t\t\t\t\t\t<div class=\"elementor-gallery-item__overlay\"><\/div>\n\t\t\t\t\t\t\t\t\t\t\t\t\t\t<\/a>\n\t\t\t\t\t\t\t<a class=\"e-gallery-item elementor-gallery-item elementor-animated-content\" href=\"https:\/\/durres.gov.al\/wp-content\/uploads\/2023\/02\/DSC_4570.jpg\" data-elementor-open-lightbox=\"yes\" data-elementor-lightbox-slideshow=\"8c44944\" data-elementor-lightbox-title=\"DSC_4570\" data-e-action-hash=\"#elementor-action%3Aaction%3Dlightbox%26settings%3DeyJpZCI6MTMwODgsInVybCI6Imh0dHBzOlwvXC9kdXJyZXMuZ292LmFsXC93cC1jb250ZW50XC91cGxvYWRzXC8yMDIzXC8wMlwvRFNDXzQ1NzAuanBnIiwic2xpZGVzaG93IjoiOGM0NDk0NCJ9\">\n\t\t\t\t\t<div class=\"e-gallery-image elementor-gallery-item__image\" data-thumbnail=\"https:\/\/durres.gov.al\/wp-content\/uploads\/2023\/02\/DSC_4570-300x200.jpg\" data-width=\"300\" data-height=\"200\" aria-label=\"\" role=\"img\" ><\/div>\n\t\t\t\t\t\t\t\t\t\t\t<div class=\"elementor-gallery-item__overlay\"><\/div>\n\t\t\t\t\t\t\t\t\t\t\t\t\t\t<\/a>\n\t\t\t\t\t\t\t<a class=\"e-gallery-item elementor-gallery-item elementor-animated-content\" href=\"https:\/\/durres.gov.al\/wp-content\/uploads\/2023\/04\/P1177805-scaled.jpg\" data-elementor-open-lightbox=\"yes\" data-elementor-lightbox-slideshow=\"8c44944\" data-elementor-lightbox-title=\"P1177805\" data-e-action-hash=\"#elementor-action%3Aaction%3Dlightbox%26settings%3DeyJpZCI6MTc5MTIsInVybCI6Imh0dHBzOlwvXC9kdXJyZXMuZ292LmFsXC93cC1jb250ZW50XC91cGxvYWRzXC8yMDIzXC8wNFwvUDExNzc4MDUtc2NhbGVkLmpwZyIsInNsaWRlc2hvdyI6IjhjNDQ5NDQifQ%3D%3D\">\n\t\t\t\t\t<div class=\"e-gallery-image elementor-gallery-item__image\" data-thumbnail=\"https:\/\/durres.gov.al\/wp-content\/uploads\/2023\/04\/P1177805-300x225.jpg\" data-width=\"300\" data-height=\"225\" aria-label=\"\" role=\"img\" ><\/div>\n\t\t\t\t\t\t\t\t\t\t\t<div class=\"elementor-gallery-item__overlay\"><\/div>\n\t\t\t\t\t\t\t\t\t\t\t\t\t\t<\/a>\n\t\t\t\t\t\t\t<a class=\"e-gallery-item elementor-gallery-item elementor-animated-content\" href=\"https:\/\/durres.gov.al\/wp-content\/uploads\/2023\/02\/DSC_9581.jpg\" data-elementor-open-lightbox=\"yes\" data-elementor-lightbox-slideshow=\"8c44944\" data-elementor-lightbox-title=\"DSC_9581\" data-e-action-hash=\"#elementor-action%3Aaction%3Dlightbox%26settings%3DeyJpZCI6MTMwOTMsInVybCI6Imh0dHBzOlwvXC9kdXJyZXMuZ292LmFsXC93cC1jb250ZW50XC91cGxvYWRzXC8yMDIzXC8wMlwvRFNDXzk1ODEuanBnIiwic2xpZGVzaG93IjoiOGM0NDk0NCJ9\">\n\t\t\t\t\t<div class=\"e-gallery-image elementor-gallery-item__image\" data-thumbnail=\"https:\/\/durres.gov.al\/wp-content\/uploads\/2023\/02\/DSC_9581-300x200.jpg\" data-width=\"300\" data-height=\"200\" aria-label=\"\" role=\"img\" ><\/div>\n\t\t\t\t\t\t\t\t\t\t\t<div class=\"elementor-gallery-item__overlay\"><\/div>\n\t\t\t\t\t\t\t\t\t\t\t\t\t\t<\/a>\n\t\t\t\t\t\t\t<a class=\"e-gallery-item elementor-gallery-item elementor-animated-content\" href=\"https:\/\/durres.gov.al\/wp-content\/uploads\/2023\/04\/MG_7521.jpg\" data-elementor-open-lightbox=\"yes\" data-elementor-lightbox-slideshow=\"8c44944\" data-elementor-lightbox-title=\"_MG_7521\" data-e-action-hash=\"#elementor-action%3Aaction%3Dlightbox%26settings%3DeyJpZCI6MTc5MTMsInVybCI6Imh0dHBzOlwvXC9kdXJyZXMuZ292LmFsXC93cC1jb250ZW50XC91cGxvYWRzXC8yMDIzXC8wNFwvTUdfNzUyMS5qcGciLCJzbGlkZXNob3ciOiI4YzQ0OTQ0In0%3D\">\n\t\t\t\t\t<div class=\"e-gallery-image elementor-gallery-item__image\" data-thumbnail=\"https:\/\/durres.gov.al\/wp-content\/uploads\/2023\/04\/MG_7521-300x200.jpg\" data-width=\"300\" data-height=\"200\" aria-label=\"\" role=\"img\" ><\/div>\n\t\t\t\t\t\t\t\t\t\t\t<div class=\"elementor-gallery-item__overlay\"><\/div>\n\t\t\t\t\t\t\t\t\t\t\t\t\t\t<\/a>\n\t\t\t\t\t\t\t<a class=\"e-gallery-item elementor-gallery-item elementor-animated-content\" href=\"https:\/\/durres.gov.al\/wp-content\/uploads\/2023\/04\/durres-scaled.jpg\" data-elementor-open-lightbox=\"yes\" data-elementor-lightbox-slideshow=\"8c44944\" data-elementor-lightbox-title=\"durres\" data-e-action-hash=\"#elementor-action%3Aaction%3Dlightbox%26settings%3DeyJpZCI6MTc4OTAsInVybCI6Imh0dHBzOlwvXC9kdXJyZXMuZ292LmFsXC93cC1jb250ZW50XC91cGxvYWRzXC8yMDIzXC8wNFwvZHVycmVzLXNjYWxlZC5qcGciLCJzbGlkZXNob3ciOiI4YzQ0OTQ0In0%3D\">\n\t\t\t\t\t<div class=\"e-gallery-image elementor-gallery-item__image\" data-thumbnail=\"https:\/\/durres.gov.al\/wp-content\/uploads\/2023\/04\/durres-300x225.jpg\" data-width=\"300\" data-height=\"225\" aria-label=\"\" role=\"img\" ><\/div>\n\t\t\t\t\t\t\t\t\t\t\t<div class=\"elementor-gallery-item__overlay\"><\/div>\n\t\t\t\t\t\t\t\t\t\t\t\t\t\t<\/a>\n\t\t\t\t\t\t\t<a class=\"e-gallery-item elementor-gallery-item elementor-animated-content\" href=\"https:\/\/durres.gov.al\/wp-content\/uploads\/2023\/02\/dsc4813.jpg\" data-elementor-open-lightbox=\"yes\" data-elementor-lightbox-slideshow=\"8c44944\" data-elementor-lightbox-title=\"dsc4813\" data-e-action-hash=\"#elementor-action%3Aaction%3Dlightbox%26settings%3DeyJpZCI6MTMwOTcsInVybCI6Imh0dHBzOlwvXC9kdXJyZXMuZ292LmFsXC93cC1jb250ZW50XC91cGxvYWRzXC8yMDIzXC8wMlwvZHNjNDgxMy5qcGciLCJzbGlkZXNob3ciOiI4YzQ0OTQ0In0%3D\">\n\t\t\t\t\t<div class=\"e-gallery-image elementor-gallery-item__image\" data-thumbnail=\"https:\/\/durres.gov.al\/wp-content\/uploads\/2023\/02\/dsc4813-300x199.jpg\" data-width=\"300\" data-height=\"199\" aria-label=\"\" role=\"img\" ><\/div>\n\t\t\t\t\t\t\t\t\t\t\t<div class=\"elementor-gallery-item__overlay\"><\/div>\n\t\t\t\t\t\t\t\t\t\t\t\t\t\t<\/a>\n\t\t\t\t\t\t\t<a class=\"e-gallery-item elementor-gallery-item elementor-animated-content\" href=\"https:\/\/durres.gov.al\/wp-content\/uploads\/2023\/04\/P1266150-scaled.jpg\" data-elementor-open-lightbox=\"yes\" data-elementor-lightbox-slideshow=\"8c44944\" data-elementor-lightbox-title=\"P1266150\" data-e-action-hash=\"#elementor-action%3Aaction%3Dlightbox%26settings%3DeyJpZCI6MTc5MTYsInVybCI6Imh0dHBzOlwvXC9kdXJyZXMuZ292LmFsXC93cC1jb250ZW50XC91cGxvYWRzXC8yMDIzXC8wNFwvUDEyNjYxNTAtc2NhbGVkLmpwZyIsInNsaWRlc2hvdyI6IjhjNDQ5NDQifQ%3D%3D\">\n\t\t\t\t\t<div class=\"e-gallery-image elementor-gallery-item__image\" data-thumbnail=\"https:\/\/durres.gov.al\/wp-content\/uploads\/2023\/04\/P1266150-300x225.jpg\" data-width=\"300\" data-height=\"225\" aria-label=\"\" role=\"img\" ><\/div>\n\t\t\t\t\t\t\t\t\t\t\t<div class=\"elementor-gallery-item__overlay\"><\/div>\n\t\t\t\t\t\t\t\t\t\t\t\t\t\t<\/a>\n\t\t\t\t\t\t\t<a class=\"e-gallery-item elementor-gallery-item elementor-animated-content\" href=\"https:\/\/durres.gov.al\/wp-content\/uploads\/2023\/04\/P1111727-scaled.jpg\" data-elementor-open-lightbox=\"yes\" data-elementor-lightbox-slideshow=\"8c44944\" data-elementor-lightbox-title=\"P1111727\" data-e-action-hash=\"#elementor-action%3Aaction%3Dlightbox%26settings%3DeyJpZCI6MTc5MTQsInVybCI6Imh0dHBzOlwvXC9kdXJyZXMuZ292LmFsXC93cC1jb250ZW50XC91cGxvYWRzXC8yMDIzXC8wNFwvUDExMTE3Mjctc2NhbGVkLmpwZyIsInNsaWRlc2hvdyI6IjhjNDQ5NDQifQ%3D%3D\">\n\t\t\t\t\t<div class=\"e-gallery-image elementor-gallery-item__image\" data-thumbnail=\"https:\/\/durres.gov.al\/wp-content\/uploads\/2023\/04\/P1111727-300x225.jpg\" data-width=\"300\" data-height=\"225\" aria-label=\"\" role=\"img\" ><\/div>\n\t\t\t\t\t\t\t\t\t\t\t<div class=\"elementor-gallery-item__overlay\"><\/div>\n\t\t\t\t\t\t\t\t\t\t\t\t\t\t<\/a>\n\t\t\t\t\t\t\t<a class=\"e-gallery-item elementor-gallery-item elementor-animated-content\" href=\"https:\/\/durres.gov.al\/wp-content\/uploads\/2023\/02\/IMG_5159.jpg\" data-elementor-open-lightbox=\"yes\" data-elementor-lightbox-slideshow=\"8c44944\" data-elementor-lightbox-title=\"IMG_5159\" data-e-action-hash=\"#elementor-action%3Aaction%3Dlightbox%26settings%3DeyJpZCI6MTMxMDQsInVybCI6Imh0dHBzOlwvXC9kdXJyZXMuZ292LmFsXC93cC1jb250ZW50XC91cGxvYWRzXC8yMDIzXC8wMlwvSU1HXzUxNTkuanBnIiwic2xpZGVzaG93IjoiOGM0NDk0NCJ9\">\n\t\t\t\t\t<div class=\"e-gallery-image elementor-gallery-item__image\" data-thumbnail=\"https:\/\/durres.gov.al\/wp-content\/uploads\/2023\/02\/IMG_5159-300x200.jpg\" data-width=\"300\" data-height=\"200\" aria-label=\"\" role=\"img\" ><\/div>\n\t\t\t\t\t\t\t\t\t\t\t<div class=\"elementor-gallery-item__overlay\"><\/div>\n\t\t\t\t\t\t\t\t\t\t\t\t\t\t<\/a>\n\t\t\t\t\t\t\t<a class=\"e-gallery-item elementor-gallery-item elementor-animated-content\" href=\"https:\/\/durres.gov.al\/wp-content\/uploads\/2023\/02\/img2488.jpg\" data-elementor-open-lightbox=\"yes\" data-elementor-lightbox-slideshow=\"8c44944\" data-elementor-lightbox-title=\"img2488\" data-e-action-hash=\"#elementor-action%3Aaction%3Dlightbox%26settings%3DeyJpZCI6MTMxMDYsInVybCI6Imh0dHBzOlwvXC9kdXJyZXMuZ292LmFsXC93cC1jb250ZW50XC91cGxvYWRzXC8yMDIzXC8wMlwvaW1nMjQ4OC5qcGciLCJzbGlkZXNob3ciOiI4YzQ0OTQ0In0%3D\">\n\t\t\t\t\t<div class=\"e-gallery-image elementor-gallery-item__image\" data-thumbnail=\"https:\/\/durres.gov.al\/wp-content\/uploads\/2023\/02\/img2488-300x200.jpg\" data-width=\"300\" data-height=\"200\" aria-label=\"\" role=\"img\" ><\/div>\n\t\t\t\t\t\t\t\t\t\t\t<div class=\"elementor-gallery-item__overlay\"><\/div>\n\t\t\t\t\t\t\t\t\t\t\t\t\t\t<\/a>\n\t\t\t\t\t\t\t<a class=\"e-gallery-item elementor-gallery-item elementor-animated-content\" href=\"https:\/\/durres.gov.al\/wp-content\/uploads\/2023\/02\/sfinksi.jpg\" data-elementor-open-lightbox=\"yes\" data-elementor-lightbox-slideshow=\"8c44944\" data-elementor-lightbox-title=\"sfinksi\" data-e-action-hash=\"#elementor-action%3Aaction%3Dlightbox%26settings%3DeyJpZCI6MTMxMDksInVybCI6Imh0dHBzOlwvXC9kdXJyZXMuZ292LmFsXC93cC1jb250ZW50XC91cGxvYWRzXC8yMDIzXC8wMlwvc2ZpbmtzaS5qcGciLCJzbGlkZXNob3ciOiI4YzQ0OTQ0In0%3D\">\n\t\t\t\t\t<div class=\"e-gallery-image elementor-gallery-item__image\" data-thumbnail=\"https:\/\/durres.gov.al\/wp-content\/uploads\/2023\/02\/sfinksi-300x169.jpg\" data-width=\"300\" data-height=\"169\" aria-label=\"\" role=\"img\" ><\/div>\n\t\t\t\t\t\t\t\t\t\t\t<div class=\"elementor-gallery-item__overlay\"><\/div>\n\t\t\t\t\t\t\t\t\t\t\t\t\t\t<\/a>\n\t\t\t\t\t\t\t<a class=\"e-gallery-item elementor-gallery-item elementor-animated-content\" href=\"https:\/\/durres.gov.al\/wp-content\/uploads\/2023\/04\/MG_6339_40_41_42_43_Fusion-Natural-scaled.jpg\" data-elementor-open-lightbox=\"yes\" data-elementor-lightbox-slideshow=\"8c44944\" data-elementor-lightbox-title=\"_MG_6339_40_41_42_43_Fusion-Natural\" data-e-action-hash=\"#elementor-action%3Aaction%3Dlightbox%26settings%3DeyJpZCI6MTgwNDYsInVybCI6Imh0dHBzOlwvXC9kdXJyZXMuZ292LmFsXC93cC1jb250ZW50XC91cGxvYWRzXC8yMDIzXC8wNFwvTUdfNjMzOV80MF80MV80Ml80M19GdXNpb24tTmF0dXJhbC1zY2FsZWQuanBnIiwic2xpZGVzaG93IjoiOGM0NDk0NCJ9\">\n\t\t\t\t\t<div class=\"e-gallery-image elementor-gallery-item__image\" data-thumbnail=\"https:\/\/durres.gov.al\/wp-content\/uploads\/2023\/04\/MG_6339_40_41_42_43_Fusion-Natural-300x200.jpg\" data-width=\"300\" data-height=\"200\" aria-label=\"\" role=\"img\" ><\/div>\n\t\t\t\t\t\t\t\t\t\t\t<div class=\"elementor-gallery-item__overlay\"><\/div>\n\t\t\t\t\t\t\t\t\t\t\t\t\t\t<\/a>\n\t\t\t\t\t<\/div>\n\t\t\t\t\t<\/div>\n\t\t\t\t<\/div>\n\t\t\t\t\t<\/div>\n\t\t\t\t<\/div>\n\t\t\t\t<\/div>","protected":false},"excerpt":{"rendered":"","protected":false},"author":4,"featured_media":0,"parent":0,"menu_order":0,"comment_status":"closed","ping_status":"closed","template":"","meta":{"_acf_changed":false,"footnotes":""},"class_list":["post-27587","page","type-page","status-publish","hentry"],"acf":[],"yoast_head":"<!-- This site is optimized with the Yoast SEO plugin v27.4 - https:\/\/yoast.com\/product\/yoast-seo-wordpress\/ -->\n<title>Durr\u00ebsi i sot\u00ebm - Bashkia Durr\u00ebs<\/title>\n<meta name=\"robots\" content=\"index, follow, max-snippet:-1, max-image-preview:large, max-video-preview:-1\" \/>\n<link rel=\"canonical\" href=\"https:\/\/durres.gov.al\/en\/durresi-i-sotem\/\" \/>\n<meta property=\"og:locale\" content=\"en_US\" \/>\n<meta property=\"og:type\" content=\"article\" \/>\n<meta property=\"og:title\" content=\"Durr\u00ebsi i sot\u00ebm - Bashkia Durr\u00ebs\" \/>\n<meta property=\"og:url\" content=\"https:\/\/durres.gov.al\/en\/durresi-i-sotem\/\" \/>\n<meta property=\"og:site_name\" content=\"Bashkia Durr\u00ebs\" \/>\n<meta property=\"article:modified_time\" content=\"2026-03-19T09:25:21+00:00\" \/>\n<meta name=\"twitter:card\" content=\"summary_large_image\" \/>\n<script type=\"application\/ld+json\" class=\"yoast-schema-graph\">{\"@context\":\"https:\\\/\\\/schema.org\",\"@graph\":[{\"@type\":\"WebPage\",\"@id\":\"https:\\\/\\\/durres.gov.al\\\/durresi-i-sotem\\\/\",\"url\":\"https:\\\/\\\/durres.gov.al\\\/durresi-i-sotem\\\/\",\"name\":\"Durr\u00ebsi i sot\u00ebm - Bashkia Durr\u00ebs\",\"isPartOf\":{\"@id\":\"https:\\\/\\\/durres.gov.al\\\/en\\\/#website\"},\"datePublished\":\"2026-03-11T10:02:46+00:00\",\"dateModified\":\"2026-03-19T09:25:21+00:00\",\"breadcrumb\":{\"@id\":\"https:\\\/\\\/durres.gov.al\\\/durresi-i-sotem\\\/#breadcrumb\"},\"inLanguage\":\"en-US\",\"potentialAction\":[{\"@type\":\"ReadAction\",\"target\":[\"https:\\\/\\\/durres.gov.al\\\/durresi-i-sotem\\\/\"]}]},{\"@type\":\"BreadcrumbList\",\"@id\":\"https:\\\/\\\/durres.gov.al\\\/durresi-i-sotem\\\/#breadcrumb\",\"itemListElement\":[{\"@type\":\"ListItem\",\"position\":1,\"name\":\"Home\",\"item\":\"https:\\\/\\\/durres.gov.al\\\/\"},{\"@type\":\"ListItem\",\"position\":2,\"name\":\"Durr\u00ebsi i sot\u00ebm\"}]},{\"@type\":\"WebSite\",\"@id\":\"https:\\\/\\\/durres.gov.al\\\/en\\\/#website\",\"url\":\"https:\\\/\\\/durres.gov.al\\\/en\\\/\",\"name\":\"Bashkia Durr\u00ebs\",\"description\":\"Faqja Zyrtare n\u00eb Internet\",\"publisher\":{\"@id\":\"https:\\\/\\\/durres.gov.al\\\/en\\\/#organization\"},\"potentialAction\":[{\"@type\":\"SearchAction\",\"target\":{\"@type\":\"EntryPoint\",\"urlTemplate\":\"https:\\\/\\\/durres.gov.al\\\/en\\\/?s={search_term_string}\"},\"query-input\":{\"@type\":\"PropertyValueSpecification\",\"valueRequired\":true,\"valueName\":\"search_term_string\"}}],\"inLanguage\":\"en-US\"},{\"@type\":\"Organization\",\"@id\":\"https:\\\/\\\/durres.gov.al\\\/en\\\/#organization\",\"name\":\"Bashkia Durr\u00ebs\",\"url\":\"https:\\\/\\\/durres.gov.al\\\/en\\\/\",\"logo\":{\"@type\":\"ImageObject\",\"inLanguage\":\"en-US\",\"@id\":\"https:\\\/\\\/durres.gov.al\\\/en\\\/#\\\/schema\\\/logo\\\/image\\\/\",\"url\":\"https:\\\/\\\/durres.gov.al\\\/wp-content\\\/uploads\\\/2023\\\/01\\\/cropped-logo.png\",\"contentUrl\":\"https:\\\/\\\/durres.gov.al\\\/wp-content\\\/uploads\\\/2023\\\/01\\\/cropped-logo.png\",\"width\":512,\"height\":512,\"caption\":\"Bashkia Durr\u00ebs\"},\"image\":{\"@id\":\"https:\\\/\\\/durres.gov.al\\\/en\\\/#\\\/schema\\\/logo\\\/image\\\/\"}}]}<\/script>\n<!-- \/ Yoast SEO plugin. -->","yoast_head_json":{"title":"Durr\u00ebsi i sot\u00ebm - Bashkia Durr\u00ebs","robots":{"index":"index","follow":"follow","max-snippet":"max-snippet:-1","max-image-preview":"max-image-preview:large","max-video-preview":"max-video-preview:-1"},"canonical":"https:\/\/durres.gov.al\/en\/durresi-i-sotem\/","og_locale":"en_US","og_type":"article","og_title":"Durr\u00ebsi i sot\u00ebm - Bashkia Durr\u00ebs","og_url":"https:\/\/durres.gov.al\/en\/durresi-i-sotem\/","og_site_name":"Bashkia Durr\u00ebs","article_modified_time":"2026-03-19T09:25:21+00:00","twitter_card":"summary_large_image","schema":{"@context":"https:\/\/schema.org","@graph":[{"@type":"WebPage","@id":"https:\/\/durres.gov.al\/durresi-i-sotem\/","url":"https:\/\/durres.gov.al\/durresi-i-sotem\/","name":"Durr\u00ebsi i sot\u00ebm - Bashkia Durr\u00ebs","isPartOf":{"@id":"https:\/\/durres.gov.al\/en\/#website"},"datePublished":"2026-03-11T10:02:46+00:00","dateModified":"2026-03-19T09:25:21+00:00","breadcrumb":{"@id":"https:\/\/durres.gov.al\/durresi-i-sotem\/#breadcrumb"},"inLanguage":"en-US","potentialAction":[{"@type":"ReadAction","target":["https:\/\/durres.gov.al\/durresi-i-sotem\/"]}]},{"@type":"BreadcrumbList","@id":"https:\/\/durres.gov.al\/durresi-i-sotem\/#breadcrumb","itemListElement":[{"@type":"ListItem","position":1,"name":"Home","item":"https:\/\/durres.gov.al\/"},{"@type":"ListItem","position":2,"name":"Durr\u00ebsi i sot\u00ebm"}]},{"@type":"WebSite","@id":"https:\/\/durres.gov.al\/en\/#website","url":"https:\/\/durres.gov.al\/en\/","name":"Municipality of Durr\u00ebs","description":"Faqja Zyrtare n\u00eb Internet","publisher":{"@id":"https:\/\/durres.gov.al\/en\/#organization"},"potentialAction":[{"@type":"SearchAction","target":{"@type":"EntryPoint","urlTemplate":"https:\/\/durres.gov.al\/en\/?s={search_term_string}"},"query-input":{"@type":"PropertyValueSpecification","valueRequired":true,"valueName":"search_term_string"}}],"inLanguage":"en-US"},{"@type":"Organization","@id":"https:\/\/durres.gov.al\/en\/#organization","name":"Municipality of Durr\u00ebs","url":"https:\/\/durres.gov.al\/en\/","logo":{"@type":"ImageObject","inLanguage":"en-US","@id":"https:\/\/durres.gov.al\/en\/#\/schema\/logo\/image\/","url":"https:\/\/durres.gov.al\/wp-content\/uploads\/2023\/01\/cropped-logo.png","contentUrl":"https:\/\/durres.gov.al\/wp-content\/uploads\/2023\/01\/cropped-logo.png","width":512,"height":512,"caption":"Bashkia Durr\u00ebs"},"image":{"@id":"https:\/\/durres.gov.al\/en\/#\/schema\/logo\/image\/"}}]}},"_links":{"self":[{"href":"https:\/\/durres.gov.al\/en\/wp-json\/wp\/v2\/pages\/27587","targetHints":{"allow":["GET"]}}],"collection":[{"href":"https:\/\/durres.gov.al\/en\/wp-json\/wp\/v2\/pages"}],"about":[{"href":"https:\/\/durres.gov.al\/en\/wp-json\/wp\/v2\/types\/page"}],"author":[{"embeddable":true,"href":"https:\/\/durres.gov.al\/en\/wp-json\/wp\/v2\/users\/4"}],"replies":[{"embeddable":true,"href":"https:\/\/durres.gov.al\/en\/wp-json\/wp\/v2\/comments?post=27587"}],"version-history":[{"count":16,"href":"https:\/\/durres.gov.al\/en\/wp-json\/wp\/v2\/pages\/27587\/revisions"}],"predecessor-version":[{"id":28631,"href":"https:\/\/durres.gov.al\/en\/wp-json\/wp\/v2\/pages\/27587\/revisions\/28631"}],"wp:attachment":[{"href":"https:\/\/durres.gov.al\/en\/wp-json\/wp\/v2\/media?parent=27587"}],"curies":[{"name":"wp","href":"https:\/\/api.w.org\/{rel}","templated":true}]}}