{"id":27655,"date":"2026-03-11T14:18:27","date_gmt":"2026-03-11T13:18:27","guid":{"rendered":"https:\/\/durres.gov.al\/?page_id=27655"},"modified":"2026-03-19T10:27:16","modified_gmt":"2026-03-19T09:27:16","slug":"historiku-i-qytetit","status":"publish","type":"page","link":"https:\/\/durres.gov.al\/en\/historiku-i-qytetit\/","title":{"rendered":"History of the City"},"content":{"rendered":"<div data-elementor-type=\"wp-page\" data-elementor-id=\"27655\" class=\"elementor elementor-27655\" data-elementor-post-type=\"page\">\n\t\t\t\t<div class=\"elementor-element elementor-element-27f0c70 e-con-full e-flex e-con e-parent\" data-id=\"27f0c70\" data-element_type=\"container\" data-e-type=\"container\">\n\t\t\t\t<div class=\"elementor-element elementor-element-3acd1bc elementor-widget elementor-widget-template\" data-id=\"3acd1bc\" data-element_type=\"widget\" data-e-type=\"widget\" data-widget_type=\"template.default\">\n\t\t\t\t<div class=\"elementor-widget-container\">\n\t\t\t\t\t\t\t<div class=\"elementor-template\">\n\t\t\t\t\t<div data-elementor-type=\"container\" data-elementor-id=\"25501\" class=\"elementor elementor-25501\" data-elementor-post-type=\"elementor_library\">\n\t\t\t\t<div class=\"elementor-element elementor-element-1648416 e-flex e-con-boxed e-con e-parent\" data-id=\"1648416\" data-element_type=\"container\" data-e-type=\"container\" data-settings=\"{&quot;background_background&quot;:&quot;classic&quot;}\">\n\t\t\t\t\t<div class=\"e-con-inner\">\n\t\t\t\t\t<\/div>\n\t\t\t\t<\/div>\n\t\t\t\t<\/div>\n\t\t\t\t<\/div>\n\t\t\t\t\t\t<\/div>\n\t\t\t\t<\/div>\n\t\t\t\t<\/div>\n\t\t<div class=\"elementor-element elementor-element-3cc29c2 e-flex e-con-boxed e-con e-parent\" data-id=\"3cc29c2\" data-element_type=\"container\" data-e-type=\"container\">\n\t\t\t\t\t<div class=\"e-con-inner\">\n\t\t<div class=\"elementor-element elementor-element-5f9d663 e-con-full e-flex e-con e-child\" data-id=\"5f9d663\" data-element_type=\"container\" data-e-type=\"container\">\n\t\t\t\t<div class=\"elementor-element elementor-element-bd3ba02 elementor-widget elementor-widget-image\" data-id=\"bd3ba02\" data-element_type=\"widget\" data-e-type=\"widget\" data-widget_type=\"image.default\">\n\t\t\t\t<div class=\"elementor-widget-container\">\n\t\t\t\t\t\t\t\t\t\t\t\t\t\t\t<img fetchpriority=\"high\" decoding=\"async\" width=\"800\" height=\"534\" src=\"https:\/\/durres.gov.al\/wp-content\/uploads\/2026\/02\/MG_5950-1200x800-1-1024x683.jpg\" class=\"attachment-large size-large wp-image-25482\" alt=\"\" srcset=\"https:\/\/durres.gov.al\/wp-content\/uploads\/2026\/02\/MG_5950-1200x800-1-1024x683.jpg 1024w, https:\/\/durres.gov.al\/wp-content\/uploads\/2026\/02\/MG_5950-1200x800-1-300x200.jpg 300w, https:\/\/durres.gov.al\/wp-content\/uploads\/2026\/02\/MG_5950-1200x800-1-768x512.jpg 768w, https:\/\/durres.gov.al\/wp-content\/uploads\/2026\/02\/MG_5950-1200x800-1.jpg 1200w\" sizes=\"(max-width: 800px) 100vw, 800px\" \/>\t\t\t\t\t\t\t\t\t\t\t\t\t\t\t<\/div>\n\t\t\t\t<\/div>\n\t\t\t\t<div class=\"elementor-element elementor-element-070615a elementor-widget elementor-widget-image\" data-id=\"070615a\" data-element_type=\"widget\" data-e-type=\"widget\" data-widget_type=\"image.default\">\n\t\t\t\t<div class=\"elementor-widget-container\">\n\t\t\t\t\t\t\t\t\t\t\t\t\t\t\t<img decoding=\"async\" width=\"800\" height=\"534\" src=\"https:\/\/durres.gov.al\/wp-content\/uploads\/2026\/02\/P1455219-1200x800-1-1024x683.jpg\" class=\"attachment-large size-large wp-image-25481\" alt=\"\" srcset=\"https:\/\/durres.gov.al\/wp-content\/uploads\/2026\/02\/P1455219-1200x800-1-1024x683.jpg 1024w, https:\/\/durres.gov.al\/wp-content\/uploads\/2026\/02\/P1455219-1200x800-1-300x200.jpg 300w, https:\/\/durres.gov.al\/wp-content\/uploads\/2026\/02\/P1455219-1200x800-1-768x512.jpg 768w, https:\/\/durres.gov.al\/wp-content\/uploads\/2026\/02\/P1455219-1200x800-1.jpg 1200w\" sizes=\"(max-width: 800px) 100vw, 800px\" \/>\t\t\t\t\t\t\t\t\t\t\t\t\t\t\t<\/div>\n\t\t\t\t<\/div>\n\t\t\t\t<\/div>\n\t\t<div class=\"elementor-element elementor-element-c9bcdc8 e-con-full e-flex e-con e-child\" data-id=\"c9bcdc8\" data-element_type=\"container\" data-e-type=\"container\">\n\t\t\t\t<div class=\"elementor-element elementor-element-29f31f2 elementor-widget elementor-widget-text-editor\" data-id=\"29f31f2\" data-element_type=\"widget\" data-e-type=\"widget\" data-widget_type=\"text-editor.default\">\n\t\t\t\t<div class=\"elementor-widget-container\">\n\t\t\t\t\t\t\t\t\t<p><span class=\"elementor-drop-cap\"><span class=\"elementor-drop-cap-letter\">T<\/span><\/span>he city of Epidamnus - Dyrrachium was built by the Illyrians Taulantes, the Swallows in the 13th-11th centuries BC. In the conditions of a Mediterranean climate, the most suitable area for habitation was that of the Erzen River and the Western Lowlands around it. On the coast of the Gulf of Durr\u00ebs, the first center or Limani named Dyrrachium was established. According to ancient authors, this city was founded by two kings of Illyrian origin named Dyrah and Epidamnus. During the time of Emperor Anastasius I (491-519) and Justinian I [527-565), the city underwent significant transformations in its urban structure, taking on the features of a typical Byzantine-Christian city.<\/p><p>In the 11th-15th centuries, the Albanian State was known as the State of Arbri. This state reached its peak during the reign of George Kastrioti. According to Ottoman chroniclers of the 16th century, Durr\u00ebs, or as they called it, \u201cThe Second Constantinople,\u201d was conquered by the Turks on August 13, 1501. Only in the 17th century did the city begin to recover, becoming a center of transit trade and the main port of Central Albania.<\/p><p>On November 26, the Independence flag was raised in Durr\u00ebs by a group of patriots led by the patriot Ismail Qemali. Turkish rule had come to an end, but it seems that the city was coveted by other invasions: the Serbian invasion (1913), the Austro-Hungarian invasion (1916) and the Italian invasion (1918). During the years of the Albanian monarchy (1924-1939), Durr\u00ebs gained a new lease of life and the noble citizens of Durr\u00ebs made their city a model of capitalist economic development. On April 7, 1939, the city and its surroundings were occupied by Italian and German army troops and on November 14, 1944, Durr\u00ebs was liberated. The period of the socialist system (1945-1990) includes investments in several branches of industry, the collectivization of agriculture, the massification of education, and the construction of a series of social and cultural facilities. In the early 1990s, the first norms of the democratic system began to emerge, with many problems for the transition phase, but with prospects for the future. The new system and the economic reforms that were implemented in Albania and Durr\u00ebs after 1990 brought significant transformations in economic life.<\/p>\t\t\t\t\t\t\t\t<\/div>\n\t\t\t\t<\/div>\n\t\t\t\t<\/div>\n\t\t\t\t\t<\/div>\n\t\t\t\t<\/div>\n\t\t\t\t<\/div>","protected":false},"excerpt":{"rendered":"<p>Durr\u00ebsi mund t\u00eb krahasohet me qytetet m\u00eb t\u00eb m\u00ebdhenj t\u00eb Mesdheut antik dhe mesjetar. Qyteti Epidamn \u2013 Dyrrah u nd\u00ebrtua nga Ilir\u00ebt Taulant\u00eb, dall\u00ebndyshasit n\u00eb shekujt Xlll-XI p K. N\u00eb kushtet e nj\u00eb klime mesdhetare, zona m\u00eb e p\u00ebrshtatshme p\u00ebr banim ishte ajo e lumit Erzen si dhe Ult\u00ebsira Per\u00ebndimore p\u00ebrreth saj. N\u00eb bregdetin e [&hellip;]<\/p>\n","protected":false},"author":4,"featured_media":0,"parent":0,"menu_order":0,"comment_status":"closed","ping_status":"closed","template":"","meta":{"_acf_changed":false,"footnotes":""},"class_list":["post-27655","page","type-page","status-publish","hentry"],"acf":[],"yoast_head":"<!-- This site is optimized with the Yoast SEO plugin v27.4 - https:\/\/yoast.com\/product\/yoast-seo-wordpress\/ -->\n<title>Historiku i qytetit - Bashkia Durr\u00ebs<\/title>\n<meta name=\"robots\" content=\"index, follow, max-snippet:-1, max-image-preview:large, max-video-preview:-1\" \/>\n<link rel=\"canonical\" href=\"https:\/\/durres.gov.al\/en\/historiku-i-qytetit\/\" \/>\n<meta property=\"og:locale\" content=\"en_US\" \/>\n<meta property=\"og:type\" content=\"article\" \/>\n<meta property=\"og:title\" content=\"Historiku i qytetit - Bashkia Durr\u00ebs\" \/>\n<meta property=\"og:description\" content=\"Durr\u00ebsi mund t\u00eb krahasohet me qytetet m\u00eb t\u00eb m\u00ebdhenj t\u00eb Mesdheut antik dhe mesjetar. Qyteti Epidamn \u2013 Dyrrah u nd\u00ebrtua nga Ilir\u00ebt Taulant\u00eb, dall\u00ebndyshasit n\u00eb shekujt Xlll-XI p K. N\u00eb kushtet e nj\u00eb klime mesdhetare, zona m\u00eb e p\u00ebrshtatshme p\u00ebr banim ishte ajo e lumit Erzen si dhe Ult\u00ebsira Per\u00ebndimore p\u00ebrreth saj. N\u00eb bregdetin e [&hellip;]\" \/>\n<meta property=\"og:url\" content=\"https:\/\/durres.gov.al\/en\/historiku-i-qytetit\/\" \/>\n<meta property=\"og:site_name\" content=\"Bashkia Durr\u00ebs\" \/>\n<meta property=\"article:modified_time\" content=\"2026-03-19T09:27:16+00:00\" \/>\n<meta property=\"og:image\" content=\"https:\/\/durres.gov.al\/wp-content\/uploads\/2026\/02\/MG_5950-1200x800-1.jpg\" \/>\n\t<meta property=\"og:image:width\" content=\"1200\" \/>\n\t<meta property=\"og:image:height\" content=\"800\" \/>\n\t<meta property=\"og:image:type\" content=\"image\/jpeg\" \/>\n<meta name=\"twitter:card\" content=\"summary_large_image\" \/>\n<meta name=\"twitter:label1\" content=\"Est. reading time\" \/>\n\t<meta name=\"twitter:data1\" content=\"2 minutes\" \/>\n<script type=\"application\/ld+json\" class=\"yoast-schema-graph\">{\"@context\":\"https:\\\/\\\/schema.org\",\"@graph\":[{\"@type\":\"WebPage\",\"@id\":\"https:\\\/\\\/durres.gov.al\\\/historiku-i-qytetit\\\/\",\"url\":\"https:\\\/\\\/durres.gov.al\\\/historiku-i-qytetit\\\/\",\"name\":\"Historiku i qytetit - Bashkia Durr\u00ebs\",\"isPartOf\":{\"@id\":\"https:\\\/\\\/durres.gov.al\\\/en\\\/#website\"},\"primaryImageOfPage\":{\"@id\":\"https:\\\/\\\/durres.gov.al\\\/historiku-i-qytetit\\\/#primaryimage\"},\"image\":{\"@id\":\"https:\\\/\\\/durres.gov.al\\\/historiku-i-qytetit\\\/#primaryimage\"},\"thumbnailUrl\":\"https:\\\/\\\/durres.gov.al\\\/wp-content\\\/uploads\\\/2026\\\/02\\\/MG_5950-1200x800-1-1024x683.jpg\",\"datePublished\":\"2026-03-11T13:18:27+00:00\",\"dateModified\":\"2026-03-19T09:27:16+00:00\",\"breadcrumb\":{\"@id\":\"https:\\\/\\\/durres.gov.al\\\/historiku-i-qytetit\\\/#breadcrumb\"},\"inLanguage\":\"en-US\",\"potentialAction\":[{\"@type\":\"ReadAction\",\"target\":[\"https:\\\/\\\/durres.gov.al\\\/historiku-i-qytetit\\\/\"]}]},{\"@type\":\"ImageObject\",\"inLanguage\":\"en-US\",\"@id\":\"https:\\\/\\\/durres.gov.al\\\/historiku-i-qytetit\\\/#primaryimage\",\"url\":\"https:\\\/\\\/durres.gov.al\\\/wp-content\\\/uploads\\\/2026\\\/02\\\/MG_5950-1200x800-1-1024x683.jpg\",\"contentUrl\":\"https:\\\/\\\/durres.gov.al\\\/wp-content\\\/uploads\\\/2026\\\/02\\\/MG_5950-1200x800-1-1024x683.jpg\"},{\"@type\":\"BreadcrumbList\",\"@id\":\"https:\\\/\\\/durres.gov.al\\\/historiku-i-qytetit\\\/#breadcrumb\",\"itemListElement\":[{\"@type\":\"ListItem\",\"position\":1,\"name\":\"Home\",\"item\":\"https:\\\/\\\/durres.gov.al\\\/\"},{\"@type\":\"ListItem\",\"position\":2,\"name\":\"Historiku i qytetit\"}]},{\"@type\":\"WebSite\",\"@id\":\"https:\\\/\\\/durres.gov.al\\\/en\\\/#website\",\"url\":\"https:\\\/\\\/durres.gov.al\\\/en\\\/\",\"name\":\"Bashkia Durr\u00ebs\",\"description\":\"Faqja Zyrtare n\u00eb Internet\",\"publisher\":{\"@id\":\"https:\\\/\\\/durres.gov.al\\\/en\\\/#organization\"},\"potentialAction\":[{\"@type\":\"SearchAction\",\"target\":{\"@type\":\"EntryPoint\",\"urlTemplate\":\"https:\\\/\\\/durres.gov.al\\\/en\\\/?s={search_term_string}\"},\"query-input\":{\"@type\":\"PropertyValueSpecification\",\"valueRequired\":true,\"valueName\":\"search_term_string\"}}],\"inLanguage\":\"en-US\"},{\"@type\":\"Organization\",\"@id\":\"https:\\\/\\\/durres.gov.al\\\/en\\\/#organization\",\"name\":\"Bashkia Durr\u00ebs\",\"url\":\"https:\\\/\\\/durres.gov.al\\\/en\\\/\",\"logo\":{\"@type\":\"ImageObject\",\"inLanguage\":\"en-US\",\"@id\":\"https:\\\/\\\/durres.gov.al\\\/en\\\/#\\\/schema\\\/logo\\\/image\\\/\",\"url\":\"https:\\\/\\\/durres.gov.al\\\/wp-content\\\/uploads\\\/2023\\\/01\\\/cropped-logo.png\",\"contentUrl\":\"https:\\\/\\\/durres.gov.al\\\/wp-content\\\/uploads\\\/2023\\\/01\\\/cropped-logo.png\",\"width\":512,\"height\":512,\"caption\":\"Bashkia Durr\u00ebs\"},\"image\":{\"@id\":\"https:\\\/\\\/durres.gov.al\\\/en\\\/#\\\/schema\\\/logo\\\/image\\\/\"}}]}<\/script>\n<!-- \/ Yoast SEO plugin. -->","yoast_head_json":{"title":"Historiku i qytetit - Bashkia Durr\u00ebs","robots":{"index":"index","follow":"follow","max-snippet":"max-snippet:-1","max-image-preview":"max-image-preview:large","max-video-preview":"max-video-preview:-1"},"canonical":"https:\/\/durres.gov.al\/en\/historiku-i-qytetit\/","og_locale":"en_US","og_type":"article","og_title":"Historiku i qytetit - Bashkia Durr\u00ebs","og_description":"Durr\u00ebsi mund t\u00eb krahasohet me qytetet m\u00eb t\u00eb m\u00ebdhenj t\u00eb Mesdheut antik dhe mesjetar. Qyteti Epidamn \u2013 Dyrrah u nd\u00ebrtua nga Ilir\u00ebt Taulant\u00eb, dall\u00ebndyshasit n\u00eb shekujt Xlll-XI p K. N\u00eb kushtet e nj\u00eb klime mesdhetare, zona m\u00eb e p\u00ebrshtatshme p\u00ebr banim ishte ajo e lumit Erzen si dhe Ult\u00ebsira Per\u00ebndimore p\u00ebrreth saj. N\u00eb bregdetin e [&hellip;]","og_url":"https:\/\/durres.gov.al\/en\/historiku-i-qytetit\/","og_site_name":"Bashkia Durr\u00ebs","article_modified_time":"2026-03-19T09:27:16+00:00","og_image":[{"width":1200,"height":800,"url":"https:\/\/durres.gov.al\/wp-content\/uploads\/2026\/02\/MG_5950-1200x800-1.jpg","type":"image\/jpeg"}],"twitter_card":"summary_large_image","twitter_misc":{"Est. reading time":"2 minutes"},"schema":{"@context":"https:\/\/schema.org","@graph":[{"@type":"WebPage","@id":"https:\/\/durres.gov.al\/historiku-i-qytetit\/","url":"https:\/\/durres.gov.al\/historiku-i-qytetit\/","name":"Historiku i qytetit - Bashkia Durr\u00ebs","isPartOf":{"@id":"https:\/\/durres.gov.al\/en\/#website"},"primaryImageOfPage":{"@id":"https:\/\/durres.gov.al\/historiku-i-qytetit\/#primaryimage"},"image":{"@id":"https:\/\/durres.gov.al\/historiku-i-qytetit\/#primaryimage"},"thumbnailUrl":"https:\/\/durres.gov.al\/wp-content\/uploads\/2026\/02\/MG_5950-1200x800-1-1024x683.jpg","datePublished":"2026-03-11T13:18:27+00:00","dateModified":"2026-03-19T09:27:16+00:00","breadcrumb":{"@id":"https:\/\/durres.gov.al\/historiku-i-qytetit\/#breadcrumb"},"inLanguage":"en-US","potentialAction":[{"@type":"ReadAction","target":["https:\/\/durres.gov.al\/historiku-i-qytetit\/"]}]},{"@type":"ImageObject","inLanguage":"en-US","@id":"https:\/\/durres.gov.al\/historiku-i-qytetit\/#primaryimage","url":"https:\/\/durres.gov.al\/wp-content\/uploads\/2026\/02\/MG_5950-1200x800-1-1024x683.jpg","contentUrl":"https:\/\/durres.gov.al\/wp-content\/uploads\/2026\/02\/MG_5950-1200x800-1-1024x683.jpg"},{"@type":"BreadcrumbList","@id":"https:\/\/durres.gov.al\/historiku-i-qytetit\/#breadcrumb","itemListElement":[{"@type":"ListItem","position":1,"name":"Home","item":"https:\/\/durres.gov.al\/"},{"@type":"ListItem","position":2,"name":"Historiku i qytetit"}]},{"@type":"WebSite","@id":"https:\/\/durres.gov.al\/en\/#website","url":"https:\/\/durres.gov.al\/en\/","name":"Municipality of Durr\u00ebs","description":"Faqja Zyrtare n\u00eb Internet","publisher":{"@id":"https:\/\/durres.gov.al\/en\/#organization"},"potentialAction":[{"@type":"SearchAction","target":{"@type":"EntryPoint","urlTemplate":"https:\/\/durres.gov.al\/en\/?s={search_term_string}"},"query-input":{"@type":"PropertyValueSpecification","valueRequired":true,"valueName":"search_term_string"}}],"inLanguage":"en-US"},{"@type":"Organization","@id":"https:\/\/durres.gov.al\/en\/#organization","name":"Municipality of Durr\u00ebs","url":"https:\/\/durres.gov.al\/en\/","logo":{"@type":"ImageObject","inLanguage":"en-US","@id":"https:\/\/durres.gov.al\/en\/#\/schema\/logo\/image\/","url":"https:\/\/durres.gov.al\/wp-content\/uploads\/2023\/01\/cropped-logo.png","contentUrl":"https:\/\/durres.gov.al\/wp-content\/uploads\/2023\/01\/cropped-logo.png","width":512,"height":512,"caption":"Bashkia Durr\u00ebs"},"image":{"@id":"https:\/\/durres.gov.al\/en\/#\/schema\/logo\/image\/"}}]}},"_links":{"self":[{"href":"https:\/\/durres.gov.al\/en\/wp-json\/wp\/v2\/pages\/27655","targetHints":{"allow":["GET"]}}],"collection":[{"href":"https:\/\/durres.gov.al\/en\/wp-json\/wp\/v2\/pages"}],"about":[{"href":"https:\/\/durres.gov.al\/en\/wp-json\/wp\/v2\/types\/page"}],"author":[{"embeddable":true,"href":"https:\/\/durres.gov.al\/en\/wp-json\/wp\/v2\/users\/4"}],"replies":[{"embeddable":true,"href":"https:\/\/durres.gov.al\/en\/wp-json\/wp\/v2\/comments?post=27655"}],"version-history":[{"count":13,"href":"https:\/\/durres.gov.al\/en\/wp-json\/wp\/v2\/pages\/27655\/revisions"}],"predecessor-version":[{"id":28643,"href":"https:\/\/durres.gov.al\/en\/wp-json\/wp\/v2\/pages\/27655\/revisions\/28643"}],"wp:attachment":[{"href":"https:\/\/durres.gov.al\/en\/wp-json\/wp\/v2\/media?parent=27655"}],"curies":[{"name":"wp","href":"https:\/\/api.w.org\/{rel}","templated":true}]}}