{"id":27663,"date":"2026-03-11T14:23:08","date_gmt":"2026-03-11T13:23:08","guid":{"rendered":"https:\/\/durres.gov.al\/?page_id=27663"},"modified":"2026-03-19T10:27:57","modified_gmt":"2026-03-19T09:27:57","slug":"kultura-dhe-etnografia","status":"publish","type":"page","link":"https:\/\/durres.gov.al\/en\/kultura-dhe-etnografia\/","title":{"rendered":"Culture and Ethnography"},"content":{"rendered":"<div data-elementor-type=\"wp-page\" data-elementor-id=\"27663\" class=\"elementor elementor-27663\" data-elementor-post-type=\"page\">\n\t\t\t\t<div class=\"elementor-element elementor-element-5567c7c e-con-full e-flex e-con e-parent\" data-id=\"5567c7c\" data-element_type=\"container\" data-e-type=\"container\">\n\t\t\t\t<div class=\"elementor-element elementor-element-21c8098 elementor-widget elementor-widget-template\" data-id=\"21c8098\" data-element_type=\"widget\" data-e-type=\"widget\" data-widget_type=\"template.default\">\n\t\t\t\t<div class=\"elementor-widget-container\">\n\t\t\t\t\t\t\t<div class=\"elementor-template\">\n\t\t\t\t\t<div data-elementor-type=\"container\" data-elementor-id=\"25501\" class=\"elementor elementor-25501\" data-elementor-post-type=\"elementor_library\">\n\t\t\t\t<div class=\"elementor-element elementor-element-1648416 e-flex e-con-boxed e-con e-parent\" data-id=\"1648416\" data-element_type=\"container\" data-e-type=\"container\" data-settings=\"{&quot;background_background&quot;:&quot;classic&quot;}\">\n\t\t\t\t\t<div class=\"e-con-inner\">\n\t\t\t\t\t<\/div>\n\t\t\t\t<\/div>\n\t\t\t\t<\/div>\n\t\t\t\t<\/div>\n\t\t\t\t\t\t<\/div>\n\t\t\t\t<\/div>\n\t\t\t\t<\/div>\n\t\t<div class=\"elementor-element elementor-element-ffd455c e-flex e-con-boxed e-con e-parent\" data-id=\"ffd455c\" data-element_type=\"container\" data-e-type=\"container\">\n\t\t\t\t\t<div class=\"e-con-inner\">\n\t\t\t\t<div class=\"elementor-element elementor-element-d90c575 elementor-widget elementor-widget-image\" data-id=\"d90c575\" data-element_type=\"widget\" data-e-type=\"widget\" data-widget_type=\"image.default\">\n\t\t\t\t<div class=\"elementor-widget-container\">\n\t\t\t\t\t\t\t\t\t\t\t\t\t\t\t<img fetchpriority=\"high\" decoding=\"async\" width=\"800\" height=\"534\" src=\"https:\/\/durres.gov.al\/wp-content\/uploads\/2026\/02\/sf-1200x800-1-1024x683.jpg\" class=\"attachment-large size-large wp-image-25480\" alt=\"\" srcset=\"https:\/\/durres.gov.al\/wp-content\/uploads\/2026\/02\/sf-1200x800-1-1024x683.jpg 1024w, https:\/\/durres.gov.al\/wp-content\/uploads\/2026\/02\/sf-1200x800-1-300x200.jpg 300w, https:\/\/durres.gov.al\/wp-content\/uploads\/2026\/02\/sf-1200x800-1-768x512.jpg 768w, https:\/\/durres.gov.al\/wp-content\/uploads\/2026\/02\/sf-1200x800-1.jpg 1200w\" sizes=\"(max-width: 800px) 100vw, 800px\" \/>\t\t\t\t\t\t\t\t\t\t\t\t\t\t\t<\/div>\n\t\t\t\t<\/div>\n\t\t\t\t<div class=\"elementor-element elementor-element-f2e0ef6 elementor-widget__width-initial elementor-widget elementor-widget-text-editor\" data-id=\"f2e0ef6\" data-element_type=\"widget\" data-e-type=\"widget\" data-widget_type=\"text-editor.default\">\n\t\t\t\t<div class=\"elementor-widget-container\">\n\t\t\t\t\t\t\t\t\t<p>Durr\u00ebs is a city with an ancient culture, due to its ancient origins. The city has inherited many values \u200b\u200bof the past, historical and archaeological centers such as the Amphitheater, the Byzantine Wall, the Venetian Tower, the Castle Surrounding Wall, but also cultural and religious centers such as the ruins of the Basilica in Arapaj, the Rodonit Castle, etc. The city today preserves many traces of later culture, contributing to the production of internationally valuable personalities such as Aleksand\u00ebr Moisiu, who was born in Kavaj\u00eb and grew up and formed in Durr\u00ebs. The city has had consolidated cultural institutions, such as a variety theater, a folk song and dance ensemble, a professional theater, which still gives performances for the public today, professional musical groups, etc. Also, national and international activities are organized in Durr\u00ebs, such as the international film festival, the jazz music festival, the poetic poetry competition, etc. The ethnography of Durr\u00ebs belongs to the culture of Central Albania, where women dress in dresses and vests, and wear a small headscarf decorated with imitation coins, while men wear trousers, black woolen jackets or red vests, and wear flat-topped hats on their heads. The songs and dances also belong to the culture and traditions of Central Albania.<\/p>\t\t\t\t\t\t\t\t<\/div>\n\t\t\t\t<\/div>\n\t\t\t\t\t<\/div>\n\t\t\t\t<\/div>\n\t\t\t\t<\/div>","protected":false},"excerpt":{"rendered":"<p>Durr\u00ebsi \u00ebsht\u00eb nj\u00eb qytet me kultur\u00eb t\u00eb hershme, p\u00ebr vet\u00eb origjin\u00ebn e tij t\u00eb lasht\u00eb.\u00a0Qyteti ka trash\u00ebguar mjaft vlera t\u00eb s\u00eb kaluar\u00ebs, qendra historike dhe arkeologjike si Amfiteatri, Rrethoja Bizantine, Torra veneciane, Muri rrethues i Kalas\u00eb, por edhe qendra kulturore e fetare si rr\u00ebnojat e Bazilik\u00ebs n\u00eb Arapaj, K\u00ebshtjella e Rodonit etj.\u00a0Qyteti ruan sot plot [&hellip;]<\/p>\n","protected":false},"author":4,"featured_media":0,"parent":0,"menu_order":0,"comment_status":"closed","ping_status":"closed","template":"","meta":{"_acf_changed":false,"footnotes":""},"class_list":["post-27663","page","type-page","status-publish","hentry"],"acf":[],"yoast_head":"<!-- This site is optimized with the Yoast SEO plugin v27.4 - https:\/\/yoast.com\/product\/yoast-seo-wordpress\/ -->\n<title>Kultura dhe etnografia - Bashkia Durr\u00ebs<\/title>\n<meta name=\"robots\" content=\"index, follow, max-snippet:-1, max-image-preview:large, max-video-preview:-1\" \/>\n<link rel=\"canonical\" href=\"https:\/\/durres.gov.al\/en\/kultura-dhe-etnografia\/\" \/>\n<meta property=\"og:locale\" content=\"en_US\" \/>\n<meta property=\"og:type\" content=\"article\" \/>\n<meta property=\"og:title\" content=\"Kultura dhe etnografia - Bashkia Durr\u00ebs\" \/>\n<meta property=\"og:description\" content=\"Durr\u00ebsi \u00ebsht\u00eb nj\u00eb qytet me kultur\u00eb t\u00eb hershme, p\u00ebr vet\u00eb origjin\u00ebn e tij t\u00eb lasht\u00eb.\u00a0Qyteti ka trash\u00ebguar mjaft vlera t\u00eb s\u00eb kaluar\u00ebs, qendra historike dhe arkeologjike si Amfiteatri, Rrethoja Bizantine, Torra veneciane, Muri rrethues i Kalas\u00eb, por edhe qendra kulturore e fetare si rr\u00ebnojat e Bazilik\u00ebs n\u00eb Arapaj, K\u00ebshtjella e Rodonit etj.\u00a0Qyteti ruan sot plot [&hellip;]\" \/>\n<meta property=\"og:url\" content=\"https:\/\/durres.gov.al\/en\/kultura-dhe-etnografia\/\" \/>\n<meta property=\"og:site_name\" content=\"Bashkia Durr\u00ebs\" \/>\n<meta property=\"article:modified_time\" content=\"2026-03-19T09:27:57+00:00\" \/>\n<meta property=\"og:image\" content=\"https:\/\/durres.gov.al\/wp-content\/uploads\/2026\/02\/sf-1200x800-1.jpg\" \/>\n\t<meta property=\"og:image:width\" content=\"1200\" \/>\n\t<meta property=\"og:image:height\" content=\"800\" \/>\n\t<meta property=\"og:image:type\" content=\"image\/jpeg\" \/>\n<meta name=\"twitter:card\" content=\"summary_large_image\" \/>\n<meta name=\"twitter:label1\" content=\"Est. reading time\" \/>\n\t<meta name=\"twitter:data1\" content=\"1 minute\" \/>\n<script type=\"application\/ld+json\" class=\"yoast-schema-graph\">{\"@context\":\"https:\\\/\\\/schema.org\",\"@graph\":[{\"@type\":\"WebPage\",\"@id\":\"https:\\\/\\\/durres.gov.al\\\/kultura-dhe-etnografia\\\/\",\"url\":\"https:\\\/\\\/durres.gov.al\\\/kultura-dhe-etnografia\\\/\",\"name\":\"Kultura dhe etnografia - Bashkia Durr\u00ebs\",\"isPartOf\":{\"@id\":\"https:\\\/\\\/durres.gov.al\\\/en\\\/#website\"},\"primaryImageOfPage\":{\"@id\":\"https:\\\/\\\/durres.gov.al\\\/kultura-dhe-etnografia\\\/#primaryimage\"},\"image\":{\"@id\":\"https:\\\/\\\/durres.gov.al\\\/kultura-dhe-etnografia\\\/#primaryimage\"},\"thumbnailUrl\":\"https:\\\/\\\/durres.gov.al\\\/wp-content\\\/uploads\\\/2026\\\/02\\\/sf-1200x800-1-1024x683.jpg\",\"datePublished\":\"2026-03-11T13:23:08+00:00\",\"dateModified\":\"2026-03-19T09:27:57+00:00\",\"breadcrumb\":{\"@id\":\"https:\\\/\\\/durres.gov.al\\\/kultura-dhe-etnografia\\\/#breadcrumb\"},\"inLanguage\":\"en-US\",\"potentialAction\":[{\"@type\":\"ReadAction\",\"target\":[\"https:\\\/\\\/durres.gov.al\\\/kultura-dhe-etnografia\\\/\"]}]},{\"@type\":\"ImageObject\",\"inLanguage\":\"en-US\",\"@id\":\"https:\\\/\\\/durres.gov.al\\\/kultura-dhe-etnografia\\\/#primaryimage\",\"url\":\"https:\\\/\\\/durres.gov.al\\\/wp-content\\\/uploads\\\/2026\\\/02\\\/sf-1200x800-1-1024x683.jpg\",\"contentUrl\":\"https:\\\/\\\/durres.gov.al\\\/wp-content\\\/uploads\\\/2026\\\/02\\\/sf-1200x800-1-1024x683.jpg\"},{\"@type\":\"BreadcrumbList\",\"@id\":\"https:\\\/\\\/durres.gov.al\\\/kultura-dhe-etnografia\\\/#breadcrumb\",\"itemListElement\":[{\"@type\":\"ListItem\",\"position\":1,\"name\":\"Home\",\"item\":\"https:\\\/\\\/durres.gov.al\\\/\"},{\"@type\":\"ListItem\",\"position\":2,\"name\":\"Kultura dhe etnografia\"}]},{\"@type\":\"WebSite\",\"@id\":\"https:\\\/\\\/durres.gov.al\\\/en\\\/#website\",\"url\":\"https:\\\/\\\/durres.gov.al\\\/en\\\/\",\"name\":\"Bashkia Durr\u00ebs\",\"description\":\"Faqja Zyrtare n\u00eb Internet\",\"publisher\":{\"@id\":\"https:\\\/\\\/durres.gov.al\\\/en\\\/#organization\"},\"potentialAction\":[{\"@type\":\"SearchAction\",\"target\":{\"@type\":\"EntryPoint\",\"urlTemplate\":\"https:\\\/\\\/durres.gov.al\\\/en\\\/?s={search_term_string}\"},\"query-input\":{\"@type\":\"PropertyValueSpecification\",\"valueRequired\":true,\"valueName\":\"search_term_string\"}}],\"inLanguage\":\"en-US\"},{\"@type\":\"Organization\",\"@id\":\"https:\\\/\\\/durres.gov.al\\\/en\\\/#organization\",\"name\":\"Bashkia Durr\u00ebs\",\"url\":\"https:\\\/\\\/durres.gov.al\\\/en\\\/\",\"logo\":{\"@type\":\"ImageObject\",\"inLanguage\":\"en-US\",\"@id\":\"https:\\\/\\\/durres.gov.al\\\/en\\\/#\\\/schema\\\/logo\\\/image\\\/\",\"url\":\"https:\\\/\\\/durres.gov.al\\\/wp-content\\\/uploads\\\/2023\\\/01\\\/cropped-logo.png\",\"contentUrl\":\"https:\\\/\\\/durres.gov.al\\\/wp-content\\\/uploads\\\/2023\\\/01\\\/cropped-logo.png\",\"width\":512,\"height\":512,\"caption\":\"Bashkia Durr\u00ebs\"},\"image\":{\"@id\":\"https:\\\/\\\/durres.gov.al\\\/en\\\/#\\\/schema\\\/logo\\\/image\\\/\"}}]}<\/script>\n<!-- \/ Yoast SEO plugin. -->","yoast_head_json":{"title":"Kultura dhe etnografia - Bashkia Durr\u00ebs","robots":{"index":"index","follow":"follow","max-snippet":"max-snippet:-1","max-image-preview":"max-image-preview:large","max-video-preview":"max-video-preview:-1"},"canonical":"https:\/\/durres.gov.al\/en\/kultura-dhe-etnografia\/","og_locale":"en_US","og_type":"article","og_title":"Kultura dhe etnografia - Bashkia Durr\u00ebs","og_description":"Durr\u00ebsi \u00ebsht\u00eb nj\u00eb qytet me kultur\u00eb t\u00eb hershme, p\u00ebr vet\u00eb origjin\u00ebn e tij t\u00eb lasht\u00eb.\u00a0Qyteti ka trash\u00ebguar mjaft vlera t\u00eb s\u00eb kaluar\u00ebs, qendra historike dhe arkeologjike si Amfiteatri, Rrethoja Bizantine, Torra veneciane, Muri rrethues i Kalas\u00eb, por edhe qendra kulturore e fetare si rr\u00ebnojat e Bazilik\u00ebs n\u00eb Arapaj, K\u00ebshtjella e Rodonit etj.\u00a0Qyteti ruan sot plot [&hellip;]","og_url":"https:\/\/durres.gov.al\/en\/kultura-dhe-etnografia\/","og_site_name":"Bashkia Durr\u00ebs","article_modified_time":"2026-03-19T09:27:57+00:00","og_image":[{"width":1200,"height":800,"url":"https:\/\/durres.gov.al\/wp-content\/uploads\/2026\/02\/sf-1200x800-1.jpg","type":"image\/jpeg"}],"twitter_card":"summary_large_image","twitter_misc":{"Est. reading time":"1 minute"},"schema":{"@context":"https:\/\/schema.org","@graph":[{"@type":"WebPage","@id":"https:\/\/durres.gov.al\/kultura-dhe-etnografia\/","url":"https:\/\/durres.gov.al\/kultura-dhe-etnografia\/","name":"Kultura dhe etnografia - Bashkia Durr\u00ebs","isPartOf":{"@id":"https:\/\/durres.gov.al\/en\/#website"},"primaryImageOfPage":{"@id":"https:\/\/durres.gov.al\/kultura-dhe-etnografia\/#primaryimage"},"image":{"@id":"https:\/\/durres.gov.al\/kultura-dhe-etnografia\/#primaryimage"},"thumbnailUrl":"https:\/\/durres.gov.al\/wp-content\/uploads\/2026\/02\/sf-1200x800-1-1024x683.jpg","datePublished":"2026-03-11T13:23:08+00:00","dateModified":"2026-03-19T09:27:57+00:00","breadcrumb":{"@id":"https:\/\/durres.gov.al\/kultura-dhe-etnografia\/#breadcrumb"},"inLanguage":"en-US","potentialAction":[{"@type":"ReadAction","target":["https:\/\/durres.gov.al\/kultura-dhe-etnografia\/"]}]},{"@type":"ImageObject","inLanguage":"en-US","@id":"https:\/\/durres.gov.al\/kultura-dhe-etnografia\/#primaryimage","url":"https:\/\/durres.gov.al\/wp-content\/uploads\/2026\/02\/sf-1200x800-1-1024x683.jpg","contentUrl":"https:\/\/durres.gov.al\/wp-content\/uploads\/2026\/02\/sf-1200x800-1-1024x683.jpg"},{"@type":"BreadcrumbList","@id":"https:\/\/durres.gov.al\/kultura-dhe-etnografia\/#breadcrumb","itemListElement":[{"@type":"ListItem","position":1,"name":"Home","item":"https:\/\/durres.gov.al\/"},{"@type":"ListItem","position":2,"name":"Kultura dhe etnografia"}]},{"@type":"WebSite","@id":"https:\/\/durres.gov.al\/en\/#website","url":"https:\/\/durres.gov.al\/en\/","name":"Municipality of Durr\u00ebs","description":"Faqja Zyrtare n\u00eb Internet","publisher":{"@id":"https:\/\/durres.gov.al\/en\/#organization"},"potentialAction":[{"@type":"SearchAction","target":{"@type":"EntryPoint","urlTemplate":"https:\/\/durres.gov.al\/en\/?s={search_term_string}"},"query-input":{"@type":"PropertyValueSpecification","valueRequired":true,"valueName":"search_term_string"}}],"inLanguage":"en-US"},{"@type":"Organization","@id":"https:\/\/durres.gov.al\/en\/#organization","name":"Municipality of Durr\u00ebs","url":"https:\/\/durres.gov.al\/en\/","logo":{"@type":"ImageObject","inLanguage":"en-US","@id":"https:\/\/durres.gov.al\/en\/#\/schema\/logo\/image\/","url":"https:\/\/durres.gov.al\/wp-content\/uploads\/2023\/01\/cropped-logo.png","contentUrl":"https:\/\/durres.gov.al\/wp-content\/uploads\/2023\/01\/cropped-logo.png","width":512,"height":512,"caption":"Bashkia Durr\u00ebs"},"image":{"@id":"https:\/\/durres.gov.al\/en\/#\/schema\/logo\/image\/"}}]}},"_links":{"self":[{"href":"https:\/\/durres.gov.al\/en\/wp-json\/wp\/v2\/pages\/27663","targetHints":{"allow":["GET"]}}],"collection":[{"href":"https:\/\/durres.gov.al\/en\/wp-json\/wp\/v2\/pages"}],"about":[{"href":"https:\/\/durres.gov.al\/en\/wp-json\/wp\/v2\/types\/page"}],"author":[{"embeddable":true,"href":"https:\/\/durres.gov.al\/en\/wp-json\/wp\/v2\/users\/4"}],"replies":[{"embeddable":true,"href":"https:\/\/durres.gov.al\/en\/wp-json\/wp\/v2\/comments?post=27663"}],"version-history":[{"count":16,"href":"https:\/\/durres.gov.al\/en\/wp-json\/wp\/v2\/pages\/27663\/revisions"}],"predecessor-version":[{"id":28646,"href":"https:\/\/durres.gov.al\/en\/wp-json\/wp\/v2\/pages\/27663\/revisions\/28646"}],"wp:attachment":[{"href":"https:\/\/durres.gov.al\/en\/wp-json\/wp\/v2\/media?parent=27663"}],"curies":[{"name":"wp","href":"https:\/\/api.w.org\/{rel}","templated":true}]}}