{"id":27941,"date":"2026-03-12T12:07:48","date_gmt":"2026-03-12T11:07:48","guid":{"rendered":"https:\/\/durres.gov.al\/?page_id=27941"},"modified":"2026-03-19T10:21:18","modified_gmt":"2026-03-19T09:21:18","slug":"taksat","status":"publish","type":"page","link":"https:\/\/durres.gov.al\/en\/taksat\/","title":{"rendered":"Taxes"},"content":{"rendered":"<div data-elementor-type=\"wp-page\" data-elementor-id=\"27941\" class=\"elementor elementor-27941\" data-elementor-post-type=\"page\">\n\t\t\t\t<div class=\"elementor-element elementor-element-3b40d70 e-con-full e-flex e-con e-parent\" data-id=\"3b40d70\" data-element_type=\"container\" data-e-type=\"container\">\n\t\t\t\t<div class=\"elementor-element elementor-element-a46f397 elementor-widget elementor-widget-template\" data-id=\"a46f397\" data-element_type=\"widget\" data-e-type=\"widget\" data-widget_type=\"template.default\">\n\t\t\t\t<div class=\"elementor-widget-container\">\n\t\t\t\t\t\t\t<div class=\"elementor-template\">\n\t\t\t\t\t<div data-elementor-type=\"container\" data-elementor-id=\"25501\" class=\"elementor elementor-25501\" data-elementor-post-type=\"elementor_library\">\n\t\t\t\t<div class=\"elementor-element elementor-element-1648416 e-flex e-con-boxed e-con e-parent\" data-id=\"1648416\" data-element_type=\"container\" data-e-type=\"container\" data-settings=\"{&quot;background_background&quot;:&quot;classic&quot;}\">\n\t\t\t\t\t<div class=\"e-con-inner\">\n\t\t\t\t\t<\/div>\n\t\t\t\t<\/div>\n\t\t\t\t<\/div>\n\t\t\t\t<\/div>\n\t\t\t\t\t\t<\/div>\n\t\t\t\t<\/div>\n\t\t\t\t<\/div>\n\t\t<div class=\"elementor-element elementor-element-9e913d4 e-flex e-con-boxed e-con e-parent\" data-id=\"9e913d4\" data-element_type=\"container\" data-e-type=\"container\">\n\t\t\t\t\t<div class=\"e-con-inner\">\n\t\t\t\t<div class=\"elementor-element elementor-element-5cbaa70 elementor-widget elementor-widget-text-editor\" data-id=\"5cbaa70\" data-element_type=\"widget\" data-e-type=\"widget\" data-widget_type=\"text-editor.default\">\n\t\t\t\t<div class=\"elementor-widget-container\">\n\t\t\t\t\t\t\t\t\t<p>Local government tax offices operate in accordance with and implement Law No. 9632, dated 30.10.2006, \u201cOn the Local Tax System,\u201d administering local taxes, tax obligations, and public local payments, with the exception of the simplified profit tax for small businesses. The General Directorate of Taxes assesses, collects, controls, and accounts for the simplified profit tax for small businesses. (Amended by Law No. 179\/2013, dated 28.12.2013. Published in Official Gazette No. 203, dated 30.12.2013).<\/p>\t\t\t\t\t\t\t\t<\/div>\n\t\t\t\t<\/div>\n\t\t\t\t<div class=\"elementor-element elementor-element-d3798b6 elementor-widget elementor-widget-n-accordion\" data-id=\"d3798b6\" data-element_type=\"widget\" data-e-type=\"widget\" data-settings=\"{&quot;default_state&quot;:&quot;expanded&quot;,&quot;max_items_expended&quot;:&quot;one&quot;,&quot;n_accordion_animation_duration&quot;:{&quot;unit&quot;:&quot;ms&quot;,&quot;size&quot;:400,&quot;sizes&quot;:[]}}\" data-widget_type=\"nested-accordion.default\">\n\t\t\t\t<div class=\"elementor-widget-container\">\n\t\t\t\t\t\t\t<div class=\"e-n-accordion\" aria-label=\"Accordion. Open links with Enter or Space, close with Escape, and navigate with Arrow Keys\">\n\t\t\t\t\t\t<details id=\"e-n-accordion-item-2210\" class=\"e-n-accordion-item\" open>\n\t\t\t\t<summary class=\"e-n-accordion-item-title\" data-accordion-index=\"1\" tabindex=\"0\" aria-expanded=\"true\" aria-controls=\"e-n-accordion-item-2210\" >\n\t\t\t\t\t<span class='e-n-accordion-item-title-header'><div class=\"e-n-accordion-item-title-text\"> TYPES OF LOCAL TAXES AND FEES <\/div><\/span>\n\t\t\t\t\t\t\t<span class='e-n-accordion-item-title-icon'>\n\t\t\t<span class='e-opened' ><i aria-hidden=\"true\" class=\"fas fa-minus\"><\/i><\/span>\n\t\t\t<span class='e-closed'><i aria-hidden=\"true\" class=\"fas fa-plus\"><\/i><\/span>\n\t\t<\/span>\n\n\t\t\t\t\t\t<\/summary>\n\t\t\t\t<div role=\"region\" aria-labelledby=\"e-n-accordion-item-2210\" class=\"elementor-element elementor-element-61bd30e e-con-full e-flex e-con e-child\" data-id=\"61bd30e\" data-element_type=\"container\" data-e-type=\"container\" data-settings=\"{&quot;background_background&quot;:&quot;classic&quot;}\">\n\t\t\t\t<div class=\"elementor-element elementor-element-c117901 elementor-widget elementor-widget-text-editor\" data-id=\"c117901\" data-element_type=\"widget\" data-e-type=\"widget\" data-widget_type=\"text-editor.default\">\n\t\t\t\t<div class=\"elementor-widget-container\">\n\t\t\t\t\t\t\t\t\t<ol><li>Simplified Profit Tax for Small Businesses. Installments of this tax, according to Law No. 9632 dated 30.10.2006, as amended by Law No. 181\/2013, dated 28.12.2013 (published in Official Gazette No. 203, dated 30.12.2013), have been transferred to the Regional Tax Directorate.<\/li><li>Tax on Real Estate, which includes taxes on buildings and taxes on agricultural land;\u00a0<\/li><li>Hotel Accommodation Tax;<\/li><li>Infrastructure Impact Tax from New Constructions;<\/li><li>Tax on the Transfer of Ownership Rights for Real Estate;<\/li><li>Temporary Taxes and Local Fees:<ol><li>Temporary Market Tax<\/li><li>Greening Fees<\/li><li>Garbage Collection and Cleaning Fee<\/li><li>Private Beach Fee<\/li><li>Structural Use Permit Fees<\/li><li>Vehicle Parking Fee<\/li><li>Lighting Fee<\/li><li>Municipality Administrative Service Fees<\/li><li>Public Transport Fee<\/li><li>Fuel Trading Authorization Fee<\/li><li>Urban Circulation Authorization Fee<\/li><li>Business Activity Permit Fee<\/li><li>Veterinary Service Fees<\/li><li>Urban Planning Fee<\/li><li>Fees for Dependent Institutions<\/li><\/ol><\/li><\/ol><ul><li>Every entity registered with a Tax Identification Number (NIPT) from the National Registration Center must visit the offices of the Directorate of Local Taxes and Fees to submit their application and obtain local tax obligations.<\/li><li>When an entity submits an application to the Directorate of Local Taxes and Fees, the application is forwarded to the Control Sector, which conducts the inspection and then delivers it to the Registration Sector. The Registration Sector registers the entity in the IT system and sends the tax obligation to the entity by mail.<\/li><li>The deadline for the payment of local taxes is April 20 of the fiscal year. For newly registered entities, the tax obligation will be calculated from the month of registration with the National Registration Center (QKR).<\/li><li>A taxpayer who fails to pay the tax and contribution obligation within the deadline established by Law No. 9632, dated 30.10.2006, \u201cOn the Local Tax System,\u201d is required to pay a fine equal to 5 percent of the unpaid obligation for each month or part of a month during which the payment has not been made. In no case shall the total fine exceed 25 percent of the unpaid obligation.<\/li><\/ul>\t\t\t\t\t\t\t\t<\/div>\n\t\t\t\t<\/div>\n\t\t\t\t<\/div>\n\t\t\t\t\t<\/details>\n\t\t\t\t\t\t<details id=\"e-n-accordion-item-2211\" class=\"e-n-accordion-item\" >\n\t\t\t\t<summary class=\"e-n-accordion-item-title\" data-accordion-index=\"2\" tabindex=\"-1\" aria-expanded=\"false\" aria-controls=\"e-n-accordion-item-2211\" >\n\t\t\t\t\t<span class='e-n-accordion-item-title-header'><div class=\"e-n-accordion-item-title-text\"> Payment of Local Tax <\/div><\/span>\n\t\t\t\t\t\t\t<span class='e-n-accordion-item-title-icon'>\n\t\t\t<span class='e-opened' ><i aria-hidden=\"true\" class=\"fas fa-minus\"><\/i><\/span>\n\t\t\t<span class='e-closed'><i aria-hidden=\"true\" class=\"fas fa-plus\"><\/i><\/span>\n\t\t<\/span>\n\n\t\t\t\t\t\t<\/summary>\n\t\t\t\t<div role=\"region\" aria-labelledby=\"e-n-accordion-item-2211\" class=\"elementor-element elementor-element-adc6f05 e-con-full e-flex e-con e-child\" data-id=\"adc6f05\" data-element_type=\"container\" data-e-type=\"container\" data-settings=\"{&quot;background_background&quot;:&quot;classic&quot;}\">\n\t\t\t\t<\/div>\n\t\t\t\t\t<\/details>\n\t\t\t\t\t<\/div>\n\t\t\t\t\t\t<\/div>\n\t\t\t\t<\/div>\n\t\t\t\t\t<\/div>\n\t\t\t\t<\/div>\n\t\t\t\t<\/div>","protected":false},"excerpt":{"rendered":"<p>Zyrat tatimore t\u00eb qeverisjes vendore funksionojn\u00eb dhe zbatojn\u00eb ligjin nr. 9632, dat\u00eb 30.10.2006, \u201cP\u00ebr sistemin e taksave vendore\u201d dhe administrojn\u00eb taksat, detyrimet tatimore dhe pagesat publike vendore, me p\u00ebrjashtim t\u00eb tatimit t\u00eb thjeshtuar mbi fitimin p\u00ebr biznesin e vog\u00ebl. Drejtoria e P\u00ebrgjithshme e Tatimeve vler\u00ebson, mbledh, kontrollon dhe ark\u00ebton tatimin e thjeshtuar mbi fitimin p\u00ebr [&hellip;]<\/p>\n","protected":false},"author":4,"featured_media":0,"parent":0,"menu_order":0,"comment_status":"closed","ping_status":"closed","template":"","meta":{"_acf_changed":false,"footnotes":""},"class_list":["post-27941","page","type-page","status-publish","hentry"],"acf":[],"yoast_head":"<!-- This site is optimized with the Yoast SEO plugin v27.4 - https:\/\/yoast.com\/product\/yoast-seo-wordpress\/ -->\n<title>Taksat - Bashkia Durr\u00ebs<\/title>\n<meta name=\"robots\" content=\"index, follow, max-snippet:-1, max-image-preview:large, max-video-preview:-1\" \/>\n<link rel=\"canonical\" href=\"https:\/\/durres.gov.al\/en\/taksat\/\" \/>\n<meta property=\"og:locale\" content=\"en_US\" \/>\n<meta property=\"og:type\" content=\"article\" \/>\n<meta property=\"og:title\" content=\"Taksat - Bashkia Durr\u00ebs\" \/>\n<meta property=\"og:description\" content=\"Zyrat tatimore t\u00eb qeverisjes vendore funksionojn\u00eb dhe zbatojn\u00eb ligjin nr. 9632, dat\u00eb 30.10.2006, \u201cP\u00ebr sistemin e taksave vendore\u201d dhe administrojn\u00eb taksat, detyrimet tatimore dhe pagesat publike vendore, me p\u00ebrjashtim t\u00eb tatimit t\u00eb thjeshtuar mbi fitimin p\u00ebr biznesin e vog\u00ebl. Drejtoria e P\u00ebrgjithshme e Tatimeve vler\u00ebson, mbledh, kontrollon dhe ark\u00ebton tatimin e thjeshtuar mbi fitimin p\u00ebr [&hellip;]\" \/>\n<meta property=\"og:url\" content=\"https:\/\/durres.gov.al\/en\/taksat\/\" \/>\n<meta property=\"og:site_name\" content=\"Bashkia Durr\u00ebs\" \/>\n<meta property=\"article:modified_time\" content=\"2026-03-19T09:21:18+00:00\" \/>\n<meta name=\"twitter:card\" content=\"summary_large_image\" \/>\n<meta name=\"twitter:label1\" content=\"Est. reading time\" \/>\n\t<meta name=\"twitter:data1\" content=\"4 minutes\" \/>\n<script type=\"application\/ld+json\" class=\"yoast-schema-graph\">{\"@context\":\"https:\\\/\\\/schema.org\",\"@graph\":[{\"@type\":\"WebPage\",\"@id\":\"https:\\\/\\\/durres.gov.al\\\/taksat\\\/\",\"url\":\"https:\\\/\\\/durres.gov.al\\\/taksat\\\/\",\"name\":\"Taksat - Bashkia Durr\u00ebs\",\"isPartOf\":{\"@id\":\"https:\\\/\\\/durres.gov.al\\\/en\\\/#website\"},\"datePublished\":\"2026-03-12T11:07:48+00:00\",\"dateModified\":\"2026-03-19T09:21:18+00:00\",\"breadcrumb\":{\"@id\":\"https:\\\/\\\/durres.gov.al\\\/taksat\\\/#breadcrumb\"},\"inLanguage\":\"en-US\",\"potentialAction\":[{\"@type\":\"ReadAction\",\"target\":[\"https:\\\/\\\/durres.gov.al\\\/taksat\\\/\"]}]},{\"@type\":\"BreadcrumbList\",\"@id\":\"https:\\\/\\\/durres.gov.al\\\/taksat\\\/#breadcrumb\",\"itemListElement\":[{\"@type\":\"ListItem\",\"position\":1,\"name\":\"Home\",\"item\":\"https:\\\/\\\/durres.gov.al\\\/\"},{\"@type\":\"ListItem\",\"position\":2,\"name\":\"Taksat\"}]},{\"@type\":\"WebSite\",\"@id\":\"https:\\\/\\\/durres.gov.al\\\/en\\\/#website\",\"url\":\"https:\\\/\\\/durres.gov.al\\\/en\\\/\",\"name\":\"Bashkia Durr\u00ebs\",\"description\":\"Faqja Zyrtare n\u00eb Internet\",\"publisher\":{\"@id\":\"https:\\\/\\\/durres.gov.al\\\/en\\\/#organization\"},\"potentialAction\":[{\"@type\":\"SearchAction\",\"target\":{\"@type\":\"EntryPoint\",\"urlTemplate\":\"https:\\\/\\\/durres.gov.al\\\/en\\\/?s={search_term_string}\"},\"query-input\":{\"@type\":\"PropertyValueSpecification\",\"valueRequired\":true,\"valueName\":\"search_term_string\"}}],\"inLanguage\":\"en-US\"},{\"@type\":\"Organization\",\"@id\":\"https:\\\/\\\/durres.gov.al\\\/en\\\/#organization\",\"name\":\"Bashkia Durr\u00ebs\",\"url\":\"https:\\\/\\\/durres.gov.al\\\/en\\\/\",\"logo\":{\"@type\":\"ImageObject\",\"inLanguage\":\"en-US\",\"@id\":\"https:\\\/\\\/durres.gov.al\\\/en\\\/#\\\/schema\\\/logo\\\/image\\\/\",\"url\":\"https:\\\/\\\/durres.gov.al\\\/wp-content\\\/uploads\\\/2023\\\/01\\\/cropped-logo.png\",\"contentUrl\":\"https:\\\/\\\/durres.gov.al\\\/wp-content\\\/uploads\\\/2023\\\/01\\\/cropped-logo.png\",\"width\":512,\"height\":512,\"caption\":\"Bashkia Durr\u00ebs\"},\"image\":{\"@id\":\"https:\\\/\\\/durres.gov.al\\\/en\\\/#\\\/schema\\\/logo\\\/image\\\/\"}}]}<\/script>\n<!-- \/ Yoast SEO plugin. -->","yoast_head_json":{"title":"Taksat - Bashkia Durr\u00ebs","robots":{"index":"index","follow":"follow","max-snippet":"max-snippet:-1","max-image-preview":"max-image-preview:large","max-video-preview":"max-video-preview:-1"},"canonical":"https:\/\/durres.gov.al\/en\/taksat\/","og_locale":"en_US","og_type":"article","og_title":"Taksat - Bashkia Durr\u00ebs","og_description":"Zyrat tatimore t\u00eb qeverisjes vendore funksionojn\u00eb dhe zbatojn\u00eb ligjin nr. 9632, dat\u00eb 30.10.2006, \u201cP\u00ebr sistemin e taksave vendore\u201d dhe administrojn\u00eb taksat, detyrimet tatimore dhe pagesat publike vendore, me p\u00ebrjashtim t\u00eb tatimit t\u00eb thjeshtuar mbi fitimin p\u00ebr biznesin e vog\u00ebl. Drejtoria e P\u00ebrgjithshme e Tatimeve vler\u00ebson, mbledh, kontrollon dhe ark\u00ebton tatimin e thjeshtuar mbi fitimin p\u00ebr [&hellip;]","og_url":"https:\/\/durres.gov.al\/en\/taksat\/","og_site_name":"Bashkia Durr\u00ebs","article_modified_time":"2026-03-19T09:21:18+00:00","twitter_card":"summary_large_image","twitter_misc":{"Est. reading time":"4 minutes"},"schema":{"@context":"https:\/\/schema.org","@graph":[{"@type":"WebPage","@id":"https:\/\/durres.gov.al\/taksat\/","url":"https:\/\/durres.gov.al\/taksat\/","name":"Taksat - Bashkia Durr\u00ebs","isPartOf":{"@id":"https:\/\/durres.gov.al\/en\/#website"},"datePublished":"2026-03-12T11:07:48+00:00","dateModified":"2026-03-19T09:21:18+00:00","breadcrumb":{"@id":"https:\/\/durres.gov.al\/taksat\/#breadcrumb"},"inLanguage":"en-US","potentialAction":[{"@type":"ReadAction","target":["https:\/\/durres.gov.al\/taksat\/"]}]},{"@type":"BreadcrumbList","@id":"https:\/\/durres.gov.al\/taksat\/#breadcrumb","itemListElement":[{"@type":"ListItem","position":1,"name":"Home","item":"https:\/\/durres.gov.al\/"},{"@type":"ListItem","position":2,"name":"Taksat"}]},{"@type":"WebSite","@id":"https:\/\/durres.gov.al\/en\/#website","url":"https:\/\/durres.gov.al\/en\/","name":"Municipality of Durr\u00ebs","description":"Faqja Zyrtare n\u00eb Internet","publisher":{"@id":"https:\/\/durres.gov.al\/en\/#organization"},"potentialAction":[{"@type":"SearchAction","target":{"@type":"EntryPoint","urlTemplate":"https:\/\/durres.gov.al\/en\/?s={search_term_string}"},"query-input":{"@type":"PropertyValueSpecification","valueRequired":true,"valueName":"search_term_string"}}],"inLanguage":"en-US"},{"@type":"Organization","@id":"https:\/\/durres.gov.al\/en\/#organization","name":"Municipality of Durr\u00ebs","url":"https:\/\/durres.gov.al\/en\/","logo":{"@type":"ImageObject","inLanguage":"en-US","@id":"https:\/\/durres.gov.al\/en\/#\/schema\/logo\/image\/","url":"https:\/\/durres.gov.al\/wp-content\/uploads\/2023\/01\/cropped-logo.png","contentUrl":"https:\/\/durres.gov.al\/wp-content\/uploads\/2023\/01\/cropped-logo.png","width":512,"height":512,"caption":"Bashkia Durr\u00ebs"},"image":{"@id":"https:\/\/durres.gov.al\/en\/#\/schema\/logo\/image\/"}}]}},"_links":{"self":[{"href":"https:\/\/durres.gov.al\/en\/wp-json\/wp\/v2\/pages\/27941","targetHints":{"allow":["GET"]}}],"collection":[{"href":"https:\/\/durres.gov.al\/en\/wp-json\/wp\/v2\/pages"}],"about":[{"href":"https:\/\/durres.gov.al\/en\/wp-json\/wp\/v2\/types\/page"}],"author":[{"embeddable":true,"href":"https:\/\/durres.gov.al\/en\/wp-json\/wp\/v2\/users\/4"}],"replies":[{"embeddable":true,"href":"https:\/\/durres.gov.al\/en\/wp-json\/wp\/v2\/comments?post=27941"}],"version-history":[{"count":7,"href":"https:\/\/durres.gov.al\/en\/wp-json\/wp\/v2\/pages\/27941\/revisions"}],"predecessor-version":[{"id":28619,"href":"https:\/\/durres.gov.al\/en\/wp-json\/wp\/v2\/pages\/27941\/revisions\/28619"}],"wp:attachment":[{"href":"https:\/\/durres.gov.al\/en\/wp-json\/wp\/v2\/media?parent=27941"}],"curies":[{"name":"wp","href":"https:\/\/api.w.org\/{rel}","templated":true}]}}