{"id":27964,"date":"2026-03-12T12:58:25","date_gmt":"2026-03-12T11:58:25","guid":{"rendered":"https:\/\/durres.gov.al\/?page_id=27964"},"modified":"2026-03-19T10:21:58","modified_gmt":"2026-03-19T09:21:58","slug":"informacion","status":"publish","type":"page","link":"https:\/\/durres.gov.al\/en\/informacion\/","title":{"rendered":"Information"},"content":{"rendered":"<div data-elementor-type=\"wp-page\" data-elementor-id=\"27964\" class=\"elementor elementor-27964\" data-elementor-post-type=\"page\">\n\t\t\t\t<div class=\"elementor-element elementor-element-6681fc8 e-con-full e-flex e-con e-parent\" data-id=\"6681fc8\" data-element_type=\"container\" data-e-type=\"container\">\n\t\t\t\t<div class=\"elementor-element elementor-element-0444966 elementor-widget elementor-widget-template\" data-id=\"0444966\" data-element_type=\"widget\" data-e-type=\"widget\" data-widget_type=\"template.default\">\n\t\t\t\t<div class=\"elementor-widget-container\">\n\t\t\t\t\t\t\t<div class=\"elementor-template\">\n\t\t\t\t\t<div data-elementor-type=\"container\" data-elementor-id=\"25501\" class=\"elementor elementor-25501\" data-elementor-post-type=\"elementor_library\">\n\t\t\t\t<div class=\"elementor-element elementor-element-1648416 e-flex e-con-boxed e-con e-parent\" data-id=\"1648416\" data-element_type=\"container\" data-e-type=\"container\" data-settings=\"{&quot;background_background&quot;:&quot;classic&quot;}\">\n\t\t\t\t\t<div class=\"e-con-inner\">\n\t\t\t\t\t<\/div>\n\t\t\t\t<\/div>\n\t\t\t\t<\/div>\n\t\t\t\t<\/div>\n\t\t\t\t\t\t<\/div>\n\t\t\t\t<\/div>\n\t\t\t\t<\/div>\n\t\t<div class=\"elementor-element elementor-element-78f7c25 e-flex e-con-boxed e-con e-parent\" data-id=\"78f7c25\" data-element_type=\"container\" data-e-type=\"container\">\n\t\t\t\t\t<div class=\"e-con-inner\">\n\t\t\t\t<div class=\"elementor-element elementor-element-03521fa e-n-tabs-mobile elementor-widget elementor-widget-n-tabs\" data-id=\"03521fa\" data-element_type=\"widget\" data-e-type=\"widget\" data-widget_type=\"nested-tabs.default\">\n\t\t\t\t<div class=\"elementor-widget-container\">\n\t\t\t\t\t\t\t<div class=\"e-n-tabs\" data-widget-number=\"3482106\" aria-label=\"Tabs. Open items with Enter or Space, close with Escape and navigate using the Arrow keys.\">\n\t\t\t<div class=\"e-n-tabs-heading\" role=\"tablist\">\n\t\t\t\t\t<button id=\"e-n-tab-title-34821061\" data-tab-title-id=\"e-n-tab-title-34821061\" class=\"e-n-tab-title\" aria-selected=\"true\" data-tab-index=\"1\" role=\"tab\" tabindex=\"0\" aria-controls=\"e-n-tab-content-34821061\" style=\"--n-tabs-title-order: 1;\">\n\t\t\t\t\t\t<span class=\"e-n-tab-title-text\">\n\t\t\t\tPerformance Reports\t\t\t<\/span>\n\t\t<\/button>\n\t\t\t\t<button id=\"e-n-tab-title-34821062\" data-tab-title-id=\"e-n-tab-title-34821062\" class=\"e-n-tab-title\" aria-selected=\"false\" data-tab-index=\"2\" role=\"tab\" tabindex=\"-1\" aria-controls=\"e-n-tab-content-34821062\" style=\"--n-tabs-title-order: 2;\">\n\t\t\t\t\t\t<span class=\"e-n-tab-title-text\">\n\t\t\t\tPerformance Plan 2022\u20132024\t\t\t<\/span>\n\t\t<\/button>\n\t\t\t\t<button id=\"e-n-tab-title-34821063\" data-tab-title-id=\"e-n-tab-title-34821063\" class=\"e-n-tab-title\" aria-selected=\"false\" data-tab-index=\"3\" role=\"tab\" tabindex=\"-1\" aria-controls=\"e-n-tab-content-34821063\" style=\"--n-tabs-title-order: 3;\">\n\t\t\t\t\t\t<span class=\"e-n-tab-title-text\">\n\t\t\t\tMedium-Term Budget Performance Plan 2020\u20132022\t\t\t<\/span>\n\t\t<\/button>\n\t\t\t\t<button id=\"e-n-tab-title-34821064\" data-tab-title-id=\"e-n-tab-title-34821064\" class=\"e-n-tab-title\" aria-selected=\"false\" data-tab-index=\"4\" role=\"tab\" tabindex=\"-1\" aria-controls=\"e-n-tab-content-34821064\" style=\"--n-tabs-title-order: 4;\">\n\t\t\t\t\t\t<span class=\"e-n-tab-title-text\">\n\t\t\t\tBudget for Citizens\t\t\t<\/span>\n\t\t<\/button>\n\t\t\t\t<button id=\"e-n-tab-title-34821065\" data-tab-title-id=\"e-n-tab-title-34821065\" class=\"e-n-tab-title\" aria-selected=\"false\" data-tab-index=\"5\" role=\"tab\" tabindex=\"-1\" aria-controls=\"e-n-tab-content-34821065\" style=\"--n-tabs-title-order: 5;\">\n\t\t\t\t\t\t<span class=\"e-n-tab-title-text\">\n\t\t\t\tPBA 2021-2023\t\t\t<\/span>\n\t\t<\/button>\n\t\t\t\t\t<\/div>\n\t\t\t<div class=\"e-n-tabs-content\">\n\t\t\t\t<div id=\"e-n-tab-content-34821061\" role=\"tabpanel\" aria-labelledby=\"e-n-tab-title-34821061\" data-tab-index=\"1\" style=\"--n-tabs-title-order: 1;\" class=\"e-active elementor-element elementor-element-97ce7bd e-con-full e-flex e-con e-child\" data-id=\"97ce7bd\" data-element_type=\"container\" data-e-type=\"container\" data-settings=\"{&quot;background_background&quot;:&quot;classic&quot;}\">\n\t\t\t\t<div class=\"elementor-element elementor-element-867f892 elementor-widget elementor-widget-text-editor\" data-id=\"867f892\" data-element_type=\"widget\" data-e-type=\"widget\" data-widget_type=\"text-editor.default\">\n\t\t\t\t<div class=\"elementor-widget-container\">\n\t\t\t\t\t\t\t\t\t<p><a href=\"https:\/\/public.tableau.com\/app\/profile\/loren5044\/viz\/Durres-RaportiiPerformances2021\/TDhnaAdministrative\">Durr\u00ebs \u2013 Performance Report 2021 | Tableau Public<\/a><br \/><a href=\"https:\/\/durres.gov.al\/en\/images\/Durres_-_Raporti_Performances_2021_.pdf\/\">Durr\u00ebs \u2013 Performance Report | PDF<\/a><\/p>\t\t\t\t\t\t\t\t<\/div>\n\t\t\t\t<\/div>\n\t\t\t\t<\/div>\n\t\t<div id=\"e-n-tab-content-34821062\" role=\"tabpanel\" aria-labelledby=\"e-n-tab-title-34821062\" data-tab-index=\"2\" style=\"--n-tabs-title-order: 2;\" class=\"elementor-element elementor-element-bfaece4 e-con-full e-flex e-con e-child\" data-id=\"bfaece4\" data-element_type=\"container\" data-e-type=\"container\" data-settings=\"{&quot;background_background&quot;:&quot;classic&quot;}\">\n\t\t\t\t<div class=\"elementor-element elementor-element-885b774 elementor-widget elementor-widget-text-editor\" data-id=\"885b774\" data-element_type=\"widget\" data-e-type=\"widget\" data-widget_type=\"text-editor.default\">\n\t\t\t\t<div class=\"elementor-widget-container\">\n\t\t\t\t\t\t\t\t\t<p><a href=\"https:\/\/public.tableau.com\/app\/profile\/loren5044\/viz\/Durres-Planiiperformancs2022-2024\/Tedhenatadministrative\">Durr\u00ebs \u2013 Performance Plan 2022\u20132024 | Tableau Public<\/a><\/p>\t\t\t\t\t\t\t\t<\/div>\n\t\t\t\t<\/div>\n\t\t\t\t<\/div>\n\t\t<div id=\"e-n-tab-content-34821063\" role=\"tabpanel\" aria-labelledby=\"e-n-tab-title-34821063\" data-tab-index=\"3\" style=\"--n-tabs-title-order: 3;\" class=\"elementor-element elementor-element-8d20a13 e-con-full e-flex e-con e-child\" data-id=\"8d20a13\" data-element_type=\"container\" data-e-type=\"container\" data-settings=\"{&quot;background_background&quot;:&quot;classic&quot;}\">\n\t\t\t\t<div class=\"elementor-element elementor-element-bd2d845 elementor-widget elementor-widget-text-editor\" data-id=\"bd2d845\" data-element_type=\"widget\" data-e-type=\"widget\" data-widget_type=\"text-editor.default\">\n\t\t\t\t<div class=\"elementor-widget-container\">\n\t\t\t\t\t\t\t\t\t<p><a href=\"https:\/\/durres.gov.al\/en\/images\/Plani_i_performancs_afatmesm_buxhetore_2020_-2022.pdf\/\">Medium-Term Budget Performance Plan 2020\u20132022<\/a><\/p>\t\t\t\t\t\t\t\t<\/div>\n\t\t\t\t<\/div>\n\t\t\t\t<\/div>\n\t\t<div id=\"e-n-tab-content-34821064\" role=\"tabpanel\" aria-labelledby=\"e-n-tab-title-34821064\" data-tab-index=\"4\" style=\"--n-tabs-title-order: 4;\" class=\"elementor-element elementor-element-75cb961 e-flex e-con-boxed e-con e-child\" data-id=\"75cb961\" data-element_type=\"container\" data-e-type=\"container\" data-settings=\"{&quot;background_background&quot;:&quot;classic&quot;}\">\n\t\t\t\t\t<div class=\"e-con-inner\">\n\t\t\t\t<div class=\"elementor-element elementor-element-ffa6293 elementor-widget elementor-widget-text-editor\" data-id=\"ffa6293\" data-element_type=\"widget\" data-e-type=\"widget\" data-widget_type=\"text-editor.default\">\n\t\t\t\t<div class=\"elementor-widget-container\">\n\t\t\t\t\t\t\t\t\t<p><a href=\"https:\/\/durres.gov.al\/en\/images\/Durres_-_Buxheti_per_qytetarin_2022-24.pdf\/\">Budget for Citizens<\/a><\/p>\t\t\t\t\t\t\t\t<\/div>\n\t\t\t\t<\/div>\n\t\t\t\t\t<\/div>\n\t\t\t\t<\/div>\n\t\t<div id=\"e-n-tab-content-34821065\" role=\"tabpanel\" aria-labelledby=\"e-n-tab-title-34821065\" data-tab-index=\"5\" style=\"--n-tabs-title-order: 5;\" class=\"elementor-element elementor-element-ad752da e-flex e-con-boxed e-con e-child\" data-id=\"ad752da\" data-element_type=\"container\" data-e-type=\"container\" data-settings=\"{&quot;background_background&quot;:&quot;classic&quot;}\">\n\t\t\t\t\t<div class=\"e-con-inner\">\n\t\t\t\t<div class=\"elementor-element elementor-element-d941782 elementor-widget elementor-widget-text-editor\" data-id=\"d941782\" data-element_type=\"widget\" data-e-type=\"widget\" data-widget_type=\"text-editor.default\">\n\t\t\t\t<div class=\"elementor-widget-container\">\n\t\t\t\t\t\t\t\t\t<p><a href=\"https:\/\/durres.gov.al\/en\/images\/buxheti\/2021-2023\/DEGJESAT_PUBLIKE-PAKETA_FISKALE_2021.pdf\/\">Public Hearing on the 2021 Fiscal Package<\/a><br \/><a href=\"https:\/\/durres.gov.al\/en\/images\/buxheti\/2021-2023\/Degjese%20publike%20per%20buxhetin%20ARSIMI%202021-2023.pdf\/\">Public Hearing on the Education Program 2021\u20132023<\/a><br \/><a href=\"https:\/\/durres.gov.al\/en\/images\/buxheti\/2021-2023\/Buxheti%202021-2023.pdf\/\">Public Hearing on the Social Services Program 2021\u20132023<\/a><\/p>\t\t\t\t\t\t\t\t<\/div>\n\t\t\t\t<\/div>\n\t\t\t\t\t<\/div>\n\t\t\t\t<\/div>\n\t\t\t\t\t<\/div>\n\t\t<\/div>\n\t\t\t\t\t\t<\/div>\n\t\t\t\t<\/div>\n\t\t\t\t\t<\/div>\n\t\t\t\t<\/div>\n\t\t\t\t<\/div>","protected":false},"excerpt":{"rendered":"<p>Raportet e Performanc\u00ebs Plani i performanc\u00ebs 2022-2024 Plani i performanc\u00ebs afatmes\u00ebm buxhetore 2020-2022 Buxheti p\u00ebr qytetar\u00ebt PBA 2021-2023 Durr\u00ebs &#8211; Raporti i Performanc\u00ebs 2021 | Tableau PublicDurr\u00ebs &#8211; Raporti i Performanc\u00ebs | PDF Durr\u00ebs &#8211; Plani i performanc\u00ebs 2022-2024 | Tableau Public Plani i performanc\u00ebs afatmes\u00ebm buxhetore 2020-2022 Buxheti p\u00ebr qytetar\u00ebt D\u00ebgjes\u00eb Publike p\u00ebr Paket\u00ebn [&hellip;]<\/p>\n","protected":false},"author":4,"featured_media":0,"parent":0,"menu_order":0,"comment_status":"closed","ping_status":"closed","template":"","meta":{"_acf_changed":false,"footnotes":""},"class_list":["post-27964","page","type-page","status-publish","hentry"],"acf":[],"yoast_head":"<!-- This site is optimized with the Yoast SEO plugin v27.4 - https:\/\/yoast.com\/product\/yoast-seo-wordpress\/ -->\n<title>Informacion - Bashkia Durr\u00ebs<\/title>\n<meta name=\"robots\" content=\"index, follow, max-snippet:-1, max-image-preview:large, max-video-preview:-1\" \/>\n<link rel=\"canonical\" href=\"https:\/\/durres.gov.al\/en\/informacion\/\" \/>\n<meta property=\"og:locale\" content=\"en_US\" \/>\n<meta property=\"og:type\" content=\"article\" \/>\n<meta property=\"og:title\" content=\"Informacion - Bashkia Durr\u00ebs\" \/>\n<meta property=\"og:description\" content=\"Raportet e Performanc\u00ebs Plani i performanc\u00ebs 2022-2024 Plani i performanc\u00ebs afatmes\u00ebm buxhetore 2020-2022 Buxheti p\u00ebr qytetar\u00ebt PBA 2021-2023 Durr\u00ebs &#8211; Raporti i Performanc\u00ebs 2021 | Tableau PublicDurr\u00ebs &#8211; Raporti i Performanc\u00ebs | PDF Durr\u00ebs &#8211; Plani i performanc\u00ebs 2022-2024 | Tableau Public Plani i performanc\u00ebs afatmes\u00ebm buxhetore 2020-2022 Buxheti p\u00ebr qytetar\u00ebt D\u00ebgjes\u00eb Publike p\u00ebr Paket\u00ebn [&hellip;]\" \/>\n<meta property=\"og:url\" content=\"https:\/\/durres.gov.al\/en\/informacion\/\" \/>\n<meta property=\"og:site_name\" content=\"Bashkia Durr\u00ebs\" \/>\n<meta property=\"article:modified_time\" content=\"2026-03-19T09:21:58+00:00\" \/>\n<meta name=\"twitter:card\" content=\"summary_large_image\" \/>\n<meta name=\"twitter:label1\" content=\"Est. reading time\" \/>\n\t<meta name=\"twitter:data1\" content=\"1 minute\" \/>\n<script type=\"application\/ld+json\" class=\"yoast-schema-graph\">{\"@context\":\"https:\\\/\\\/schema.org\",\"@graph\":[{\"@type\":\"WebPage\",\"@id\":\"https:\\\/\\\/durres.gov.al\\\/informacion\\\/\",\"url\":\"https:\\\/\\\/durres.gov.al\\\/informacion\\\/\",\"name\":\"Informacion - Bashkia Durr\u00ebs\",\"isPartOf\":{\"@id\":\"https:\\\/\\\/durres.gov.al\\\/en\\\/#website\"},\"datePublished\":\"2026-03-12T11:58:25+00:00\",\"dateModified\":\"2026-03-19T09:21:58+00:00\",\"breadcrumb\":{\"@id\":\"https:\\\/\\\/durres.gov.al\\\/informacion\\\/#breadcrumb\"},\"inLanguage\":\"en-US\",\"potentialAction\":[{\"@type\":\"ReadAction\",\"target\":[\"https:\\\/\\\/durres.gov.al\\\/informacion\\\/\"]}]},{\"@type\":\"BreadcrumbList\",\"@id\":\"https:\\\/\\\/durres.gov.al\\\/informacion\\\/#breadcrumb\",\"itemListElement\":[{\"@type\":\"ListItem\",\"position\":1,\"name\":\"Home\",\"item\":\"https:\\\/\\\/durres.gov.al\\\/\"},{\"@type\":\"ListItem\",\"position\":2,\"name\":\"Informacion\"}]},{\"@type\":\"WebSite\",\"@id\":\"https:\\\/\\\/durres.gov.al\\\/en\\\/#website\",\"url\":\"https:\\\/\\\/durres.gov.al\\\/en\\\/\",\"name\":\"Bashkia Durr\u00ebs\",\"description\":\"Faqja Zyrtare n\u00eb Internet\",\"publisher\":{\"@id\":\"https:\\\/\\\/durres.gov.al\\\/en\\\/#organization\"},\"potentialAction\":[{\"@type\":\"SearchAction\",\"target\":{\"@type\":\"EntryPoint\",\"urlTemplate\":\"https:\\\/\\\/durres.gov.al\\\/en\\\/?s={search_term_string}\"},\"query-input\":{\"@type\":\"PropertyValueSpecification\",\"valueRequired\":true,\"valueName\":\"search_term_string\"}}],\"inLanguage\":\"en-US\"},{\"@type\":\"Organization\",\"@id\":\"https:\\\/\\\/durres.gov.al\\\/en\\\/#organization\",\"name\":\"Bashkia Durr\u00ebs\",\"url\":\"https:\\\/\\\/durres.gov.al\\\/en\\\/\",\"logo\":{\"@type\":\"ImageObject\",\"inLanguage\":\"en-US\",\"@id\":\"https:\\\/\\\/durres.gov.al\\\/en\\\/#\\\/schema\\\/logo\\\/image\\\/\",\"url\":\"https:\\\/\\\/durres.gov.al\\\/wp-content\\\/uploads\\\/2023\\\/01\\\/cropped-logo.png\",\"contentUrl\":\"https:\\\/\\\/durres.gov.al\\\/wp-content\\\/uploads\\\/2023\\\/01\\\/cropped-logo.png\",\"width\":512,\"height\":512,\"caption\":\"Bashkia Durr\u00ebs\"},\"image\":{\"@id\":\"https:\\\/\\\/durres.gov.al\\\/en\\\/#\\\/schema\\\/logo\\\/image\\\/\"}}]}<\/script>\n<!-- \/ Yoast SEO plugin. -->","yoast_head_json":{"title":"Informacion - Bashkia Durr\u00ebs","robots":{"index":"index","follow":"follow","max-snippet":"max-snippet:-1","max-image-preview":"max-image-preview:large","max-video-preview":"max-video-preview:-1"},"canonical":"https:\/\/durres.gov.al\/en\/informacion\/","og_locale":"en_US","og_type":"article","og_title":"Informacion - Bashkia Durr\u00ebs","og_description":"Raportet e Performanc\u00ebs Plani i performanc\u00ebs 2022-2024 Plani i performanc\u00ebs afatmes\u00ebm buxhetore 2020-2022 Buxheti p\u00ebr qytetar\u00ebt PBA 2021-2023 Durr\u00ebs &#8211; Raporti i Performanc\u00ebs 2021 | Tableau PublicDurr\u00ebs &#8211; Raporti i Performanc\u00ebs | PDF Durr\u00ebs &#8211; Plani i performanc\u00ebs 2022-2024 | Tableau Public Plani i performanc\u00ebs afatmes\u00ebm buxhetore 2020-2022 Buxheti p\u00ebr qytetar\u00ebt D\u00ebgjes\u00eb Publike p\u00ebr Paket\u00ebn [&hellip;]","og_url":"https:\/\/durres.gov.al\/en\/informacion\/","og_site_name":"Bashkia Durr\u00ebs","article_modified_time":"2026-03-19T09:21:58+00:00","twitter_card":"summary_large_image","twitter_misc":{"Est. reading time":"1 minute"},"schema":{"@context":"https:\/\/schema.org","@graph":[{"@type":"WebPage","@id":"https:\/\/durres.gov.al\/informacion\/","url":"https:\/\/durres.gov.al\/informacion\/","name":"Informacion - Bashkia Durr\u00ebs","isPartOf":{"@id":"https:\/\/durres.gov.al\/en\/#website"},"datePublished":"2026-03-12T11:58:25+00:00","dateModified":"2026-03-19T09:21:58+00:00","breadcrumb":{"@id":"https:\/\/durres.gov.al\/informacion\/#breadcrumb"},"inLanguage":"en-US","potentialAction":[{"@type":"ReadAction","target":["https:\/\/durres.gov.al\/informacion\/"]}]},{"@type":"BreadcrumbList","@id":"https:\/\/durres.gov.al\/informacion\/#breadcrumb","itemListElement":[{"@type":"ListItem","position":1,"name":"Home","item":"https:\/\/durres.gov.al\/"},{"@type":"ListItem","position":2,"name":"Informacion"}]},{"@type":"WebSite","@id":"https:\/\/durres.gov.al\/en\/#website","url":"https:\/\/durres.gov.al\/en\/","name":"Municipality of Durr\u00ebs","description":"Faqja Zyrtare n\u00eb Internet","publisher":{"@id":"https:\/\/durres.gov.al\/en\/#organization"},"potentialAction":[{"@type":"SearchAction","target":{"@type":"EntryPoint","urlTemplate":"https:\/\/durres.gov.al\/en\/?s={search_term_string}"},"query-input":{"@type":"PropertyValueSpecification","valueRequired":true,"valueName":"search_term_string"}}],"inLanguage":"en-US"},{"@type":"Organization","@id":"https:\/\/durres.gov.al\/en\/#organization","name":"Municipality of Durr\u00ebs","url":"https:\/\/durres.gov.al\/en\/","logo":{"@type":"ImageObject","inLanguage":"en-US","@id":"https:\/\/durres.gov.al\/en\/#\/schema\/logo\/image\/","url":"https:\/\/durres.gov.al\/wp-content\/uploads\/2023\/01\/cropped-logo.png","contentUrl":"https:\/\/durres.gov.al\/wp-content\/uploads\/2023\/01\/cropped-logo.png","width":512,"height":512,"caption":"Bashkia Durr\u00ebs"},"image":{"@id":"https:\/\/durres.gov.al\/en\/#\/schema\/logo\/image\/"}}]}},"_links":{"self":[{"href":"https:\/\/durres.gov.al\/en\/wp-json\/wp\/v2\/pages\/27964","targetHints":{"allow":["GET"]}}],"collection":[{"href":"https:\/\/durres.gov.al\/en\/wp-json\/wp\/v2\/pages"}],"about":[{"href":"https:\/\/durres.gov.al\/en\/wp-json\/wp\/v2\/types\/page"}],"author":[{"embeddable":true,"href":"https:\/\/durres.gov.al\/en\/wp-json\/wp\/v2\/users\/4"}],"replies":[{"embeddable":true,"href":"https:\/\/durres.gov.al\/en\/wp-json\/wp\/v2\/comments?post=27964"}],"version-history":[{"count":10,"href":"https:\/\/durres.gov.al\/en\/wp-json\/wp\/v2\/pages\/27964\/revisions"}],"predecessor-version":[{"id":28622,"href":"https:\/\/durres.gov.al\/en\/wp-json\/wp\/v2\/pages\/27964\/revisions\/28622"}],"wp:attachment":[{"href":"https:\/\/durres.gov.al\/en\/wp-json\/wp\/v2\/media?parent=27964"}],"curies":[{"name":"wp","href":"https:\/\/api.w.org\/{rel}","templated":true}]}}