{"id":28784,"date":"2026-02-23T16:08:40","date_gmt":"2026-02-23T15:08:40","guid":{"rendered":"https:\/\/durres.gov.al\/?page_id=25515"},"modified":"2026-03-19T13:53:52","modified_gmt":"2026-03-19T12:53:52","slug":"regjistri-i-kerkesave-dhe-pergjigjeve-janar-2026","status":"publish","type":"page","link":"https:\/\/durres.gov.al\/en\/regjistri-i-kerkesave-dhe-pergjigjeve-2026\/regjistri-i-kerkesave-dhe-pergjigjeve-janar-2026\/","title":{"rendered":"Register of Requests and Responses \u2013 January 2026"},"content":{"rendered":"<div data-elementor-type=\"wp-page\" data-elementor-id=\"28784\" class=\"elementor elementor-28784\" data-elementor-post-type=\"page\">\n\t\t\t\t<div class=\"elementor-element elementor-element-8c1b268 e-con-full e-flex e-con e-parent\" data-id=\"8c1b268\" data-element_type=\"container\" data-e-type=\"container\">\n\t\t\t\t<div class=\"elementor-element elementor-element-df57811 elementor-widget elementor-widget-template\" data-id=\"df57811\" data-element_type=\"widget\" data-e-type=\"widget\" data-widget_type=\"template.default\">\n\t\t\t\t<div class=\"elementor-widget-container\">\n\t\t\t\t\t\t\t<div class=\"elementor-template\">\n\t\t\t\t\t<div data-elementor-type=\"container\" data-elementor-id=\"25501\" class=\"elementor elementor-25501\" data-elementor-post-type=\"elementor_library\">\n\t\t\t\t<div class=\"elementor-element elementor-element-1648416 e-flex e-con-boxed e-con e-parent\" data-id=\"1648416\" data-element_type=\"container\" data-e-type=\"container\" data-settings=\"{&quot;background_background&quot;:&quot;classic&quot;}\">\n\t\t\t\t\t<div class=\"e-con-inner\">\n\t\t\t\t\t<\/div>\n\t\t\t\t<\/div>\n\t\t\t\t<\/div>\n\t\t\t\t<\/div>\n\t\t\t\t\t\t<\/div>\n\t\t\t\t<\/div>\n\t\t\t\t<\/div>\n\t\t<div class=\"elementor-element elementor-element-a83110d e-flex e-con-boxed e-con e-parent\" data-id=\"a83110d\" data-element_type=\"container\" data-e-type=\"container\">\n\t\t\t\t\t<div class=\"e-con-inner\">\n\t\t\t\t<div class=\"elementor-element elementor-element-87615eb elementor-widget elementor-widget-html\" data-id=\"87615eb\" data-element_type=\"widget\" data-e-type=\"widget\" data-widget_type=\"html.default\">\n\t\t\t\t<div class=\"elementor-widget-container\">\n\t\t\t\t\t<!DOCTYPE html>\r\n<html lang=\"sq\">\r\n<head>\r\n<meta charset=\"UTF-8\">\r\n<meta name=\"viewport\" content=\"width=device-width, initial-scale=1.0\">\r\n\r\n<style>\r\nbody {\r\n    font-family: Arial, sans-serif;\r\n    margin: 0;\r\n}\r\n\r\n\/* Desktop table *\/\r\ntable {\r\n    width: 100%;\r\n    border-collapse: collapse;\r\n}\r\n\r\nth, td {\r\n    padding: 12px;\r\n    border: 1px solid #ddd;\r\n}\r\n\r\nth {\r\n    background-color: #007A8B;\r\n    color: white;\r\n    text-align: left;\r\n}\r\n\r\n\/* MOBILE VERSION *\/\r\n@media (max-width: 768px) {\r\n\r\n    thead {\r\n        display: none;\r\n    }\r\n\r\n    table, tbody, tr, td {\r\n        display: block;\r\n        width: 100%;\r\n    }\r\n\r\n    tr {\r\n        margin-bottom: 15px;\r\n        border-radius: 10px;\r\n        background: #f9f9f9;\r\n        box-shadow: 0 2px 6px rgba(0,0,0,0.08);\r\n        padding: 12px;\r\n    }\r\n\r\n    td {\r\n        border: none;\r\n        padding: 6px 0;\r\n        display: flex;\r\n        justify-content: space-between;\r\n        gap: 10px;\r\n    }\r\n\r\n    td::before {\r\n        font-weight: bold;\r\n        color: #333;\r\n    }\r\n\r\n    td:nth-child(1)::before { content: \"Nr. Rendor\"; }\r\n    td:nth-child(2)::before { content: \"Data e k\u00ebrkes\u00ebs\"; }\r\n    td:nth-child(3)::before { content: \"Objekti i k\u00ebrkes\u00ebs\"; }\r\n    td:nth-child(4)::before { content: \"Data e p\u00ebrgjigjes\"; }\r\n    td:nth-child(5)::before { content: \"P\u00ebrgjigje\"; }\r\n    td:nth-child(6)::before { content: \"Tarifa\"; }\r\n\r\n    td span {\r\n        text-align: right;\r\n    }\r\n}\r\n<\/style>\r\n<\/head>\r\n\r\n<body>\r\n\r\n<table>\r\n    <thead>\r\n        <tr>\r\n            <th>Serial Number<\/th>\r\n            <th>Date of Request<\/th>\r\n            <th>Subject of the Request<\/th>\r\n            <th>Date of Response<\/th>\r\n            <th>Response<\/th>\r\n            <th>Fee<\/th>\r\n        <\/tr>\r\n    <\/thead>\r\n    <tbody>\r\n        <tr><td><span>1<\/span><\/td><td><span>05.01.2026<\/span><\/td><td><span>Information on Urban Waste Disposal, Kod\u00ebr Sukth<\/span><\/td><td><span>08.01.2026<\/span><\/td><td><span><a href =\"https:\/\/durres.gov.al\/wp-content\/uploads\/2026\/02\/Kthim-Pergjgije-Nr1-.pdf\">Response<\/a><\/span><\/td><td><span>Jo<\/span><\/td><\/tr>\r\n        <tr><td><span>2<\/span><\/td><td><span>05.01.2026<\/span><\/td><td><span>Measures Taken by the Fire Protection Service Following the Reported Intervention in the Porto Romanos Area<\/span><\/td><td><span>22.01.2026<\/span><\/td><td><span><a href=\"https:\/\/durres.gov.al\/wp-content\/uploads\/2026\/02\/Kthim-pergjigje-Nr2-.pdf\">Response<\/a><\/span><\/td><td><span>Jo<\/span><\/td><\/tr>\r\n        <tr><td><span>3<\/span><\/td><td><span>08.01.2026<\/span><\/td><td><span>Information Regarding the Massive Floods That Have Occurred Over the Past Few Days<\/span><\/td><td><span>20.01.2026<\/span><\/td><td><span><a href=\"https:\/\/durres.gov.al\/wp-content\/uploads\/2026\/02\/Kthim-Pergjigje-Nr3-.pdf\">Response<\/a><\/span><\/td><td><span>Jo<\/span><\/td><\/tr>\r\n        <tr><td><span>4<\/span><\/td><td><span>09.01.2026<\/span><\/td><td><span>Information Regarding Events During the Floods<\/span><\/td><td><span>19.01.2026<\/span><\/td><td><span><a href=\"https:\/\/durres.gov.al\/wp-content\/uploads\/2026\/02\/Kthim-Pergjigje-Nr4-.pdf\">Response<\/a><\/span><\/td><td><span>Jo<\/span><\/td><\/tr>\r\n        <tr><td><span>5<\/span><\/td><td><span>12.01.2026<\/span><\/td><td><span>Information Regarding Cooperation with NGOs<\/span><\/td><td><span>27.01.2026<\/span><\/td><td><span><a href=\"https:\/\/durres.gov.al\/wp-content\/uploads\/2026\/02\/Kthim-Pergjigje-Nr5-.pdf\">Response<\/a><\/span><\/td><td><span>Jo<\/span><\/td><\/tr>\r\n        <tr><td><span>6<\/span><\/td><td><span>12.01.2026<\/span><\/td><td><span>Information on Hunters' Associations in Durr\u00ebs<\/span><\/td><td><span>21.01.2026<\/span><\/td><td><span><a href=\"https:\/\/durres.gov.al\/wp-content\/uploads\/2026\/02\/Kthim-Pergjigje-Nr6-.pdf\">Response<\/a><\/span><\/td><td><span>Jo<\/span><\/td><\/tr>\r\n        <tr><td><span>7<\/span><\/td><td><span>12.01.2026<\/span><\/td><td><span>Request for Information on the Water Tower<\/span><\/td><td><span>28.01.2026<\/span><\/td><td><span><a href=\"https:\/\/durres.gov.al\/wp-content\/uploads\/2026\/02\/Kthim-pergjgije-Nr7-.pdf\">Response<\/a><\/span><\/td><td><span>Jo<\/span><\/td><\/tr>\r\n        <tr><td><span>8<\/span><\/td><td><span>12.01.2026<\/span><\/td><td><span>Request for Information on the Cleaning of Drainage Channels<\/span><\/td><td><span>26.01.2026<\/span><\/td><td><span><a href=\"https:\/\/durres.gov.al\/wp-content\/uploads\/2026\/02\/Kthim-pergjigje-Nr8-.-docx.pdf\">Response<\/a><\/span><\/td><td><span>Jo<\/span><\/td><\/tr>\r\n        <tr><td><span>9<\/span><\/td><td><span>20.01.2026<\/span><\/td><td><span>Request for Information on the Transparency Program<\/span><\/td><td><span>21.01.2026<\/span><\/td><td><span><a href=\"https:\/\/durres.gov.al\/wp-content\/uploads\/2026\/02\/Kthim-pergjigje-Nr9-.pdf\">Response<\/a><\/span><\/td><td><span>Jo<\/span><\/td><\/tr>\r\n        <tr><td><span>10<\/span><\/td><td><span>20.01.2026<\/span><\/td><td><span>Information Regarding Events During the Floods<\/span><\/td><td><span>26.01.2026<\/span><\/td><td><span><a href=\"https:\/\/durres.gov.al\/wp-content\/uploads\/2026\/02\/Kthim-Pergjigje-Nr10-.pdf\">Response<\/a><\/span><\/td><td><span>Jo<\/span><\/td><\/tr>\r\n        <tr><td><span>11<\/span><\/td><td><span>27.01.2026<\/span><\/td><td><span>Information Regarding Material Damages Caused by the Floods That Occurred During the Month of January<\/span><\/td><td><span>05.02.2026<\/span><\/td><td><span>Response in a Verbal Interview \u2013 Press Office<\/span><\/td><td><span>Jo<\/span><\/td><\/tr>\r\n        <tr><td><span>12<\/span><\/td><td><span>29.01.2026<\/span><\/td><td><span>Information Regarding the Demolition of Several Houses in Neighborhood 14<\/span><\/td><td><span><\/span><\/td><td><span><\/span><\/td><td><span>Jo<\/span><\/td><\/tr>\r\n        <tr><td><span>13<\/span><\/td><td><span>29.01.2026<\/span><\/td><td><span>Information Regarding the Implementation of the Law on Co-ownership<\/span><\/td><td><span>09.02.2026<\/span><\/td><td><span><a href=\"https:\/\/durres.gov.al\/wp-content\/uploads\/2026\/02\/Kthim-Pergjigje-Nr13-.pdf\">Response<\/a><\/span><\/td><td><span>Jo<\/span><\/td><\/tr>\r\n        <tr><td><span>14<\/span><\/td><td><span>29.01.2026<\/span><\/td><td><span>Information Regarding Interventions in the Drainage Channel Systems<\/span><\/td><td><span>16.02.2026<\/span><\/td><td><span><a href=\"https:\/\/durres.gov.al\/wp-content\/uploads\/2026\/02\/Kthim-Pergjigje-Nr14-.pdf\">Response<\/a><\/span><\/td><td><span>Jo<\/span><\/td><\/tr>\r\n    <\/tbody>\r\n<\/table>\r\n\r\n<\/body>\r\n<\/html>\t\t\t\t<\/div>\n\t\t\t\t<\/div>\n\t\t\t\t\t<\/div>\n\t\t\t\t<\/div>\n\t\t\t\t<section class=\"elementor-section elementor-top-section elementor-element elementor-element-408aceb elementor-section-boxed elementor-section-height-default elementor-section-height-default\" data-id=\"408aceb\" data-element_type=\"section\" data-e-type=\"section\">\n\t\t\t\t\t\t<div class=\"elementor-container elementor-column-gap-default\">\n\t\t\t\t\t<div class=\"elementor-column elementor-col-33 elementor-top-column elementor-element elementor-element-dbad57f\" data-id=\"dbad57f\" data-element_type=\"column\" data-e-type=\"column\">\n\t\t\t<div class=\"elementor-widget-wrap elementor-element-populated\">\n\t\t\t\t\t\t<div class=\"elementor-element elementor-element-14bff55 elementor-cta--skin-cover elementor-animated-content elementor-bg-transform elementor-bg-transform-zoom-in elementor-widget elementor-widget-call-to-action\" data-id=\"14bff55\" data-element_type=\"widget\" data-e-type=\"widget\" data-widget_type=\"call-to-action.default\">\n\t\t\t\t<div class=\"elementor-widget-container\">\n\t\t\t\t\t\t\t<a class=\"elementor-cta\" href=\"https:\/\/drive.google.com\/file\/d\/0B6swLLer5y9zdUlaeWduX3BDYjg\/view?resourcekey=0-U5Y_X5QVJJU_ivpvleNRqQ\">\n\t\t\t\t\t<div class=\"elementor-cta__bg-wrapper\">\n\t\t\t\t<div class=\"elementor-cta__bg elementor-bg\" style=\"background-image: url(https:\/\/durres.gov.al\/wp-content\/uploads\/2023\/02\/mikhail-pavstyuk-EKy2OTRPXdw-unsplash-1024x576.jpg);\" role=\"img\" aria-label=\"mikhail-pavstyuk-EKy2OTRPXdw-unsplash\"><\/div>\n\t\t\t\t<div class=\"elementor-cta__bg-overlay\"><\/div>\n\t\t\t<\/div>\n\t\t\t\t\t\t\t<div class=\"elementor-cta__content\">\n\t\t\t\t\n\t\t\t\t\n\t\t\t\t\t\t\t\t\t<div class=\"elementor-cta__description elementor-cta__content-item elementor-content-item elementor-animated-item--grow\">\n\t\t\t\t\t\tRegulation on the protection, processing, storage and security of personal data\t\t\t\t\t<\/div>\n\t\t\t\t\n\t\t\t\t\t\t\t<\/div>\n\t\t\t\t\t\t<\/a>\n\t\t\t\t\t\t<\/div>\n\t\t\t\t<\/div>\n\t\t\t\t\t<\/div>\n\t\t<\/div>\n\t\t\t\t<div class=\"elementor-column elementor-col-33 elementor-top-column elementor-element elementor-element-0e044df\" data-id=\"0e044df\" data-element_type=\"column\" data-e-type=\"column\">\n\t\t\t<div class=\"elementor-widget-wrap elementor-element-populated\">\n\t\t\t\t\t\t<div class=\"elementor-element elementor-element-e3c4eb6 elementor-cta--skin-cover elementor-animated-content elementor-bg-transform elementor-bg-transform-zoom-in elementor-widget elementor-widget-call-to-action\" data-id=\"e3c4eb6\" data-element_type=\"widget\" data-e-type=\"widget\" data-widget_type=\"call-to-action.default\">\n\t\t\t\t<div class=\"elementor-widget-container\">\n\t\t\t\t\t\t\t<a class=\"elementor-cta\" href=\"https:\/\/drive.google.com\/file\/d\/0B6swLLer5y9zVGhMRnljOGpjUXF2TUpqM0YxSWJxa3NGTHN3\/view?resourcekey=0-4v2m7NY1OiK2qMC4rLLiWQ\">\n\t\t\t\t\t<div class=\"elementor-cta__bg-wrapper\">\n\t\t\t\t<div class=\"elementor-cta__bg elementor-bg\" style=\"background-image: url(https:\/\/durres.gov.al\/wp-content\/uploads\/2023\/02\/20141125231100-workplace-transparency-boon-company-culture-built-trust-768x512.jpeg);\" role=\"img\" aria-label=\"20141125231100-workplace-transparency-boon-company-culture-built-trust\"><\/div>\n\t\t\t\t<div class=\"elementor-cta__bg-overlay\"><\/div>\n\t\t\t<\/div>\n\t\t\t\t\t\t\t<div class=\"elementor-cta__content\">\n\t\t\t\t\n\t\t\t\t\n\t\t\t\t\t\t\t\t\t<div class=\"elementor-cta__description elementor-cta__content-item elementor-content-item elementor-animated-item--grow\">\n\t\t\t\t\t\tTransparency Program\t\t\t\t\t<\/div>\n\t\t\t\t\n\t\t\t\t\t\t\t<\/div>\n\t\t\t\t\t\t<\/a>\n\t\t\t\t\t\t<\/div>\n\t\t\t\t<\/div>\n\t\t\t\t\t<\/div>\n\t\t<\/div>\n\t\t\t\t<div class=\"elementor-column elementor-col-33 elementor-top-column elementor-element elementor-element-998f44f\" data-id=\"998f44f\" data-element_type=\"column\" data-e-type=\"column\">\n\t\t\t<div class=\"elementor-widget-wrap elementor-element-populated\">\n\t\t\t\t\t\t<div class=\"elementor-element elementor-element-8be4952 elementor-cta--skin-cover elementor-animated-content elementor-bg-transform elementor-bg-transform-zoom-in elementor-widget elementor-widget-call-to-action\" data-id=\"8be4952\" data-element_type=\"widget\" data-e-type=\"widget\" data-widget_type=\"call-to-action.default\">\n\t\t\t\t<div class=\"elementor-widget-container\">\n\t\t\t\t\t\t\t<a class=\"elementor-cta\" href=\"https:\/\/drive.google.com\/file\/d\/0B6swLLer5y9zdUlaeWduX3BDYjg\/view?resourcekey=0-U5Y_X5QVJJU_ivpvleNRqQ\">\n\t\t\t\t\t<div class=\"elementor-cta__bg-wrapper\">\n\t\t\t\t<div class=\"elementor-cta__bg elementor-bg\" style=\"background-image: url(https:\/\/durres.gov.al\/wp-content\/uploads\/2023\/02\/tingey-injury-law-firm-L4YGuSg0fxs-unsplash-683x1024.jpg);\" role=\"img\" aria-label=\"tingey-injury-law-firm-L4YGuSg0fxs-unsplash\"><\/div>\n\t\t\t\t<div class=\"elementor-cta__bg-overlay\"><\/div>\n\t\t\t<\/div>\n\t\t\t\t\t\t\t<div class=\"elementor-cta__content\">\n\t\t\t\t\n\t\t\t\t\n\t\t\t\t\t\t\t\t\t<div class=\"elementor-cta__description elementor-cta__content-item elementor-content-item elementor-animated-item--grow\">\n\t\t\t\t\t\tRegulation on the protection, processing, storage and security of personal data\t\t\t\t\t<\/div>\n\t\t\t\t\n\t\t\t\t\t\t\t<\/div>\n\t\t\t\t\t\t<\/a>\n\t\t\t\t\t\t<\/div>\n\t\t\t\t<\/div>\n\t\t\t\t\t<\/div>\n\t\t<\/div>\n\t\t\t\t\t<\/div>\n\t\t<\/section>\n\t\t\t\t<\/div>","protected":false},"excerpt":{"rendered":"<p>Nr. Rendor Data e k\u00ebrkes\u00ebs Objekti i k\u00ebrkes\u00ebs Data e p\u00ebrgjigjes P\u00ebrgjigje Tarifa 1 05.01.2026 Informacion mbi evadimin e mbetjeve urbane, Kod\u00ebr Sukth 08.01.2026 P\u00ebrgjigje Jo 2 05.01.2026 Masat e marra nga Sh\u00ebrbimi i Mbrojtjes nga Zjarri pas nd\u00ebrhyrjes t\u00eb raportuar n\u00eb zon\u00ebn e Porto Romanos 22.01.2026 P\u00ebrgjigje Jo 3 08.01.2026 Informacion n\u00eb lidhje me [&hellip;]<\/p>\n","protected":false},"author":4,"featured_media":0,"parent":28783,"menu_order":0,"comment_status":"closed","ping_status":"closed","template":"","meta":{"_acf_changed":false,"rs_blank_template":"","rs_page_bg_color":"","slide_template_v7":"","footnotes":""},"class_list":["post-28784","page","type-page","status-publish","hentry"],"acf":[],"yoast_head":"<!-- This site is optimized with the Yoast SEO plugin v27.4 - https:\/\/yoast.com\/product\/yoast-seo-wordpress\/ -->\n<title>Regjistri i k\u00ebrkesave dhe p\u00ebrgjigjeve Janar 2026 - Bashkia Durr\u00ebs<\/title>\n<meta name=\"robots\" content=\"index, follow, max-snippet:-1, max-image-preview:large, max-video-preview:-1\" \/>\n<link rel=\"canonical\" href=\"https:\/\/durres.gov.al\/en\/regjistri-i-kerkesave-dhe-pergjigjeve-2026\/regjistri-i-kerkesave-dhe-pergjigjeve-janar-2026\/\" \/>\n<meta property=\"og:locale\" content=\"en_US\" \/>\n<meta property=\"og:type\" content=\"article\" \/>\n<meta property=\"og:title\" content=\"Regjistri i k\u00ebrkesave dhe p\u00ebrgjigjeve Janar 2026 - Bashkia Durr\u00ebs\" \/>\n<meta property=\"og:description\" content=\"Nr. Rendor Data e k\u00ebrkes\u00ebs Objekti i k\u00ebrkes\u00ebs Data e p\u00ebrgjigjes P\u00ebrgjigje Tarifa 1 05.01.2026 Informacion mbi evadimin e mbetjeve urbane, Kod\u00ebr Sukth 08.01.2026 P\u00ebrgjigje Jo 2 05.01.2026 Masat e marra nga Sh\u00ebrbimi i Mbrojtjes nga Zjarri pas nd\u00ebrhyrjes t\u00eb raportuar n\u00eb zon\u00ebn e Porto Romanos 22.01.2026 P\u00ebrgjigje Jo 3 08.01.2026 Informacion n\u00eb lidhje me [&hellip;]\" \/>\n<meta property=\"og:url\" content=\"https:\/\/durres.gov.al\/en\/regjistri-i-kerkesave-dhe-pergjigjeve-2026\/regjistri-i-kerkesave-dhe-pergjigjeve-janar-2026\/\" \/>\n<meta property=\"og:site_name\" content=\"Bashkia Durr\u00ebs\" \/>\n<meta property=\"article:modified_time\" content=\"2026-03-19T12:53:52+00:00\" \/>\n<meta name=\"twitter:card\" content=\"summary_large_image\" \/>\n<meta name=\"twitter:label1\" content=\"Est. reading time\" \/>\n\t<meta name=\"twitter:data1\" content=\"1 minute\" \/>\n<script type=\"application\/ld+json\" class=\"yoast-schema-graph\">{\"@context\":\"https:\\\/\\\/schema.org\",\"@graph\":[{\"@type\":\"WebPage\",\"@id\":\"https:\\\/\\\/durres.gov.al\\\/regjistri-i-kerkesave-dhe-pergjigjeve-2026\\\/regjistri-i-kerkesave-dhe-pergjigjeve-janar-2026\\\/\",\"url\":\"https:\\\/\\\/durres.gov.al\\\/regjistri-i-kerkesave-dhe-pergjigjeve-2026\\\/regjistri-i-kerkesave-dhe-pergjigjeve-janar-2026\\\/\",\"name\":\"Regjistri i k\u00ebrkesave dhe p\u00ebrgjigjeve Janar 2026 - Bashkia Durr\u00ebs\",\"isPartOf\":{\"@id\":\"https:\\\/\\\/durres.gov.al\\\/en\\\/#website\"},\"datePublished\":\"2026-02-23T15:08:40+00:00\",\"dateModified\":\"2026-03-19T12:53:52+00:00\",\"breadcrumb\":{\"@id\":\"https:\\\/\\\/durres.gov.al\\\/regjistri-i-kerkesave-dhe-pergjigjeve-2026\\\/regjistri-i-kerkesave-dhe-pergjigjeve-janar-2026\\\/#breadcrumb\"},\"inLanguage\":\"en-US\",\"potentialAction\":[{\"@type\":\"ReadAction\",\"target\":[\"https:\\\/\\\/durres.gov.al\\\/regjistri-i-kerkesave-dhe-pergjigjeve-2026\\\/regjistri-i-kerkesave-dhe-pergjigjeve-janar-2026\\\/\"]}]},{\"@type\":\"BreadcrumbList\",\"@id\":\"https:\\\/\\\/durres.gov.al\\\/regjistri-i-kerkesave-dhe-pergjigjeve-2026\\\/regjistri-i-kerkesave-dhe-pergjigjeve-janar-2026\\\/#breadcrumb\",\"itemListElement\":[{\"@type\":\"ListItem\",\"position\":1,\"name\":\"Home\",\"item\":\"https:\\\/\\\/durres.gov.al\\\/\"},{\"@type\":\"ListItem\",\"position\":2,\"name\":\"Regjistri i k\u00ebrkesave dhe p\u00ebrgjigjeve 2026\",\"item\":\"https:\\\/\\\/durres.gov.al\\\/regjistri-i-kerkesave-dhe-pergjigjeve-2026\\\/\"},{\"@type\":\"ListItem\",\"position\":3,\"name\":\"Regjistri i k\u00ebrkesave dhe p\u00ebrgjigjeve Janar 2026\"}]},{\"@type\":\"WebSite\",\"@id\":\"https:\\\/\\\/durres.gov.al\\\/en\\\/#website\",\"url\":\"https:\\\/\\\/durres.gov.al\\\/en\\\/\",\"name\":\"Bashkia Durr\u00ebs\",\"description\":\"Faqja Zyrtare n\u00eb Internet\",\"publisher\":{\"@id\":\"https:\\\/\\\/durres.gov.al\\\/en\\\/#organization\"},\"potentialAction\":[{\"@type\":\"SearchAction\",\"target\":{\"@type\":\"EntryPoint\",\"urlTemplate\":\"https:\\\/\\\/durres.gov.al\\\/en\\\/?s={search_term_string}\"},\"query-input\":{\"@type\":\"PropertyValueSpecification\",\"valueRequired\":true,\"valueName\":\"search_term_string\"}}],\"inLanguage\":\"en-US\"},{\"@type\":\"Organization\",\"@id\":\"https:\\\/\\\/durres.gov.al\\\/en\\\/#organization\",\"name\":\"Bashkia Durr\u00ebs\",\"url\":\"https:\\\/\\\/durres.gov.al\\\/en\\\/\",\"logo\":{\"@type\":\"ImageObject\",\"inLanguage\":\"en-US\",\"@id\":\"https:\\\/\\\/durres.gov.al\\\/en\\\/#\\\/schema\\\/logo\\\/image\\\/\",\"url\":\"https:\\\/\\\/durres.gov.al\\\/wp-content\\\/uploads\\\/2023\\\/01\\\/cropped-logo.png\",\"contentUrl\":\"https:\\\/\\\/durres.gov.al\\\/wp-content\\\/uploads\\\/2023\\\/01\\\/cropped-logo.png\",\"width\":512,\"height\":512,\"caption\":\"Bashkia Durr\u00ebs\"},\"image\":{\"@id\":\"https:\\\/\\\/durres.gov.al\\\/en\\\/#\\\/schema\\\/logo\\\/image\\\/\"}}]}<\/script>\n<!-- \/ Yoast SEO plugin. -->","yoast_head_json":{"title":"Regjistri i k\u00ebrkesave dhe p\u00ebrgjigjeve Janar 2026 - Bashkia Durr\u00ebs","robots":{"index":"index","follow":"follow","max-snippet":"max-snippet:-1","max-image-preview":"max-image-preview:large","max-video-preview":"max-video-preview:-1"},"canonical":"https:\/\/durres.gov.al\/en\/regjistri-i-kerkesave-dhe-pergjigjeve-2026\/regjistri-i-kerkesave-dhe-pergjigjeve-janar-2026\/","og_locale":"en_US","og_type":"article","og_title":"Regjistri i k\u00ebrkesave dhe p\u00ebrgjigjeve Janar 2026 - Bashkia Durr\u00ebs","og_description":"Nr. Rendor Data e k\u00ebrkes\u00ebs Objekti i k\u00ebrkes\u00ebs Data e p\u00ebrgjigjes P\u00ebrgjigje Tarifa 1 05.01.2026 Informacion mbi evadimin e mbetjeve urbane, Kod\u00ebr Sukth 08.01.2026 P\u00ebrgjigje Jo 2 05.01.2026 Masat e marra nga Sh\u00ebrbimi i Mbrojtjes nga Zjarri pas nd\u00ebrhyrjes t\u00eb raportuar n\u00eb zon\u00ebn e Porto Romanos 22.01.2026 P\u00ebrgjigje Jo 3 08.01.2026 Informacion n\u00eb lidhje me [&hellip;]","og_url":"https:\/\/durres.gov.al\/en\/regjistri-i-kerkesave-dhe-pergjigjeve-2026\/regjistri-i-kerkesave-dhe-pergjigjeve-janar-2026\/","og_site_name":"Bashkia Durr\u00ebs","article_modified_time":"2026-03-19T12:53:52+00:00","twitter_card":"summary_large_image","twitter_misc":{"Est. reading time":"1 minute"},"schema":{"@context":"https:\/\/schema.org","@graph":[{"@type":"WebPage","@id":"https:\/\/durres.gov.al\/regjistri-i-kerkesave-dhe-pergjigjeve-2026\/regjistri-i-kerkesave-dhe-pergjigjeve-janar-2026\/","url":"https:\/\/durres.gov.al\/regjistri-i-kerkesave-dhe-pergjigjeve-2026\/regjistri-i-kerkesave-dhe-pergjigjeve-janar-2026\/","name":"Regjistri i k\u00ebrkesave dhe p\u00ebrgjigjeve Janar 2026 - Bashkia Durr\u00ebs","isPartOf":{"@id":"https:\/\/durres.gov.al\/en\/#website"},"datePublished":"2026-02-23T15:08:40+00:00","dateModified":"2026-03-19T12:53:52+00:00","breadcrumb":{"@id":"https:\/\/durres.gov.al\/regjistri-i-kerkesave-dhe-pergjigjeve-2026\/regjistri-i-kerkesave-dhe-pergjigjeve-janar-2026\/#breadcrumb"},"inLanguage":"en-US","potentialAction":[{"@type":"ReadAction","target":["https:\/\/durres.gov.al\/regjistri-i-kerkesave-dhe-pergjigjeve-2026\/regjistri-i-kerkesave-dhe-pergjigjeve-janar-2026\/"]}]},{"@type":"BreadcrumbList","@id":"https:\/\/durres.gov.al\/regjistri-i-kerkesave-dhe-pergjigjeve-2026\/regjistri-i-kerkesave-dhe-pergjigjeve-janar-2026\/#breadcrumb","itemListElement":[{"@type":"ListItem","position":1,"name":"Home","item":"https:\/\/durres.gov.al\/"},{"@type":"ListItem","position":2,"name":"Regjistri i k\u00ebrkesave dhe p\u00ebrgjigjeve 2026","item":"https:\/\/durres.gov.al\/regjistri-i-kerkesave-dhe-pergjigjeve-2026\/"},{"@type":"ListItem","position":3,"name":"Regjistri i k\u00ebrkesave dhe p\u00ebrgjigjeve Janar 2026"}]},{"@type":"WebSite","@id":"https:\/\/durres.gov.al\/en\/#website","url":"https:\/\/durres.gov.al\/en\/","name":"Municipality of Durr\u00ebs","description":"Faqja Zyrtare n\u00eb Internet","publisher":{"@id":"https:\/\/durres.gov.al\/en\/#organization"},"potentialAction":[{"@type":"SearchAction","target":{"@type":"EntryPoint","urlTemplate":"https:\/\/durres.gov.al\/en\/?s={search_term_string}"},"query-input":{"@type":"PropertyValueSpecification","valueRequired":true,"valueName":"search_term_string"}}],"inLanguage":"en-US"},{"@type":"Organization","@id":"https:\/\/durres.gov.al\/en\/#organization","name":"Municipality of Durr\u00ebs","url":"https:\/\/durres.gov.al\/en\/","logo":{"@type":"ImageObject","inLanguage":"en-US","@id":"https:\/\/durres.gov.al\/en\/#\/schema\/logo\/image\/","url":"https:\/\/durres.gov.al\/wp-content\/uploads\/2023\/01\/cropped-logo.png","contentUrl":"https:\/\/durres.gov.al\/wp-content\/uploads\/2023\/01\/cropped-logo.png","width":512,"height":512,"caption":"Bashkia Durr\u00ebs"},"image":{"@id":"https:\/\/durres.gov.al\/en\/#\/schema\/logo\/image\/"}}]}},"_links":{"self":[{"href":"https:\/\/durres.gov.al\/en\/wp-json\/wp\/v2\/pages\/28784","targetHints":{"allow":["GET"]}}],"collection":[{"href":"https:\/\/durres.gov.al\/en\/wp-json\/wp\/v2\/pages"}],"about":[{"href":"https:\/\/durres.gov.al\/en\/wp-json\/wp\/v2\/types\/page"}],"author":[{"embeddable":true,"href":"https:\/\/durres.gov.al\/en\/wp-json\/wp\/v2\/users\/4"}],"replies":[{"embeddable":true,"href":"https:\/\/durres.gov.al\/en\/wp-json\/wp\/v2\/comments?post=28784"}],"version-history":[{"count":9,"href":"https:\/\/durres.gov.al\/en\/wp-json\/wp\/v2\/pages\/28784\/revisions"}],"predecessor-version":[{"id":28837,"href":"https:\/\/durres.gov.al\/en\/wp-json\/wp\/v2\/pages\/28784\/revisions\/28837"}],"up":[{"embeddable":true,"href":"https:\/\/durres.gov.al\/en\/wp-json\/wp\/v2\/pages\/28783"}],"wp:attachment":[{"href":"https:\/\/durres.gov.al\/en\/wp-json\/wp\/v2\/media?parent=28784"}],"curies":[{"name":"wp","href":"https:\/\/api.w.org\/{rel}","templated":true}]}}