{"id":28786,"date":"2026-02-24T10:50:24","date_gmt":"2026-02-24T09:50:24","guid":{"rendered":"https:\/\/durres.gov.al\/?page_id=25549"},"modified":"2026-03-19T13:12:49","modified_gmt":"2026-03-19T12:12:49","slug":"mekanizmat-monitorues-dhe-te-kontrollit-informacion","status":"publish","type":"page","link":"https:\/\/durres.gov.al\/en\/mekanizmat-monitorues-dhe-te-kontrollit\/mekanizmat-monitorues-dhe-te-kontrollit-informacion\/","title":{"rendered":"Monitoring and Control Mechanisms \u2013 Information"},"content":{"rendered":"<div data-elementor-type=\"wp-page\" data-elementor-id=\"28786\" class=\"elementor elementor-28786\" data-elementor-post-type=\"page\">\n\t\t\t\t<div class=\"elementor-element elementor-element-7d9dba2 e-con-full e-flex e-con e-parent\" data-id=\"7d9dba2\" data-element_type=\"container\" data-e-type=\"container\">\n\t\t\t\t<div class=\"elementor-element elementor-element-825aaeb elementor-widget elementor-widget-template\" data-id=\"825aaeb\" data-element_type=\"widget\" data-e-type=\"widget\" data-widget_type=\"template.default\">\n\t\t\t\t<div class=\"elementor-widget-container\">\n\t\t\t\t\t\t\t<div class=\"elementor-template\">\n\t\t\t\t\t<div data-elementor-type=\"container\" data-elementor-id=\"25501\" class=\"elementor elementor-25501\" data-elementor-post-type=\"elementor_library\">\n\t\t\t\t<div class=\"elementor-element elementor-element-1648416 e-flex e-con-boxed e-con e-parent\" data-id=\"1648416\" data-element_type=\"container\" data-e-type=\"container\" data-settings=\"{&quot;background_background&quot;:&quot;classic&quot;}\">\n\t\t\t\t\t<div class=\"e-con-inner\">\n\t\t\t\t\t<\/div>\n\t\t\t\t<\/div>\n\t\t\t\t<\/div>\n\t\t\t\t<\/div>\n\t\t\t\t\t\t<\/div>\n\t\t\t\t<\/div>\n\t\t\t\t<\/div>\n\t\t<div class=\"elementor-element elementor-element-0204f57 e-flex e-con-boxed e-con e-parent\" data-id=\"0204f57\" data-element_type=\"container\" data-e-type=\"container\">\n\t\t\t\t\t<div class=\"e-con-inner\">\n\t\t\t\t<div class=\"elementor-element elementor-element-0ebcbcd elementor-widget elementor-widget-n-accordion\" data-id=\"0ebcbcd\" data-element_type=\"widget\" data-e-type=\"widget\" data-settings=\"{&quot;default_state&quot;:&quot;expanded&quot;,&quot;max_items_expended&quot;:&quot;one&quot;,&quot;n_accordion_animation_duration&quot;:{&quot;unit&quot;:&quot;ms&quot;,&quot;size&quot;:400,&quot;sizes&quot;:[]}}\" data-widget_type=\"nested-accordion.default\">\n\t\t\t\t<div class=\"elementor-widget-container\">\n\t\t\t\t\t\t\t<div class=\"e-n-accordion\" aria-label=\"Accordion. Open links with Enter or Space, close with Escape, and navigate with Arrow Keys\">\n\t\t\t\t\t\t<details id=\"e-n-accordion-item-1540\" class=\"e-n-accordion-item\" open>\n\t\t\t\t<summary class=\"e-n-accordion-item-title\" data-accordion-index=\"1\" tabindex=\"0\" aria-expanded=\"true\" aria-controls=\"e-n-accordion-item-1540\" >\n\t\t\t\t\t<span class='e-n-accordion-item-title-header'><div class=\"e-n-accordion-item-title-text\"> Internal audit charter <\/div><\/span>\n\t\t\t\t\t\t\t<span class='e-n-accordion-item-title-icon'>\n\t\t\t<span class='e-opened' ><i aria-hidden=\"true\" class=\"fas fa-minus\"><\/i><\/span>\n\t\t\t<span class='e-closed'><i aria-hidden=\"true\" class=\"fas fa-plus\"><\/i><\/span>\n\t\t<\/span>\n\n\t\t\t\t\t\t<\/summary>\n\t\t\t\t<div role=\"region\" aria-labelledby=\"e-n-accordion-item-1540\" class=\"elementor-element elementor-element-548434b e-con-full e-flex e-con e-child\" data-id=\"548434b\" data-element_type=\"container\" data-e-type=\"container\" data-settings=\"{&quot;background_background&quot;:&quot;classic&quot;}\">\n\t\t\t\t<div class=\"elementor-element elementor-element-e9755b4 elementor-widget elementor-widget-text-editor\" data-id=\"e9755b4\" data-element_type=\"widget\" data-e-type=\"widget\" data-widget_type=\"text-editor.default\">\n\t\t\t\t<div class=\"elementor-widget-container\">\n\t\t\t\t\t\t\t\t\t<p><a href=\"https:\/\/durres.gov.al\/wp-content\/uploads\/2026\/02\/Karta-e-Auditit-Brendshem.pdf\">Internal audit charter<\/a><\/p>\t\t\t\t\t\t\t\t<\/div>\n\t\t\t\t<\/div>\n\t\t\t\t<\/div>\n\t\t\t\t\t<\/details>\n\t\t\t\t\t\t<details id=\"e-n-accordion-item-1541\" class=\"e-n-accordion-item\" >\n\t\t\t\t<summary class=\"e-n-accordion-item-title\" data-accordion-index=\"2\" tabindex=\"-1\" aria-expanded=\"false\" aria-controls=\"e-n-accordion-item-1541\" >\n\t\t\t\t\t<span class='e-n-accordion-item-title-header'><div class=\"e-n-accordion-item-title-text\"> Code of ethics for internal auditors <\/div><\/span>\n\t\t\t\t\t\t\t<span class='e-n-accordion-item-title-icon'>\n\t\t\t<span class='e-opened' ><i aria-hidden=\"true\" class=\"fas fa-minus\"><\/i><\/span>\n\t\t\t<span class='e-closed'><i aria-hidden=\"true\" class=\"fas fa-plus\"><\/i><\/span>\n\t\t<\/span>\n\n\t\t\t\t\t\t<\/summary>\n\t\t\t\t<div role=\"region\" aria-labelledby=\"e-n-accordion-item-1541\" class=\"elementor-element elementor-element-d3372e7 e-con-full e-flex e-con e-child\" data-id=\"d3372e7\" data-element_type=\"container\" data-e-type=\"container\" data-settings=\"{&quot;background_background&quot;:&quot;classic&quot;}\">\n\t\t\t\t<div class=\"elementor-element elementor-element-2d9d8ea elementor-widget elementor-widget-text-editor\" data-id=\"2d9d8ea\" data-element_type=\"widget\" data-e-type=\"widget\" data-widget_type=\"text-editor.default\">\n\t\t\t\t<div class=\"elementor-widget-container\">\n\t\t\t\t\t\t\t\t\t<p><a href=\"https:\/\/durres.gov.al\/wp-content\/uploads\/2026\/02\/KODI-I-ETIKES-se-Audituesit-te-Brendshem-ne-sektorin-publik.pdf\">Code of Ethics for Internal Auditors in the Public Sector<\/a><\/p>\t\t\t\t\t\t\t\t<\/div>\n\t\t\t\t<\/div>\n\t\t\t\t<\/div>\n\t\t\t\t\t<\/details>\n\t\t\t\t\t\t<details id=\"e-n-accordion-item-1542\" class=\"e-n-accordion-item\" >\n\t\t\t\t<summary class=\"e-n-accordion-item-title\" data-accordion-index=\"3\" tabindex=\"-1\" aria-expanded=\"false\" aria-controls=\"e-n-accordion-item-1542\" >\n\t\t\t\t\t<span class='e-n-accordion-item-title-header'><div class=\"e-n-accordion-item-title-text\"> Strategic and annual plan of the internal audit unit <\/div><\/span>\n\t\t\t\t\t\t\t<span class='e-n-accordion-item-title-icon'>\n\t\t\t<span class='e-opened' ><i aria-hidden=\"true\" class=\"fas fa-minus\"><\/i><\/span>\n\t\t\t<span class='e-closed'><i aria-hidden=\"true\" class=\"fas fa-plus\"><\/i><\/span>\n\t\t<\/span>\n\n\t\t\t\t\t\t<\/summary>\n\t\t\t\t<div role=\"region\" aria-labelledby=\"e-n-accordion-item-1542\" class=\"elementor-element elementor-element-7fd2643 e-con-full e-flex e-con e-child\" data-id=\"7fd2643\" data-element_type=\"container\" data-e-type=\"container\" data-settings=\"{&quot;background_background&quot;:&quot;classic&quot;}\">\n\t\t\t\t<div class=\"elementor-element elementor-element-51ef2c0 elementor-widget elementor-widget-text-editor\" data-id=\"51ef2c0\" data-element_type=\"widget\" data-e-type=\"widget\" data-widget_type=\"text-editor.default\">\n\t\t\t\t<div class=\"elementor-widget-container\">\n\t\t\t\t\t\t\t\t\t<p>STRATEGIC AND ANNUAL PLAN 2026<\/p><ul><li><a href=\"https:\/\/durres.gov.al\/wp-content\/uploads\/2026\/02\/Plani-vjetor-2026.pdf\">Annual plan 2026<\/a><\/li><li><a href=\"https:\/\/durres.gov.al\/wp-content\/uploads\/2026\/02\/Plani-strategjik-2026.pdf\">Strategic plan 2026<\/a><\/li><\/ul><p>STRATEGIC AND ANNUAL PLAN 2025<\/p><ul><li><a href=\"https:\/\/durres.gov.al\/wp-content\/uploads\/2026\/02\/Plani-vjetor-2025.pdf\">Annual plan 2025<\/a><\/li><li><a href=\"https:\/\/durres.gov.al\/wp-content\/uploads\/2026\/02\/Plani-strategjik-2025.pdf\">Strategic plan 2025<\/a><\/li><\/ul>\t\t\t\t\t\t\t\t<\/div>\n\t\t\t\t<\/div>\n\t\t\t\t<\/div>\n\t\t\t\t\t<\/details>\n\t\t\t\t\t\t<details id=\"e-n-accordion-item-1543\" class=\"e-n-accordion-item\" >\n\t\t\t\t<summary class=\"e-n-accordion-item-title\" data-accordion-index=\"4\" tabindex=\"-1\" aria-expanded=\"false\" aria-controls=\"e-n-accordion-item-1543\" >\n\t\t\t\t\t<span class='e-n-accordion-item-title-header'><div class=\"e-n-accordion-item-title-text\"> Final report of the external audit carried out in the municipality <\/div><\/span>\n\t\t\t\t\t\t\t<span class='e-n-accordion-item-title-icon'>\n\t\t\t<span class='e-opened' ><i aria-hidden=\"true\" class=\"fas fa-minus\"><\/i><\/span>\n\t\t\t<span class='e-closed'><i aria-hidden=\"true\" class=\"fas fa-plus\"><\/i><\/span>\n\t\t<\/span>\n\n\t\t\t\t\t\t<\/summary>\n\t\t\t\t<div role=\"region\" aria-labelledby=\"e-n-accordion-item-1543\" class=\"elementor-element elementor-element-d03ecbf e-flex e-con-boxed e-con e-child\" data-id=\"d03ecbf\" data-element_type=\"container\" data-e-type=\"container\" data-settings=\"{&quot;background_background&quot;:&quot;classic&quot;}\">\n\t\t\t\t\t<div class=\"e-con-inner\">\n\t\t\t\t<div class=\"elementor-element elementor-element-10b8ad9 elementor-widget elementor-widget-text-editor\" data-id=\"10b8ad9\" data-element_type=\"widget\" data-e-type=\"widget\" data-widget_type=\"text-editor.default\">\n\t\t\t\t<div class=\"elementor-widget-container\">\n\t\t\t\t\t\t\t\t\t<ul><li><a href=\"https:\/\/durres.gov.al\/wp-content\/uploads\/2026\/02\/Raport-perfundimtar-auditimi-performance-Mbrojtja-e-vlerave-dhe-pasurise-se-vendit-tone-ne-UNESCO.pdf\">Final performance audit report \u2013 Protection of the values \u200b\u200band assets of our country at UNESCO<\/a><\/li><li><a href=\"https:\/\/durres.gov.al\/wp-content\/uploads\/2026\/02\/Raport-perfundimtar-i-auditimit-tematik-Mbi-zbatimin-e-rekomandimeve-te-lena-ne-auditimet-e-performances-te-evaduar-ne-gjashte.pdf\">Final thematic audit report \u2013 On the implementation of recommendations made in the six-monthly performance audits<\/a><\/li><li><a href=\"https:\/\/durres.gov.al\/wp-content\/uploads\/2026\/02\/Raport-perfundimtar-i-auditimit-te-performances-Aksesueshmeria-per-personat-me-aftesi-te-kufizuar.pdf\">Final performance audit report \u2013 Accessibility for people with disabilities<\/a><\/li><li><a href=\"https:\/\/durres.gov.al\/wp-content\/uploads\/2026\/02\/Raport-perfundimtar-auditimi-Menaxhimi-i-hapesirave-publike-ne-plazhe.pdf\">Final audit report \u2013 Management of public spaces on beaches<\/a><\/li><li><a href=\"https:\/\/durres.gov.al\/wp-content\/uploads\/2026\/02\/Raport-auditimi-performance-Cilesia-e-ujerave-ne-plazhe.pdf\">Performance audit report - Water quality on beaches<\/a><\/li><li><a href=\"https:\/\/durres.gov.al\/wp-content\/uploads\/2026\/02\/Raport-Bashkia-Durres-auditim-financiar-web-1.pdf\">Durres Municipality financial audit report<\/a><\/li><\/ul>\t\t\t\t\t\t\t\t<\/div>\n\t\t\t\t<\/div>\n\t\t\t\t\t<\/div>\n\t\t\t\t<\/div>\n\t\t\t\t\t<\/details>\n\t\t\t\t\t\t<details id=\"e-n-accordion-item-1544\" class=\"e-n-accordion-item\" >\n\t\t\t\t<summary class=\"e-n-accordion-item-title\" data-accordion-index=\"5\" tabindex=\"-1\" aria-expanded=\"false\" aria-controls=\"e-n-accordion-item-1544\" >\n\t\t\t\t\t<span class='e-n-accordion-item-title-header'><div class=\"e-n-accordion-item-title-text\"> Action plan for implementing recommendations <\/div><\/span>\n\t\t\t\t\t\t\t<span class='e-n-accordion-item-title-icon'>\n\t\t\t<span class='e-opened' ><i aria-hidden=\"true\" class=\"fas fa-minus\"><\/i><\/span>\n\t\t\t<span class='e-closed'><i aria-hidden=\"true\" class=\"fas fa-plus\"><\/i><\/span>\n\t\t<\/span>\n\n\t\t\t\t\t\t<\/summary>\n\t\t\t\t<div role=\"region\" aria-labelledby=\"e-n-accordion-item-1544\" class=\"elementor-element elementor-element-227eaf2 e-flex e-con-boxed e-con e-child\" data-id=\"227eaf2\" data-element_type=\"container\" data-e-type=\"container\" data-settings=\"{&quot;background_background&quot;:&quot;classic&quot;}\">\n\t\t\t\t\t<div class=\"e-con-inner\">\n\t\t\t\t<div class=\"elementor-element elementor-element-bfcd92a elementor-widget elementor-widget-text-editor\" data-id=\"bfcd92a\" data-element_type=\"widget\" data-e-type=\"widget\" data-widget_type=\"text-editor.default\">\n\t\t\t\t<div class=\"elementor-widget-container\">\n\t\t\t\t\t\t\t\t\t<p><a href=\"https:\/\/durres.gov.al\/wp-content\/uploads\/2026\/02\/Plan-Veprimi-KLSH-Auditimi-Financiar-2025.pdf\">SAI Financial Audit Action Plan 2025<\/a><\/p>\t\t\t\t\t\t\t\t<\/div>\n\t\t\t\t<\/div>\n\t\t\t\t\t<\/div>\n\t\t\t\t<\/div>\n\t\t\t\t\t<\/details>\n\t\t\t\t\t<\/div>\n\t\t\t\t\t\t<\/div>\n\t\t\t\t<\/div>\n\t\t\t\t\t<\/div>\n\t\t\t\t<\/div>\n\t\t\t\t<\/div>","protected":false},"excerpt":{"rendered":"<p>Karta e auditimit t\u00eb brendsh\u00ebm Karta e auditit t\u00eb brendsh\u00ebm Kodi i etik\u00ebs p\u00ebr audituesit e brendsh\u00ebm Kodi i etik\u00ebs s\u00eb Audituesit t\u00eb brendsh\u00ebm n\u00eb sektorin publik Plani strategjik dhe vjetor t\u00eb nj\u00ebsis\u00eb s\u00eb auditimit t\u00eb brendsh\u00ebm PLANI STRATEGJIK DHE VJETOR 2026 Plani vjetor 2026 Plani strategjik 2026 PLANI STRATEGJIK DHE VJETOR 2025 Plani vjetor [&hellip;]<\/p>\n","protected":false},"author":4,"featured_media":0,"parent":28785,"menu_order":0,"comment_status":"closed","ping_status":"closed","template":"","meta":{"_acf_changed":false,"footnotes":""},"class_list":["post-28786","page","type-page","status-publish","hentry"],"acf":[],"yoast_head":"<!-- This site is optimized with the Yoast SEO plugin v27.4 - https:\/\/yoast.com\/product\/yoast-seo-wordpress\/ -->\n<title>Mekanizmat monitorues dhe te kontrollit - Informacion - Bashkia Durr\u00ebs<\/title>\n<meta name=\"robots\" content=\"index, follow, max-snippet:-1, max-image-preview:large, max-video-preview:-1\" \/>\n<link rel=\"canonical\" href=\"https:\/\/durres.gov.al\/en\/mekanizmat-monitorues-dhe-te-kontrollit\/mekanizmat-monitorues-dhe-te-kontrollit-informacion\/\" \/>\n<meta property=\"og:locale\" content=\"en_US\" \/>\n<meta property=\"og:type\" content=\"article\" \/>\n<meta property=\"og:title\" content=\"Mekanizmat monitorues dhe te kontrollit - Informacion - Bashkia Durr\u00ebs\" \/>\n<meta property=\"og:description\" content=\"Karta e auditimit t\u00eb brendsh\u00ebm Karta e auditit t\u00eb brendsh\u00ebm Kodi i etik\u00ebs p\u00ebr audituesit e brendsh\u00ebm Kodi i etik\u00ebs s\u00eb Audituesit t\u00eb brendsh\u00ebm n\u00eb sektorin publik Plani strategjik dhe vjetor t\u00eb nj\u00ebsis\u00eb s\u00eb auditimit t\u00eb brendsh\u00ebm PLANI STRATEGJIK DHE VJETOR 2026 Plani vjetor 2026 Plani strategjik 2026 PLANI STRATEGJIK DHE VJETOR 2025 Plani vjetor [&hellip;]\" \/>\n<meta property=\"og:url\" content=\"https:\/\/durres.gov.al\/en\/mekanizmat-monitorues-dhe-te-kontrollit\/mekanizmat-monitorues-dhe-te-kontrollit-informacion\/\" \/>\n<meta property=\"og:site_name\" content=\"Bashkia Durr\u00ebs\" \/>\n<meta property=\"article:modified_time\" content=\"2026-03-19T12:12:49+00:00\" \/>\n<meta name=\"twitter:card\" content=\"summary_large_image\" \/>\n<meta name=\"twitter:label1\" content=\"Est. reading time\" \/>\n\t<meta name=\"twitter:data1\" content=\"1 minute\" \/>\n<script type=\"application\/ld+json\" class=\"yoast-schema-graph\">{\"@context\":\"https:\\\/\\\/schema.org\",\"@graph\":[{\"@type\":\"WebPage\",\"@id\":\"https:\\\/\\\/durres.gov.al\\\/mekanizmat-monitorues-dhe-te-kontrollit\\\/mekanizmat-monitorues-dhe-te-kontrollit-informacion\\\/\",\"url\":\"https:\\\/\\\/durres.gov.al\\\/mekanizmat-monitorues-dhe-te-kontrollit\\\/mekanizmat-monitorues-dhe-te-kontrollit-informacion\\\/\",\"name\":\"Mekanizmat monitorues dhe te kontrollit - Informacion - Bashkia Durr\u00ebs\",\"isPartOf\":{\"@id\":\"https:\\\/\\\/durres.gov.al\\\/en\\\/#website\"},\"datePublished\":\"2026-02-24T09:50:24+00:00\",\"dateModified\":\"2026-03-19T12:12:49+00:00\",\"breadcrumb\":{\"@id\":\"https:\\\/\\\/durres.gov.al\\\/mekanizmat-monitorues-dhe-te-kontrollit\\\/mekanizmat-monitorues-dhe-te-kontrollit-informacion\\\/#breadcrumb\"},\"inLanguage\":\"en-US\",\"potentialAction\":[{\"@type\":\"ReadAction\",\"target\":[\"https:\\\/\\\/durres.gov.al\\\/mekanizmat-monitorues-dhe-te-kontrollit\\\/mekanizmat-monitorues-dhe-te-kontrollit-informacion\\\/\"]}]},{\"@type\":\"BreadcrumbList\",\"@id\":\"https:\\\/\\\/durres.gov.al\\\/mekanizmat-monitorues-dhe-te-kontrollit\\\/mekanizmat-monitorues-dhe-te-kontrollit-informacion\\\/#breadcrumb\",\"itemListElement\":[{\"@type\":\"ListItem\",\"position\":1,\"name\":\"Home\",\"item\":\"https:\\\/\\\/durres.gov.al\\\/\"},{\"@type\":\"ListItem\",\"position\":2,\"name\":\"Mekanizmat monitorues dhe t\u00eb kontrollit\",\"item\":\"https:\\\/\\\/durres.gov.al\\\/mekanizmat-monitorues-dhe-te-kontrollit\\\/\"},{\"@type\":\"ListItem\",\"position\":3,\"name\":\"Mekanizmat monitorues dhe te kontrollit &#8211; Informacion\"}]},{\"@type\":\"WebSite\",\"@id\":\"https:\\\/\\\/durres.gov.al\\\/en\\\/#website\",\"url\":\"https:\\\/\\\/durres.gov.al\\\/en\\\/\",\"name\":\"Bashkia Durr\u00ebs\",\"description\":\"Faqja Zyrtare n\u00eb Internet\",\"publisher\":{\"@id\":\"https:\\\/\\\/durres.gov.al\\\/en\\\/#organization\"},\"potentialAction\":[{\"@type\":\"SearchAction\",\"target\":{\"@type\":\"EntryPoint\",\"urlTemplate\":\"https:\\\/\\\/durres.gov.al\\\/en\\\/?s={search_term_string}\"},\"query-input\":{\"@type\":\"PropertyValueSpecification\",\"valueRequired\":true,\"valueName\":\"search_term_string\"}}],\"inLanguage\":\"en-US\"},{\"@type\":\"Organization\",\"@id\":\"https:\\\/\\\/durres.gov.al\\\/en\\\/#organization\",\"name\":\"Bashkia Durr\u00ebs\",\"url\":\"https:\\\/\\\/durres.gov.al\\\/en\\\/\",\"logo\":{\"@type\":\"ImageObject\",\"inLanguage\":\"en-US\",\"@id\":\"https:\\\/\\\/durres.gov.al\\\/en\\\/#\\\/schema\\\/logo\\\/image\\\/\",\"url\":\"https:\\\/\\\/durres.gov.al\\\/wp-content\\\/uploads\\\/2023\\\/01\\\/cropped-logo.png\",\"contentUrl\":\"https:\\\/\\\/durres.gov.al\\\/wp-content\\\/uploads\\\/2023\\\/01\\\/cropped-logo.png\",\"width\":512,\"height\":512,\"caption\":\"Bashkia Durr\u00ebs\"},\"image\":{\"@id\":\"https:\\\/\\\/durres.gov.al\\\/en\\\/#\\\/schema\\\/logo\\\/image\\\/\"}}]}<\/script>\n<!-- \/ Yoast SEO plugin. -->","yoast_head_json":{"title":"Mekanizmat monitorues dhe te kontrollit - Informacion - Bashkia Durr\u00ebs","robots":{"index":"index","follow":"follow","max-snippet":"max-snippet:-1","max-image-preview":"max-image-preview:large","max-video-preview":"max-video-preview:-1"},"canonical":"https:\/\/durres.gov.al\/en\/mekanizmat-monitorues-dhe-te-kontrollit\/mekanizmat-monitorues-dhe-te-kontrollit-informacion\/","og_locale":"en_US","og_type":"article","og_title":"Mekanizmat monitorues dhe te kontrollit - Informacion - Bashkia Durr\u00ebs","og_description":"Karta e auditimit t\u00eb brendsh\u00ebm Karta e auditit t\u00eb brendsh\u00ebm Kodi i etik\u00ebs p\u00ebr audituesit e brendsh\u00ebm Kodi i etik\u00ebs s\u00eb Audituesit t\u00eb brendsh\u00ebm n\u00eb sektorin publik Plani strategjik dhe vjetor t\u00eb nj\u00ebsis\u00eb s\u00eb auditimit t\u00eb brendsh\u00ebm PLANI STRATEGJIK DHE VJETOR 2026 Plani vjetor 2026 Plani strategjik 2026 PLANI STRATEGJIK DHE VJETOR 2025 Plani vjetor [&hellip;]","og_url":"https:\/\/durres.gov.al\/en\/mekanizmat-monitorues-dhe-te-kontrollit\/mekanizmat-monitorues-dhe-te-kontrollit-informacion\/","og_site_name":"Bashkia Durr\u00ebs","article_modified_time":"2026-03-19T12:12:49+00:00","twitter_card":"summary_large_image","twitter_misc":{"Est. reading time":"1 minute"},"schema":{"@context":"https:\/\/schema.org","@graph":[{"@type":"WebPage","@id":"https:\/\/durres.gov.al\/mekanizmat-monitorues-dhe-te-kontrollit\/mekanizmat-monitorues-dhe-te-kontrollit-informacion\/","url":"https:\/\/durres.gov.al\/mekanizmat-monitorues-dhe-te-kontrollit\/mekanizmat-monitorues-dhe-te-kontrollit-informacion\/","name":"Mekanizmat monitorues dhe te kontrollit - Informacion - Bashkia Durr\u00ebs","isPartOf":{"@id":"https:\/\/durres.gov.al\/en\/#website"},"datePublished":"2026-02-24T09:50:24+00:00","dateModified":"2026-03-19T12:12:49+00:00","breadcrumb":{"@id":"https:\/\/durres.gov.al\/mekanizmat-monitorues-dhe-te-kontrollit\/mekanizmat-monitorues-dhe-te-kontrollit-informacion\/#breadcrumb"},"inLanguage":"en-US","potentialAction":[{"@type":"ReadAction","target":["https:\/\/durres.gov.al\/mekanizmat-monitorues-dhe-te-kontrollit\/mekanizmat-monitorues-dhe-te-kontrollit-informacion\/"]}]},{"@type":"BreadcrumbList","@id":"https:\/\/durres.gov.al\/mekanizmat-monitorues-dhe-te-kontrollit\/mekanizmat-monitorues-dhe-te-kontrollit-informacion\/#breadcrumb","itemListElement":[{"@type":"ListItem","position":1,"name":"Home","item":"https:\/\/durres.gov.al\/"},{"@type":"ListItem","position":2,"name":"Mekanizmat monitorues dhe t\u00eb kontrollit","item":"https:\/\/durres.gov.al\/mekanizmat-monitorues-dhe-te-kontrollit\/"},{"@type":"ListItem","position":3,"name":"Mekanizmat monitorues dhe te kontrollit &#8211; Informacion"}]},{"@type":"WebSite","@id":"https:\/\/durres.gov.al\/en\/#website","url":"https:\/\/durres.gov.al\/en\/","name":"Municipality of Durr\u00ebs","description":"Faqja Zyrtare n\u00eb Internet","publisher":{"@id":"https:\/\/durres.gov.al\/en\/#organization"},"potentialAction":[{"@type":"SearchAction","target":{"@type":"EntryPoint","urlTemplate":"https:\/\/durres.gov.al\/en\/?s={search_term_string}"},"query-input":{"@type":"PropertyValueSpecification","valueRequired":true,"valueName":"search_term_string"}}],"inLanguage":"en-US"},{"@type":"Organization","@id":"https:\/\/durres.gov.al\/en\/#organization","name":"Municipality of Durr\u00ebs","url":"https:\/\/durres.gov.al\/en\/","logo":{"@type":"ImageObject","inLanguage":"en-US","@id":"https:\/\/durres.gov.al\/en\/#\/schema\/logo\/image\/","url":"https:\/\/durres.gov.al\/wp-content\/uploads\/2023\/01\/cropped-logo.png","contentUrl":"https:\/\/durres.gov.al\/wp-content\/uploads\/2023\/01\/cropped-logo.png","width":512,"height":512,"caption":"Bashkia Durr\u00ebs"},"image":{"@id":"https:\/\/durres.gov.al\/en\/#\/schema\/logo\/image\/"}}]}},"_links":{"self":[{"href":"https:\/\/durres.gov.al\/en\/wp-json\/wp\/v2\/pages\/28786","targetHints":{"allow":["GET"]}}],"collection":[{"href":"https:\/\/durres.gov.al\/en\/wp-json\/wp\/v2\/pages"}],"about":[{"href":"https:\/\/durres.gov.al\/en\/wp-json\/wp\/v2\/types\/page"}],"author":[{"embeddable":true,"href":"https:\/\/durres.gov.al\/en\/wp-json\/wp\/v2\/users\/4"}],"replies":[{"embeddable":true,"href":"https:\/\/durres.gov.al\/en\/wp-json\/wp\/v2\/comments?post=28786"}],"version-history":[{"count":6,"href":"https:\/\/durres.gov.al\/en\/wp-json\/wp\/v2\/pages\/28786\/revisions"}],"predecessor-version":[{"id":28804,"href":"https:\/\/durres.gov.al\/en\/wp-json\/wp\/v2\/pages\/28786\/revisions\/28804"}],"up":[{"embeddable":true,"href":"https:\/\/durres.gov.al\/en\/wp-json\/wp\/v2\/pages\/28785"}],"wp:attachment":[{"href":"https:\/\/durres.gov.al\/en\/wp-json\/wp\/v2\/media?parent=28786"}],"curies":[{"name":"wp","href":"https:\/\/api.w.org\/{rel}","templated":true}]}}