{"id":28884,"date":"2026-03-19T15:26:41","date_gmt":"2026-03-19T14:26:41","guid":{"rendered":"https:\/\/durres.gov.al\/?page_id=28884"},"modified":"2026-03-19T15:27:40","modified_gmt":"2026-03-19T14:27:40","slug":"sherbimet-publike","status":"publish","type":"page","link":"https:\/\/durres.gov.al\/en\/sherbimet-publike\/","title":{"rendered":"Public Services"},"content":{"rendered":"<div data-elementor-type=\"wp-page\" data-elementor-id=\"28884\" class=\"elementor elementor-28884\" data-elementor-post-type=\"page\">\n\t\t\t\t<div class=\"elementor-element elementor-element-9160006 e-con-full e-flex e-con e-parent\" data-id=\"9160006\" data-element_type=\"container\" data-e-type=\"container\">\n\t\t\t\t<div class=\"elementor-element elementor-element-83a9108 elementor-widget elementor-widget-template\" data-id=\"83a9108\" data-element_type=\"widget\" data-e-type=\"widget\" data-widget_type=\"template.default\">\n\t\t\t\t<div class=\"elementor-widget-container\">\n\t\t\t\t\t\t\t<div class=\"elementor-template\">\n\t\t\t\t\t<div data-elementor-type=\"container\" data-elementor-id=\"25501\" class=\"elementor elementor-25501\" data-elementor-post-type=\"elementor_library\">\n\t\t\t\t<div class=\"elementor-element elementor-element-1648416 e-flex e-con-boxed e-con e-parent\" data-id=\"1648416\" data-element_type=\"container\" data-e-type=\"container\" data-settings=\"{&quot;background_background&quot;:&quot;classic&quot;}\">\n\t\t\t\t\t<div class=\"e-con-inner\">\n\t\t\t\t\t<\/div>\n\t\t\t\t<\/div>\n\t\t\t\t<\/div>\n\t\t\t\t<\/div>\n\t\t\t\t\t\t<\/div>\n\t\t\t\t<\/div>\n\t\t\t\t<\/div>\n\t\t<div class=\"elementor-element elementor-element-4d3a4e0 e-flex e-con-boxed e-con e-parent\" data-id=\"4d3a4e0\" data-element_type=\"container\" data-e-type=\"container\">\n\t\t\t\t\t<div class=\"e-con-inner\">\n\t\t\t\t<div class=\"elementor-element elementor-element-8e7647b elementor-widget elementor-widget-n-accordion\" data-id=\"8e7647b\" data-element_type=\"widget\" data-e-type=\"widget\" data-settings=\"{&quot;default_state&quot;:&quot;expanded&quot;,&quot;max_items_expended&quot;:&quot;one&quot;,&quot;n_accordion_animation_duration&quot;:{&quot;unit&quot;:&quot;ms&quot;,&quot;size&quot;:400,&quot;sizes&quot;:[]}}\" data-widget_type=\"nested-accordion.default\">\n\t\t\t\t<div class=\"elementor-widget-container\">\n\t\t\t\t\t\t\t<div class=\"e-n-accordion\" aria-label=\"Accordion. Open links with Enter or Space, close with Escape, and navigate with Arrow Keys\">\n\t\t\t\t\t\t<details id=\"e-n-accordion-item-1490\" class=\"e-n-accordion-item\" open>\n\t\t\t\t<summary class=\"e-n-accordion-item-title\" data-accordion-index=\"1\" tabindex=\"0\" aria-expanded=\"true\" aria-controls=\"e-n-accordion-item-1490\" >\n\t\t\t\t\t<span class='e-n-accordion-item-title-header'><div class=\"e-n-accordion-item-title-text\"> Public Servicess <\/div><\/span>\n\t\t\t\t\t\t\t<span class='e-n-accordion-item-title-icon'>\n\t\t\t<span class='e-opened' ><i aria-hidden=\"true\" class=\"fas fa-minus\"><\/i><\/span>\n\t\t\t<span class='e-closed'><i aria-hidden=\"true\" class=\"fas fa-plus\"><\/i><\/span>\n\t\t<\/span>\n\n\t\t\t\t\t\t<\/summary>\n\t\t\t\t<div role=\"region\" aria-labelledby=\"e-n-accordion-item-1490\" class=\"elementor-element elementor-element-351d2c5 e-con-full e-flex e-con e-child\" data-id=\"351d2c5\" data-element_type=\"container\" data-e-type=\"container\" data-settings=\"{&quot;background_background&quot;:&quot;classic&quot;}\">\n\t\t\t\t<div class=\"elementor-element elementor-element-91db81d elementor-widget elementor-widget-text-editor\" data-id=\"91db81d\" data-element_type=\"widget\" data-e-type=\"widget\" data-widget_type=\"text-editor.default\">\n\t\t\t\t<div class=\"elementor-widget-container\">\n\t\t\t\t\t\t\t\t\t<ul><li aria-level=\"1\"><a href=\"https:\/\/durres.gov.al\/en\/images\/Qendra_pr_Shrbime_Mbrojtse_informacion_per_publikim_ne_faqen_e_Bashkise.pdf\/\" target=\"_blank\" rel=\"noopener\">Center for protective, empowering and emergency services for children and families<\/a><\/li><li aria-level=\"1\"><a href=\"https:\/\/durres.gov.al\/en\/images\/Draft_PVVBGJ_-_Bashkia_Durres_-_nentor_2022.pdf\/\" target=\"_blank\" rel=\"noopener\">Draft Action Plan for Gender Equality 2023-2025<\/a><\/li><li aria-level=\"1\"><a href=\"https:\/\/durres.gov.al\/en\/qendra-e-sherbimeve-komunitare-per-femijet-me-aftesi-te-kufizuara\/\" target=\"_blank\" rel=\"noopener\">Community Services Center for Children with Disabilities<\/a><\/li><li aria-level=\"1\"><a href=\"https:\/\/durres.gov.al\/en\/dokumentacioni-qe-duhet-te-dorezohet-per-te-perfituar-nga-nje-nga-pogramet-sociale-te-strehimit\/\" target=\"_blank\" rel=\"noopener\">Documentation that must be submitted to benefit from one of the Social Housing Programs, Municipality of Durr\u00ebs<\/a><\/li><li aria-level=\"1\"><a href=\"https:\/\/durres.gov.al\/en\/zyra-per-barazine-gjinore-dhe-dhunen-ne-familje\/\" target=\"_blank\" rel=\"noopener\">Office for Gender Equality and Domestic Violence<\/a><\/li><li aria-level=\"1\"><a href=\"https:\/\/durres.gov.al\/en\/banesat-sociale-me-qira\/\" target=\"_blank\" rel=\"noopener\">Social Housing for Rent<\/a><\/li><li aria-level=\"1\"><a href=\"https:\/\/durres.gov.al\/en\/qendra-ditore-e-te-moshuarve\/\" target=\"_blank\" rel=\"noopener\">Day Center for the Elderly<\/a><\/li><li aria-level=\"1\"><a href=\"https:\/\/durres.gov.al\/en\/shtepia-e-foshnjes-durres\/\" target=\"_blank\" rel=\"noopener\">Durr\u00ebs Infant Home<\/a><\/li><li aria-level=\"1\"><a href=\"https:\/\/durres.gov.al\/en\/qendra-komunitare-multifunksionale-nishtulla\/\" target=\"_blank\" rel=\"noopener\">Multifunctional Community Center \u2013 Nishtulla<\/a><\/li><li aria-level=\"1\"><a href=\"https:\/\/durres.gov.al\/en\/aftesia-e-kufizuar\/\" target=\"_blank\" rel=\"noopener\">Disability<\/a><\/li><li aria-level=\"1\"><a href=\"https:\/\/durres.gov.al\/en\/barazia-gjinore\/\" target=\"_blank\" rel=\"noopener\">Gender Equality<\/a><\/li><\/ul>\t\t\t\t\t\t\t\t<\/div>\n\t\t\t\t<\/div>\n\t\t\t\t<\/div>\n\t\t\t\t\t<\/details>\n\t\t\t\t\t<\/div>\n\t\t\t\t\t\t<\/div>\n\t\t\t\t<\/div>\n\t\t\t\t\t<\/div>\n\t\t\t\t<\/div>\n\t\t\t\t<\/div>","protected":false},"excerpt":{"rendered":"<p>Sh\u00ebrbime publike Qendra p\u00ebr sh\u00ebrbime mbrojt\u00ebse, fuqizuese dhe emergjente p\u00ebr f\u00ebmij\u00ebn dhe familjen Draft Plani Veprimit per Barazine Gjinore 2023-2025 Qendra e sherbimeve komunitare p\u00ebr f\u00ebmij\u00ebt me aft\u00ebsi t\u00eb kufizuara Dokumentacioni q\u00eb duhet t\u00eb dor\u00ebzohet p\u00ebr t\u00eb p\u00ebrfituar nga nj\u00eb nga Pogramet Sociale t\u00eb Strehimit, Bashkia Durr\u00ebs Zyra p\u00ebr Barazin\u00eb Gjinore dhe Dhun\u00ebn n\u00eb Familje [&hellip;]<\/p>\n","protected":false},"author":4,"featured_media":0,"parent":0,"menu_order":0,"comment_status":"closed","ping_status":"closed","template":"","meta":{"_acf_changed":false,"footnotes":""},"class_list":["post-28884","page","type-page","status-publish","hentry"],"acf":[],"yoast_head":"<!-- This site is optimized with the Yoast SEO plugin v27.4 - https:\/\/yoast.com\/product\/yoast-seo-wordpress\/ -->\n<title>Sh\u00ebrbimet publike - Bashkia Durr\u00ebs<\/title>\n<meta name=\"robots\" content=\"index, follow, max-snippet:-1, max-image-preview:large, max-video-preview:-1\" \/>\n<link rel=\"canonical\" href=\"https:\/\/durres.gov.al\/en\/sherbimet-publike\/\" \/>\n<meta property=\"og:locale\" content=\"en_US\" \/>\n<meta property=\"og:type\" content=\"article\" \/>\n<meta property=\"og:title\" content=\"Sh\u00ebrbimet publike - Bashkia Durr\u00ebs\" \/>\n<meta property=\"og:description\" content=\"Sh\u00ebrbime publike Qendra p\u00ebr sh\u00ebrbime mbrojt\u00ebse, fuqizuese dhe emergjente p\u00ebr f\u00ebmij\u00ebn dhe familjen Draft Plani Veprimit per Barazine Gjinore 2023-2025 Qendra e sherbimeve komunitare p\u00ebr f\u00ebmij\u00ebt me aft\u00ebsi t\u00eb kufizuara Dokumentacioni q\u00eb duhet t\u00eb dor\u00ebzohet p\u00ebr t\u00eb p\u00ebrfituar nga nj\u00eb nga Pogramet Sociale t\u00eb Strehimit, Bashkia Durr\u00ebs Zyra p\u00ebr Barazin\u00eb Gjinore dhe Dhun\u00ebn n\u00eb Familje [&hellip;]\" \/>\n<meta property=\"og:url\" content=\"https:\/\/durres.gov.al\/en\/sherbimet-publike\/\" \/>\n<meta property=\"og:site_name\" content=\"Bashkia Durr\u00ebs\" \/>\n<meta property=\"article:modified_time\" content=\"2026-03-19T14:27:40+00:00\" \/>\n<meta name=\"twitter:card\" content=\"summary_large_image\" \/>\n<meta name=\"twitter:label1\" content=\"Est. reading time\" \/>\n\t<meta name=\"twitter:data1\" content=\"1 minute\" \/>\n<script type=\"application\/ld+json\" class=\"yoast-schema-graph\">{\"@context\":\"https:\\\/\\\/schema.org\",\"@graph\":[{\"@type\":\"WebPage\",\"@id\":\"https:\\\/\\\/durres.gov.al\\\/sherbimet-publike\\\/\",\"url\":\"https:\\\/\\\/durres.gov.al\\\/sherbimet-publike\\\/\",\"name\":\"Sh\u00ebrbimet publike - Bashkia Durr\u00ebs\",\"isPartOf\":{\"@id\":\"https:\\\/\\\/durres.gov.al\\\/en\\\/#website\"},\"datePublished\":\"2026-03-19T14:26:41+00:00\",\"dateModified\":\"2026-03-19T14:27:40+00:00\",\"breadcrumb\":{\"@id\":\"https:\\\/\\\/durres.gov.al\\\/sherbimet-publike\\\/#breadcrumb\"},\"inLanguage\":\"en-US\",\"potentialAction\":[{\"@type\":\"ReadAction\",\"target\":[\"https:\\\/\\\/durres.gov.al\\\/sherbimet-publike\\\/\"]}]},{\"@type\":\"BreadcrumbList\",\"@id\":\"https:\\\/\\\/durres.gov.al\\\/sherbimet-publike\\\/#breadcrumb\",\"itemListElement\":[{\"@type\":\"ListItem\",\"position\":1,\"name\":\"Home\",\"item\":\"https:\\\/\\\/durres.gov.al\\\/\"},{\"@type\":\"ListItem\",\"position\":2,\"name\":\"Sh\u00ebrbimet publike\"}]},{\"@type\":\"WebSite\",\"@id\":\"https:\\\/\\\/durres.gov.al\\\/en\\\/#website\",\"url\":\"https:\\\/\\\/durres.gov.al\\\/en\\\/\",\"name\":\"Bashkia Durr\u00ebs\",\"description\":\"Faqja Zyrtare n\u00eb Internet\",\"publisher\":{\"@id\":\"https:\\\/\\\/durres.gov.al\\\/en\\\/#organization\"},\"potentialAction\":[{\"@type\":\"SearchAction\",\"target\":{\"@type\":\"EntryPoint\",\"urlTemplate\":\"https:\\\/\\\/durres.gov.al\\\/en\\\/?s={search_term_string}\"},\"query-input\":{\"@type\":\"PropertyValueSpecification\",\"valueRequired\":true,\"valueName\":\"search_term_string\"}}],\"inLanguage\":\"en-US\"},{\"@type\":\"Organization\",\"@id\":\"https:\\\/\\\/durres.gov.al\\\/en\\\/#organization\",\"name\":\"Bashkia Durr\u00ebs\",\"url\":\"https:\\\/\\\/durres.gov.al\\\/en\\\/\",\"logo\":{\"@type\":\"ImageObject\",\"inLanguage\":\"en-US\",\"@id\":\"https:\\\/\\\/durres.gov.al\\\/en\\\/#\\\/schema\\\/logo\\\/image\\\/\",\"url\":\"https:\\\/\\\/durres.gov.al\\\/wp-content\\\/uploads\\\/2023\\\/01\\\/cropped-logo.png\",\"contentUrl\":\"https:\\\/\\\/durres.gov.al\\\/wp-content\\\/uploads\\\/2023\\\/01\\\/cropped-logo.png\",\"width\":512,\"height\":512,\"caption\":\"Bashkia Durr\u00ebs\"},\"image\":{\"@id\":\"https:\\\/\\\/durres.gov.al\\\/en\\\/#\\\/schema\\\/logo\\\/image\\\/\"}}]}<\/script>\n<!-- \/ Yoast SEO plugin. -->","yoast_head_json":{"title":"Sh\u00ebrbimet publike - Bashkia Durr\u00ebs","robots":{"index":"index","follow":"follow","max-snippet":"max-snippet:-1","max-image-preview":"max-image-preview:large","max-video-preview":"max-video-preview:-1"},"canonical":"https:\/\/durres.gov.al\/en\/sherbimet-publike\/","og_locale":"en_US","og_type":"article","og_title":"Sh\u00ebrbimet publike - Bashkia Durr\u00ebs","og_description":"Sh\u00ebrbime publike Qendra p\u00ebr sh\u00ebrbime mbrojt\u00ebse, fuqizuese dhe emergjente p\u00ebr f\u00ebmij\u00ebn dhe familjen Draft Plani Veprimit per Barazine Gjinore 2023-2025 Qendra e sherbimeve komunitare p\u00ebr f\u00ebmij\u00ebt me aft\u00ebsi t\u00eb kufizuara Dokumentacioni q\u00eb duhet t\u00eb dor\u00ebzohet p\u00ebr t\u00eb p\u00ebrfituar nga nj\u00eb nga Pogramet Sociale t\u00eb Strehimit, Bashkia Durr\u00ebs Zyra p\u00ebr Barazin\u00eb Gjinore dhe Dhun\u00ebn n\u00eb Familje [&hellip;]","og_url":"https:\/\/durres.gov.al\/en\/sherbimet-publike\/","og_site_name":"Bashkia Durr\u00ebs","article_modified_time":"2026-03-19T14:27:40+00:00","twitter_card":"summary_large_image","twitter_misc":{"Est. reading time":"1 minute"},"schema":{"@context":"https:\/\/schema.org","@graph":[{"@type":"WebPage","@id":"https:\/\/durres.gov.al\/sherbimet-publike\/","url":"https:\/\/durres.gov.al\/sherbimet-publike\/","name":"Sh\u00ebrbimet publike - Bashkia Durr\u00ebs","isPartOf":{"@id":"https:\/\/durres.gov.al\/en\/#website"},"datePublished":"2026-03-19T14:26:41+00:00","dateModified":"2026-03-19T14:27:40+00:00","breadcrumb":{"@id":"https:\/\/durres.gov.al\/sherbimet-publike\/#breadcrumb"},"inLanguage":"en-US","potentialAction":[{"@type":"ReadAction","target":["https:\/\/durres.gov.al\/sherbimet-publike\/"]}]},{"@type":"BreadcrumbList","@id":"https:\/\/durres.gov.al\/sherbimet-publike\/#breadcrumb","itemListElement":[{"@type":"ListItem","position":1,"name":"Home","item":"https:\/\/durres.gov.al\/"},{"@type":"ListItem","position":2,"name":"Sh\u00ebrbimet publike"}]},{"@type":"WebSite","@id":"https:\/\/durres.gov.al\/en\/#website","url":"https:\/\/durres.gov.al\/en\/","name":"Municipality of Durr\u00ebs","description":"Faqja Zyrtare n\u00eb Internet","publisher":{"@id":"https:\/\/durres.gov.al\/en\/#organization"},"potentialAction":[{"@type":"SearchAction","target":{"@type":"EntryPoint","urlTemplate":"https:\/\/durres.gov.al\/en\/?s={search_term_string}"},"query-input":{"@type":"PropertyValueSpecification","valueRequired":true,"valueName":"search_term_string"}}],"inLanguage":"en-US"},{"@type":"Organization","@id":"https:\/\/durres.gov.al\/en\/#organization","name":"Municipality of Durr\u00ebs","url":"https:\/\/durres.gov.al\/en\/","logo":{"@type":"ImageObject","inLanguage":"en-US","@id":"https:\/\/durres.gov.al\/en\/#\/schema\/logo\/image\/","url":"https:\/\/durres.gov.al\/wp-content\/uploads\/2023\/01\/cropped-logo.png","contentUrl":"https:\/\/durres.gov.al\/wp-content\/uploads\/2023\/01\/cropped-logo.png","width":512,"height":512,"caption":"Bashkia Durr\u00ebs"},"image":{"@id":"https:\/\/durres.gov.al\/en\/#\/schema\/logo\/image\/"}}]}},"_links":{"self":[{"href":"https:\/\/durres.gov.al\/en\/wp-json\/wp\/v2\/pages\/28884","targetHints":{"allow":["GET"]}}],"collection":[{"href":"https:\/\/durres.gov.al\/en\/wp-json\/wp\/v2\/pages"}],"about":[{"href":"https:\/\/durres.gov.al\/en\/wp-json\/wp\/v2\/types\/page"}],"author":[{"embeddable":true,"href":"https:\/\/durres.gov.al\/en\/wp-json\/wp\/v2\/users\/4"}],"replies":[{"embeddable":true,"href":"https:\/\/durres.gov.al\/en\/wp-json\/wp\/v2\/comments?post=28884"}],"version-history":[{"count":4,"href":"https:\/\/durres.gov.al\/en\/wp-json\/wp\/v2\/pages\/28884\/revisions"}],"predecessor-version":[{"id":28888,"href":"https:\/\/durres.gov.al\/en\/wp-json\/wp\/v2\/pages\/28884\/revisions\/28888"}],"wp:attachment":[{"href":"https:\/\/durres.gov.al\/en\/wp-json\/wp\/v2\/media?parent=28884"}],"curies":[{"name":"wp","href":"https:\/\/api.w.org\/{rel}","templated":true}]}}