{"id":29214,"date":"2026-03-30T11:46:24","date_gmt":"2026-03-30T09:46:24","guid":{"rendered":"https:\/\/durres.gov.al\/?page_id=29214"},"modified":"2026-03-30T11:49:14","modified_gmt":"2026-03-30T09:49:14","slug":"informacion-mbi-projektin-bashkite-per-ne-evrope","status":"publish","type":"page","link":"https:\/\/durres.gov.al\/en\/informacion-mbi-projektin-bashkite-per-ne-evrope\/","title":{"rendered":"Informacion mbi projektin \u201cBashkit\u00eb p\u00ebr n\u00eb Evrop\u00eb\u201d"},"content":{"rendered":"<div data-elementor-type=\"wp-page\" data-elementor-id=\"29214\" class=\"elementor elementor-29214\" data-elementor-post-type=\"page\">\n\t\t\t\t<div class=\"elementor-element elementor-element-765c03f e-con-full e-flex e-con e-parent\" data-id=\"765c03f\" data-element_type=\"container\" data-e-type=\"container\">\n\t\t\t\t<div class=\"elementor-element elementor-element-88c4ec6 elementor-widget elementor-widget-template\" data-id=\"88c4ec6\" data-element_type=\"widget\" data-e-type=\"widget\" data-widget_type=\"template.default\">\n\t\t\t\t<div class=\"elementor-widget-container\">\n\t\t\t\t\t\t\t<div class=\"elementor-template\">\n\t\t\t\t\t<div data-elementor-type=\"container\" data-elementor-id=\"25501\" class=\"elementor elementor-25501\" data-elementor-post-type=\"elementor_library\">\n\t\t\t\t<div class=\"elementor-element elementor-element-1648416 e-flex e-con-boxed e-con e-parent\" data-id=\"1648416\" data-element_type=\"container\" data-e-type=\"container\" data-settings=\"{&quot;background_background&quot;:&quot;classic&quot;}\">\n\t\t\t\t\t<div class=\"e-con-inner\">\n\t\t\t\t\t<\/div>\n\t\t\t\t<\/div>\n\t\t\t\t<\/div>\n\t\t\t\t<\/div>\n\t\t\t\t\t\t<\/div>\n\t\t\t\t<\/div>\n\t\t\t\t<\/div>\n\t\t<div class=\"elementor-element elementor-element-b8d278d e-flex e-con-boxed e-con e-parent\" data-id=\"b8d278d\" data-element_type=\"container\" data-e-type=\"container\">\n\t\t\t\t\t<div class=\"e-con-inner\">\n\t\t\t\t<div class=\"elementor-element elementor-element-5191cc5 elementor-widget elementor-widget-text-editor\" data-id=\"5191cc5\" data-element_type=\"widget\" data-e-type=\"widget\" data-widget_type=\"text-editor.default\">\n\t\t\t\t<div class=\"elementor-widget-container\">\n\t\t\t\t\t\t\t\t\t<p><b>Bashkit\u00eb p\u00ebr n\u00eb Evrop\u00eb\/ Municipalities for Europe<\/b><\/p><p>Contract No. 2017\/385-831<\/p><p><b>P\u00cbRMBLEDHJE E SHKURT\u00cbR E PROJEKTIT<\/b><\/p><p>Objektivi i p\u00ebrgjithsh\u00ebm: Forcimi i kapaciteteve qeveris\u00ebse t\u00eb bashkive n\u00eb lidhje me \u00e7\u00ebshtjet e BE-s\u00eb,\u00a0 si dhe informimi i qytetar\u00ebve Shqiptar\u00eb dhe administratatave lokale n\u00eb Shqip\u00ebri, rreth informacionit n\u00eb lidhje me BE-n\u00eb, politikat dhe programet e saj.\u00a0<\/p><p><em><b>Q\u00ebllimet<\/b><\/em><\/p><p>\u2022 T\u00eb mb\u00ebshtes\u00eb konsolidimin dhe fuqizimin e qeveris\u00eb vendore n\u00eb Shqiperi, n\u00eb kontekstin e zbatimit t\u00eb Strategjis\u00eb Nd\u00ebrsektoriale Komb\u00ebtare p\u00ebr Decentralizimin dhe Qeverisjen Vendore 2015-2020;<\/p><p>\u2022 T\u00eb ndihmoj\u00eb t\u00eb gjitha Bashkit\u00eb e Shqip\u00ebris\u00eb n\u00eb krijimin e nj\u00eb nd\u00ebrveprimi efektiv midis BE-se dhe Zyrave vendore t\u00eb BE -s\u00eb \/ K\u00ebndet e BE \u2013 s\u00eb n\u00eb secil\u00ebn Bashki\u00a0 n\u00eb Shqip\u00ebri, si dhe m\u00eb pas n\u00eb\u00a0 manaxhimin efikas t\u00eb tyre;\u00a0<\/p><p>\u2022 T\u00eb rris\u00eb njohurit\u00eb p\u00ebr Instrumentin e Asistenc\u00ebs s\u00eb Para-aderimit \u201cIPA\u201d si dhe fondet e tjera kryesore t\u00eb BE-s\u00eb t\u00eb disponueshme p\u00ebr bashkit\u00eb dhe qytetar\u00ebt Shqiptar\u00eb, n\u00ebp\u00ebrmjet historive t\u00eb suksesit nga projekte konkrete;\u00a0<\/p><p>\u2022 T\u00eb rris\u00eb kapacitetet e pal\u00ebve t\u00eb interesuara n\u00eb nivel vendor me q\u00ebllim p\u00ebrfitimin nga fondet IPA apo edhe nga fondet dhe programet e tjera kryesore t\u00eb BE-s\u00eb, t\u00eb disponueshme p\u00ebr bashkit\u00eb dhe qytetar\u00ebt Shqiptar\u00eb, n\u00ebp\u00ebrmjet trainimeve q\u00eb fokusohen n\u00eb : konceptimin, ideimin dhe shkrimin e projekt propozimeve, si dhe pro\u00e7edurat e aplikimit.\u00a0\u00a0<\/p><p>\u2022 T\u00eb rris\u00eb njohurit\u00eb mbi politikat, objektivat, prioritetet, institucionet, programet dhe perspektiv\u00ebn e Bashkimit Evropian, si dhe t\u00eb sqaroj\u00eb mitet apo konceptet e gabuara ne lidhje me pro\u00e7esin e an\u00ebtar\u00ebsimit n\u00eb BE;\u00a0<\/p><p>\u2022 T\u00eb rris\u00eb kapacitetet e pushtetit vendor p\u00ebr ta marr\u00eb, kuptuar dhe p\u00ebrhapur informacionin q\u00eb ka t\u00eb b\u00ebj\u00eb me BE-n\u00eb, dhe ve\u00e7an\u00ebrisht jo vet\u00ebm at\u00eb q\u00eb ka lidhje me publikun,\u00a0 por dhe at\u00eb q\u00eb ka p\u00ebr destinacion administrat\u00ebn e vet\u00eb bashkive;<\/p><p>\u2022 T\u00eb rrise kapacitetet bashkiake p\u00ebr t\u00eb grumbulluar, si nga publiku ashtu dhe nga administrata, p\u00ebrpunuar dhe ofruar informacionin i cili mund t\u00eb jap\u00eb njohuri mbi programet dhe nd\u00ebrhyrjet\u00a0 e ardhshme t\u00eb Qeveris\u00eb Shqiptare, BE-s\u00eb dhe partner\u00ebve nd\u00ebrkomb\u00ebtar\u00eb;\u00a0 \u00a0 \u00a0\u00a0<\/p><p>\u2022 T\u00eb rris\u00eb nd\u00ebrveprimin dhe koordinimin me strukturat e ndryshme t\u00eb informacionit dhe pal\u00ebt e tjera t\u00eb interesuara, n\u00eb ve\u00e7anti me Rrjetin e Informimit t\u00eb BE-s\u00eb \u201cZyrat e Informimit t\u00eb BE-s\u00eb n\u00eb Tiran\u00eb, Shkod\u00ebr dhe Vlor\u00eb\u201d, Projektin\u00a0 TACSO dhe Vendet An\u00ebtare t\u00eb BE-s\u00eb, n\u00eb lidhje me ofrimin e informacionit rreth BE-s\u00eb dhe pro\u00e7esit t\u00eb integrimit n\u00eb BE.<\/p><p><em><strong><b>Komponenti 1<\/b>: Zyrat Vendore t\u00eb BE -s\u00eb \/ K\u00ebndet e BE -s\u00eb p\u00ebr forcimin e institucioneve vendor dhe trainimet.\u00a0\u00a0<\/strong><\/em><\/p><p>\u2022 Krijimi i Zyrave vendore t\u00eb BE -s\u00eb,\u00a0 t\u00eb aksesueshme dhe funksionale n\u00eb t\u00eb gjitha bashkit\u00eb e Shqip\u00ebris\u00eb;<\/p><p>\u2022 Sigurimi i nj\u00eb menaxhimi t\u00eb qart\u00eb dhe operacional i\u00a0 Zyrave vendore t\u00eb BE -s\u00eb, n\u00ebp\u00ebrmjet ofrimit t\u00eb trainimeve t\u00eb p\u00ebrshtat\u00ebshme e t\u00eb dedikuara n\u00eb ve\u00e7anti;<\/p><p>\u2022 Realizimi i trainimeve mbi mund\u00ebsin\u00eb e p\u00ebrftimit nga fondet IPA apo edhe fondet dhe programet e tjera t\u00eb BE -s\u00eb n\u00eb dispozicion t\u00eb bashkive apo qytetar\u00ebve shqiptar\u00eb ( si t\u00eb ideojn\u00eb, shkruajn\u00eb projekte dhe procedurat e aplikimit). Realizimi i moduleve elektronike \u201ce \u2013 leraning\u201d t\u00eb trainimit, me q\u00ebllim krijimin e mund\u00ebsis\u00eb p\u00ebr zyrat vendore t\u00eb BE -s\u00eb, q\u00eb t\u00eb mund t`i p\u00ebr\u00e7ojn\u00eb k\u00ebto trainime tek koleg\u00ebt e tyre apo tek pal\u00ebt e tjera t\u00eb interesuara q\u00eb mund t\u00eb p\u00ebrfitojn\u00eb prej tyre.\u00a0<\/p><p>\u2022 Realizimi i trainimeve mbi politikat, objektivat, prioritet, institucionet programet dhe perspektivat e BE -s\u00eb, si dhe mbi qart\u00ebsimin e miteve apo keqkuptimeve n\u00eb lidhje me pro\u00e7esin e integrimit n\u00eb BE. V\u00ebmendje t\u00eb ve\u00e7ant\u00eb do t`i kushtohet politikave n\u00eb nivel vendor si dhe K\u00ebshillit Bashkiak n\u00eb vecanti n\u00eb lidhje me kompetencat e tij.\u00a0 \u00a0 \u00a0<\/p><p>\u2022 Realizimi i trainimeve m\u00eb t\u00eb gjitha zyrat vendore t\u00eb BE -s\u00eb \/ K\u00ebndet e BE -s\u00eb, p\u00ebrgjat\u00eb gjith\u00eb koh\u00ebs s\u00eb zbatimit t\u00eb projektit, me q\u00ebllim analizimin e ecuris\u00eb dhe arritjeve t\u00eb projektit.\u00a0<\/p><p><em><strong><b>Komponenti 2<\/b>: Rrjet\u00ebzimi dhe komunikimi online<\/strong><\/em><\/p><p>\u2022 Realizimi i nd\u00ebrveprimit midis bashkive dhe transferimit t\u00eb njohurive n\u00ebp\u00ebrmjet nj\u00eb platforme komunikimi on-line. Informacionet n\u00eb lidhje me Bashkit\u00eb, ndarja e praktikave m\u00eb t\u00eb mira, nd\u00ebrveprimi midis vet\u00eb bashkive apo edhe me nivelet m\u00eb t\u00eb larta, do t\u00eb mund\u00ebsohen nga kjo platform\u00eb.\u00a0<\/p><p>\u2022 Realizimi i vleresimit t\u00eb ecurise s\u00eb treguesve q\u00eb nd\u00ebrlidhen me zbatimin e kritereve politike dhe ekonomike t\u00eb integrimit europian, sipas secil\u00ebs bashki dhe n\u00eb t\u00eb gjith\u00eb vendin, me q\u00ebllim informimin e autoriteteve q\u00ebndrore dhe vendore mbi \u00e7\u00ebshtjet e qeverisjes dhe nivelet e zbatimit, si dhe nd\u00ebryrjet dhe programet e prit\u00ebshme n\u00eb t\u00eb ardhmen nga Bashkimi Evropian apo partner t\u00eb tjer\u00eb nd\u00ebrkomb\u00ebtar\u00eb.\u00a0 \u00a0<\/p><p><em><strong><b>Komponent i 3<\/b>: Vizibiliteti dhe eventet<\/strong><\/em><\/p><p>\u2022 Realizimi i shp\u00ebrndarjes s\u00eb specifikuar t\u00eb informacionit n\u00eb lidhje me Instrumentin e Asistences s\u00eb Para-Aderimit (IPA) si dhe fondeve e programeve t\u00eb tjera t\u00eb p\u00ebrshtat\u00ebshme t\u00eb BE-s\u00eb t\u00eb cilat jan\u00eb n\u00eb dispozicion p\u00ebr Bashkit\u00eb shqiptare apo qytetar\u00ebt;\u00a0<\/p><p>\u2022 Sigurimi i shp\u00ebrndarjes s\u00eb produkteve informuese mbi BE -n\u00eb ( printime, produkte audiovizuale dhe botime elektronike)<\/p><p>\u2022 Sigurimi i mb\u00ebshtetjes ndaj Delegacionit dhe\u00a0 Rrjetit t\u00eb Informimit t\u00eb Bashkimit Evropian n\u00eb Shqip\u00ebri n\u00eb lidhje me zbatimin e aktiviteteve t\u00eb informimit dhe komunikimit, duke p\u00ebrfshir\u00eb fushata dhe evente t\u00eb ndryshme.\u00a0<\/p><p><em><b>Aktivitetet\u00a0 Nd\u00ebrsektoriale<\/b><\/em><\/p><p>\u2022 Sigurimi i vendosjes dhe mbajties s\u00eb q\u00ebndrueshme t\u00eb sinergjive me partner\u00ebt dhe pal\u00ebt e tjera t\u00eb interesuara, n\u00eb ve\u00e7anti me Rjetin e Informimit t\u00eb BE -s\u00eb apo Sht\u00ebpin\u00eb e Evrop\u00ebs dhe Ambasadat e vendeve an\u00ebtare t\u00eb BE -s\u00eb n\u00eb Shqip\u00ebri mbi informimin n\u00eb lidhje me Bashkimin Evropian<\/p><p><strong>Kordinator Lokal i BE-s\u00eb per Bashkine Durres<\/strong><\/p><p><strong>Dr. Floreta K\u00ebrtusha<\/strong><\/p><p>Email:\u00a0<a title=\"mailto:Floreta.Kertusha@durres.gov.al\" href=\"mailto:Floreta.Kertusha@durres.gov.al\" data-linkindex=\"1\">Floreta.Kertusha@durres.gov.al<\/a><\/p><p><span data-olk-copy-source=\"MessageBody\">cel: 00355 (0)675305457<\/span><\/p>\t\t\t\t\t\t\t\t<\/div>\n\t\t\t\t<\/div>\n\t\t\t\t<div class=\"elementor-element elementor-element-e575b10 elementor-widget elementor-widget-image\" data-id=\"e575b10\" data-element_type=\"widget\" data-e-type=\"widget\" data-widget_type=\"image.default\">\n\t\t\t\t<div class=\"elementor-widget-container\">\n\t\t\t\t\t\t\t\t\t\t\t\t\t\t\t<img fetchpriority=\"high\" decoding=\"async\" width=\"581\" height=\"454\" src=\"https:\/\/durres.gov.al\/wp-content\/uploads\/2026\/03\/bashkite-per-ne-evrope.jpg\" class=\"attachment-large size-large wp-image-29219\" alt=\"\" srcset=\"https:\/\/durres.gov.al\/wp-content\/uploads\/2026\/03\/bashkite-per-ne-evrope.jpg 581w, https:\/\/durres.gov.al\/wp-content\/uploads\/2026\/03\/bashkite-per-ne-evrope-300x234.jpg 300w, https:\/\/durres.gov.al\/wp-content\/uploads\/2026\/03\/bashkite-per-ne-evrope-15x12.jpg 15w\" sizes=\"(max-width: 581px) 100vw, 581px\" \/>\t\t\t\t\t\t\t\t\t\t\t\t\t\t\t<\/div>\n\t\t\t\t<\/div>\n\t\t\t\t\t<\/div>\n\t\t\t\t<\/div>\n\t\t\t\t<\/div>","protected":false},"excerpt":{"rendered":"<p>Bashkit\u00eb p\u00ebr n\u00eb Evrop\u00eb\/ Municipalities for Europe Contract No. 2017\/385-831 P\u00cbRMBLEDHJE E SHKURT\u00cbR E PROJEKTIT Objektivi i p\u00ebrgjithsh\u00ebm: Forcimi i kapaciteteve qeveris\u00ebse t\u00eb bashkive n\u00eb lidhje me \u00e7\u00ebshtjet e BE-s\u00eb,\u00a0 si dhe informimi i qytetar\u00ebve Shqiptar\u00eb dhe administratatave lokale n\u00eb Shqip\u00ebri, rreth informacionit n\u00eb lidhje me BE-n\u00eb, politikat dhe programet e saj.\u00a0 Q\u00ebllimet \u2022 T\u00eb [&hellip;]<\/p>\n","protected":false},"author":4,"featured_media":0,"parent":0,"menu_order":0,"comment_status":"closed","ping_status":"closed","template":"","meta":{"_acf_changed":false,"footnotes":""},"class_list":["post-29214","page","type-page","status-publish","hentry"],"acf":[],"yoast_head":"<!-- This site is optimized with the Yoast SEO plugin v27.4 - https:\/\/yoast.com\/product\/yoast-seo-wordpress\/ -->\n<title>Informacion mbi projektin \u201cBashkit\u00eb p\u00ebr n\u00eb Evrop\u00eb\u201d - Bashkia Durr\u00ebs<\/title>\n<meta name=\"robots\" content=\"index, follow, max-snippet:-1, max-image-preview:large, max-video-preview:-1\" \/>\n<link rel=\"canonical\" href=\"https:\/\/durres.gov.al\/en\/informacion-mbi-projektin-bashkite-per-ne-evrope\/\" \/>\n<meta property=\"og:locale\" content=\"en_US\" \/>\n<meta property=\"og:type\" content=\"article\" \/>\n<meta property=\"og:title\" content=\"Informacion mbi projektin \u201cBashkit\u00eb p\u00ebr n\u00eb Evrop\u00eb\u201d - Bashkia Durr\u00ebs\" \/>\n<meta property=\"og:description\" content=\"Bashkit\u00eb p\u00ebr n\u00eb Evrop\u00eb\/ Municipalities for Europe Contract No. 2017\/385-831 P\u00cbRMBLEDHJE E SHKURT\u00cbR E PROJEKTIT Objektivi i p\u00ebrgjithsh\u00ebm: Forcimi i kapaciteteve qeveris\u00ebse t\u00eb bashkive n\u00eb lidhje me \u00e7\u00ebshtjet e BE-s\u00eb,\u00a0 si dhe informimi i qytetar\u00ebve Shqiptar\u00eb dhe administratatave lokale n\u00eb Shqip\u00ebri, rreth informacionit n\u00eb lidhje me BE-n\u00eb, politikat dhe programet e saj.\u00a0 Q\u00ebllimet \u2022 T\u00eb [&hellip;]\" \/>\n<meta property=\"og:url\" content=\"https:\/\/durres.gov.al\/en\/informacion-mbi-projektin-bashkite-per-ne-evrope\/\" \/>\n<meta property=\"og:site_name\" content=\"Bashkia Durr\u00ebs\" \/>\n<meta property=\"article:modified_time\" content=\"2026-03-30T09:49:14+00:00\" \/>\n<meta property=\"og:image\" content=\"https:\/\/durres.gov.al\/wp-content\/uploads\/2026\/03\/bashkite-per-ne-evrope.jpg\" \/>\n\t<meta property=\"og:image:width\" content=\"581\" \/>\n\t<meta property=\"og:image:height\" content=\"454\" \/>\n\t<meta property=\"og:image:type\" content=\"image\/jpeg\" \/>\n<meta name=\"twitter:card\" content=\"summary_large_image\" \/>\n<meta name=\"twitter:label1\" content=\"Est. reading time\" \/>\n\t<meta name=\"twitter:data1\" content=\"5 minutes\" \/>\n<script type=\"application\/ld+json\" class=\"yoast-schema-graph\">{\"@context\":\"https:\\\/\\\/schema.org\",\"@graph\":[{\"@type\":\"WebPage\",\"@id\":\"https:\\\/\\\/durres.gov.al\\\/en\\\/informacion-mbi-projektin-bashkite-per-ne-evrope\\\/\",\"url\":\"https:\\\/\\\/durres.gov.al\\\/en\\\/informacion-mbi-projektin-bashkite-per-ne-evrope\\\/\",\"name\":\"Informacion mbi projektin \u201cBashkit\u00eb p\u00ebr n\u00eb Evrop\u00eb\u201d - Bashkia Durr\u00ebs\",\"isPartOf\":{\"@id\":\"https:\\\/\\\/durres.gov.al\\\/en\\\/#website\"},\"primaryImageOfPage\":{\"@id\":\"https:\\\/\\\/durres.gov.al\\\/en\\\/informacion-mbi-projektin-bashkite-per-ne-evrope\\\/#primaryimage\"},\"image\":{\"@id\":\"https:\\\/\\\/durres.gov.al\\\/en\\\/informacion-mbi-projektin-bashkite-per-ne-evrope\\\/#primaryimage\"},\"thumbnailUrl\":\"https:\\\/\\\/durres.gov.al\\\/wp-content\\\/uploads\\\/2026\\\/03\\\/bashkite-per-ne-evrope.jpg\",\"datePublished\":\"2026-03-30T09:46:24+00:00\",\"dateModified\":\"2026-03-30T09:49:14+00:00\",\"breadcrumb\":{\"@id\":\"https:\\\/\\\/durres.gov.al\\\/en\\\/informacion-mbi-projektin-bashkite-per-ne-evrope\\\/#breadcrumb\"},\"inLanguage\":\"en-US\",\"potentialAction\":[{\"@type\":\"ReadAction\",\"target\":[\"https:\\\/\\\/durres.gov.al\\\/en\\\/informacion-mbi-projektin-bashkite-per-ne-evrope\\\/\"]}]},{\"@type\":\"ImageObject\",\"inLanguage\":\"en-US\",\"@id\":\"https:\\\/\\\/durres.gov.al\\\/en\\\/informacion-mbi-projektin-bashkite-per-ne-evrope\\\/#primaryimage\",\"url\":\"https:\\\/\\\/durres.gov.al\\\/wp-content\\\/uploads\\\/2026\\\/03\\\/bashkite-per-ne-evrope.jpg\",\"contentUrl\":\"https:\\\/\\\/durres.gov.al\\\/wp-content\\\/uploads\\\/2026\\\/03\\\/bashkite-per-ne-evrope.jpg\"},{\"@type\":\"BreadcrumbList\",\"@id\":\"https:\\\/\\\/durres.gov.al\\\/en\\\/informacion-mbi-projektin-bashkite-per-ne-evrope\\\/#breadcrumb\",\"itemListElement\":[{\"@type\":\"ListItem\",\"position\":1,\"name\":\"Home\",\"item\":\"https:\\\/\\\/durres.gov.al\\\/\"},{\"@type\":\"ListItem\",\"position\":2,\"name\":\"Informacion mbi projektin \u201cBashkit\u00eb p\u00ebr n\u00eb Evrop\u00eb\u201d\"}]},{\"@type\":\"WebSite\",\"@id\":\"https:\\\/\\\/durres.gov.al\\\/en\\\/#website\",\"url\":\"https:\\\/\\\/durres.gov.al\\\/en\\\/\",\"name\":\"Bashkia Durr\u00ebs\",\"description\":\"Faqja Zyrtare n\u00eb Internet\",\"publisher\":{\"@id\":\"https:\\\/\\\/durres.gov.al\\\/en\\\/#organization\"},\"potentialAction\":[{\"@type\":\"SearchAction\",\"target\":{\"@type\":\"EntryPoint\",\"urlTemplate\":\"https:\\\/\\\/durres.gov.al\\\/en\\\/?s={search_term_string}\"},\"query-input\":{\"@type\":\"PropertyValueSpecification\",\"valueRequired\":true,\"valueName\":\"search_term_string\"}}],\"inLanguage\":\"en-US\"},{\"@type\":\"Organization\",\"@id\":\"https:\\\/\\\/durres.gov.al\\\/en\\\/#organization\",\"name\":\"Bashkia Durr\u00ebs\",\"url\":\"https:\\\/\\\/durres.gov.al\\\/en\\\/\",\"logo\":{\"@type\":\"ImageObject\",\"inLanguage\":\"en-US\",\"@id\":\"https:\\\/\\\/durres.gov.al\\\/en\\\/#\\\/schema\\\/logo\\\/image\\\/\",\"url\":\"https:\\\/\\\/durres.gov.al\\\/wp-content\\\/uploads\\\/2023\\\/01\\\/cropped-logo.png\",\"contentUrl\":\"https:\\\/\\\/durres.gov.al\\\/wp-content\\\/uploads\\\/2023\\\/01\\\/cropped-logo.png\",\"width\":512,\"height\":512,\"caption\":\"Bashkia Durr\u00ebs\"},\"image\":{\"@id\":\"https:\\\/\\\/durres.gov.al\\\/en\\\/#\\\/schema\\\/logo\\\/image\\\/\"}}]}<\/script>\n<!-- \/ Yoast SEO plugin. -->","yoast_head_json":{"title":"Informacion mbi projektin \u201cBashkit\u00eb p\u00ebr n\u00eb Evrop\u00eb\u201d - Bashkia Durr\u00ebs","robots":{"index":"index","follow":"follow","max-snippet":"max-snippet:-1","max-image-preview":"max-image-preview:large","max-video-preview":"max-video-preview:-1"},"canonical":"https:\/\/durres.gov.al\/en\/informacion-mbi-projektin-bashkite-per-ne-evrope\/","og_locale":"en_US","og_type":"article","og_title":"Informacion mbi projektin \u201cBashkit\u00eb p\u00ebr n\u00eb Evrop\u00eb\u201d - Bashkia Durr\u00ebs","og_description":"Bashkit\u00eb p\u00ebr n\u00eb Evrop\u00eb\/ Municipalities for Europe Contract No. 2017\/385-831 P\u00cbRMBLEDHJE E SHKURT\u00cbR E PROJEKTIT Objektivi i p\u00ebrgjithsh\u00ebm: Forcimi i kapaciteteve qeveris\u00ebse t\u00eb bashkive n\u00eb lidhje me \u00e7\u00ebshtjet e BE-s\u00eb,\u00a0 si dhe informimi i qytetar\u00ebve Shqiptar\u00eb dhe administratatave lokale n\u00eb Shqip\u00ebri, rreth informacionit n\u00eb lidhje me BE-n\u00eb, politikat dhe programet e saj.\u00a0 Q\u00ebllimet \u2022 T\u00eb [&hellip;]","og_url":"https:\/\/durres.gov.al\/en\/informacion-mbi-projektin-bashkite-per-ne-evrope\/","og_site_name":"Bashkia Durr\u00ebs","article_modified_time":"2026-03-30T09:49:14+00:00","og_image":[{"width":581,"height":454,"url":"https:\/\/durres.gov.al\/wp-content\/uploads\/2026\/03\/bashkite-per-ne-evrope.jpg","type":"image\/jpeg"}],"twitter_card":"summary_large_image","twitter_misc":{"Est. reading time":"5 minutes"},"schema":{"@context":"https:\/\/schema.org","@graph":[{"@type":"WebPage","@id":"https:\/\/durres.gov.al\/en\/informacion-mbi-projektin-bashkite-per-ne-evrope\/","url":"https:\/\/durres.gov.al\/en\/informacion-mbi-projektin-bashkite-per-ne-evrope\/","name":"Informacion mbi projektin \u201cBashkit\u00eb p\u00ebr n\u00eb Evrop\u00eb\u201d - Bashkia Durr\u00ebs","isPartOf":{"@id":"https:\/\/durres.gov.al\/en\/#website"},"primaryImageOfPage":{"@id":"https:\/\/durres.gov.al\/en\/informacion-mbi-projektin-bashkite-per-ne-evrope\/#primaryimage"},"image":{"@id":"https:\/\/durres.gov.al\/en\/informacion-mbi-projektin-bashkite-per-ne-evrope\/#primaryimage"},"thumbnailUrl":"https:\/\/durres.gov.al\/wp-content\/uploads\/2026\/03\/bashkite-per-ne-evrope.jpg","datePublished":"2026-03-30T09:46:24+00:00","dateModified":"2026-03-30T09:49:14+00:00","breadcrumb":{"@id":"https:\/\/durres.gov.al\/en\/informacion-mbi-projektin-bashkite-per-ne-evrope\/#breadcrumb"},"inLanguage":"en-US","potentialAction":[{"@type":"ReadAction","target":["https:\/\/durres.gov.al\/en\/informacion-mbi-projektin-bashkite-per-ne-evrope\/"]}]},{"@type":"ImageObject","inLanguage":"en-US","@id":"https:\/\/durres.gov.al\/en\/informacion-mbi-projektin-bashkite-per-ne-evrope\/#primaryimage","url":"https:\/\/durres.gov.al\/wp-content\/uploads\/2026\/03\/bashkite-per-ne-evrope.jpg","contentUrl":"https:\/\/durres.gov.al\/wp-content\/uploads\/2026\/03\/bashkite-per-ne-evrope.jpg"},{"@type":"BreadcrumbList","@id":"https:\/\/durres.gov.al\/en\/informacion-mbi-projektin-bashkite-per-ne-evrope\/#breadcrumb","itemListElement":[{"@type":"ListItem","position":1,"name":"Home","item":"https:\/\/durres.gov.al\/"},{"@type":"ListItem","position":2,"name":"Informacion mbi projektin \u201cBashkit\u00eb p\u00ebr n\u00eb Evrop\u00eb\u201d"}]},{"@type":"WebSite","@id":"https:\/\/durres.gov.al\/en\/#website","url":"https:\/\/durres.gov.al\/en\/","name":"Municipality of Durr\u00ebs","description":"Faqja Zyrtare n\u00eb Internet","publisher":{"@id":"https:\/\/durres.gov.al\/en\/#organization"},"potentialAction":[{"@type":"SearchAction","target":{"@type":"EntryPoint","urlTemplate":"https:\/\/durres.gov.al\/en\/?s={search_term_string}"},"query-input":{"@type":"PropertyValueSpecification","valueRequired":true,"valueName":"search_term_string"}}],"inLanguage":"en-US"},{"@type":"Organization","@id":"https:\/\/durres.gov.al\/en\/#organization","name":"Municipality of Durr\u00ebs","url":"https:\/\/durres.gov.al\/en\/","logo":{"@type":"ImageObject","inLanguage":"en-US","@id":"https:\/\/durres.gov.al\/en\/#\/schema\/logo\/image\/","url":"https:\/\/durres.gov.al\/wp-content\/uploads\/2023\/01\/cropped-logo.png","contentUrl":"https:\/\/durres.gov.al\/wp-content\/uploads\/2023\/01\/cropped-logo.png","width":512,"height":512,"caption":"Bashkia Durr\u00ebs"},"image":{"@id":"https:\/\/durres.gov.al\/en\/#\/schema\/logo\/image\/"}}]}},"_links":{"self":[{"href":"https:\/\/durres.gov.al\/en\/wp-json\/wp\/v2\/pages\/29214","targetHints":{"allow":["GET"]}}],"collection":[{"href":"https:\/\/durres.gov.al\/en\/wp-json\/wp\/v2\/pages"}],"about":[{"href":"https:\/\/durres.gov.al\/en\/wp-json\/wp\/v2\/types\/page"}],"author":[{"embeddable":true,"href":"https:\/\/durres.gov.al\/en\/wp-json\/wp\/v2\/users\/4"}],"replies":[{"embeddable":true,"href":"https:\/\/durres.gov.al\/en\/wp-json\/wp\/v2\/comments?post=29214"}],"version-history":[{"count":13,"href":"https:\/\/durres.gov.al\/en\/wp-json\/wp\/v2\/pages\/29214\/revisions"}],"predecessor-version":[{"id":29228,"href":"https:\/\/durres.gov.al\/en\/wp-json\/wp\/v2\/pages\/29214\/revisions\/29228"}],"wp:attachment":[{"href":"https:\/\/durres.gov.al\/en\/wp-json\/wp\/v2\/media?parent=29214"}],"curies":[{"name":"wp","href":"https:\/\/api.w.org\/{rel}","templated":true}]}}