{"id":30009,"date":"2026-05-05T13:15:42","date_gmt":"2026-05-05T11:15:42","guid":{"rendered":"https:\/\/durres.gov.al\/?page_id=30009"},"modified":"2026-05-05T13:18:49","modified_gmt":"2026-05-05T11:18:49","slug":"deklarata-e-kryetares-se-keshillit-per-transparencen","status":"publish","type":"page","link":"https:\/\/durres.gov.al\/en\/deklarata-e-kryetares-se-keshillit-per-transparencen\/","title":{"rendered":"Deklarata e Kryetares s\u00eb K\u00ebshillit p\u00ebr Transparenc\u00ebn"},"content":{"rendered":"<div data-elementor-type=\"wp-page\" data-elementor-id=\"30009\" class=\"elementor elementor-30009\" data-elementor-post-type=\"page\">\n\t\t\t\t<div class=\"elementor-element elementor-element-8599c08 e-con-full e-flex e-con e-parent\" data-id=\"8599c08\" data-element_type=\"container\" data-e-type=\"container\">\n\t\t\t\t<div class=\"elementor-element elementor-element-ea50615 elementor-widget elementor-widget-template\" data-id=\"ea50615\" data-element_type=\"widget\" data-e-type=\"widget\" data-widget_type=\"template.default\">\n\t\t\t\t<div class=\"elementor-widget-container\">\n\t\t\t\t\t\t\t<div class=\"elementor-template\">\n\t\t\t\t\t<div data-elementor-type=\"container\" data-elementor-id=\"25501\" class=\"elementor elementor-25501\" data-elementor-post-type=\"elementor_library\">\n\t\t\t\t<div class=\"elementor-element elementor-element-1648416 e-flex e-con-boxed e-con e-parent\" data-id=\"1648416\" data-element_type=\"container\" data-e-type=\"container\" data-settings=\"{&quot;background_background&quot;:&quot;classic&quot;}\">\n\t\t\t\t\t<div class=\"e-con-inner\">\n\t\t\t\t\t<\/div>\n\t\t\t\t<\/div>\n\t\t\t\t<\/div>\n\t\t\t\t<\/div>\n\t\t\t\t\t\t<\/div>\n\t\t\t\t<\/div>\n\t\t\t\t<\/div>\n\t\t<div class=\"elementor-element elementor-element-742b74e e-flex e-con-boxed e-con e-parent\" data-id=\"742b74e\" data-element_type=\"container\" data-e-type=\"container\">\n\t\t\t\t\t<div class=\"e-con-inner\">\n\t\t\t\t<div class=\"elementor-element elementor-element-ad6883f elementor-widget elementor-widget-text-editor\" data-id=\"ad6883f\" data-element_type=\"widget\" data-e-type=\"widget\" data-widget_type=\"text-editor.default\">\n\t\t\t\t<div class=\"elementor-widget-container\">\n\t\t\t\t\t\t\t\t\t<p>T\u00eb nderuar qytetar\u00eb,<\/p><p>\u00cbsht\u00eb k\u00ebnaq\u00ebsi dhe p\u00ebrgjegj\u00ebsi e madhe q\u00eb sot t\u2019ju drejtohem n\u00eb k\u00ebt\u00eb fjal\u00eb p\u00ebrsh\u00ebndet\u00ebse, duke theksuar nj\u00eb nga prioritetet m\u00eb t\u00eb r\u00ebnd\u00ebsishme t\u00eb pun\u00ebs son\u00eb: rritjen e transparenc\u00ebs dhe forcimin e besimit publik.<\/p><p>Si Kryetar i K\u00ebshillit, jam plot\u00ebsisht i vet\u00ebdijsh\u00ebm se transparenca nuk \u00ebsht\u00eb vet\u00ebm nj\u00eb parim, por nj\u00eb detyrim ndaj \u00e7do qytetari. Ajo \u00ebsht\u00eb themeli mbi t\u00eb cilin nd\u00ebrtohet besimi dhe bashk\u00ebpunimi mes institucioneve dhe komunitetit. P\u00ebr k\u00ebt\u00eb arsye, ne jemi t\u00eb angazhuar t\u00eb nd\u00ebrmarrim hapa konkret\u00eb p\u00ebr t\u00eb siguruar q\u00eb \u00e7do vendimmarrje, \u00e7do proces dhe \u00e7do veprim i yni t\u00eb jet\u00eb i hapur, i qart\u00eb dhe i aksesuesh\u00ebm p\u00ebr publikun.<\/p><p>Ne do t\u00eb punojm\u00eb p\u00ebr t\u00eb rritur informimin e qytetar\u00ebve, p\u00ebr t\u00eb p\u00ebrmir\u00ebsuar komunikimin publik dhe p\u00ebr t\u00eb garantuar q\u00eb z\u00ebri i secilit t\u00eb d\u00ebgjohet dhe t\u00eb merret n\u00eb konsiderat\u00eb. P\u00ebrmes publikimit t\u00eb rregullt t\u00eb t\u00eb dh\u00ebnave, konsultimeve t\u00eb hapura dhe p\u00ebrdorimit t\u00eb mjeteve moderne t\u00eb komunikimit, synojm\u00eb t\u00eb krijojm\u00eb nj\u00eb kultur\u00eb t\u00eb re t\u00eb p\u00ebrgjegjshm\u00ebris\u00eb dhe llogaridh\u00ebnies.<\/p><p>Ju siguroj se ky angazhim nuk \u00ebsht\u00eb thjesht nj\u00eb premtim, por nj\u00eb drejtim i qart\u00eb q\u00eb do t\u00eb udh\u00ebheq\u00eb \u00e7do hap t\u00eb pun\u00ebs son\u00eb.<\/p><p>Faleminderit p\u00ebr besimin dhe bashk\u00ebpunimin tuaj.<\/p>\t\t\t\t\t\t\t\t<\/div>\n\t\t\t\t<\/div>\n\t\t\t\t\t<\/div>\n\t\t\t\t<\/div>\n\t\t\t\t<\/div>","protected":false},"excerpt":{"rendered":"<p>T\u00eb nderuar qytetar\u00eb, \u00cbsht\u00eb k\u00ebnaq\u00ebsi dhe p\u00ebrgjegj\u00ebsi e madhe q\u00eb sot t\u2019ju drejtohem n\u00eb k\u00ebt\u00eb fjal\u00eb p\u00ebrsh\u00ebndet\u00ebse, duke theksuar nj\u00eb nga prioritetet m\u00eb t\u00eb r\u00ebnd\u00ebsishme t\u00eb pun\u00ebs son\u00eb: rritjen e transparenc\u00ebs dhe forcimin e besimit publik. Si Kryetar i K\u00ebshillit, jam plot\u00ebsisht i vet\u00ebdijsh\u00ebm se transparenca nuk \u00ebsht\u00eb vet\u00ebm nj\u00eb parim, por nj\u00eb detyrim ndaj [&hellip;]<\/p>\n","protected":false},"author":4,"featured_media":0,"parent":0,"menu_order":0,"comment_status":"closed","ping_status":"closed","template":"","meta":{"_acf_changed":false,"footnotes":""},"class_list":["post-30009","page","type-page","status-publish","hentry"],"acf":[],"yoast_head":"<!-- This site is optimized with the Yoast SEO plugin v27.4 - https:\/\/yoast.com\/product\/yoast-seo-wordpress\/ -->\n<title>Deklarata e Kryetares s\u00eb K\u00ebshillit p\u00ebr Transparenc\u00ebn - Bashkia Durr\u00ebs<\/title>\n<meta name=\"robots\" content=\"index, follow, max-snippet:-1, max-image-preview:large, max-video-preview:-1\" \/>\n<link rel=\"canonical\" href=\"https:\/\/durres.gov.al\/en\/deklarata-e-kryetares-se-keshillit-per-transparencen\/\" \/>\n<meta property=\"og:locale\" content=\"en_US\" \/>\n<meta property=\"og:type\" content=\"article\" \/>\n<meta property=\"og:title\" content=\"Deklarata e Kryetares s\u00eb K\u00ebshillit p\u00ebr Transparenc\u00ebn - Bashkia Durr\u00ebs\" \/>\n<meta property=\"og:description\" content=\"T\u00eb nderuar qytetar\u00eb, \u00cbsht\u00eb k\u00ebnaq\u00ebsi dhe p\u00ebrgjegj\u00ebsi e madhe q\u00eb sot t\u2019ju drejtohem n\u00eb k\u00ebt\u00eb fjal\u00eb p\u00ebrsh\u00ebndet\u00ebse, duke theksuar nj\u00eb nga prioritetet m\u00eb t\u00eb r\u00ebnd\u00ebsishme t\u00eb pun\u00ebs son\u00eb: rritjen e transparenc\u00ebs dhe forcimin e besimit publik. Si Kryetar i K\u00ebshillit, jam plot\u00ebsisht i vet\u00ebdijsh\u00ebm se transparenca nuk \u00ebsht\u00eb vet\u00ebm nj\u00eb parim, por nj\u00eb detyrim ndaj [&hellip;]\" \/>\n<meta property=\"og:url\" content=\"https:\/\/durres.gov.al\/en\/deklarata-e-kryetares-se-keshillit-per-transparencen\/\" \/>\n<meta property=\"og:site_name\" content=\"Bashkia Durr\u00ebs\" \/>\n<meta property=\"article:modified_time\" content=\"2026-05-05T11:18:49+00:00\" \/>\n<meta name=\"twitter:card\" content=\"summary_large_image\" \/>\n<meta name=\"twitter:label1\" content=\"Est. reading time\" \/>\n\t<meta name=\"twitter:data1\" content=\"2 minutes\" \/>\n<script type=\"application\/ld+json\" class=\"yoast-schema-graph\">{\"@context\":\"https:\\\/\\\/schema.org\",\"@graph\":[{\"@type\":\"WebPage\",\"@id\":\"https:\\\/\\\/durres.gov.al\\\/deklarata-e-kryetares-se-keshillit-per-transparencen\\\/\",\"url\":\"https:\\\/\\\/durres.gov.al\\\/deklarata-e-kryetares-se-keshillit-per-transparencen\\\/\",\"name\":\"Deklarata e Kryetares s\u00eb K\u00ebshillit p\u00ebr Transparenc\u00ebn - Bashkia Durr\u00ebs\",\"isPartOf\":{\"@id\":\"https:\\\/\\\/durres.gov.al\\\/en\\\/#website\"},\"datePublished\":\"2026-05-05T11:15:42+00:00\",\"dateModified\":\"2026-05-05T11:18:49+00:00\",\"breadcrumb\":{\"@id\":\"https:\\\/\\\/durres.gov.al\\\/deklarata-e-kryetares-se-keshillit-per-transparencen\\\/#breadcrumb\"},\"inLanguage\":\"en-US\",\"potentialAction\":[{\"@type\":\"ReadAction\",\"target\":[\"https:\\\/\\\/durres.gov.al\\\/deklarata-e-kryetares-se-keshillit-per-transparencen\\\/\"]}]},{\"@type\":\"BreadcrumbList\",\"@id\":\"https:\\\/\\\/durres.gov.al\\\/deklarata-e-kryetares-se-keshillit-per-transparencen\\\/#breadcrumb\",\"itemListElement\":[{\"@type\":\"ListItem\",\"position\":1,\"name\":\"Home\",\"item\":\"https:\\\/\\\/durres.gov.al\\\/\"},{\"@type\":\"ListItem\",\"position\":2,\"name\":\"Deklarata e Kryetares s\u00eb K\u00ebshillit p\u00ebr Transparenc\u00ebn\"}]},{\"@type\":\"WebSite\",\"@id\":\"https:\\\/\\\/durres.gov.al\\\/en\\\/#website\",\"url\":\"https:\\\/\\\/durres.gov.al\\\/en\\\/\",\"name\":\"Bashkia Durr\u00ebs\",\"description\":\"Faqja Zyrtare n\u00eb Internet\",\"publisher\":{\"@id\":\"https:\\\/\\\/durres.gov.al\\\/en\\\/#organization\"},\"potentialAction\":[{\"@type\":\"SearchAction\",\"target\":{\"@type\":\"EntryPoint\",\"urlTemplate\":\"https:\\\/\\\/durres.gov.al\\\/en\\\/?s={search_term_string}\"},\"query-input\":{\"@type\":\"PropertyValueSpecification\",\"valueRequired\":true,\"valueName\":\"search_term_string\"}}],\"inLanguage\":\"en-US\"},{\"@type\":\"Organization\",\"@id\":\"https:\\\/\\\/durres.gov.al\\\/en\\\/#organization\",\"name\":\"Bashkia Durr\u00ebs\",\"url\":\"https:\\\/\\\/durres.gov.al\\\/en\\\/\",\"logo\":{\"@type\":\"ImageObject\",\"inLanguage\":\"en-US\",\"@id\":\"https:\\\/\\\/durres.gov.al\\\/en\\\/#\\\/schema\\\/logo\\\/image\\\/\",\"url\":\"https:\\\/\\\/durres.gov.al\\\/wp-content\\\/uploads\\\/2023\\\/01\\\/cropped-logo.png\",\"contentUrl\":\"https:\\\/\\\/durres.gov.al\\\/wp-content\\\/uploads\\\/2023\\\/01\\\/cropped-logo.png\",\"width\":512,\"height\":512,\"caption\":\"Bashkia Durr\u00ebs\"},\"image\":{\"@id\":\"https:\\\/\\\/durres.gov.al\\\/en\\\/#\\\/schema\\\/logo\\\/image\\\/\"}}]}<\/script>\n<!-- \/ Yoast SEO plugin. -->","yoast_head_json":{"title":"Deklarata e Kryetares s\u00eb K\u00ebshillit p\u00ebr Transparenc\u00ebn - Bashkia Durr\u00ebs","robots":{"index":"index","follow":"follow","max-snippet":"max-snippet:-1","max-image-preview":"max-image-preview:large","max-video-preview":"max-video-preview:-1"},"canonical":"https:\/\/durres.gov.al\/en\/deklarata-e-kryetares-se-keshillit-per-transparencen\/","og_locale":"en_US","og_type":"article","og_title":"Deklarata e Kryetares s\u00eb K\u00ebshillit p\u00ebr Transparenc\u00ebn - Bashkia Durr\u00ebs","og_description":"T\u00eb nderuar qytetar\u00eb, \u00cbsht\u00eb k\u00ebnaq\u00ebsi dhe p\u00ebrgjegj\u00ebsi e madhe q\u00eb sot t\u2019ju drejtohem n\u00eb k\u00ebt\u00eb fjal\u00eb p\u00ebrsh\u00ebndet\u00ebse, duke theksuar nj\u00eb nga prioritetet m\u00eb t\u00eb r\u00ebnd\u00ebsishme t\u00eb pun\u00ebs son\u00eb: rritjen e transparenc\u00ebs dhe forcimin e besimit publik. Si Kryetar i K\u00ebshillit, jam plot\u00ebsisht i vet\u00ebdijsh\u00ebm se transparenca nuk \u00ebsht\u00eb vet\u00ebm nj\u00eb parim, por nj\u00eb detyrim ndaj [&hellip;]","og_url":"https:\/\/durres.gov.al\/en\/deklarata-e-kryetares-se-keshillit-per-transparencen\/","og_site_name":"Bashkia Durr\u00ebs","article_modified_time":"2026-05-05T11:18:49+00:00","twitter_card":"summary_large_image","twitter_misc":{"Est. reading time":"2 minutes"},"schema":{"@context":"https:\/\/schema.org","@graph":[{"@type":"WebPage","@id":"https:\/\/durres.gov.al\/deklarata-e-kryetares-se-keshillit-per-transparencen\/","url":"https:\/\/durres.gov.al\/deklarata-e-kryetares-se-keshillit-per-transparencen\/","name":"Deklarata e Kryetares s\u00eb K\u00ebshillit p\u00ebr Transparenc\u00ebn - Bashkia Durr\u00ebs","isPartOf":{"@id":"https:\/\/durres.gov.al\/en\/#website"},"datePublished":"2026-05-05T11:15:42+00:00","dateModified":"2026-05-05T11:18:49+00:00","breadcrumb":{"@id":"https:\/\/durres.gov.al\/deklarata-e-kryetares-se-keshillit-per-transparencen\/#breadcrumb"},"inLanguage":"en-US","potentialAction":[{"@type":"ReadAction","target":["https:\/\/durres.gov.al\/deklarata-e-kryetares-se-keshillit-per-transparencen\/"]}]},{"@type":"BreadcrumbList","@id":"https:\/\/durres.gov.al\/deklarata-e-kryetares-se-keshillit-per-transparencen\/#breadcrumb","itemListElement":[{"@type":"ListItem","position":1,"name":"Home","item":"https:\/\/durres.gov.al\/"},{"@type":"ListItem","position":2,"name":"Deklarata e Kryetares s\u00eb K\u00ebshillit p\u00ebr Transparenc\u00ebn"}]},{"@type":"WebSite","@id":"https:\/\/durres.gov.al\/en\/#website","url":"https:\/\/durres.gov.al\/en\/","name":"Municipality of Durr\u00ebs","description":"Faqja Zyrtare n\u00eb Internet","publisher":{"@id":"https:\/\/durres.gov.al\/en\/#organization"},"potentialAction":[{"@type":"SearchAction","target":{"@type":"EntryPoint","urlTemplate":"https:\/\/durres.gov.al\/en\/?s={search_term_string}"},"query-input":{"@type":"PropertyValueSpecification","valueRequired":true,"valueName":"search_term_string"}}],"inLanguage":"en-US"},{"@type":"Organization","@id":"https:\/\/durres.gov.al\/en\/#organization","name":"Municipality of Durr\u00ebs","url":"https:\/\/durres.gov.al\/en\/","logo":{"@type":"ImageObject","inLanguage":"en-US","@id":"https:\/\/durres.gov.al\/en\/#\/schema\/logo\/image\/","url":"https:\/\/durres.gov.al\/wp-content\/uploads\/2023\/01\/cropped-logo.png","contentUrl":"https:\/\/durres.gov.al\/wp-content\/uploads\/2023\/01\/cropped-logo.png","width":512,"height":512,"caption":"Bashkia Durr\u00ebs"},"image":{"@id":"https:\/\/durres.gov.al\/en\/#\/schema\/logo\/image\/"}}]}},"_links":{"self":[{"href":"https:\/\/durres.gov.al\/en\/wp-json\/wp\/v2\/pages\/30009","targetHints":{"allow":["GET"]}}],"collection":[{"href":"https:\/\/durres.gov.al\/en\/wp-json\/wp\/v2\/pages"}],"about":[{"href":"https:\/\/durres.gov.al\/en\/wp-json\/wp\/v2\/types\/page"}],"author":[{"embeddable":true,"href":"https:\/\/durres.gov.al\/en\/wp-json\/wp\/v2\/users\/4"}],"replies":[{"embeddable":true,"href":"https:\/\/durres.gov.al\/en\/wp-json\/wp\/v2\/comments?post=30009"}],"version-history":[{"count":16,"href":"https:\/\/durres.gov.al\/en\/wp-json\/wp\/v2\/pages\/30009\/revisions"}],"predecessor-version":[{"id":30025,"href":"https:\/\/durres.gov.al\/en\/wp-json\/wp\/v2\/pages\/30009\/revisions\/30025"}],"wp:attachment":[{"href":"https:\/\/durres.gov.al\/en\/wp-json\/wp\/v2\/media?parent=30009"}],"curies":[{"name":"wp","href":"https:\/\/api.w.org\/{rel}","templated":true}]}}